{"id":1721,"date":"2025-12-28T15:41:50","date_gmt":"2025-12-28T14:41:50","guid":{"rendered":"https:\/\/helpinghands.fr\/?page_id=1721"},"modified":"2025-12-28T16:48:13","modified_gmt":"2025-12-28T15:48:13","slug":"food-aid-in-antsirabe","status":"publish","type":"page","link":"https:\/\/helpinghands.fr\/en\/aide-alimentaire-antsirabe\/","title":{"rendered":"Providing food aid to children at the school in Antsirab\u00e9 (Madagascar)"},"content":{"rendered":"<figure id=\"attachment_1723\" aria-describedby=\"caption-attachment-1723\" style=\"width: 768px\" class=\"wp-caption aligncenter\"><img fetchpriority=\"high\" decoding=\"async\" class=\"size-large wp-image-1723\" src=\"https:\/\/helpinghands.fr\/wp-content\/uploads\/2025\/12\/WhatsApp-Image-2025-10-21-a-16.53.49_fa8681e5-768x1024.jpg\" alt=\"Food aid for children at a school in Antsirab\u00e9, Madagascar, with meal distribution\" width=\"768\" height=\"1024\" srcset=\"https:\/\/helpinghands.fr\/wp-content\/uploads\/2025\/12\/WhatsApp-Image-2025-10-21-a-16.53.49_fa8681e5-768x1024.jpg 768w, https:\/\/helpinghands.fr\/wp-content\/uploads\/2025\/12\/WhatsApp-Image-2025-10-21-a-16.53.49_fa8681e5-225x300.jpg 225w, https:\/\/helpinghands.fr\/wp-content\/uploads\/2025\/12\/WhatsApp-Image-2025-10-21-a-16.53.49_fa8681e5-9x12.jpg 9w, https:\/\/helpinghands.fr\/wp-content\/uploads\/2025\/12\/WhatsApp-Image-2025-10-21-a-16.53.49_fa8681e5-900x1200.jpg 900w, https:\/\/helpinghands.fr\/wp-content\/uploads\/2025\/12\/WhatsApp-Image-2025-10-21-a-16.53.49_fa8681e5.jpg 960w\" sizes=\"(max-width: 768px) 100vw, 768px\" \/><figcaption id=\"caption-attachment-1723\" class=\"wp-caption-text\"><em>Thanks to food aid, children at the school in Antsirab\u00e9 can learn on a full stomach.<\/em><br \/><em>A meal today, a future tomorrow.<\/em><\/figcaption><\/figure>\n<p data-start=\"729\" data-end=\"950\">\u00c0 <strong data-start=\"731\" data-end=\"772\"><span class=\"hover:entity-accent entity-underline inline cursor-pointer align-baseline\"><span class=\"whitespace-normal\">Antsirab\u00e9<\/span><\/span><\/strong>, In Madagascar, many children attend school. <strong data-start=\"823\" data-end=\"841\">on an empty stomach<\/strong>.<br data-start=\"842\" data-end=\"845\" \/>Hunger is one of the primary barriers to school attendance, concentration and academic success.<\/p>\n<p data-start=\"952\" data-end=\"1140\">Thanks to your <strong data-start=\"966\" data-end=\"1021\">donation for food aid for children in Antsirab\u00e9<\/strong>, you are directly contributing to funding regular meals for pupils at the school supported by <strong data-start=\"1122\" data-end=\"1139\">Helping Hands<\/strong>.<\/p>\n<p data-start=\"1142\" data-end=\"1202\"><a href=\"https:\/\/helpinghands.fr\/faire-un-don\/\">\ud83d\udc49 <strong data-start=\"1145\" data-end=\"1202\">Donate to feed children today<\/strong><\/a><\/p>\n<hr data-start=\"1204\" data-end=\"1207\" \/>\n<h2 data-start=\"1209\" data-end=\"1269\">Why food aid is essential in Antsirab\u00e9<\/h2>\n<p data-start=\"1271\" data-end=\"1519\">In Madagascar, and particularly in the Antsirab\u00e9 region, many families live in extreme poverty.<br data-start=\"1389\" data-end=\"1392\" \/>Resources are limited, access to a balanced diet is difficult, and <strong data-start=\"1477\" data-end=\"1518\">children are the first to be affected<\/strong>.<\/p>\n<p data-start=\"1521\" data-end=\"1544\">Without food aid:<\/p>\n<ul data-start=\"1545\" data-end=\"1661\">\n<li data-start=\"1545\" data-end=\"1578\">\n<p data-start=\"1547\" data-end=\"1578\">children lack energy,<\/p>\n<\/li>\n<li data-start=\"1579\" data-end=\"1615\">\n<p data-start=\"1581\" data-end=\"1615\">school absences are increasing,<\/p>\n<\/li>\n<li data-start=\"1616\" data-end=\"1661\">\n<p data-start=\"1618\" data-end=\"1661\">learning becomes almost impossible.<\/p>\n<\/li>\n<\/ul>\n<p data-start=\"1663\" data-end=\"1704\"><strong data-start=\"1663\" data-end=\"1704\">A school meal can make all the difference.<\/strong><\/p>\n<hr data-start=\"1706\" data-end=\"1709\" \/>\n<h2 data-start=\"1711\" data-end=\"1765\">Feeding children to enable them to learn<\/h2>\n<p data-start=\"1767\" data-end=\"1927\">The objective of our action is straightforward:<br data-start=\"1806\" data-end=\"1809\" \/>\ud83d\udc49 <strong data-start=\"1812\" data-end=\"1868\">providing meals for schoolchildren in Antsirab\u00e9<\/strong>, so that they can learn in the right conditions.<\/p>\n<p data-start=\"1929\" data-end=\"1956\">Food aid enables:<\/p>\n<ul data-start=\"1957\" data-end=\"2133\">\n<li data-start=\"1957\" data-end=\"2000\">\n<p data-start=\"1959\" data-end=\"2000\">improve concentration in class,<\/p>\n<\/li>\n<li data-start=\"2001\" data-end=\"2048\">\n<p data-start=\"2003\" data-end=\"2048\">to combat child malnutrition,<\/p>\n<\/li>\n<li data-start=\"2049\" data-end=\"2087\">\n<p data-start=\"2051\" data-end=\"2087\">to promote school attendance,<\/p>\n<\/li>\n<li data-start=\"2088\" data-end=\"2133\">\n<p data-start=\"2090\" data-end=\"2133\">to provide relief to the most disadvantaged families.<\/p>\n<\/li>\n<\/ul>\n<p data-start=\"2135\" data-end=\"2207\">A child who eats at school has <strong data-start=\"2167\" data-end=\"2206\">more likely to remain in school<\/strong>.<\/p>\n<hr data-start=\"2209\" data-end=\"2212\" \/>\n<h2 data-start=\"2214\" data-end=\"2277\">What exactly does your donation for food aid achieve?<\/h2>\n<p data-start=\"2279\" data-end=\"2349\">Every donation is used <strong data-start=\"2302\" data-end=\"2348\">primarily for children's food<\/strong>.<\/p>\n<p data-start=\"2351\" data-end=\"2383\">Your support enables us to:<\/p>\n<ul data-start=\"2384\" data-end=\"2601\">\n<li data-start=\"2384\" data-end=\"2428\">\n<p data-start=\"2386\" data-end=\"2428\">the purchase of local foodstuffs,<\/p>\n<\/li>\n<li data-start=\"2429\" data-end=\"2468\">\n<p data-start=\"2431\" data-end=\"2468\">the preparation of school meals,<\/p>\n<\/li>\n<li data-start=\"2469\" data-end=\"2534\">\n<p data-start=\"2471\" data-end=\"2534\">the continuity of the canteen throughout the school year,<\/p>\n<\/li>\n<li data-start=\"2535\" data-end=\"2601\">\n<p data-start=\"2537\" data-end=\"2601\">ensuring meals for the most vulnerable children.<\/p>\n<\/li>\n<\/ul>\n<p data-start=\"2603\" data-end=\"2667\"><strong data-start=\"2603\" data-end=\"2667\">Your donation becomes a meal.<br data-start=\"2632\" data-end=\"2635\" \/>Your meal becomes a future.<\/strong><\/p>\n<p data-start=\"2669\" data-end=\"2726\"><a href=\"https:\/\/helpinghands.fr\/faire-un-don\/\">\ud83d\udc49 <strong data-start=\"2672\" data-end=\"2726\">I am making a donation for food aid in Antsirab\u00e9.<\/strong><\/a><\/p>\n<hr data-start=\"2728\" data-end=\"2731\" \/>\n<h2 data-start=\"2733\" data-end=\"2775\">How much should you give to help children?<\/h2>\n<p data-start=\"2777\" data-end=\"2886\">You can make a <strong data-start=\"2798\" data-end=\"2811\">free donation<\/strong>, according to your means.<br data-start=\"2830\" data-end=\"2833\" \/>Here are some benchmarks to help you visualise your impact:<\/p>\n<ul data-start=\"2888\" data-end=\"3108\">\n<li data-start=\"2888\" data-end=\"2937\">\n<p data-start=\"2890\" data-end=\"2937\"><strong data-start=\"2890\" data-end=\"2898\">10 \u20ac<\/strong> \u2192 participation in food aid<\/p>\n<\/li>\n<li data-start=\"2938\" data-end=\"2990\">\n<p data-start=\"2940\" data-end=\"2990\"><strong data-start=\"2940\" data-end=\"2948\">25 \u20ac<\/strong> \u2192 support for meals over several days<\/p>\n<\/li>\n<li data-start=\"2991\" data-end=\"3051\">\n<p data-start=\"2993\" data-end=\"3051\"><strong data-start=\"2993\" data-end=\"3001\">50 \u20ac<\/strong> \u2192 major contribution for a group of children<\/p>\n<\/li>\n<li data-start=\"3052\" data-end=\"3108\">\n<p data-start=\"3054\" data-end=\"3108\"><strong data-start=\"3054\" data-end=\"3071\">\u20ac100 and above<\/strong> \u2192 long-term support for the school canteen<\/p>\n<\/li>\n<\/ul>\n<p data-start=\"3110\" data-end=\"3176\">Every donation, no matter how small, has a real impact on children's lives.<\/p>\n<hr data-start=\"3178\" data-end=\"3181\" \/>\n<h2 data-start=\"3183\" data-end=\"3239\">Food aid and schooling: an inseparable link<\/h2>\n<p data-start=\"3241\" data-end=\"3357\">Food aid is not an isolated action.<br data-start=\"3288\" data-end=\"3291\" \/>It is part of a comprehensive approach to supporting education.<\/p>\n<p data-start=\"3359\" data-end=\"3372\">In Antsirab\u00e9:<\/p>\n<ul data-start=\"3373\" data-end=\"3499\">\n<li data-start=\"3373\" data-end=\"3401\">\n<p data-start=\"3375\" data-end=\"3401\">eating helps you learn,<\/p>\n<\/li>\n<li data-start=\"3402\" data-end=\"3446\">\n<p data-start=\"3404\" data-end=\"3446\">learning enables people to escape poverty,<\/p>\n<\/li>\n<li data-start=\"3447\" data-end=\"3499\">\n<p data-start=\"3449\" data-end=\"3499\">School becomes a place of protection and hope.<\/p>\n<\/li>\n<\/ul>\n<p data-start=\"3501\" data-end=\"3592\"><strong data-start=\"3501\" data-end=\"3548\">By supporting food aid for children<\/strong>, you are taking direct action for their future.<\/p>\n<hr data-start=\"3594\" data-end=\"3597\" \/>\n<h2 data-start=\"3599\" data-end=\"3651\">Make a donation for food aid in Madagascar<\/h2>\n<p data-start=\"3653\" data-end=\"3690\">Making a donation is simple and secure:<\/p>\n<ul data-start=\"3692\" data-end=\"3817\">\n<li data-start=\"3692\" data-end=\"3708\">\n<p data-start=\"3694\" data-end=\"3708\">Online donation<\/p>\n<\/li>\n<li data-start=\"3709\" data-end=\"3730\">\n<p data-start=\"3711\" data-end=\"3730\">Bank transfer<\/p>\n<\/li>\n<li data-start=\"3731\" data-end=\"3780\">\n<p data-start=\"3733\" data-end=\"3780\">Regular (monthly) donation for a lasting impact<\/p>\n<\/li>\n<li data-start=\"3781\" data-end=\"3817\">\n<p data-start=\"3783\" data-end=\"3817\">Corporate donations \/ solidarity sponsorship<\/p>\n<\/li>\n<\/ul>\n<p data-start=\"3819\" data-end=\"3886\"><a href=\"https:\/\/helpinghands.fr\/faire-un-don\/\">\ud83d\udc49 <strong data-start=\"3822\" data-end=\"3886\">Make a donation to feed the children at the school in Antsirab\u00e9<\/strong><\/a><\/p>\n<hr data-start=\"3888\" data-end=\"3891\" \/>\n<h2 data-start=\"3893\" data-end=\"3921\">Transparency and trust<\/h2>\n<p data-start=\"3923\" data-end=\"4011\">Helping Hands is committed to <strong data-start=\"3952\" data-end=\"3990\">rigorous and transparent management<\/strong> of the funds raised.<\/p>\n<p data-start=\"4013\" data-end=\"4044\">We regularly share:<\/p>\n<ul data-start=\"4045\" data-end=\"4176\">\n<li data-start=\"4045\" data-end=\"4074\">\n<p data-start=\"4047\" data-end=\"4074\">news from the field,<\/p>\n<\/li>\n<li data-start=\"4075\" data-end=\"4109\">\n<p data-start=\"4077\" data-end=\"4109\">photos of the actions carried out,<\/p>\n<\/li>\n<li data-start=\"4110\" data-end=\"4136\">\n<p data-start=\"4112\" data-end=\"4136\">activity reports,<\/p>\n<\/li>\n<li data-start=\"4137\" data-end=\"4176\">\n<p data-start=\"4139\" data-end=\"4176\">changes in dietary requirements.<\/p>\n<\/li>\n<\/ul>\n<p data-start=\"4178\" data-end=\"4247\">Your trust is essential.<br data-start=\"4210\" data-end=\"4213\" \/>Your generosity deserves clarity.<\/p>\n<hr data-start=\"4249\" data-end=\"4252\" \/>\n<h2 data-start=\"4254\" data-end=\"4316\">Frequently asked questions \u2013 Food aid Antsirab\u00e9 Madagascar<\/h2>\n<h3 data-start=\"4318\" data-end=\"4374\">Why support food aid in Antsirab\u00e9?<\/h3>\n<p data-start=\"4375\" data-end=\"4454\">Because hunger prevents children from learning and jeopardises their future.<\/p>\n<h3 data-start=\"4456\" data-end=\"4500\">Does my donation really help children?<\/h3>\n<p data-start=\"4501\" data-end=\"4581\">Yes. The funds are primarily allocated to food and the school canteen.<\/p>\n<h3 data-start=\"4583\" data-end=\"4618\">Can I make a regular donation?<\/h3>\n<p data-start=\"4619\" data-end=\"4681\">Yes. Monthly donations help to guarantee meals over the long term.<\/p>\n<h3 data-start=\"4683\" data-end=\"4726\">Can I help in other ways besides donating?<\/h3>\n<p data-start=\"4727\" data-end=\"4811\">Yes. You can also share this page or tell others about our initiative.<\/p>\n<hr data-start=\"4813\" data-end=\"4816\" \/>\n<h2 data-start=\"4818\" data-end=\"4875\">Together, let's nurture the future of the children of Antsirab\u00e9<\/h2>\n<p data-start=\"4877\" data-end=\"4982\">By making a donation for food aid in Antsirab\u00e9 (Madagascar),<br data-start=\"4944\" data-end=\"4947\" \/>you are offering much more than just a meal:<\/p>\n<p data-start=\"4984\" data-end=\"5080\">\ud83d\udc49 you offer energy,<br data-start=\"5012\" data-end=\"5015\" \/>\ud83d\udc49 dignity,<br data-start=\"5032\" data-end=\"5035\" \/>\ud83d\udc49 and a real chance of succeeding at school.<\/p>\n<p data-start=\"5082\" data-end=\"5101\"><strong data-start=\"5082\" data-end=\"5101\">Thank you on their behalf.<\/strong><\/p>\n<p data-start=\"5103\" data-end=\"5160\">\ud83d\udc49 <a href=\"https:\/\/helpinghands.fr\/faire-un-don\/\"><strong data-start=\"5106\" data-end=\"5160\">I am making a donation to feed children now.<\/strong><\/a><\/p>","protected":false},"excerpt":{"rendered":"<p>\u00c0 Antsirab\u00e9, \u00e0 Madagascar, de nombreux enfants vont \u00e0 l\u2019\u00e9cole le ventre vide.La faim est l\u2019un des premiers obstacles \u00e0 la scolarisation, \u00e0 la concentration et \u00e0 la r\u00e9ussite scolaire. Gr\u00e2ce \u00e0 votre don pour l\u2019aide alimentaire des enfants \u00e0 Antsirab\u00e9, vous contribuez directement \u00e0 financer des repas r\u00e9guliers pour les \u00e9l\u00e8ves de l\u2019\u00e9cole soutenue [&hellip;]<\/p>\n","protected":false},"author":2,"featured_media":1627,"parent":0,"menu_order":24,"comment_status":"closed","ping_status":"closed","template":"","meta":{"give_campaign_id":0,"footnotes":""},"class_list":["post-1721","page","type-page","status-publish","has-post-thumbnail","hentry"],"blocksy_meta":[],"yoast_head":"<!-- This site is optimized with the Yoast SEO plugin v27.3 - https:\/\/yoast.com\/product\/yoast-seo-wordpress\/ -->\n<title>Aide alimentaire enfants Antsirab\u00e9 Madagascar | Faire un don<\/title>\n<meta name=\"description\" content=\"Soutenez l\u2019aide alimentaire des enfants de l\u2019\u00e9cole d\u2019Antsirab\u00e9 \u00e0 Madagascar. Votre don finance des repas et leur scolarit\u00e9.\" \/>\n<meta name=\"robots\" content=\"index, follow, max-snippet:-1, max-image-preview:large, max-video-preview:-1\" \/>\n<link rel=\"canonical\" href=\"https:\/\/helpinghands.fr\/en\/food-aid-in-antsirabe\/\" \/>\n<meta property=\"og:locale\" content=\"en_GB\" \/>\n<meta property=\"og:type\" content=\"article\" \/>\n<meta property=\"og:title\" content=\"Aide alimentaire enfants Antsirab\u00e9 Madagascar | Faire un don\" \/>\n<meta property=\"og:description\" content=\"Soutenez l\u2019aide alimentaire des enfants de l\u2019\u00e9cole d\u2019Antsirab\u00e9 \u00e0 Madagascar. Votre don finance des repas et leur scolarit\u00e9.\" \/>\n<meta property=\"og:url\" content=\"https:\/\/helpinghands.fr\/en\/food-aid-in-antsirabe\/\" \/>\n<meta property=\"og:site_name\" content=\"Helping Hands\" \/>\n<meta property=\"article:modified_time\" content=\"2025-12-28T15:48:13+00:00\" \/>\n<meta property=\"og:image\" content=\"https:\/\/helpinghands.fr\/wp-content\/uploads\/2025\/10\/WhatsApp-Image-2025-10-23-at-12.15.24-4.jpeg\" \/>\n\t<meta property=\"og:image:width\" content=\"960\" \/>\n\t<meta property=\"og:image:height\" content=\"1280\" \/>\n\t<meta property=\"og:image:type\" content=\"image\/jpeg\" \/>\n<meta name=\"twitter:card\" content=\"summary_large_image\" \/>\n<meta name=\"twitter:label1\" content=\"Estimated reading time\" \/>\n\t<meta name=\"twitter:data1\" content=\"4 minutes\" \/>\n<script type=\"application\/ld+json\" class=\"yoast-schema-graph\">{\"@context\":\"https:\\\/\\\/schema.org\",\"@graph\":[{\"@type\":\"WebPage\",\"@id\":\"https:\\\/\\\/helpinghands.fr\\\/aide-alimentaire-antsirabe\\\/\",\"url\":\"https:\\\/\\\/helpinghands.fr\\\/aide-alimentaire-antsirabe\\\/\",\"name\":\"Aide alimentaire enfants Antsirab\u00e9 Madagascar | Faire un don\",\"isPartOf\":{\"@id\":\"https:\\\/\\\/helpinghands.fr\\\/#website\"},\"primaryImageOfPage\":{\"@id\":\"https:\\\/\\\/helpinghands.fr\\\/aide-alimentaire-antsirabe\\\/#primaryimage\"},\"image\":{\"@id\":\"https:\\\/\\\/helpinghands.fr\\\/aide-alimentaire-antsirabe\\\/#primaryimage\"},\"thumbnailUrl\":\"https:\\\/\\\/helpinghands.fr\\\/wp-content\\\/uploads\\\/2025\\\/10\\\/WhatsApp-Image-2025-10-23-at-12.15.24-4.jpeg\",\"datePublished\":\"2025-12-28T14:41:50+00:00\",\"dateModified\":\"2025-12-28T15:48:13+00:00\",\"description\":\"Soutenez l\u2019aide alimentaire des enfants de l\u2019\u00e9cole d\u2019Antsirab\u00e9 \u00e0 Madagascar. Votre don finance des repas et leur scolarit\u00e9.\",\"breadcrumb\":{\"@id\":\"https:\\\/\\\/helpinghands.fr\\\/aide-alimentaire-antsirabe\\\/#breadcrumb\"},\"inLanguage\":\"en-GB\",\"potentialAction\":[{\"@type\":\"ReadAction\",\"target\":[\"https:\\\/\\\/helpinghands.fr\\\/aide-alimentaire-antsirabe\\\/\"]}]},{\"@type\":\"ImageObject\",\"inLanguage\":\"en-GB\",\"@id\":\"https:\\\/\\\/helpinghands.fr\\\/aide-alimentaire-antsirabe\\\/#primaryimage\",\"url\":\"https:\\\/\\\/helpinghands.fr\\\/wp-content\\\/uploads\\\/2025\\\/10\\\/WhatsApp-Image-2025-10-23-at-12.15.24-4.jpeg\",\"contentUrl\":\"https:\\\/\\\/helpinghands.fr\\\/wp-content\\\/uploads\\\/2025\\\/10\\\/WhatsApp-Image-2025-10-23-at-12.15.24-4.jpeg\",\"width\":960,\"height\":1280,\"caption\":\"Gr\u00e2ce \u00e0 l\u2019aide alimentaire scolaire \u00e0 Antsirab\u00e9 (Madagascar), ces enfants peuvent apprendre le ventre plein. Chaque don se transforme en repas.\"},{\"@type\":\"BreadcrumbList\",\"@id\":\"https:\\\/\\\/helpinghands.fr\\\/aide-alimentaire-antsirabe\\\/#breadcrumb\",\"itemListElement\":[{\"@type\":\"ListItem\",\"position\":1,\"name\":\"Accueil\",\"item\":\"https:\\\/\\\/helpinghands.fr\\\/\"},{\"@type\":\"ListItem\",\"position\":2,\"name\":\"Offrir une aide alimentaire aux enfants de l\u2019\u00e9cole d\u2019Antsirab\u00e9 (Madagascar)\"}]},{\"@type\":\"WebSite\",\"@id\":\"https:\\\/\\\/helpinghands.fr\\\/#website\",\"url\":\"https:\\\/\\\/helpinghands.fr\\\/\",\"name\":\"Helping Hands\",\"description\":\"\",\"potentialAction\":[{\"@type\":\"SearchAction\",\"target\":{\"@type\":\"EntryPoint\",\"urlTemplate\":\"https:\\\/\\\/helpinghands.fr\\\/?s={search_term_string}\"},\"query-input\":{\"@type\":\"PropertyValueSpecification\",\"valueRequired\":true,\"valueName\":\"search_term_string\"}}],\"inLanguage\":\"en-GB\"}]}<\/script>\n<!-- \/ Yoast SEO plugin. -->","yoast_head_json":{"title":"Food aid for children in Antsirab\u00e9, Madagascar | Make a donation","description":"Support food aid for children at the Antsirab\u00e9 school in Madagascar. Your donation will fund meals and their education.","robots":{"index":"index","follow":"follow","max-snippet":"max-snippet:-1","max-image-preview":"max-image-preview:large","max-video-preview":"max-video-preview:-1"},"canonical":"https:\/\/helpinghands.fr\/en\/food-aid-in-antsirabe\/","og_locale":"en_GB","og_type":"article","og_title":"Aide alimentaire enfants Antsirab\u00e9 Madagascar | Faire un don","og_description":"Soutenez l\u2019aide alimentaire des enfants de l\u2019\u00e9cole d\u2019Antsirab\u00e9 \u00e0 Madagascar. Votre don finance des repas et leur scolarit\u00e9.","og_url":"https:\/\/helpinghands.fr\/en\/food-aid-in-antsirabe\/","og_site_name":"Helping Hands","article_modified_time":"2025-12-28T15:48:13+00:00","og_image":[{"width":960,"height":1280,"url":"https:\/\/helpinghands.fr\/wp-content\/uploads\/2025\/10\/WhatsApp-Image-2025-10-23-at-12.15.24-4.jpeg","type":"image\/jpeg"}],"twitter_card":"summary_large_image","twitter_misc":{"Estimated reading time":"4 minutes"},"schema":{"@context":"https:\/\/schema.org","@graph":[{"@type":"WebPage","@id":"https:\/\/helpinghands.fr\/aide-alimentaire-antsirabe\/","url":"https:\/\/helpinghands.fr\/aide-alimentaire-antsirabe\/","name":"Food aid for children in Antsirab\u00e9, Madagascar | Make a donation","isPartOf":{"@id":"https:\/\/helpinghands.fr\/#website"},"primaryImageOfPage":{"@id":"https:\/\/helpinghands.fr\/aide-alimentaire-antsirabe\/#primaryimage"},"image":{"@id":"https:\/\/helpinghands.fr\/aide-alimentaire-antsirabe\/#primaryimage"},"thumbnailUrl":"https:\/\/helpinghands.fr\/wp-content\/uploads\/2025\/10\/WhatsApp-Image-2025-10-23-at-12.15.24-4.jpeg","datePublished":"2025-12-28T14:41:50+00:00","dateModified":"2025-12-28T15:48:13+00:00","description":"Support food aid for children at the Antsirab\u00e9 school in Madagascar. Your donation will fund meals and their education.","breadcrumb":{"@id":"https:\/\/helpinghands.fr\/aide-alimentaire-antsirabe\/#breadcrumb"},"inLanguage":"en-GB","potentialAction":[{"@type":"ReadAction","target":["https:\/\/helpinghands.fr\/aide-alimentaire-antsirabe\/"]}]},{"@type":"ImageObject","inLanguage":"en-GB","@id":"https:\/\/helpinghands.fr\/aide-alimentaire-antsirabe\/#primaryimage","url":"https:\/\/helpinghands.fr\/wp-content\/uploads\/2025\/10\/WhatsApp-Image-2025-10-23-at-12.15.24-4.jpeg","contentUrl":"https:\/\/helpinghands.fr\/wp-content\/uploads\/2025\/10\/WhatsApp-Image-2025-10-23-at-12.15.24-4.jpeg","width":960,"height":1280,"caption":"Gr\u00e2ce \u00e0 l\u2019aide alimentaire scolaire \u00e0 Antsirab\u00e9 (Madagascar), ces enfants peuvent apprendre le ventre plein. Chaque don se transforme en repas."},{"@type":"BreadcrumbList","@id":"https:\/\/helpinghands.fr\/aide-alimentaire-antsirabe\/#breadcrumb","itemListElement":[{"@type":"ListItem","position":1,"name":"Accueil","item":"https:\/\/helpinghands.fr\/"},{"@type":"ListItem","position":2,"name":"Offrir une aide alimentaire aux enfants de l\u2019\u00e9cole d\u2019Antsirab\u00e9 (Madagascar)"}]},{"@type":"WebSite","@id":"https:\/\/helpinghands.fr\/#website","url":"https:\/\/helpinghands.fr\/","name":"Helping Hands","description":"","potentialAction":[{"@type":"SearchAction","target":{"@type":"EntryPoint","urlTemplate":"https:\/\/helpinghands.fr\/?s={search_term_string}"},"query-input":{"@type":"PropertyValueSpecification","valueRequired":true,"valueName":"search_term_string"}}],"inLanguage":"en-GB"}]}},"campaignId":"","_links":{"self":[{"href":"https:\/\/helpinghands.fr\/en\/wp-json\/wp\/v2\/pages\/1721","targetHints":{"allow":["GET"]}}],"collection":[{"href":"https:\/\/helpinghands.fr\/en\/wp-json\/wp\/v2\/pages"}],"about":[{"href":"https:\/\/helpinghands.fr\/en\/wp-json\/wp\/v2\/types\/page"}],"author":[{"embeddable":true,"href":"https:\/\/helpinghands.fr\/en\/wp-json\/wp\/v2\/users\/2"}],"replies":[{"embeddable":true,"href":"https:\/\/helpinghands.fr\/en\/wp-json\/wp\/v2\/comments?post=1721"}],"version-history":[{"count":4,"href":"https:\/\/helpinghands.fr\/en\/wp-json\/wp\/v2\/pages\/1721\/revisions"}],"predecessor-version":[{"id":1727,"href":"https:\/\/helpinghands.fr\/en\/wp-json\/wp\/v2\/pages\/1721\/revisions\/1727"}],"wp:featuredmedia":[{"embeddable":true,"href":"https:\/\/helpinghands.fr\/en\/wp-json\/wp\/v2\/media\/1627"}],"wp:attachment":[{"href":"https:\/\/helpinghands.fr\/en\/wp-json\/wp\/v2\/media?parent=1721"}],"curies":[{"name":"wp","href":"https:\/\/api.w.org\/{rel}","templated":true}]}}