{"id":1777,"date":"2026-02-07T11:21:19","date_gmt":"2026-02-07T10:21:19","guid":{"rendered":"https:\/\/helpinghands.fr\/?page_id=1777"},"modified":"2026-02-24T00:13:13","modified_gmt":"2026-02-23T23:13:13","slug":"lovasoa-school-in-antsirabe-ensuring-todays-essentials-building-tomorrows-autonomy","status":"publish","type":"page","link":"https:\/\/helpinghands.fr\/en\/nos-objectifs-2026\/ecole-lovasoa-a-antsirabe-assurer-lessentiel-aujourdhui-construire-lautonomie-de-demain\/","title":{"rendered":"Lovasoa school in Antsirabe: providing the essentials today, building autonomy for tomorrow"},"content":{"rendered":"<div data-elementor-type=\"wp-page\" data-elementor-id=\"1777\" class=\"elementor elementor-1777\" data-elementor-post-type=\"page\">\n\t\t\t\t<div class=\"elementor-element elementor-element-540d74d e-flex e-con-boxed e-con e-parent\" data-id=\"540d74d\" data-element_type=\"container\" data-e-type=\"container\" data-settings=\"{&quot;jet_parallax_layout_list&quot;:[]}\">\n\t\t\t\t\t<div class=\"e-con-inner\">\n\t\t<div class=\"elementor-element elementor-element-498f443 e-con-full e-flex e-con e-child\" data-id=\"498f443\" data-element_type=\"container\" data-e-type=\"container\" data-settings=\"{&quot;jet_parallax_layout_list&quot;:[]}\">\n\t\t\t\t<div class=\"elementor-element elementor-element-b7881b5 elementor-widget elementor-widget-heading\" data-id=\"b7881b5\" data-element_type=\"widget\" data-e-type=\"widget\" data-widget_type=\"heading.default\">\n\t\t\t\t\t<h1 class=\"elementor-heading-title elementor-size-default\">Lovasoa school in Antsirabe: providing the essentials today, building autonomy for tomorrow<\/h1>\t\t\t\t<\/div>\n\t\t\t\t<\/div>\n\t\t\t\t\t<\/div>\n\t\t\t\t<\/div>\n\t\t<div class=\"elementor-element elementor-element-406ef63 e-flex e-con-boxed e-con e-parent\" data-id=\"406ef63\" data-element_type=\"container\" data-e-type=\"container\" data-settings=\"{&quot;jet_parallax_layout_list&quot;:[]}\">\n\t\t\t\t\t<div class=\"e-con-inner\">\n\t\t\t\t<div class=\"elementor-element elementor-element-0932354 elementor-widget elementor-widget-jet-images-layout\" data-id=\"0932354\" data-element_type=\"widget\" data-e-type=\"widget\" data-settings=\"{&quot;columns&quot;:&quot;3&quot;,&quot;columns_tablet&quot;:&quot;2&quot;,&quot;columns_mobile&quot;:&quot;1&quot;}\" data-widget_type=\"jet-images-layout.default\">\n\t\t\t\t<div class=\"elementor-widget-container\">\n\t\t\t\t\t<div class=\"elementor-jet-images-layout jet-elements\">\n<div class=\"jet-images-layout layout-type-masonry\" data-settings='{&quot;layoutType&quot;:&quot;masonry&quot;,&quot;justifyHeight&quot;:300}'>\n\t<div class=\"jet-images-layout__list salvattore column-desktop-3 column-tablet-2 column-mobile-1\" data-columns>\n<div class=\"jet-images-layout__item\">\n\t<div class=\"jet-images-layout__inner\">\n\t\t<div class=\"jet-images-layout__image-loader\"><span><\/span><\/div>\n\t\t<a class=\"jet-images-layout__link\" href=\"https:\/\/helpinghands.fr\/wp-content\/uploads\/2026\/02\/WhatsApp-Image-2026-02-07-at-11.15.31-3.jpeg\" data-elementor-open-lightbox=\"yes\" data-elementor-lightbox-slideshow=\"0932354\">\n\t\t\t<div class=\"jet-images-layout__image\">\n\t\t\t\t<img decoding=\"async\" class=\"jet-images-layout__image-instance\" src=\"https:\/\/helpinghands.fr\/wp-content\/uploads\/2026\/02\/WhatsApp-Image-2026-02-07-at-11.15.31-3.jpeg\" alt=\"WhatsApp Image 2026-02-07 at 11.15.31 (3)\" loading=\"lazy\">\t\t\t<\/div>\n\t\t\t<div class=\"jet-images-layout__content\"><\/div>\n\t\t<\/a>\n\t<\/div>\n<\/div>\n<div class=\"jet-images-layout__item\">\n\t<div class=\"jet-images-layout__inner\">\n\t\t<div class=\"jet-images-layout__image-loader\"><span><\/span><\/div>\n\t\t<a class=\"jet-images-layout__link\" href=\"https:\/\/helpinghands.fr\/wp-content\/uploads\/2026\/02\/WhatsApp-Image-2026-02-07-at-11.15.31-2.jpeg\" data-elementor-open-lightbox=\"yes\" data-elementor-lightbox-slideshow=\"0932354\">\n\t\t\t<div class=\"jet-images-layout__image\">\n\t\t\t\t<img decoding=\"async\" class=\"jet-images-layout__image-instance\" src=\"https:\/\/helpinghands.fr\/wp-content\/uploads\/2026\/02\/WhatsApp-Image-2026-02-07-at-11.15.31-2.jpeg\" alt=\"WhatsApp Image 2026-02-07 at 11.15.31 (2)\" loading=\"lazy\">\t\t\t<\/div>\n\t\t\t<div class=\"jet-images-layout__content\"><\/div>\n\t\t<\/a>\n\t<\/div>\n<\/div>\n<div class=\"jet-images-layout__item\">\n\t<div class=\"jet-images-layout__inner\">\n\t\t<div class=\"jet-images-layout__image-loader\"><span><\/span><\/div>\n\t\t<a class=\"jet-images-layout__link\" href=\"https:\/\/helpinghands.fr\/wp-content\/uploads\/2026\/02\/WhatsApp-Image-2026-02-07-at-11.15.31-1.jpeg\" data-elementor-open-lightbox=\"yes\" data-elementor-lightbox-slideshow=\"0932354\">\n\t\t\t<div class=\"jet-images-layout__image\">\n\t\t\t\t<img decoding=\"async\" class=\"jet-images-layout__image-instance\" src=\"https:\/\/helpinghands.fr\/wp-content\/uploads\/2026\/02\/WhatsApp-Image-2026-02-07-at-11.15.31-1.jpeg\" alt=\"WhatsApp Image 2026-02-07 at 11.15.31 (1)\" loading=\"lazy\">\t\t\t<\/div>\n\t\t\t<div class=\"jet-images-layout__content\"><\/div>\n\t\t<\/a>\n\t<\/div>\n<\/div>\n<div class=\"jet-images-layout__item\">\n\t<div class=\"jet-images-layout__inner\">\n\t\t<div class=\"jet-images-layout__image-loader\"><span><\/span><\/div>\n\t\t<a class=\"jet-images-layout__link\" href=\"https:\/\/helpinghands.fr\/wp-content\/uploads\/2026\/02\/WhatsApp-Image-2026-02-07-at-11.14.44.jpeg\" data-elementor-open-lightbox=\"yes\" data-elementor-lightbox-slideshow=\"0932354\">\n\t\t\t<div class=\"jet-images-layout__image\">\n\t\t\t\t<img decoding=\"async\" class=\"jet-images-layout__image-instance\" src=\"https:\/\/helpinghands.fr\/wp-content\/uploads\/2026\/02\/WhatsApp-Image-2026-02-07-at-11.14.44.jpeg\" alt=\"WhatsApp Image 2026-02-07 at 11.14.44\" loading=\"lazy\">\t\t\t<\/div>\n\t\t\t<div class=\"jet-images-layout__content\"><\/div>\n\t\t<\/a>\n\t<\/div>\n<\/div>\n<div class=\"jet-images-layout__item\">\n\t<div class=\"jet-images-layout__inner\">\n\t\t<div class=\"jet-images-layout__image-loader\"><span><\/span><\/div>\n\t\t<a class=\"jet-images-layout__link\" href=\"https:\/\/helpinghands.fr\/wp-content\/uploads\/2026\/02\/WhatsApp-Image-2026-02-07-at-11.15.31-4.jpeg\" data-elementor-open-lightbox=\"yes\" data-elementor-lightbox-slideshow=\"0932354\">\n\t\t\t<div class=\"jet-images-layout__image\">\n\t\t\t\t<img decoding=\"async\" class=\"jet-images-layout__image-instance\" src=\"https:\/\/helpinghands.fr\/wp-content\/uploads\/2026\/02\/WhatsApp-Image-2026-02-07-at-11.15.31-4.jpeg\" alt=\"WhatsApp Image 2026-02-07 at 11.15.31 (4)\" loading=\"lazy\">\t\t\t<\/div>\n\t\t\t<div class=\"jet-images-layout__content\"><\/div>\n\t\t<\/a>\n\t<\/div>\n<\/div>\n<\/div><\/div>\n<\/div>\t\t\t\t<\/div>\n\t\t\t\t<\/div>\n\t\t\t\t\t<\/div>\n\t\t\t\t<\/div>\n\t\t<div class=\"elementor-element elementor-element-3bc4ac1 e-flex e-con-boxed e-con e-parent\" data-id=\"3bc4ac1\" data-element_type=\"container\" data-e-type=\"container\" data-settings=\"{&quot;background_background&quot;:&quot;classic&quot;,&quot;jet_parallax_layout_list&quot;:[]}\">\n\t\t\t\t\t<div class=\"e-con-inner\">\n\t\t\t\t<div class=\"elementor-element elementor-element-469b948 elementor-widget elementor-widget-heading\" data-id=\"469b948\" data-element_type=\"widget\" data-e-type=\"widget\" data-widget_type=\"heading.default\">\n\t\t\t\t\t<h2 class=\"elementor-heading-title elementor-size-default\">Keeping the school open and operational\n<\/h2>\t\t\t\t<\/div>\n\t\t\t\t<div class=\"elementor-element elementor-element-5111845 elementor-widget elementor-widget-heading\" data-id=\"5111845\" data-element_type=\"widget\" data-e-type=\"widget\" data-widget_type=\"heading.default\">\n\t\t\t\t\t<p class=\"elementor-heading-title elementor-size-default\">The Lovasoa school caters for children from extremely vulnerable families in Antsirabe, Madagascar. Without support, the school cannot function: no canteen, no regular salaries for teachers, no supplies. Without these basics, the school closes.<\/p>\t\t\t\t<\/div>\n\t\t\t\t\t<\/div>\n\t\t\t\t<\/div>\n\t\t<div class=\"elementor-element elementor-element-0d546a2 e-flex e-con-boxed e-con e-parent\" data-id=\"0d546a2\" data-element_type=\"container\" data-e-type=\"container\" data-settings=\"{&quot;jet_parallax_layout_list&quot;:[]}\">\n\t\t\t\t\t<div class=\"e-con-inner\">\n\t\t\t\t<div class=\"elementor-element elementor-element-acdb35d elementor-widget elementor-widget-heading\" data-id=\"acdb35d\" data-element_type=\"widget\" data-e-type=\"widget\" data-widget_type=\"heading.default\">\n\t\t\t\t\t<h2 class=\"elementor-heading-title elementor-size-default\">Project objectives\n<\/h2>\t\t\t\t<\/div>\n\t\t\t\t<div class=\"elementor-element elementor-element-4d0f33d elementor-widget elementor-widget-heading\" data-id=\"4d0f33d\" data-element_type=\"widget\" data-e-type=\"widget\" data-widget_type=\"heading.default\">\n\t\t\t\t\t<p class=\"elementor-heading-title elementor-size-default\">To ensure the continuity of education by guaranteeing the day-to-day running of the school (canteen, teachers' salaries, school supplies), while at the same time initiating a gradual transition to autonomy through concrete projects: a chicken coop, a school vegetable garden and improvements to infrastructure (lighting).<\/p>\t\t\t\t<\/div>\n\t\t\t\t\t<\/div>\n\t\t\t\t<\/div>\n\t\t<div class=\"elementor-element elementor-element-a53e996 e-flex e-con-boxed e-con e-parent\" data-id=\"a53e996\" data-element_type=\"container\" data-e-type=\"container\" data-settings=\"{&quot;background_background&quot;:&quot;classic&quot;,&quot;jet_parallax_layout_list&quot;:[]}\">\n\t\t\t\t\t<div class=\"e-con-inner\">\n\t\t\t\t<div class=\"elementor-element elementor-element-5795ad5 elementor-widget elementor-widget-heading\" data-id=\"5795ad5\" data-element_type=\"widget\" data-e-type=\"widget\" data-widget_type=\"heading.default\">\n\t\t\t\t\t<h2 class=\"elementor-heading-title elementor-size-default\">The main actions<\/h2>\t\t\t\t<\/div>\n\t\t\t\t<div class=\"elementor-element elementor-element-66a54f2 elementor-widget elementor-widget-heading\" data-id=\"66a54f2\" data-element_type=\"widget\" data-e-type=\"widget\" data-widget_type=\"heading.default\">\n\t\t\t\t\t<p class=\"elementor-heading-title elementor-size-default\">The project finances the school canteen to combat malnutrition and maintain attendance, provides regular pay for teachers, supplies the necessary school equipment, sets up a henhouse to produce eggs for the canteen, develops a school vegetable garden to diversify the diet and teach self-sufficiency, and installs appropriate lighting solutions to improve teaching conditions.<\/p>\t\t\t\t<\/div>\n\t\t\t\t\t<\/div>\n\t\t\t\t<\/div>\n\t\t<div class=\"elementor-element elementor-element-69671fe e-flex e-con-boxed e-con e-parent\" data-id=\"69671fe\" data-element_type=\"container\" data-e-type=\"container\" data-settings=\"{&quot;jet_parallax_layout_list&quot;:[]}\">\n\t\t\t\t\t<div class=\"e-con-inner\">\n\t\t\t\t<div class=\"elementor-element elementor-element-e9e6e4f elementor-widget elementor-widget-heading\" data-id=\"e9e6e4f\" data-element_type=\"widget\" data-e-type=\"widget\" data-widget_type=\"heading.default\">\n\t\t\t\t\t<h2 class=\"elementor-heading-title elementor-size-default\">Estimated budget\n<\/h2>\t\t\t\t<\/div>\n\t\t\t\t<div class=\"elementor-element elementor-element-f71092e elementor-widget elementor-widget-heading\" data-id=\"f71092e\" data-element_type=\"widget\" data-e-type=\"widget\" data-widget_type=\"heading.default\">\n\t\t\t\t\t<p class=\"elementor-heading-title elementor-size-default\">An annual budget will cover immediate essential needs (canteen, salaries, supplies) and fund self-sufficiency projects (henhouse, vegetable garden, lighting), ensuring the school's survival today and its viability tomorrow.<\/p>\t\t\t\t<\/div>\n\t\t\t\t\t<\/div>\n\t\t\t\t<\/div>\n\t\t\t\t<\/div>","protected":false},"excerpt":{"rendered":"<p>Maintenir l&rsquo;\u00e9cole ouverte et op\u00e9rationnelle L&rsquo;\u00e9cole Lovasoa accueille des enfants issus de familles en grande pr\u00e9carit\u00e9 \u00e0 Antsirabe, Madagascar. Sans soutien, l&rsquo;\u00e9cole ne peut fonctionner : pas de cantine, pas de salaires r\u00e9guliers pour les enseignants, pas de fournitures. Sans ces bases, l&rsquo;\u00e9cole ferme. Objectifs du projet Assurer la continuit\u00e9 de l&rsquo;enseignement en garantissant le [&hellip;]<\/p>\n","protected":false},"author":2,"featured_media":0,"parent":45,"menu_order":4,"comment_status":"closed","ping_status":"closed","template":"elementor_header_footer","meta":{"give_campaign_id":0,"footnotes":""},"class_list":["post-1777","page","type-page","status-publish","hentry"],"blocksy_meta":[],"yoast_head":"<!-- This site is optimized with the Yoast SEO plugin v27.3 - https:\/\/yoast.com\/product\/yoast-seo-wordpress\/ -->\n<title>\u00c9cole Lovasoa Antsirabe : Soutien \u00e9ducatif et autonomie \u00e0...<\/title>\n<meta name=\"description\" content=\"Soutenez l&#039;\u00e9cole Lovasoa \u00e0 Antsirabe : cantine scolaire, salaires des instituteurs, fournitures et projets d&#039;autonomie (poulailler, potager...\" \/>\n<meta name=\"robots\" content=\"index, follow, max-snippet:-1, max-image-preview:large, max-video-preview:-1\" \/>\n<link rel=\"canonical\" href=\"https:\/\/helpinghands.fr\/en\/our-2026-objectives\/lovasoa-school-in-antsirabe-ensuring-todays-essentials-building-tomorrows-autonomy\/\" \/>\n<meta property=\"og:locale\" content=\"en_GB\" \/>\n<meta property=\"og:type\" content=\"article\" \/>\n<meta property=\"og:title\" content=\"\u00c9cole Lovasoa Antsirabe : Soutien \u00e9ducatif et autonomie \u00e0...\" \/>\n<meta property=\"og:description\" content=\"Soutenez l&#039;\u00e9cole Lovasoa \u00e0 Antsirabe : cantine scolaire, salaires des instituteurs, fournitures et projets d&#039;autonomie (poulailler, potager...\" \/>\n<meta property=\"og:url\" content=\"https:\/\/helpinghands.fr\/en\/our-2026-objectives\/lovasoa-school-in-antsirabe-ensuring-todays-essentials-building-tomorrows-autonomy\/\" \/>\n<meta property=\"og:site_name\" content=\"Helping Hands\" \/>\n<meta property=\"article:modified_time\" content=\"2026-02-23T23:13:13+00:00\" \/>\n<meta property=\"og:image\" content=\"https:\/\/helpinghands.fr\/wp-content\/uploads\/2026\/02\/WhatsApp-Image-2026-02-07-at-11.15.31-3.jpeg\" \/>\n<meta name=\"twitter:card\" content=\"summary_large_image\" \/>\n<meta name=\"twitter:label1\" content=\"Estimated reading time\" \/>\n\t<meta name=\"twitter:data1\" content=\"1 minute\" \/>\n<script type=\"application\/ld+json\" class=\"yoast-schema-graph\">{\"@context\":\"https:\\\/\\\/schema.org\",\"@graph\":[{\"@type\":\"WebPage\",\"@id\":\"https:\\\/\\\/helpinghands.fr\\\/nos-objectifs-2026\\\/ecole-lovasoa-a-antsirabe-assurer-lessentiel-aujourdhui-construire-lautonomie-de-demain\\\/\",\"url\":\"https:\\\/\\\/helpinghands.fr\\\/nos-objectifs-2026\\\/ecole-lovasoa-a-antsirabe-assurer-lessentiel-aujourdhui-construire-lautonomie-de-demain\\\/\",\"name\":\"\u00c9cole Lovasoa Antsirabe : Soutien \u00e9ducatif et autonomie \u00e0...\",\"isPartOf\":{\"@id\":\"https:\\\/\\\/helpinghands.fr\\\/#website\"},\"primaryImageOfPage\":{\"@id\":\"https:\\\/\\\/helpinghands.fr\\\/nos-objectifs-2026\\\/ecole-lovasoa-a-antsirabe-assurer-lessentiel-aujourdhui-construire-lautonomie-de-demain\\\/#primaryimage\"},\"image\":{\"@id\":\"https:\\\/\\\/helpinghands.fr\\\/nos-objectifs-2026\\\/ecole-lovasoa-a-antsirabe-assurer-lessentiel-aujourdhui-construire-lautonomie-de-demain\\\/#primaryimage\"},\"thumbnailUrl\":\"https:\\\/\\\/helpinghands.fr\\\/wp-content\\\/uploads\\\/2026\\\/02\\\/WhatsApp-Image-2026-02-07-at-11.15.31-3.jpeg\",\"datePublished\":\"2026-02-07T10:21:19+00:00\",\"dateModified\":\"2026-02-23T23:13:13+00:00\",\"description\":\"Soutenez l'\u00e9cole Lovasoa \u00e0 Antsirabe : cantine scolaire, salaires des instituteurs, fournitures et projets d'autonomie (poulailler, potager...\",\"breadcrumb\":{\"@id\":\"https:\\\/\\\/helpinghands.fr\\\/nos-objectifs-2026\\\/ecole-lovasoa-a-antsirabe-assurer-lessentiel-aujourdhui-construire-lautonomie-de-demain\\\/#breadcrumb\"},\"inLanguage\":\"en-GB\",\"potentialAction\":[{\"@type\":\"ReadAction\",\"target\":[\"https:\\\/\\\/helpinghands.fr\\\/nos-objectifs-2026\\\/ecole-lovasoa-a-antsirabe-assurer-lessentiel-aujourdhui-construire-lautonomie-de-demain\\\/\"]}]},{\"@type\":\"ImageObject\",\"inLanguage\":\"en-GB\",\"@id\":\"https:\\\/\\\/helpinghands.fr\\\/nos-objectifs-2026\\\/ecole-lovasoa-a-antsirabe-assurer-lessentiel-aujourdhui-construire-lautonomie-de-demain\\\/#primaryimage\",\"url\":\"https:\\\/\\\/helpinghands.fr\\\/wp-content\\\/uploads\\\/2026\\\/02\\\/WhatsApp-Image-2026-02-07-at-11.15.31-3.jpeg\",\"contentUrl\":\"https:\\\/\\\/helpinghands.fr\\\/wp-content\\\/uploads\\\/2026\\\/02\\\/WhatsApp-Image-2026-02-07-at-11.15.31-3.jpeg\"},{\"@type\":\"BreadcrumbList\",\"@id\":\"https:\\\/\\\/helpinghands.fr\\\/nos-objectifs-2026\\\/ecole-lovasoa-a-antsirabe-assurer-lessentiel-aujourdhui-construire-lautonomie-de-demain\\\/#breadcrumb\",\"itemListElement\":[{\"@type\":\"ListItem\",\"position\":1,\"name\":\"Accueil\",\"item\":\"https:\\\/\\\/helpinghands.fr\\\/\"},{\"@type\":\"ListItem\",\"position\":2,\"name\":\"Nos objectifs 2026\",\"item\":\"https:\\\/\\\/helpinghands.fr\\\/nos-objectifs-2026\\\/\"},{\"@type\":\"ListItem\",\"position\":3,\"name\":\"\u00c9cole Lovasoa \u00e0 Antsirabe : assurer l\u2019essentiel aujourd\u2019hui, construire l\u2019autonomie de demain\"}]},{\"@type\":\"WebSite\",\"@id\":\"https:\\\/\\\/helpinghands.fr\\\/#website\",\"url\":\"https:\\\/\\\/helpinghands.fr\\\/\",\"name\":\"Helping Hands\",\"description\":\"\",\"potentialAction\":[{\"@type\":\"SearchAction\",\"target\":{\"@type\":\"EntryPoint\",\"urlTemplate\":\"https:\\\/\\\/helpinghands.fr\\\/?s={search_term_string}\"},\"query-input\":{\"@type\":\"PropertyValueSpecification\",\"valueRequired\":true,\"valueName\":\"search_term_string\"}}],\"inLanguage\":\"en-GB\"}]}<\/script>\n<!-- \/ Yoast SEO plugin. -->","yoast_head_json":{"title":"Lovasoa Antsirabe School: Educational support and independence for...","description":"Support the Lovasoa school in Antsirabe: school canteen, teachers' salaries, supplies and self-sufficiency projects (henhouse, vegetable garden, etc.).","robots":{"index":"index","follow":"follow","max-snippet":"max-snippet:-1","max-image-preview":"max-image-preview:large","max-video-preview":"max-video-preview:-1"},"canonical":"https:\/\/helpinghands.fr\/en\/our-2026-objectives\/lovasoa-school-in-antsirabe-ensuring-todays-essentials-building-tomorrows-autonomy\/","og_locale":"en_GB","og_type":"article","og_title":"\u00c9cole Lovasoa Antsirabe : Soutien \u00e9ducatif et autonomie \u00e0...","og_description":"Soutenez l'\u00e9cole Lovasoa \u00e0 Antsirabe : cantine scolaire, salaires des instituteurs, fournitures et projets d'autonomie (poulailler, potager...","og_url":"https:\/\/helpinghands.fr\/en\/our-2026-objectives\/lovasoa-school-in-antsirabe-ensuring-todays-essentials-building-tomorrows-autonomy\/","og_site_name":"Helping Hands","article_modified_time":"2026-02-23T23:13:13+00:00","og_image":[{"url":"https:\/\/helpinghands.fr\/wp-content\/uploads\/2026\/02\/WhatsApp-Image-2026-02-07-at-11.15.31-3.jpeg","type":"","width":"","height":""}],"twitter_card":"summary_large_image","twitter_misc":{"Estimated reading time":"1 minute"},"schema":{"@context":"https:\/\/schema.org","@graph":[{"@type":"WebPage","@id":"https:\/\/helpinghands.fr\/nos-objectifs-2026\/ecole-lovasoa-a-antsirabe-assurer-lessentiel-aujourdhui-construire-lautonomie-de-demain\/","url":"https:\/\/helpinghands.fr\/nos-objectifs-2026\/ecole-lovasoa-a-antsirabe-assurer-lessentiel-aujourdhui-construire-lautonomie-de-demain\/","name":"Lovasoa Antsirabe School: Educational support and independence for...","isPartOf":{"@id":"https:\/\/helpinghands.fr\/#website"},"primaryImageOfPage":{"@id":"https:\/\/helpinghands.fr\/nos-objectifs-2026\/ecole-lovasoa-a-antsirabe-assurer-lessentiel-aujourdhui-construire-lautonomie-de-demain\/#primaryimage"},"image":{"@id":"https:\/\/helpinghands.fr\/nos-objectifs-2026\/ecole-lovasoa-a-antsirabe-assurer-lessentiel-aujourdhui-construire-lautonomie-de-demain\/#primaryimage"},"thumbnailUrl":"https:\/\/helpinghands.fr\/wp-content\/uploads\/2026\/02\/WhatsApp-Image-2026-02-07-at-11.15.31-3.jpeg","datePublished":"2026-02-07T10:21:19+00:00","dateModified":"2026-02-23T23:13:13+00:00","description":"Support the Lovasoa school in Antsirabe: school canteen, teachers' salaries, supplies and self-sufficiency projects (henhouse, vegetable garden, etc.).","breadcrumb":{"@id":"https:\/\/helpinghands.fr\/nos-objectifs-2026\/ecole-lovasoa-a-antsirabe-assurer-lessentiel-aujourdhui-construire-lautonomie-de-demain\/#breadcrumb"},"inLanguage":"en-GB","potentialAction":[{"@type":"ReadAction","target":["https:\/\/helpinghands.fr\/nos-objectifs-2026\/ecole-lovasoa-a-antsirabe-assurer-lessentiel-aujourdhui-construire-lautonomie-de-demain\/"]}]},{"@type":"ImageObject","inLanguage":"en-GB","@id":"https:\/\/helpinghands.fr\/nos-objectifs-2026\/ecole-lovasoa-a-antsirabe-assurer-lessentiel-aujourdhui-construire-lautonomie-de-demain\/#primaryimage","url":"https:\/\/helpinghands.fr\/wp-content\/uploads\/2026\/02\/WhatsApp-Image-2026-02-07-at-11.15.31-3.jpeg","contentUrl":"https:\/\/helpinghands.fr\/wp-content\/uploads\/2026\/02\/WhatsApp-Image-2026-02-07-at-11.15.31-3.jpeg"},{"@type":"BreadcrumbList","@id":"https:\/\/helpinghands.fr\/nos-objectifs-2026\/ecole-lovasoa-a-antsirabe-assurer-lessentiel-aujourdhui-construire-lautonomie-de-demain\/#breadcrumb","itemListElement":[{"@type":"ListItem","position":1,"name":"Accueil","item":"https:\/\/helpinghands.fr\/"},{"@type":"ListItem","position":2,"name":"Nos objectifs 2026","item":"https:\/\/helpinghands.fr\/nos-objectifs-2026\/"},{"@type":"ListItem","position":3,"name":"\u00c9cole Lovasoa \u00e0 Antsirabe : assurer l\u2019essentiel aujourd\u2019hui, construire l\u2019autonomie de demain"}]},{"@type":"WebSite","@id":"https:\/\/helpinghands.fr\/#website","url":"https:\/\/helpinghands.fr\/","name":"Helping Hands","description":"","potentialAction":[{"@type":"SearchAction","target":{"@type":"EntryPoint","urlTemplate":"https:\/\/helpinghands.fr\/?s={search_term_string}"},"query-input":{"@type":"PropertyValueSpecification","valueRequired":true,"valueName":"search_term_string"}}],"inLanguage":"en-GB"}]}},"campaignId":"","_links":{"self":[{"href":"https:\/\/helpinghands.fr\/en\/wp-json\/wp\/v2\/pages\/1777","targetHints":{"allow":["GET"]}}],"collection":[{"href":"https:\/\/helpinghands.fr\/en\/wp-json\/wp\/v2\/pages"}],"about":[{"href":"https:\/\/helpinghands.fr\/en\/wp-json\/wp\/v2\/types\/page"}],"author":[{"embeddable":true,"href":"https:\/\/helpinghands.fr\/en\/wp-json\/wp\/v2\/users\/2"}],"replies":[{"embeddable":true,"href":"https:\/\/helpinghands.fr\/en\/wp-json\/wp\/v2\/comments?post=1777"}],"version-history":[{"count":7,"href":"https:\/\/helpinghands.fr\/en\/wp-json\/wp\/v2\/pages\/1777\/revisions"}],"predecessor-version":[{"id":1789,"href":"https:\/\/helpinghands.fr\/en\/wp-json\/wp\/v2\/pages\/1777\/revisions\/1789"}],"up":[{"embeddable":true,"href":"https:\/\/helpinghands.fr\/en\/wp-json\/wp\/v2\/pages\/45"}],"wp:attachment":[{"href":"https:\/\/helpinghands.fr\/en\/wp-json\/wp\/v2\/media?parent=1777"}],"curies":[{"name":"wp","href":"https:\/\/api.w.org\/{rel}","templated":true}]}}