{"id":1948,"date":"2026-02-24T13:31:36","date_gmt":"2026-02-24T12:31:36","guid":{"rendered":"https:\/\/helpinghands.fr\/?page_id=1948"},"modified":"2026-02-24T13:31:36","modified_gmt":"2026-02-24T12:31:36","slug":"sponsorship-brochure","status":"publish","type":"page","link":"https:\/\/helpinghands.fr\/en\/plaquette-de-mecenat\/","title":{"rendered":"Sponsorship brochure"},"content":{"rendered":"<p>Helping Hands works to support the education and protection of disadvantaged children.<br data-start=\"1372\" data-end=\"1375\" \/>This sponsorship brochure presents our actions, our current projects and the terms and conditions of support for committed companies and partners.<\/p>\n<p><a href=\"https:\/\/helpinghands.fr\/wp-content\/uploads\/2026\/02\/PDF-MECENES-1.pdf\">Download the brochure (PDF)<\/a><\/p>","protected":false},"excerpt":{"rendered":"<p>Helping Hands agit pour soutenir l\u2019\u00e9ducation et la protection des enfants d\u00e9favoris\u00e9s.Cette plaquette de m\u00e9c\u00e9nat pr\u00e9sente nos actions, nos projets en cours et les modalit\u00e9s de soutien pour les entreprises et partenaires engag\u00e9s. T\u00e9l\u00e9charger la plaquette (PDF)<\/p>","protected":false},"author":2,"featured_media":0,"parent":0,"menu_order":18,"comment_status":"closed","ping_status":"closed","template":"","meta":{"give_campaign_id":0,"footnotes":""},"class_list":["post-1948","page","type-page","status-publish","hentry"],"blocksy_meta":[],"yoast_head":"<!-- This site is optimized with the Yoast SEO plugin v27.3 - https:\/\/yoast.com\/product\/yoast-seo-wordpress\/ -->\n<title>Plaquette de m\u00e9c\u00e9nat \u2013 Helping Hands<\/title>\n<meta name=\"description\" content=\"T\u00e9l\u00e9chargez la plaquette de m\u00e9c\u00e9nat de Helping Hands et d\u00e9couvrez comment soutenir nos actions en faveur de l\u2019enfance d\u00e9favoris\u00e9e.\" \/>\n<meta name=\"robots\" content=\"index, follow, max-snippet:-1, max-image-preview:large, max-video-preview:-1\" \/>\n<link rel=\"canonical\" href=\"https:\/\/helpinghands.fr\/en\/sponsorship-brochure\/\" \/>\n<meta property=\"og:locale\" content=\"en_GB\" \/>\n<meta property=\"og:type\" content=\"article\" \/>\n<meta property=\"og:title\" content=\"Plaquette de m\u00e9c\u00e9nat \u2013 Helping Hands\" \/>\n<meta property=\"og:description\" content=\"T\u00e9l\u00e9chargez la plaquette de m\u00e9c\u00e9nat de Helping Hands et d\u00e9couvrez comment soutenir nos actions en faveur de l\u2019enfance d\u00e9favoris\u00e9e.\" \/>\n<meta property=\"og:url\" content=\"https:\/\/helpinghands.fr\/en\/sponsorship-brochure\/\" \/>\n<meta property=\"og:site_name\" content=\"Helping Hands\" \/>\n<meta name=\"twitter:card\" content=\"summary_large_image\" \/>\n<meta name=\"twitter:label1\" content=\"Estimated reading time\" \/>\n\t<meta name=\"twitter:data1\" content=\"1 minute\" \/>\n<script type=\"application\/ld+json\" class=\"yoast-schema-graph\">{\"@context\":\"https:\\\/\\\/schema.org\",\"@graph\":[{\"@type\":\"WebPage\",\"@id\":\"https:\\\/\\\/helpinghands.fr\\\/plaquette-de-mecenat\\\/\",\"url\":\"https:\\\/\\\/helpinghands.fr\\\/plaquette-de-mecenat\\\/\",\"name\":\"Plaquette de m\u00e9c\u00e9nat \u2013 Helping Hands\",\"isPartOf\":{\"@id\":\"https:\\\/\\\/helpinghands.fr\\\/#website\"},\"datePublished\":\"2026-02-24T12:31:36+00:00\",\"description\":\"T\u00e9l\u00e9chargez la plaquette de m\u00e9c\u00e9nat de Helping Hands et d\u00e9couvrez comment soutenir nos actions en faveur de l\u2019enfance d\u00e9favoris\u00e9e.\",\"breadcrumb\":{\"@id\":\"https:\\\/\\\/helpinghands.fr\\\/plaquette-de-mecenat\\\/#breadcrumb\"},\"inLanguage\":\"en-GB\",\"potentialAction\":[{\"@type\":\"ReadAction\",\"target\":[\"https:\\\/\\\/helpinghands.fr\\\/plaquette-de-mecenat\\\/\"]}]},{\"@type\":\"BreadcrumbList\",\"@id\":\"https:\\\/\\\/helpinghands.fr\\\/plaquette-de-mecenat\\\/#breadcrumb\",\"itemListElement\":[{\"@type\":\"ListItem\",\"position\":1,\"name\":\"Accueil\",\"item\":\"https:\\\/\\\/helpinghands.fr\\\/\"},{\"@type\":\"ListItem\",\"position\":2,\"name\":\"Plaquette de m\u00e9c\u00e9nat\"}]},{\"@type\":\"WebSite\",\"@id\":\"https:\\\/\\\/helpinghands.fr\\\/#website\",\"url\":\"https:\\\/\\\/helpinghands.fr\\\/\",\"name\":\"Helping Hands\",\"description\":\"\",\"potentialAction\":[{\"@type\":\"SearchAction\",\"target\":{\"@type\":\"EntryPoint\",\"urlTemplate\":\"https:\\\/\\\/helpinghands.fr\\\/?s={search_term_string}\"},\"query-input\":{\"@type\":\"PropertyValueSpecification\",\"valueRequired\":true,\"valueName\":\"search_term_string\"}}],\"inLanguage\":\"en-GB\"}]}<\/script>\n<!-- \/ Yoast SEO plugin. -->","yoast_head_json":{"title":"Sponsorship brochure - Helping Hands","description":"Download the Helping Hands sponsorship brochure and find out how you can support our work to help disadvantaged children.","robots":{"index":"index","follow":"follow","max-snippet":"max-snippet:-1","max-image-preview":"max-image-preview:large","max-video-preview":"max-video-preview:-1"},"canonical":"https:\/\/helpinghands.fr\/en\/sponsorship-brochure\/","og_locale":"en_GB","og_type":"article","og_title":"Plaquette de m\u00e9c\u00e9nat \u2013 Helping Hands","og_description":"T\u00e9l\u00e9chargez la plaquette de m\u00e9c\u00e9nat de Helping Hands et d\u00e9couvrez comment soutenir nos actions en faveur de l\u2019enfance d\u00e9favoris\u00e9e.","og_url":"https:\/\/helpinghands.fr\/en\/sponsorship-brochure\/","og_site_name":"Helping Hands","twitter_card":"summary_large_image","twitter_misc":{"Estimated reading time":"1 minute"},"schema":{"@context":"https:\/\/schema.org","@graph":[{"@type":"WebPage","@id":"https:\/\/helpinghands.fr\/plaquette-de-mecenat\/","url":"https:\/\/helpinghands.fr\/plaquette-de-mecenat\/","name":"Sponsorship brochure - Helping Hands","isPartOf":{"@id":"https:\/\/helpinghands.fr\/#website"},"datePublished":"2026-02-24T12:31:36+00:00","description":"Download the Helping Hands sponsorship brochure and find out how you can support our work to help disadvantaged children.","breadcrumb":{"@id":"https:\/\/helpinghands.fr\/plaquette-de-mecenat\/#breadcrumb"},"inLanguage":"en-GB","potentialAction":[{"@type":"ReadAction","target":["https:\/\/helpinghands.fr\/plaquette-de-mecenat\/"]}]},{"@type":"BreadcrumbList","@id":"https:\/\/helpinghands.fr\/plaquette-de-mecenat\/#breadcrumb","itemListElement":[{"@type":"ListItem","position":1,"name":"Accueil","item":"https:\/\/helpinghands.fr\/"},{"@type":"ListItem","position":2,"name":"Plaquette de m\u00e9c\u00e9nat"}]},{"@type":"WebSite","@id":"https:\/\/helpinghands.fr\/#website","url":"https:\/\/helpinghands.fr\/","name":"Helping Hands","description":"","potentialAction":[{"@type":"SearchAction","target":{"@type":"EntryPoint","urlTemplate":"https:\/\/helpinghands.fr\/?s={search_term_string}"},"query-input":{"@type":"PropertyValueSpecification","valueRequired":true,"valueName":"search_term_string"}}],"inLanguage":"en-GB"}]}},"campaignId":"","_links":{"self":[{"href":"https:\/\/helpinghands.fr\/en\/wp-json\/wp\/v2\/pages\/1948","targetHints":{"allow":["GET"]}}],"collection":[{"href":"https:\/\/helpinghands.fr\/en\/wp-json\/wp\/v2\/pages"}],"about":[{"href":"https:\/\/helpinghands.fr\/en\/wp-json\/wp\/v2\/types\/page"}],"author":[{"embeddable":true,"href":"https:\/\/helpinghands.fr\/en\/wp-json\/wp\/v2\/users\/2"}],"replies":[{"embeddable":true,"href":"https:\/\/helpinghands.fr\/en\/wp-json\/wp\/v2\/comments?post=1948"}],"version-history":[{"count":1,"href":"https:\/\/helpinghands.fr\/en\/wp-json\/wp\/v2\/pages\/1948\/revisions"}],"predecessor-version":[{"id":1949,"href":"https:\/\/helpinghands.fr\/en\/wp-json\/wp\/v2\/pages\/1948\/revisions\/1949"}],"wp:attachment":[{"href":"https:\/\/helpinghands.fr\/en\/wp-json\/wp\/v2\/media?parent=1948"}],"curies":[{"name":"wp","href":"https:\/\/api.w.org\/{rel}","templated":true}]}}