{"id":1952,"date":"2026-02-24T14:00:52","date_gmt":"2026-02-24T13:00:52","guid":{"rendered":"https:\/\/helpinghands.fr\/?page_id=1952"},"modified":"2026-02-24T14:25:53","modified_gmt":"2026-02-24T13:25:53","slug":"madagascar-brochure","status":"publish","type":"page","link":"https:\/\/helpinghands.fr\/en\/plaquette-madagascar\/","title":{"rendered":"Madagascar brochure"},"content":{"rendered":"<p style=\"text-align: center;\">Helping Hands supports educational and social initiatives in Madagascar.<br data-start=\"729\" data-end=\"732\" \/>This brochure presents our current projects, the needs identified in the field and the support available.<\/p>\n<p style=\"text-align: center;\"><a href=\"https:\/\/helpinghands.fr\/wp-content\/uploads\/2026\/02\/brochure-projet-Madagascar-V2.pdf\">Download the Madagascar brochure (PDF)<\/a><\/p>","protected":false},"excerpt":{"rendered":"<p>Helping Hands soutient des actions \u00e9ducatives et sociales \u00e0 Madagascar.Cette plaquette pr\u00e9sente nos projets en cours, les besoins identifi\u00e9s sur le terrain et les modalit\u00e9s de soutien possibles. T\u00e9l\u00e9charger la plaquette Madagascar (PDF)<\/p>","protected":false},"author":2,"featured_media":0,"parent":0,"menu_order":19,"comment_status":"closed","ping_status":"closed","template":"","meta":{"give_campaign_id":0,"footnotes":""},"class_list":["post-1952","page","type-page","status-publish","hentry"],"blocksy_meta":[],"yoast_head":"<!-- This site is optimized with the Yoast SEO plugin v27.3 - https:\/\/yoast.com\/product\/yoast-seo-wordpress\/ -->\n<title>Plaquette Madagascar \u2013 Helping Hands<\/title>\n<meta name=\"description\" content=\"D\u00e9couvrez la plaquette d\u00e9di\u00e9e aux actions de Helping Hands \u00e0 Madagascar et les modalit\u00e9s de soutien pour accompagner nos projets \u00e9ducatifs.\" \/>\n<meta name=\"robots\" content=\"index, follow, max-snippet:-1, max-image-preview:large, max-video-preview:-1\" \/>\n<link rel=\"canonical\" href=\"https:\/\/helpinghands.fr\/en\/madagascar-brochure\/\" \/>\n<meta property=\"og:locale\" content=\"en_GB\" \/>\n<meta property=\"og:type\" content=\"article\" \/>\n<meta property=\"og:title\" content=\"Plaquette Madagascar \u2013 Helping Hands\" \/>\n<meta property=\"og:description\" content=\"D\u00e9couvrez la plaquette d\u00e9di\u00e9e aux actions de Helping Hands \u00e0 Madagascar et les modalit\u00e9s de soutien pour accompagner nos projets \u00e9ducatifs.\" \/>\n<meta property=\"og:url\" content=\"https:\/\/helpinghands.fr\/en\/madagascar-brochure\/\" \/>\n<meta property=\"og:site_name\" content=\"Helping Hands\" \/>\n<meta property=\"article:modified_time\" content=\"2026-02-24T13:25:53+00:00\" \/>\n<meta name=\"twitter:card\" content=\"summary_large_image\" \/>\n<meta name=\"twitter:label1\" content=\"Estimated reading time\" \/>\n\t<meta name=\"twitter:data1\" content=\"1 minute\" \/>\n<script type=\"application\/ld+json\" class=\"yoast-schema-graph\">{\"@context\":\"https:\\\/\\\/schema.org\",\"@graph\":[{\"@type\":\"WebPage\",\"@id\":\"https:\\\/\\\/helpinghands.fr\\\/plaquette-madagascar\\\/\",\"url\":\"https:\\\/\\\/helpinghands.fr\\\/plaquette-madagascar\\\/\",\"name\":\"Plaquette Madagascar \u2013 Helping Hands\",\"isPartOf\":{\"@id\":\"https:\\\/\\\/helpinghands.fr\\\/#website\"},\"datePublished\":\"2026-02-24T13:00:52+00:00\",\"dateModified\":\"2026-02-24T13:25:53+00:00\",\"description\":\"D\u00e9couvrez la plaquette d\u00e9di\u00e9e aux actions de Helping Hands \u00e0 Madagascar et les modalit\u00e9s de soutien pour accompagner nos projets \u00e9ducatifs.\",\"breadcrumb\":{\"@id\":\"https:\\\/\\\/helpinghands.fr\\\/plaquette-madagascar\\\/#breadcrumb\"},\"inLanguage\":\"en-GB\",\"potentialAction\":[{\"@type\":\"ReadAction\",\"target\":[\"https:\\\/\\\/helpinghands.fr\\\/plaquette-madagascar\\\/\"]}]},{\"@type\":\"BreadcrumbList\",\"@id\":\"https:\\\/\\\/helpinghands.fr\\\/plaquette-madagascar\\\/#breadcrumb\",\"itemListElement\":[{\"@type\":\"ListItem\",\"position\":1,\"name\":\"Accueil\",\"item\":\"https:\\\/\\\/helpinghands.fr\\\/\"},{\"@type\":\"ListItem\",\"position\":2,\"name\":\"Plaquette Madagascar\"}]},{\"@type\":\"WebSite\",\"@id\":\"https:\\\/\\\/helpinghands.fr\\\/#website\",\"url\":\"https:\\\/\\\/helpinghands.fr\\\/\",\"name\":\"Helping Hands\",\"description\":\"\",\"potentialAction\":[{\"@type\":\"SearchAction\",\"target\":{\"@type\":\"EntryPoint\",\"urlTemplate\":\"https:\\\/\\\/helpinghands.fr\\\/?s={search_term_string}\"},\"query-input\":{\"@type\":\"PropertyValueSpecification\",\"valueRequired\":true,\"valueName\":\"search_term_string\"}}],\"inLanguage\":\"en-GB\"}]}<\/script>\n<!-- \/ Yoast SEO plugin. -->","yoast_head_json":{"title":"Madagascar brochure - Helping Hands","description":"Find out more about Helping Hands' actions in Madagascar and how you can support our educational projects.","robots":{"index":"index","follow":"follow","max-snippet":"max-snippet:-1","max-image-preview":"max-image-preview:large","max-video-preview":"max-video-preview:-1"},"canonical":"https:\/\/helpinghands.fr\/en\/madagascar-brochure\/","og_locale":"en_GB","og_type":"article","og_title":"Plaquette Madagascar \u2013 Helping Hands","og_description":"D\u00e9couvrez la plaquette d\u00e9di\u00e9e aux actions de Helping Hands \u00e0 Madagascar et les modalit\u00e9s de soutien pour accompagner nos projets \u00e9ducatifs.","og_url":"https:\/\/helpinghands.fr\/en\/madagascar-brochure\/","og_site_name":"Helping Hands","article_modified_time":"2026-02-24T13:25:53+00:00","twitter_card":"summary_large_image","twitter_misc":{"Estimated reading time":"1 minute"},"schema":{"@context":"https:\/\/schema.org","@graph":[{"@type":"WebPage","@id":"https:\/\/helpinghands.fr\/plaquette-madagascar\/","url":"https:\/\/helpinghands.fr\/plaquette-madagascar\/","name":"Madagascar brochure - Helping Hands","isPartOf":{"@id":"https:\/\/helpinghands.fr\/#website"},"datePublished":"2026-02-24T13:00:52+00:00","dateModified":"2026-02-24T13:25:53+00:00","description":"Find out more about Helping Hands' actions in Madagascar and how you can support our educational projects.","breadcrumb":{"@id":"https:\/\/helpinghands.fr\/plaquette-madagascar\/#breadcrumb"},"inLanguage":"en-GB","potentialAction":[{"@type":"ReadAction","target":["https:\/\/helpinghands.fr\/plaquette-madagascar\/"]}]},{"@type":"BreadcrumbList","@id":"https:\/\/helpinghands.fr\/plaquette-madagascar\/#breadcrumb","itemListElement":[{"@type":"ListItem","position":1,"name":"Accueil","item":"https:\/\/helpinghands.fr\/"},{"@type":"ListItem","position":2,"name":"Plaquette Madagascar"}]},{"@type":"WebSite","@id":"https:\/\/helpinghands.fr\/#website","url":"https:\/\/helpinghands.fr\/","name":"Helping Hands","description":"","potentialAction":[{"@type":"SearchAction","target":{"@type":"EntryPoint","urlTemplate":"https:\/\/helpinghands.fr\/?s={search_term_string}"},"query-input":{"@type":"PropertyValueSpecification","valueRequired":true,"valueName":"search_term_string"}}],"inLanguage":"en-GB"}]}},"campaignId":"","_links":{"self":[{"href":"https:\/\/helpinghands.fr\/en\/wp-json\/wp\/v2\/pages\/1952","targetHints":{"allow":["GET"]}}],"collection":[{"href":"https:\/\/helpinghands.fr\/en\/wp-json\/wp\/v2\/pages"}],"about":[{"href":"https:\/\/helpinghands.fr\/en\/wp-json\/wp\/v2\/types\/page"}],"author":[{"embeddable":true,"href":"https:\/\/helpinghands.fr\/en\/wp-json\/wp\/v2\/users\/2"}],"replies":[{"embeddable":true,"href":"https:\/\/helpinghands.fr\/en\/wp-json\/wp\/v2\/comments?post=1952"}],"version-history":[{"count":2,"href":"https:\/\/helpinghands.fr\/en\/wp-json\/wp\/v2\/pages\/1952\/revisions"}],"predecessor-version":[{"id":1954,"href":"https:\/\/helpinghands.fr\/en\/wp-json\/wp\/v2\/pages\/1952\/revisions\/1954"}],"wp:attachment":[{"href":"https:\/\/helpinghands.fr\/en\/wp-json\/wp\/v2\/media?parent=1952"}],"curies":[{"name":"wp","href":"https:\/\/api.w.org\/{rel}","templated":true}]}}