{"id":2012,"date":"2026-03-18T15:01:31","date_gmt":"2026-03-18T14:01:31","guid":{"rendered":"https:\/\/helpinghands.fr\/?page_id=2012"},"modified":"2026-03-18T15:01:31","modified_gmt":"2026-03-18T14:01:31","slug":"education-project-brochure","status":"publish","type":"page","link":"https:\/\/helpinghands.fr\/en\/plaquette-projet-education\/","title":{"rendered":"Education Project brochure"},"content":{"rendered":"<blockquote data-start=\"934\" data-end=\"1340\">\n<p data-start=\"936\" data-end=\"1043\">Helping Hands takes concrete action to give the most vulnerable children real access to education.<\/p>\n<p data-start=\"1050\" data-end=\"1232\">Building classrooms, equipping schools, improving learning conditions: every action aims to give children the means to build their future.<\/p>\n<p data-start=\"1239\" data-end=\"1340\">Read our brochure to find out what's at stake, what projects are underway and what we need to support.<\/p>\n<p data-start=\"1239\" data-end=\"1340\"><a href=\"https:\/\/helpinghands.fr\/wp-content\/uploads\/2026\/03\/plaquette-Etudiants-en-action-2026.pdf\">Download the Education project brochure<\/a><\/p>\n<\/blockquote>","protected":false},"excerpt":{"rendered":"<p>Helping Hands agit concr\u00e8tement pour offrir aux enfants les plus vuln\u00e9rables un acc\u00e8s r\u00e9el \u00e0 l\u2019\u00e9ducation. Construction de salles de classe, \u00e9quipements scolaires, am\u00e9lioration des conditions d\u2019apprentissage : chaque action vise \u00e0 donner aux enfants les moyens de construire leur avenir. D\u00e9couvrez notre plaquette pour comprendre les enjeux, les projets en cours et les besoins [&hellip;]<\/p>\n","protected":false},"author":1,"featured_media":0,"parent":0,"menu_order":30,"comment_status":"closed","ping_status":"closed","template":"","meta":{"give_campaign_id":0,"footnotes":""},"class_list":["post-2012","page","type-page","status-publish","hentry"],"blocksy_meta":[],"yoast_head":"<!-- This site is optimized with the Yoast SEO plugin v27.3 - https:\/\/yoast.com\/product\/yoast-seo-wordpress\/ -->\n<title>Plaquette Projet Education - Helping Hands<\/title>\n<meta name=\"robots\" content=\"index, follow, max-snippet:-1, max-image-preview:large, max-video-preview:-1\" \/>\n<link rel=\"canonical\" href=\"https:\/\/helpinghands.fr\/en\/education-project-brochure\/\" \/>\n<meta property=\"og:locale\" content=\"en_GB\" \/>\n<meta property=\"og:type\" content=\"article\" \/>\n<meta property=\"og:title\" content=\"Plaquette Projet Education - Helping Hands\" \/>\n<meta property=\"og:description\" content=\"Helping Hands agit concr\u00e8tement pour offrir aux enfants les plus vuln\u00e9rables un acc\u00e8s r\u00e9el \u00e0 l\u2019\u00e9ducation. Construction de salles de classe, \u00e9quipements scolaires, am\u00e9lioration des conditions d\u2019apprentissage : chaque action vise \u00e0 donner aux enfants les moyens de construire leur avenir. D\u00e9couvrez notre plaquette pour comprendre les enjeux, les projets en cours et les besoins [&hellip;]\" \/>\n<meta property=\"og:url\" content=\"https:\/\/helpinghands.fr\/en\/education-project-brochure\/\" \/>\n<meta property=\"og:site_name\" content=\"Helping Hands\" \/>\n<meta name=\"twitter:card\" content=\"summary_large_image\" \/>\n<script type=\"application\/ld+json\" class=\"yoast-schema-graph\">{\"@context\":\"https:\\\/\\\/schema.org\",\"@graph\":[{\"@type\":\"WebPage\",\"@id\":\"https:\\\/\\\/helpinghands.fr\\\/plaquette-projet-education\\\/\",\"url\":\"https:\\\/\\\/helpinghands.fr\\\/plaquette-projet-education\\\/\",\"name\":\"Plaquette Projet Education - Helping Hands\",\"isPartOf\":{\"@id\":\"https:\\\/\\\/helpinghands.fr\\\/#website\"},\"datePublished\":\"2026-03-18T14:01:31+00:00\",\"breadcrumb\":{\"@id\":\"https:\\\/\\\/helpinghands.fr\\\/plaquette-projet-education\\\/#breadcrumb\"},\"inLanguage\":\"en-GB\",\"potentialAction\":[{\"@type\":\"ReadAction\",\"target\":[\"https:\\\/\\\/helpinghands.fr\\\/plaquette-projet-education\\\/\"]}]},{\"@type\":\"BreadcrumbList\",\"@id\":\"https:\\\/\\\/helpinghands.fr\\\/plaquette-projet-education\\\/#breadcrumb\",\"itemListElement\":[{\"@type\":\"ListItem\",\"position\":1,\"name\":\"Accueil\",\"item\":\"https:\\\/\\\/helpinghands.fr\\\/\"},{\"@type\":\"ListItem\",\"position\":2,\"name\":\"Plaquette Projet Education\"}]},{\"@type\":\"WebSite\",\"@id\":\"https:\\\/\\\/helpinghands.fr\\\/#website\",\"url\":\"https:\\\/\\\/helpinghands.fr\\\/\",\"name\":\"Helping Hands\",\"description\":\"\",\"potentialAction\":[{\"@type\":\"SearchAction\",\"target\":{\"@type\":\"EntryPoint\",\"urlTemplate\":\"https:\\\/\\\/helpinghands.fr\\\/?s={search_term_string}\"},\"query-input\":{\"@type\":\"PropertyValueSpecification\",\"valueRequired\":true,\"valueName\":\"search_term_string\"}}],\"inLanguage\":\"en-GB\"}]}<\/script>\n<!-- \/ Yoast SEO plugin. -->","yoast_head_json":{"title":"Education Project brochure - Helping Hands","robots":{"index":"index","follow":"follow","max-snippet":"max-snippet:-1","max-image-preview":"max-image-preview:large","max-video-preview":"max-video-preview:-1"},"canonical":"https:\/\/helpinghands.fr\/en\/education-project-brochure\/","og_locale":"en_GB","og_type":"article","og_title":"Plaquette Projet Education - Helping Hands","og_description":"Helping Hands agit concr\u00e8tement pour offrir aux enfants les plus vuln\u00e9rables un acc\u00e8s r\u00e9el \u00e0 l\u2019\u00e9ducation. Construction de salles de classe, \u00e9quipements scolaires, am\u00e9lioration des conditions d\u2019apprentissage : chaque action vise \u00e0 donner aux enfants les moyens de construire leur avenir. D\u00e9couvrez notre plaquette pour comprendre les enjeux, les projets en cours et les besoins [&hellip;]","og_url":"https:\/\/helpinghands.fr\/en\/education-project-brochure\/","og_site_name":"Helping Hands","twitter_card":"summary_large_image","schema":{"@context":"https:\/\/schema.org","@graph":[{"@type":"WebPage","@id":"https:\/\/helpinghands.fr\/plaquette-projet-education\/","url":"https:\/\/helpinghands.fr\/plaquette-projet-education\/","name":"Education Project brochure - Helping Hands","isPartOf":{"@id":"https:\/\/helpinghands.fr\/#website"},"datePublished":"2026-03-18T14:01:31+00:00","breadcrumb":{"@id":"https:\/\/helpinghands.fr\/plaquette-projet-education\/#breadcrumb"},"inLanguage":"en-GB","potentialAction":[{"@type":"ReadAction","target":["https:\/\/helpinghands.fr\/plaquette-projet-education\/"]}]},{"@type":"BreadcrumbList","@id":"https:\/\/helpinghands.fr\/plaquette-projet-education\/#breadcrumb","itemListElement":[{"@type":"ListItem","position":1,"name":"Accueil","item":"https:\/\/helpinghands.fr\/"},{"@type":"ListItem","position":2,"name":"Plaquette Projet Education"}]},{"@type":"WebSite","@id":"https:\/\/helpinghands.fr\/#website","url":"https:\/\/helpinghands.fr\/","name":"Helping Hands","description":"","potentialAction":[{"@type":"SearchAction","target":{"@type":"EntryPoint","urlTemplate":"https:\/\/helpinghands.fr\/?s={search_term_string}"},"query-input":{"@type":"PropertyValueSpecification","valueRequired":true,"valueName":"search_term_string"}}],"inLanguage":"en-GB"}]}},"campaignId":"","_links":{"self":[{"href":"https:\/\/helpinghands.fr\/en\/wp-json\/wp\/v2\/pages\/2012","targetHints":{"allow":["GET"]}}],"collection":[{"href":"https:\/\/helpinghands.fr\/en\/wp-json\/wp\/v2\/pages"}],"about":[{"href":"https:\/\/helpinghands.fr\/en\/wp-json\/wp\/v2\/types\/page"}],"author":[{"embeddable":true,"href":"https:\/\/helpinghands.fr\/en\/wp-json\/wp\/v2\/users\/1"}],"replies":[{"embeddable":true,"href":"https:\/\/helpinghands.fr\/en\/wp-json\/wp\/v2\/comments?post=2012"}],"version-history":[{"count":1,"href":"https:\/\/helpinghands.fr\/en\/wp-json\/wp\/v2\/pages\/2012\/revisions"}],"predecessor-version":[{"id":2013,"href":"https:\/\/helpinghands.fr\/en\/wp-json\/wp\/v2\/pages\/2012\/revisions\/2013"}],"wp:attachment":[{"href":"https:\/\/helpinghands.fr\/en\/wp-json\/wp\/v2\/media?parent=2012"}],"curies":[{"name":"wp","href":"https:\/\/api.w.org\/{rel}","templated":true}]}}