{"id":286,"date":"2025-01-08T15:22:55","date_gmt":"2025-01-08T14:22:55","guid":{"rendered":"https:\/\/helpinghands.fr\/?page_id=286"},"modified":"2025-01-13T20:57:34","modified_gmt":"2025-01-13T19:57:34","slug":"a-new-start-for-roja-medical-support-and-access-to-higher-education-in-france-2025","status":"publish","type":"page","link":"https:\/\/helpinghands.fr\/en\/nos-objectifs-2026\/un-nouveau-depart-pour-roja-soutien-medical-et-acces-aux-etudes-superieures-en-france-2025\/","title":{"rendered":"A new start for Roja: Medical support and access to higher education in France 2025"},"content":{"rendered":"<div data-elementor-type=\"wp-page\" data-elementor-id=\"286\" class=\"elementor elementor-286\" data-elementor-post-type=\"page\">\n\t\t\t\t<div class=\"elementor-element elementor-element-7297738 e-flex e-con-boxed e-con e-parent\" data-id=\"7297738\" data-element_type=\"container\" data-e-type=\"container\" data-settings=\"{&quot;jet_parallax_layout_list&quot;:[]}\">\n\t\t\t\t\t<div class=\"e-con-inner\">\n\t\t<div class=\"elementor-element elementor-element-72402a1 e-con-full e-flex e-con e-child\" data-id=\"72402a1\" data-element_type=\"container\" data-e-type=\"container\" data-settings=\"{&quot;jet_parallax_layout_list&quot;:[]}\">\n\t\t\t\t<div class=\"elementor-element elementor-element-ffb667f elementor-widget elementor-widget-heading\" data-id=\"ffb667f\" data-element_type=\"widget\" data-e-type=\"widget\" data-widget_type=\"heading.default\">\n\t\t\t\t\t<h1 class=\"elementor-heading-title elementor-size-default\">A new start for Roja: Medical support and access to higher education in France 2025<\/h1>\t\t\t\t<\/div>\n\t\t\t\t<\/div>\n\t\t\t\t\t<\/div>\n\t\t\t\t<\/div>\n\t\t<div class=\"elementor-element elementor-element-295bc38 e-flex e-con-boxed e-con e-parent\" data-id=\"295bc38\" data-element_type=\"container\" data-e-type=\"container\" data-settings=\"{&quot;jet_parallax_layout_list&quot;:[]}\">\n\t\t\t\t\t<div class=\"e-con-inner\">\n\t\t\t\t<div class=\"elementor-element elementor-element-4c6f284 elementor-widget elementor-widget-jet-images-layout\" data-id=\"4c6f284\" data-element_type=\"widget\" data-e-type=\"widget\" data-settings=\"{&quot;columns&quot;:&quot;3&quot;,&quot;columns_tablet&quot;:&quot;2&quot;,&quot;columns_mobile&quot;:&quot;1&quot;}\" data-widget_type=\"jet-images-layout.default\">\n\t\t\t\t<div class=\"elementor-widget-container\">\n\t\t\t\t\t<div class=\"elementor-jet-images-layout jet-elements\">\n<div class=\"jet-images-layout layout-type-grid\" data-settings='{&quot;layoutType&quot;:&quot;grid&quot;,&quot;justifyHeight&quot;:300}'>\n\t<div class=\"jet-images-layout__list col-row disable-cols-gap disable-rows-gap column-desktop-3 column-tablet-2 column-mobile-1\" >\n<div class=\"jet-images-layout__item col-desk-3 col-tab-2 col-mob-1\">\n\t<div class=\"jet-images-layout__inner\">\n\t\t<div class=\"jet-images-layout__image-loader\"><span><\/span><\/div>\n\t\t<a class=\"jet-images-layout__link\" href=\"https:\/\/helpinghands.fr\/wp-content\/uploads\/2025\/01\/12.png\" data-elementor-open-lightbox=\"yes\" data-elementor-lightbox-slideshow=\"4c6f284\">\n\t\t\t<div class=\"jet-images-layout__image\">\n\t\t\t\t<img decoding=\"async\" class=\"jet-images-layout__image-instance\" src=\"https:\/\/helpinghands.fr\/wp-content\/uploads\/2025\/01\/12.png\" alt=\"12\" loading=\"lazy\">\t\t\t<\/div>\n\t\t\t<div class=\"jet-images-layout__content\"><\/div>\n\t\t<\/a>\n\t<\/div>\n<\/div>\n<div class=\"jet-images-layout__item col-desk-3 col-tab-2 col-mob-1\">\n\t<div class=\"jet-images-layout__inner\">\n\t\t<div class=\"jet-images-layout__image-loader\"><span><\/span><\/div>\n\t\t<a class=\"jet-images-layout__link\" href=\"https:\/\/helpinghands.fr\/wp-content\/uploads\/2025\/01\/9.png\" data-elementor-open-lightbox=\"yes\" data-elementor-lightbox-slideshow=\"4c6f284\">\n\t\t\t<div class=\"jet-images-layout__image\">\n\t\t\t\t<img decoding=\"async\" class=\"jet-images-layout__image-instance\" src=\"https:\/\/helpinghands.fr\/wp-content\/uploads\/2025\/01\/9.png\" alt=\"9\" loading=\"lazy\">\t\t\t<\/div>\n\t\t\t<div class=\"jet-images-layout__content\"><\/div>\n\t\t<\/a>\n\t<\/div>\n<\/div>\n<div class=\"jet-images-layout__item col-desk-3 col-tab-2 col-mob-1\">\n\t<div class=\"jet-images-layout__inner\">\n\t\t<div class=\"jet-images-layout__image-loader\"><span><\/span><\/div>\n\t\t<a class=\"jet-images-layout__link\" href=\"https:\/\/helpinghands.fr\/wp-content\/uploads\/2025\/01\/8.png\" data-elementor-open-lightbox=\"yes\" data-elementor-lightbox-slideshow=\"4c6f284\">\n\t\t\t<div class=\"jet-images-layout__image\">\n\t\t\t\t<img decoding=\"async\" class=\"jet-images-layout__image-instance\" src=\"https:\/\/helpinghands.fr\/wp-content\/uploads\/2025\/01\/8.png\" alt=\"8\" loading=\"lazy\">\t\t\t<\/div>\n\t\t\t<div class=\"jet-images-layout__content\"><\/div>\n\t\t<\/a>\n\t<\/div>\n<\/div>\n<\/div><\/div>\n<\/div>\t\t\t\t<\/div>\n\t\t\t\t<\/div>\n\t\t\t\t\t<\/div>\n\t\t\t\t<\/div>\n\t\t<div class=\"elementor-element elementor-element-f6b550d e-flex e-con-boxed e-con e-parent\" data-id=\"f6b550d\" data-element_type=\"container\" data-e-type=\"container\" data-settings=\"{&quot;background_background&quot;:&quot;classic&quot;,&quot;jet_parallax_layout_list&quot;:[]}\">\n\t\t\t\t\t<div class=\"e-con-inner\">\n\t\t\t\t<div class=\"elementor-element elementor-element-79c5db2 elementor-widget elementor-widget-heading\" data-id=\"79c5db2\" data-element_type=\"widget\" data-e-type=\"widget\" data-widget_type=\"heading.default\">\n\t\t\t\t\t<h2 class=\"elementor-heading-title elementor-size-default\">A decisive opportunity for Roja's future\n<\/h2>\t\t\t\t<\/div>\n\t\t\t\t<div class=\"elementor-element elementor-element-99a56a4 elementor-widget elementor-widget-heading\" data-id=\"99a56a4\" data-element_type=\"widget\" data-e-type=\"widget\" data-widget_type=\"heading.default\">\n\t\t\t\t\t<p class=\"elementor-heading-title elementor-size-default\">Roja, a talented young student with recurring health problems, wants to continue her higher education in France. This opportunity represents a decisive step for her future, both academically and personally.<\/p>\t\t\t\t<\/div>\n\t\t\t\t\t<\/div>\n\t\t\t\t<\/div>\n\t\t<div class=\"elementor-element elementor-element-743dada e-flex e-con-boxed e-con e-parent\" data-id=\"743dada\" data-element_type=\"container\" data-e-type=\"container\" data-settings=\"{&quot;jet_parallax_layout_list&quot;:[]}\">\n\t\t\t\t\t<div class=\"e-con-inner\">\n\t\t\t\t<div class=\"elementor-element elementor-element-47cf31d elementor-widget elementor-widget-heading\" data-id=\"47cf31d\" data-element_type=\"widget\" data-e-type=\"widget\" data-widget_type=\"heading.default\">\n\t\t\t\t\t<h2 class=\"elementor-heading-title elementor-size-default\">Project objectives\n<\/h2>\t\t\t\t<\/div>\n\t\t\t\t<div class=\"elementor-element elementor-element-6739aaa elementor-widget elementor-widget-heading\" data-id=\"6739aaa\" data-element_type=\"widget\" data-e-type=\"widget\" data-widget_type=\"heading.default\">\n\t\t\t\t\t<p class=\"elementor-heading-title elementor-size-default\">The aims of this project are clear: to provide Roja with a cultural and educational environment in which she can flourish, and to help her obtain her Dipl\u00f4me Universitaire d'\u00c9tudes Fran\u00e7aises (DUEF). This diploma will enable Roja to master the French language and adapt to the university system in France, while facilitating her enriching cultural integration.\n\n<\/p>\t\t\t\t<\/div>\n\t\t\t\t\t<\/div>\n\t\t\t\t<\/div>\n\t\t<div class=\"elementor-element elementor-element-0ba0550 e-flex e-con-boxed e-con e-parent\" data-id=\"0ba0550\" data-element_type=\"container\" data-e-type=\"container\" data-settings=\"{&quot;background_background&quot;:&quot;classic&quot;,&quot;jet_parallax_layout_list&quot;:[]}\">\n\t\t\t\t\t<div class=\"e-con-inner\">\n\t\t\t\t<div class=\"elementor-element elementor-element-6178ed0 elementor-widget elementor-widget-heading\" data-id=\"6178ed0\" data-element_type=\"widget\" data-e-type=\"widget\" data-widget_type=\"heading.default\">\n\t\t\t\t\t<h2 class=\"elementor-heading-title elementor-size-default\">The key stages\n<\/h2>\t\t\t\t<\/div>\n\t\t\t\t<div class=\"elementor-element elementor-element-fdac7f2 elementor-widget elementor-widget-heading\" data-id=\"fdac7f2\" data-element_type=\"widget\" data-e-type=\"widget\" data-widget_type=\"heading.default\">\n\t\t\t\t\t<p class=\"elementor-heading-title elementor-size-default\">To achieve these objectives, a number of stages are planned. Firstly, obtaining a tourist visa will enable Roja to discover French culture and visit the University of Caen, where she will begin her programme in September 2025. Next, she will take the DUEF, which will provide a solid foundation for her future studies.\n\n<\/p>\t\t\t\t<\/div>\n\t\t\t\t\t<\/div>\n\t\t\t\t<\/div>\n\t\t<div class=\"elementor-element elementor-element-f3d86d3 e-flex e-con-boxed e-con e-parent\" data-id=\"f3d86d3\" data-element_type=\"container\" data-e-type=\"container\" data-settings=\"{&quot;jet_parallax_layout_list&quot;:[]}\">\n\t\t\t\t\t<div class=\"e-con-inner\">\n\t\t\t\t<div class=\"elementor-element elementor-element-ebfd4f1 elementor-widget elementor-widget-heading\" data-id=\"ebfd4f1\" data-element_type=\"widget\" data-e-type=\"widget\" data-widget_type=\"heading.default\">\n\t\t\t\t\t<h2 class=\"elementor-heading-title elementor-size-default\">Estimated budget\n<\/h2>\t\t\t\t<\/div>\n\t\t\t\t<div class=\"elementor-element elementor-element-fa6171c elementor-widget elementor-widget-heading\" data-id=\"fa6171c\" data-element_type=\"widget\" data-e-type=\"widget\" data-widget_type=\"heading.default\">\n\t\t\t\t\t<p class=\"elementor-heading-title elementor-size-default\">A budget of 12,500 euros has been established to cover all the costs associated with this project. This includes visa and transport costs, accommodation for a year, food, DUEF tuition fees and health insurance.\n\n<\/p>\t\t\t\t<\/div>\n\t\t\t\t\t<\/div>\n\t\t\t\t<\/div>\n\t\t<div class=\"elementor-element elementor-element-b534219 e-flex e-con-boxed e-con e-parent\" data-id=\"b534219\" data-element_type=\"container\" data-e-type=\"container\" data-settings=\"{&quot;background_background&quot;:&quot;classic&quot;,&quot;jet_parallax_layout_list&quot;:[]}\">\n\t\t\t\t\t<div class=\"e-con-inner\">\n\t\t\t\t<div class=\"elementor-element elementor-element-ac0f093 elementor-widget elementor-widget-heading\" data-id=\"ac0f093\" data-element_type=\"widget\" data-e-type=\"widget\" data-widget_type=\"heading.default\">\n\t\t\t\t\t<h2 class=\"elementor-heading-title elementor-size-default\">Conclusion\n<\/h2>\t\t\t\t<\/div>\n\t\t\t\t<div class=\"elementor-element elementor-element-63161cf elementor-widget elementor-widget-heading\" data-id=\"63161cf\" data-element_type=\"widget\" data-e-type=\"widget\" data-widget_type=\"heading.default\">\n\t\t\t\t\t<p class=\"elementor-heading-title elementor-size-default\">This project represents a unique opportunity for Roja to overcome her personal challenges, realise her academic ambitions and build a promising future for herself.\n\n\n\n\n\n\n<\/p>\t\t\t\t<\/div>\n\t\t\t\t\t<\/div>\n\t\t\t\t<\/div>\n\t\t\t\t<\/div>","protected":false},"excerpt":{"rendered":"<p>Une opportunit\u00e9 d\u00e9terminante pour l&rsquo;avenir de Roja Roja, une jeune \u00e9tudiante talentueuse confront\u00e9e \u00e0 des probl\u00e8mes de sant\u00e9 r\u00e9currents, aspire \u00e0 poursuivre ses \u00e9tudes sup\u00e9rieures en France. Cette opportunit\u00e9 repr\u00e9sente une \u00e9tape d\u00e9cisive pour son avenir, tant sur le plan acad\u00e9mique que personnel. Objectifs du projet Les objectifs de ce projet sont clairs : lui [&hellip;]<\/p>\n","protected":false},"author":1,"featured_media":0,"parent":45,"menu_order":0,"comment_status":"closed","ping_status":"closed","template":"elementor_header_footer","meta":{"give_campaign_id":0,"footnotes":""},"class_list":["post-286","page","type-page","status-publish","hentry"],"blocksy_meta":[],"yoast_head":"<!-- This site is optimized with the Yoast SEO plugin v27.3 - https:\/\/yoast.com\/product\/yoast-seo-wordpress\/ -->\n<title>Un nouveau d\u00e9part pour Roja : Soutien m\u00e9dical et acc\u00e8s aux \u00e9tudes sup\u00e9rieures en France 2025 - Helping Hands<\/title>\n<meta name=\"description\" content=\"Helping Hands soutient Roja, une jeune fille du N\u00e9pal, dans son acc\u00e8s aux soins m\u00e9dicaux et aux \u00e9tudes sup\u00e9rieures en France d&#039;ici 2025. Aidez-nous \u00e0 transformer cet objectif en r\u00e9alit\u00e9 !\" \/>\n<meta name=\"robots\" content=\"index, follow, max-snippet:-1, max-image-preview:large, max-video-preview:-1\" \/>\n<link rel=\"canonical\" href=\"https:\/\/helpinghands.fr\/en\/our-2026-objectives\/a-new-start-for-roja-medical-support-and-access-to-higher-education-in-france-2025\/\" \/>\n<meta property=\"og:locale\" content=\"en_GB\" \/>\n<meta property=\"og:type\" content=\"article\" \/>\n<meta property=\"og:title\" content=\"Un nouveau d\u00e9part pour Roja : Soutien m\u00e9dical et acc\u00e8s aux \u00e9tudes sup\u00e9rieures en France 2025 - Helping Hands\" \/>\n<meta property=\"og:description\" content=\"Helping Hands soutient Roja, une jeune fille du N\u00e9pal, dans son acc\u00e8s aux soins m\u00e9dicaux et aux \u00e9tudes sup\u00e9rieures en France d&#039;ici 2025. Aidez-nous \u00e0 transformer cet objectif en r\u00e9alit\u00e9 !\" \/>\n<meta property=\"og:url\" content=\"https:\/\/helpinghands.fr\/en\/our-2026-objectives\/a-new-start-for-roja-medical-support-and-access-to-higher-education-in-france-2025\/\" \/>\n<meta property=\"og:site_name\" content=\"Helping Hands\" \/>\n<meta property=\"article:modified_time\" content=\"2025-01-13T19:57:34+00:00\" \/>\n<meta property=\"og:image\" content=\"https:\/\/helpinghands.fr\/wp-content\/uploads\/2025\/01\/12.png\" \/>\n<meta name=\"twitter:card\" content=\"summary_large_image\" \/>\n<meta name=\"twitter:label1\" content=\"Estimated reading time\" \/>\n\t<meta name=\"twitter:data1\" content=\"2 minutes\" \/>\n<script type=\"application\/ld+json\" class=\"yoast-schema-graph\">{\"@context\":\"https:\\\/\\\/schema.org\",\"@graph\":[{\"@type\":\"WebPage\",\"@id\":\"https:\\\/\\\/helpinghands.fr\\\/nos-objectifs-2026\\\/un-nouveau-depart-pour-roja-soutien-medical-et-acces-aux-etudes-superieures-en-france-2025\\\/\",\"url\":\"https:\\\/\\\/helpinghands.fr\\\/nos-objectifs-2026\\\/un-nouveau-depart-pour-roja-soutien-medical-et-acces-aux-etudes-superieures-en-france-2025\\\/\",\"name\":\"Un nouveau d\u00e9part pour Roja : Soutien m\u00e9dical et acc\u00e8s aux \u00e9tudes sup\u00e9rieures en France 2025 - Helping Hands\",\"isPartOf\":{\"@id\":\"https:\\\/\\\/helpinghands.fr\\\/#website\"},\"primaryImageOfPage\":{\"@id\":\"https:\\\/\\\/helpinghands.fr\\\/nos-objectifs-2026\\\/un-nouveau-depart-pour-roja-soutien-medical-et-acces-aux-etudes-superieures-en-france-2025\\\/#primaryimage\"},\"image\":{\"@id\":\"https:\\\/\\\/helpinghands.fr\\\/nos-objectifs-2026\\\/un-nouveau-depart-pour-roja-soutien-medical-et-acces-aux-etudes-superieures-en-france-2025\\\/#primaryimage\"},\"thumbnailUrl\":\"https:\\\/\\\/helpinghands.fr\\\/wp-content\\\/uploads\\\/2025\\\/01\\\/12.png\",\"datePublished\":\"2025-01-08T14:22:55+00:00\",\"dateModified\":\"2025-01-13T19:57:34+00:00\",\"description\":\"Helping Hands soutient Roja, une jeune fille du N\u00e9pal, dans son acc\u00e8s aux soins m\u00e9dicaux et aux \u00e9tudes sup\u00e9rieures en France d'ici 2025. Aidez-nous \u00e0 transformer cet objectif en r\u00e9alit\u00e9 !\",\"breadcrumb\":{\"@id\":\"https:\\\/\\\/helpinghands.fr\\\/nos-objectifs-2026\\\/un-nouveau-depart-pour-roja-soutien-medical-et-acces-aux-etudes-superieures-en-france-2025\\\/#breadcrumb\"},\"inLanguage\":\"en-GB\",\"potentialAction\":[{\"@type\":\"ReadAction\",\"target\":[\"https:\\\/\\\/helpinghands.fr\\\/nos-objectifs-2026\\\/un-nouveau-depart-pour-roja-soutien-medical-et-acces-aux-etudes-superieures-en-france-2025\\\/\"]}]},{\"@type\":\"ImageObject\",\"inLanguage\":\"en-GB\",\"@id\":\"https:\\\/\\\/helpinghands.fr\\\/nos-objectifs-2026\\\/un-nouveau-depart-pour-roja-soutien-medical-et-acces-aux-etudes-superieures-en-france-2025\\\/#primaryimage\",\"url\":\"https:\\\/\\\/helpinghands.fr\\\/wp-content\\\/uploads\\\/2025\\\/01\\\/12.png\",\"contentUrl\":\"https:\\\/\\\/helpinghands.fr\\\/wp-content\\\/uploads\\\/2025\\\/01\\\/12.png\"},{\"@type\":\"BreadcrumbList\",\"@id\":\"https:\\\/\\\/helpinghands.fr\\\/nos-objectifs-2026\\\/un-nouveau-depart-pour-roja-soutien-medical-et-acces-aux-etudes-superieures-en-france-2025\\\/#breadcrumb\",\"itemListElement\":[{\"@type\":\"ListItem\",\"position\":1,\"name\":\"Accueil\",\"item\":\"https:\\\/\\\/helpinghands.fr\\\/\"},{\"@type\":\"ListItem\",\"position\":2,\"name\":\"Nos objectifs 2026\",\"item\":\"https:\\\/\\\/helpinghands.fr\\\/nos-objectifs-2026\\\/\"},{\"@type\":\"ListItem\",\"position\":3,\"name\":\"Un nouveau d\u00e9part pour Roja : Soutien m\u00e9dical et acc\u00e8s aux \u00e9tudes sup\u00e9rieures en France 2025\"}]},{\"@type\":\"WebSite\",\"@id\":\"https:\\\/\\\/helpinghands.fr\\\/#website\",\"url\":\"https:\\\/\\\/helpinghands.fr\\\/\",\"name\":\"Helping Hands\",\"description\":\"\",\"potentialAction\":[{\"@type\":\"SearchAction\",\"target\":{\"@type\":\"EntryPoint\",\"urlTemplate\":\"https:\\\/\\\/helpinghands.fr\\\/?s={search_term_string}\"},\"query-input\":{\"@type\":\"PropertyValueSpecification\",\"valueRequired\":true,\"valueName\":\"search_term_string\"}}],\"inLanguage\":\"en-GB\"}]}<\/script>\n<!-- \/ Yoast SEO plugin. -->","yoast_head_json":{"title":"A new start for Roja: Medical support and access to higher education in France 2025 - Helping Hands","description":"Helping Hands is supporting Roja, a young girl from Nepal, to access medical care and higher education in France by 2025. Help us make this goal a reality!","robots":{"index":"index","follow":"follow","max-snippet":"max-snippet:-1","max-image-preview":"max-image-preview:large","max-video-preview":"max-video-preview:-1"},"canonical":"https:\/\/helpinghands.fr\/en\/our-2026-objectives\/a-new-start-for-roja-medical-support-and-access-to-higher-education-in-france-2025\/","og_locale":"en_GB","og_type":"article","og_title":"Un nouveau d\u00e9part pour Roja : Soutien m\u00e9dical et acc\u00e8s aux \u00e9tudes sup\u00e9rieures en France 2025 - Helping Hands","og_description":"Helping Hands soutient Roja, une jeune fille du N\u00e9pal, dans son acc\u00e8s aux soins m\u00e9dicaux et aux \u00e9tudes sup\u00e9rieures en France d'ici 2025. Aidez-nous \u00e0 transformer cet objectif en r\u00e9alit\u00e9 !","og_url":"https:\/\/helpinghands.fr\/en\/our-2026-objectives\/a-new-start-for-roja-medical-support-and-access-to-higher-education-in-france-2025\/","og_site_name":"Helping Hands","article_modified_time":"2025-01-13T19:57:34+00:00","og_image":[{"url":"https:\/\/helpinghands.fr\/wp-content\/uploads\/2025\/01\/12.png","type":"","width":"","height":""}],"twitter_card":"summary_large_image","twitter_misc":{"Estimated reading time":"2 minutes"},"schema":{"@context":"https:\/\/schema.org","@graph":[{"@type":"WebPage","@id":"https:\/\/helpinghands.fr\/nos-objectifs-2026\/un-nouveau-depart-pour-roja-soutien-medical-et-acces-aux-etudes-superieures-en-france-2025\/","url":"https:\/\/helpinghands.fr\/nos-objectifs-2026\/un-nouveau-depart-pour-roja-soutien-medical-et-acces-aux-etudes-superieures-en-france-2025\/","name":"A new start for Roja: Medical support and access to higher education in France 2025 - Helping Hands","isPartOf":{"@id":"https:\/\/helpinghands.fr\/#website"},"primaryImageOfPage":{"@id":"https:\/\/helpinghands.fr\/nos-objectifs-2026\/un-nouveau-depart-pour-roja-soutien-medical-et-acces-aux-etudes-superieures-en-france-2025\/#primaryimage"},"image":{"@id":"https:\/\/helpinghands.fr\/nos-objectifs-2026\/un-nouveau-depart-pour-roja-soutien-medical-et-acces-aux-etudes-superieures-en-france-2025\/#primaryimage"},"thumbnailUrl":"https:\/\/helpinghands.fr\/wp-content\/uploads\/2025\/01\/12.png","datePublished":"2025-01-08T14:22:55+00:00","dateModified":"2025-01-13T19:57:34+00:00","description":"Helping Hands is supporting Roja, a young girl from Nepal, to access medical care and higher education in France by 2025. Help us make this goal a reality!","breadcrumb":{"@id":"https:\/\/helpinghands.fr\/nos-objectifs-2026\/un-nouveau-depart-pour-roja-soutien-medical-et-acces-aux-etudes-superieures-en-france-2025\/#breadcrumb"},"inLanguage":"en-GB","potentialAction":[{"@type":"ReadAction","target":["https:\/\/helpinghands.fr\/nos-objectifs-2026\/un-nouveau-depart-pour-roja-soutien-medical-et-acces-aux-etudes-superieures-en-france-2025\/"]}]},{"@type":"ImageObject","inLanguage":"en-GB","@id":"https:\/\/helpinghands.fr\/nos-objectifs-2026\/un-nouveau-depart-pour-roja-soutien-medical-et-acces-aux-etudes-superieures-en-france-2025\/#primaryimage","url":"https:\/\/helpinghands.fr\/wp-content\/uploads\/2025\/01\/12.png","contentUrl":"https:\/\/helpinghands.fr\/wp-content\/uploads\/2025\/01\/12.png"},{"@type":"BreadcrumbList","@id":"https:\/\/helpinghands.fr\/nos-objectifs-2026\/un-nouveau-depart-pour-roja-soutien-medical-et-acces-aux-etudes-superieures-en-france-2025\/#breadcrumb","itemListElement":[{"@type":"ListItem","position":1,"name":"Accueil","item":"https:\/\/helpinghands.fr\/"},{"@type":"ListItem","position":2,"name":"Nos objectifs 2026","item":"https:\/\/helpinghands.fr\/nos-objectifs-2026\/"},{"@type":"ListItem","position":3,"name":"Un nouveau d\u00e9part pour Roja : Soutien m\u00e9dical et acc\u00e8s aux \u00e9tudes sup\u00e9rieures en France 2025"}]},{"@type":"WebSite","@id":"https:\/\/helpinghands.fr\/#website","url":"https:\/\/helpinghands.fr\/","name":"Helping Hands","description":"","potentialAction":[{"@type":"SearchAction","target":{"@type":"EntryPoint","urlTemplate":"https:\/\/helpinghands.fr\/?s={search_term_string}"},"query-input":{"@type":"PropertyValueSpecification","valueRequired":true,"valueName":"search_term_string"}}],"inLanguage":"en-GB"}]}},"campaignId":"","_links":{"self":[{"href":"https:\/\/helpinghands.fr\/en\/wp-json\/wp\/v2\/pages\/286","targetHints":{"allow":["GET"]}}],"collection":[{"href":"https:\/\/helpinghands.fr\/en\/wp-json\/wp\/v2\/pages"}],"about":[{"href":"https:\/\/helpinghands.fr\/en\/wp-json\/wp\/v2\/types\/page"}],"author":[{"embeddable":true,"href":"https:\/\/helpinghands.fr\/en\/wp-json\/wp\/v2\/users\/1"}],"replies":[{"embeddable":true,"href":"https:\/\/helpinghands.fr\/en\/wp-json\/wp\/v2\/comments?post=286"}],"version-history":[{"count":0,"href":"https:\/\/helpinghands.fr\/en\/wp-json\/wp\/v2\/pages\/286\/revisions"}],"up":[{"embeddable":true,"href":"https:\/\/helpinghands.fr\/en\/wp-json\/wp\/v2\/pages\/45"}],"wp:attachment":[{"href":"https:\/\/helpinghands.fr\/en\/wp-json\/wp\/v2\/media?parent=286"}],"curies":[{"name":"wp","href":"https:\/\/api.w.org\/{rel}","templated":true}]}}