{"id":289,"date":"2025-01-08T15:24:18","date_gmt":"2025-01-08T14:24:18","guid":{"rendered":"https:\/\/helpinghands.fr\/?page_id=289"},"modified":"2025-04-05T12:42:29","modified_gmt":"2025-04-05T10:42:29","slug":"educational-support-for-vulnerable-children-in-limbauan-a-school-inclusion-project-in-the-philippines","status":"publish","type":"page","link":"https:\/\/helpinghands.fr\/en\/nos-objectifs-2026\/soutien-educatif-aux-enfants-vulnerables-de-limbauan-un-projet-dinclusion-scolaire-aux-philippines\/","title":{"rendered":"Educational support for vulnerable children in Limbauan: a school inclusion project in the Philippines"},"content":{"rendered":"<div data-elementor-type=\"wp-page\" data-elementor-id=\"289\" class=\"elementor elementor-289\" data-elementor-post-type=\"page\">\n\t\t\t\t<div class=\"elementor-element elementor-element-a90333c e-flex e-con-boxed e-con e-parent\" data-id=\"a90333c\" data-element_type=\"container\" data-e-type=\"container\" data-settings=\"{&quot;jet_parallax_layout_list&quot;:[]}\">\n\t\t\t\t\t<div class=\"e-con-inner\">\n\t\t<div class=\"elementor-element elementor-element-fb672c5 e-con-full e-flex e-con e-child\" data-id=\"fb672c5\" data-element_type=\"container\" data-e-type=\"container\" data-settings=\"{&quot;jet_parallax_layout_list&quot;:[]}\">\n\t\t\t\t<div class=\"elementor-element elementor-element-0d62c2b elementor-widget elementor-widget-heading\" data-id=\"0d62c2b\" data-element_type=\"widget\" data-e-type=\"widget\" data-widget_type=\"heading.default\">\n\t\t\t\t\t<h1 class=\"elementor-heading-title elementor-size-default\">Educational support for vulnerable children in Limbauan: a school inclusion project in the Philippines<\/h1>\t\t\t\t<\/div>\n\t\t\t\t<\/div>\n\t\t\t\t\t<\/div>\n\t\t\t\t<\/div>\n\t\t<div class=\"elementor-element elementor-element-8118c1b e-flex e-con-boxed e-con e-parent\" data-id=\"8118c1b\" data-element_type=\"container\" data-e-type=\"container\" data-settings=\"{&quot;jet_parallax_layout_list&quot;:[]}\">\n\t\t\t\t\t<div class=\"e-con-inner\">\n\t\t\t\t<div class=\"elementor-element elementor-element-16a5a18 elementor-widget elementor-widget-jet-images-layout\" data-id=\"16a5a18\" data-element_type=\"widget\" data-e-type=\"widget\" data-settings=\"{&quot;columns&quot;:&quot;3&quot;,&quot;columns_tablet&quot;:&quot;2&quot;,&quot;columns_mobile&quot;:&quot;1&quot;}\" data-widget_type=\"jet-images-layout.default\">\n\t\t\t\t<div class=\"elementor-widget-container\">\n\t\t\t\t\t<div class=\"elementor-jet-images-layout jet-elements\">\n<div class=\"jet-images-layout layout-type-grid\" data-settings='{&quot;layoutType&quot;:&quot;grid&quot;,&quot;justifyHeight&quot;:300}'>\n\t<div class=\"jet-images-layout__list col-row disable-cols-gap disable-rows-gap column-desktop-3 column-tablet-2 column-mobile-1\" >\n<div class=\"jet-images-layout__item col-desk-3 col-tab-2 col-mob-1\">\n\t<div class=\"jet-images-layout__inner\">\n\t\t<div class=\"jet-images-layout__image-loader\"><span><\/span><\/div>\n\t\t<a class=\"jet-images-layout__link\" href=\"https:\/\/helpinghands.fr\/wp-content\/uploads\/2025\/01\/1-3.png\" data-elementor-open-lightbox=\"yes\" data-elementor-lightbox-slideshow=\"16a5a18\">\n\t\t\t<div class=\"jet-images-layout__image\">\n\t\t\t\t<img decoding=\"async\" class=\"jet-images-layout__image-instance\" src=\"https:\/\/helpinghands.fr\/wp-content\/uploads\/2025\/01\/1-3.png\" alt=\"1\" loading=\"lazy\">\t\t\t<\/div>\n\t\t\t<div class=\"jet-images-layout__content\"><\/div>\n\t\t<\/a>\n\t<\/div>\n<\/div>\n<div class=\"jet-images-layout__item col-desk-3 col-tab-2 col-mob-1\">\n\t<div class=\"jet-images-layout__inner\">\n\t\t<div class=\"jet-images-layout__image-loader\"><span><\/span><\/div>\n\t\t<a class=\"jet-images-layout__link\" href=\"https:\/\/helpinghands.fr\/wp-content\/uploads\/2025\/01\/2-3.png\" data-elementor-open-lightbox=\"yes\" data-elementor-lightbox-slideshow=\"16a5a18\">\n\t\t\t<div class=\"jet-images-layout__image\">\n\t\t\t\t<img decoding=\"async\" class=\"jet-images-layout__image-instance\" src=\"https:\/\/helpinghands.fr\/wp-content\/uploads\/2025\/01\/2-3.png\" alt=\"2\" loading=\"lazy\">\t\t\t<\/div>\n\t\t\t<div class=\"jet-images-layout__content\"><\/div>\n\t\t<\/a>\n\t<\/div>\n<\/div>\n<div class=\"jet-images-layout__item col-desk-3 col-tab-2 col-mob-1\">\n\t<div class=\"jet-images-layout__inner\">\n\t\t<div class=\"jet-images-layout__image-loader\"><span><\/span><\/div>\n\t\t<a class=\"jet-images-layout__link\" href=\"https:\/\/helpinghands.fr\/wp-content\/uploads\/2025\/01\/3-3.png\" data-elementor-open-lightbox=\"yes\" data-elementor-lightbox-slideshow=\"16a5a18\">\n\t\t\t<div class=\"jet-images-layout__image\">\n\t\t\t\t<img decoding=\"async\" class=\"jet-images-layout__image-instance\" src=\"https:\/\/helpinghands.fr\/wp-content\/uploads\/2025\/01\/3-3.png\" alt=\"3\" loading=\"lazy\">\t\t\t<\/div>\n\t\t\t<div class=\"jet-images-layout__content\"><\/div>\n\t\t<\/a>\n\t<\/div>\n<\/div>\n<\/div><\/div>\n<\/div>\t\t\t\t<\/div>\n\t\t\t\t<\/div>\n\t\t\t\t\t<\/div>\n\t\t\t\t<\/div>\n\t\t<div class=\"elementor-element elementor-element-00e6acc e-flex e-con-boxed e-con e-parent\" data-id=\"00e6acc\" data-element_type=\"container\" data-e-type=\"container\" data-settings=\"{&quot;background_background&quot;:&quot;classic&quot;,&quot;jet_parallax_layout_list&quot;:[]}\">\n\t\t\t\t\t<div class=\"e-con-inner\">\n\t\t\t\t<div class=\"elementor-element elementor-element-2128eea elementor-widget elementor-widget-heading\" data-id=\"2128eea\" data-element_type=\"widget\" data-e-type=\"widget\" data-widget_type=\"heading.default\">\n\t\t\t\t\t<h2 class=\"elementor-heading-title elementor-size-default\">Support for a school in difficulty\n<\/h2>\t\t\t\t<\/div>\n\t\t\t\t<div class=\"elementor-element elementor-element-8f1beb5 elementor-widget elementor-widget-heading\" data-id=\"8f1beb5\" data-element_type=\"widget\" data-e-type=\"widget\" data-widget_type=\"heading.default\">\n\t\t\t\t\t<p class=\"elementor-heading-title elementor-size-default\">Located in a rural area of Isabela, the Limbauan school suffers from precarious infrastructure conditions and a lack of resources.   <span style=\"color: #EC6608;font-weight: bold;font-size: 24px\">Luigi Albano<\/span>a key player on the ground, plays an essential role in identifying priority needs and coordinating the necessary actions.<\/p>\t\t\t\t<\/div>\n\t\t\t\t\t<\/div>\n\t\t\t\t<\/div>\n\t\t<div class=\"elementor-element elementor-element-08848ce e-flex e-con-boxed e-con e-parent\" data-id=\"08848ce\" data-element_type=\"container\" data-e-type=\"container\" data-settings=\"{&quot;jet_parallax_layout_list&quot;:[]}\">\n\t\t\t\t\t<div class=\"e-con-inner\">\n\t\t\t\t<div class=\"elementor-element elementor-element-5692475 elementor-widget elementor-widget-heading\" data-id=\"5692475\" data-element_type=\"widget\" data-e-type=\"widget\" data-widget_type=\"heading.default\">\n\t\t\t\t\t<h2 class=\"elementor-heading-title elementor-size-default\">Project objectives\n<\/h2>\t\t\t\t<\/div>\n\t\t\t\t<div class=\"elementor-element elementor-element-3829a8c elementor-widget elementor-widget-heading\" data-id=\"3829a8c\" data-element_type=\"widget\" data-e-type=\"widget\" data-widget_type=\"heading.default\">\n\t\t\t\t\t<p class=\"elementor-heading-title elementor-size-default\">The project aims to improve school and health facilities, provide educational materials, set up a nutritional support programme and raise awareness of good hygiene and health practices in the local community.\n\n<\/p>\t\t\t\t<\/div>\n\t\t\t\t\t<\/div>\n\t\t\t\t<\/div>\n\t\t<div class=\"elementor-element elementor-element-4718aa3 e-flex e-con-boxed e-con e-parent\" data-id=\"4718aa3\" data-element_type=\"container\" data-e-type=\"container\" data-settings=\"{&quot;background_background&quot;:&quot;classic&quot;,&quot;jet_parallax_layout_list&quot;:[]}\">\n\t\t\t\t\t<div class=\"e-con-inner\">\n\t\t\t\t<div class=\"elementor-element elementor-element-b2fbc52 elementor-widget elementor-widget-heading\" data-id=\"b2fbc52\" data-element_type=\"widget\" data-e-type=\"widget\" data-widget_type=\"heading.default\">\n\t\t\t\t\t<h2 class=\"elementor-heading-title elementor-size-default\">Planned actions\n<\/h2>\t\t\t\t<\/div>\n\t\t\t\t<div class=\"elementor-element elementor-element-68234d3 elementor-widget elementor-widget-heading\" data-id=\"68234d3\" data-element_type=\"widget\" data-e-type=\"widget\" data-widget_type=\"heading.default\">\n\t\t\t\t\t<p class=\"elementor-heading-title elementor-size-default\">Activities include repairing floors, installing toilet doors, distributing school supplies, providing regular meals and organising awareness-raising workshops.\n\n<\/p>\t\t\t\t<\/div>\n\t\t\t\t\t<\/div>\n\t\t\t\t<\/div>\n\t\t<div class=\"elementor-element elementor-element-31be542 e-flex e-con-boxed e-con e-parent\" data-id=\"31be542\" data-element_type=\"container\" data-e-type=\"container\" data-settings=\"{&quot;jet_parallax_layout_list&quot;:[]}\">\n\t\t\t\t\t<div class=\"e-con-inner\">\n\t\t\t\t<div class=\"elementor-element elementor-element-23216ab elementor-widget elementor-widget-heading\" data-id=\"23216ab\" data-element_type=\"widget\" data-e-type=\"widget\" data-widget_type=\"heading.default\">\n\t\t\t\t\t<h2 class=\"elementor-heading-title elementor-size-default\">Estimated budget\n<\/h2>\t\t\t\t<\/div>\n\t\t\t\t<div class=\"elementor-element elementor-element-d261258 elementor-widget elementor-widget-heading\" data-id=\"d261258\" data-element_type=\"widget\" data-e-type=\"widget\" data-widget_type=\"heading.default\">\n\t\t\t\t\t<p class=\"elementor-heading-title elementor-size-default\">A budget of \u20ac4,500 is needed to fund these initiatives and offer the children much-improved living and learning conditions.\n\n<\/p>\t\t\t\t<\/div>\n\t\t\t\t\t<\/div>\n\t\t\t\t<\/div>\n\t\t\t\t<\/div>","protected":false},"excerpt":{"rendered":"<p>Un soutien pour une \u00e9cole en difficult\u00e9 Situ\u00e9e dans une r\u00e9gion rurale d\u2019Isabela, l\u2019\u00e9cole Limbauan souffre de conditions d\u2019infrastructures pr\u00e9caires et d\u2019un manque de ressources. Luigi Albano, acteur cl\u00e9 sur le terrain, joue un r\u00f4le essentiel dans l\u2019identification des besoins prioritaires et la coordination des actions n\u00e9cessaires. Objectifs du projet Ce projet vise \u00e0 am\u00e9liorer [&hellip;]<\/p>\n","protected":false},"author":1,"featured_media":0,"parent":45,"menu_order":3,"comment_status":"closed","ping_status":"closed","template":"elementor_header_footer","meta":{"give_campaign_id":0,"footnotes":""},"class_list":["post-289","page","type-page","status-publish","hentry"],"blocksy_meta":[],"yoast_head":"<!-- This site is optimized with the Yoast SEO plugin v27.3 - https:\/\/yoast.com\/product\/yoast-seo-wordpress\/ -->\n<title>Soutien \u00e9ducatif aux enfants vuln\u00e9rables de Limbauan : Un projet d&#039;inclusion scolaire aux Philippines - Helping Hands<\/title>\n<meta name=\"robots\" content=\"index, follow, max-snippet:-1, max-image-preview:large, max-video-preview:-1\" \/>\n<link rel=\"canonical\" href=\"https:\/\/helpinghands.fr\/en\/our-2026-objectives\/educational-support-for-vulnerable-children-in-limbauan-a-school-inclusion-project-in-the-philippines\/\" \/>\n<meta property=\"og:locale\" content=\"en_GB\" \/>\n<meta property=\"og:type\" content=\"article\" \/>\n<meta property=\"og:title\" content=\"Soutien \u00e9ducatif aux enfants vuln\u00e9rables de Limbauan : Un projet d&#039;inclusion scolaire aux Philippines - Helping Hands\" \/>\n<meta property=\"og:description\" content=\"Un soutien pour une \u00e9cole en difficult\u00e9 Situ\u00e9e dans une r\u00e9gion rurale d\u2019Isabela, l\u2019\u00e9cole Limbauan souffre de conditions d\u2019infrastructures pr\u00e9caires et d\u2019un manque de ressources. Luigi Albano, acteur cl\u00e9 sur le terrain, joue un r\u00f4le essentiel dans l\u2019identification des besoins prioritaires et la coordination des actions n\u00e9cessaires. Objectifs du projet Ce projet vise \u00e0 am\u00e9liorer [&hellip;]\" \/>\n<meta property=\"og:url\" content=\"https:\/\/helpinghands.fr\/en\/our-2026-objectives\/educational-support-for-vulnerable-children-in-limbauan-a-school-inclusion-project-in-the-philippines\/\" \/>\n<meta property=\"og:site_name\" content=\"Helping Hands\" \/>\n<meta property=\"article:modified_time\" content=\"2025-04-05T10:42:29+00:00\" \/>\n<meta property=\"og:image\" content=\"https:\/\/helpinghands.fr\/wp-content\/uploads\/2025\/01\/1-3.png\" \/>\n<meta name=\"twitter:card\" content=\"summary_large_image\" \/>\n<meta name=\"twitter:label1\" content=\"Estimated reading time\" \/>\n\t<meta name=\"twitter:data1\" content=\"2 minutes\" \/>\n<script type=\"application\/ld+json\" class=\"yoast-schema-graph\">{\"@context\":\"https:\\\/\\\/schema.org\",\"@graph\":[{\"@type\":\"WebPage\",\"@id\":\"https:\\\/\\\/helpinghands.fr\\\/nos-objectifs-2026\\\/soutien-educatif-aux-enfants-vulnerables-de-limbauan-un-projet-dinclusion-scolaire-aux-philippines\\\/\",\"url\":\"https:\\\/\\\/helpinghands.fr\\\/nos-objectifs-2026\\\/soutien-educatif-aux-enfants-vulnerables-de-limbauan-un-projet-dinclusion-scolaire-aux-philippines\\\/\",\"name\":\"Soutien \u00e9ducatif aux enfants vuln\u00e9rables de Limbauan : Un projet d'inclusion scolaire aux Philippines - Helping Hands\",\"isPartOf\":{\"@id\":\"https:\\\/\\\/helpinghands.fr\\\/#website\"},\"primaryImageOfPage\":{\"@id\":\"https:\\\/\\\/helpinghands.fr\\\/nos-objectifs-2026\\\/soutien-educatif-aux-enfants-vulnerables-de-limbauan-un-projet-dinclusion-scolaire-aux-philippines\\\/#primaryimage\"},\"image\":{\"@id\":\"https:\\\/\\\/helpinghands.fr\\\/nos-objectifs-2026\\\/soutien-educatif-aux-enfants-vulnerables-de-limbauan-un-projet-dinclusion-scolaire-aux-philippines\\\/#primaryimage\"},\"thumbnailUrl\":\"https:\\\/\\\/helpinghands.fr\\\/wp-content\\\/uploads\\\/2025\\\/01\\\/1-3.png\",\"datePublished\":\"2025-01-08T14:24:18+00:00\",\"dateModified\":\"2025-04-05T10:42:29+00:00\",\"breadcrumb\":{\"@id\":\"https:\\\/\\\/helpinghands.fr\\\/nos-objectifs-2026\\\/soutien-educatif-aux-enfants-vulnerables-de-limbauan-un-projet-dinclusion-scolaire-aux-philippines\\\/#breadcrumb\"},\"inLanguage\":\"en-GB\",\"potentialAction\":[{\"@type\":\"ReadAction\",\"target\":[\"https:\\\/\\\/helpinghands.fr\\\/nos-objectifs-2026\\\/soutien-educatif-aux-enfants-vulnerables-de-limbauan-un-projet-dinclusion-scolaire-aux-philippines\\\/\"]}]},{\"@type\":\"ImageObject\",\"inLanguage\":\"en-GB\",\"@id\":\"https:\\\/\\\/helpinghands.fr\\\/nos-objectifs-2026\\\/soutien-educatif-aux-enfants-vulnerables-de-limbauan-un-projet-dinclusion-scolaire-aux-philippines\\\/#primaryimage\",\"url\":\"https:\\\/\\\/helpinghands.fr\\\/wp-content\\\/uploads\\\/2025\\\/01\\\/1-3.png\",\"contentUrl\":\"https:\\\/\\\/helpinghands.fr\\\/wp-content\\\/uploads\\\/2025\\\/01\\\/1-3.png\"},{\"@type\":\"BreadcrumbList\",\"@id\":\"https:\\\/\\\/helpinghands.fr\\\/nos-objectifs-2026\\\/soutien-educatif-aux-enfants-vulnerables-de-limbauan-un-projet-dinclusion-scolaire-aux-philippines\\\/#breadcrumb\",\"itemListElement\":[{\"@type\":\"ListItem\",\"position\":1,\"name\":\"Accueil\",\"item\":\"https:\\\/\\\/helpinghands.fr\\\/\"},{\"@type\":\"ListItem\",\"position\":2,\"name\":\"Nos objectifs 2026\",\"item\":\"https:\\\/\\\/helpinghands.fr\\\/nos-objectifs-2026\\\/\"},{\"@type\":\"ListItem\",\"position\":3,\"name\":\"Soutien \u00e9ducatif aux enfants vuln\u00e9rables de Limbauan : Un projet d&rsquo;inclusion scolaire aux Philippines\"}]},{\"@type\":\"WebSite\",\"@id\":\"https:\\\/\\\/helpinghands.fr\\\/#website\",\"url\":\"https:\\\/\\\/helpinghands.fr\\\/\",\"name\":\"Helping Hands\",\"description\":\"\",\"potentialAction\":[{\"@type\":\"SearchAction\",\"target\":{\"@type\":\"EntryPoint\",\"urlTemplate\":\"https:\\\/\\\/helpinghands.fr\\\/?s={search_term_string}\"},\"query-input\":{\"@type\":\"PropertyValueSpecification\",\"valueRequired\":true,\"valueName\":\"search_term_string\"}}],\"inLanguage\":\"en-GB\"}]}<\/script>\n<!-- \/ Yoast SEO plugin. -->","yoast_head_json":{"title":"Educational support for vulnerable children in Limbauan: a school inclusion project in the Philippines - Helping Hands","robots":{"index":"index","follow":"follow","max-snippet":"max-snippet:-1","max-image-preview":"max-image-preview:large","max-video-preview":"max-video-preview:-1"},"canonical":"https:\/\/helpinghands.fr\/en\/our-2026-objectives\/educational-support-for-vulnerable-children-in-limbauan-a-school-inclusion-project-in-the-philippines\/","og_locale":"en_GB","og_type":"article","og_title":"Soutien \u00e9ducatif aux enfants vuln\u00e9rables de Limbauan : Un projet d'inclusion scolaire aux Philippines - Helping Hands","og_description":"Un soutien pour une \u00e9cole en difficult\u00e9 Situ\u00e9e dans une r\u00e9gion rurale d\u2019Isabela, l\u2019\u00e9cole Limbauan souffre de conditions d\u2019infrastructures pr\u00e9caires et d\u2019un manque de ressources. Luigi Albano, acteur cl\u00e9 sur le terrain, joue un r\u00f4le essentiel dans l\u2019identification des besoins prioritaires et la coordination des actions n\u00e9cessaires. Objectifs du projet Ce projet vise \u00e0 am\u00e9liorer [&hellip;]","og_url":"https:\/\/helpinghands.fr\/en\/our-2026-objectives\/educational-support-for-vulnerable-children-in-limbauan-a-school-inclusion-project-in-the-philippines\/","og_site_name":"Helping Hands","article_modified_time":"2025-04-05T10:42:29+00:00","og_image":[{"url":"https:\/\/helpinghands.fr\/wp-content\/uploads\/2025\/01\/1-3.png","type":"","width":"","height":""}],"twitter_card":"summary_large_image","twitter_misc":{"Estimated reading time":"2 minutes"},"schema":{"@context":"https:\/\/schema.org","@graph":[{"@type":"WebPage","@id":"https:\/\/helpinghands.fr\/nos-objectifs-2026\/soutien-educatif-aux-enfants-vulnerables-de-limbauan-un-projet-dinclusion-scolaire-aux-philippines\/","url":"https:\/\/helpinghands.fr\/nos-objectifs-2026\/soutien-educatif-aux-enfants-vulnerables-de-limbauan-un-projet-dinclusion-scolaire-aux-philippines\/","name":"Educational support for vulnerable children in Limbauan: a school inclusion project in the Philippines - Helping Hands","isPartOf":{"@id":"https:\/\/helpinghands.fr\/#website"},"primaryImageOfPage":{"@id":"https:\/\/helpinghands.fr\/nos-objectifs-2026\/soutien-educatif-aux-enfants-vulnerables-de-limbauan-un-projet-dinclusion-scolaire-aux-philippines\/#primaryimage"},"image":{"@id":"https:\/\/helpinghands.fr\/nos-objectifs-2026\/soutien-educatif-aux-enfants-vulnerables-de-limbauan-un-projet-dinclusion-scolaire-aux-philippines\/#primaryimage"},"thumbnailUrl":"https:\/\/helpinghands.fr\/wp-content\/uploads\/2025\/01\/1-3.png","datePublished":"2025-01-08T14:24:18+00:00","dateModified":"2025-04-05T10:42:29+00:00","breadcrumb":{"@id":"https:\/\/helpinghands.fr\/nos-objectifs-2026\/soutien-educatif-aux-enfants-vulnerables-de-limbauan-un-projet-dinclusion-scolaire-aux-philippines\/#breadcrumb"},"inLanguage":"en-GB","potentialAction":[{"@type":"ReadAction","target":["https:\/\/helpinghands.fr\/nos-objectifs-2026\/soutien-educatif-aux-enfants-vulnerables-de-limbauan-un-projet-dinclusion-scolaire-aux-philippines\/"]}]},{"@type":"ImageObject","inLanguage":"en-GB","@id":"https:\/\/helpinghands.fr\/nos-objectifs-2026\/soutien-educatif-aux-enfants-vulnerables-de-limbauan-un-projet-dinclusion-scolaire-aux-philippines\/#primaryimage","url":"https:\/\/helpinghands.fr\/wp-content\/uploads\/2025\/01\/1-3.png","contentUrl":"https:\/\/helpinghands.fr\/wp-content\/uploads\/2025\/01\/1-3.png"},{"@type":"BreadcrumbList","@id":"https:\/\/helpinghands.fr\/nos-objectifs-2026\/soutien-educatif-aux-enfants-vulnerables-de-limbauan-un-projet-dinclusion-scolaire-aux-philippines\/#breadcrumb","itemListElement":[{"@type":"ListItem","position":1,"name":"Accueil","item":"https:\/\/helpinghands.fr\/"},{"@type":"ListItem","position":2,"name":"Nos objectifs 2026","item":"https:\/\/helpinghands.fr\/nos-objectifs-2026\/"},{"@type":"ListItem","position":3,"name":"Soutien \u00e9ducatif aux enfants vuln\u00e9rables de Limbauan : Un projet d&rsquo;inclusion scolaire aux Philippines"}]},{"@type":"WebSite","@id":"https:\/\/helpinghands.fr\/#website","url":"https:\/\/helpinghands.fr\/","name":"Helping Hands","description":"","potentialAction":[{"@type":"SearchAction","target":{"@type":"EntryPoint","urlTemplate":"https:\/\/helpinghands.fr\/?s={search_term_string}"},"query-input":{"@type":"PropertyValueSpecification","valueRequired":true,"valueName":"search_term_string"}}],"inLanguage":"en-GB"}]}},"campaignId":"","_links":{"self":[{"href":"https:\/\/helpinghands.fr\/en\/wp-json\/wp\/v2\/pages\/289","targetHints":{"allow":["GET"]}}],"collection":[{"href":"https:\/\/helpinghands.fr\/en\/wp-json\/wp\/v2\/pages"}],"about":[{"href":"https:\/\/helpinghands.fr\/en\/wp-json\/wp\/v2\/types\/page"}],"author":[{"embeddable":true,"href":"https:\/\/helpinghands.fr\/en\/wp-json\/wp\/v2\/users\/1"}],"replies":[{"embeddable":true,"href":"https:\/\/helpinghands.fr\/en\/wp-json\/wp\/v2\/comments?post=289"}],"version-history":[{"count":12,"href":"https:\/\/helpinghands.fr\/en\/wp-json\/wp\/v2\/pages\/289\/revisions"}],"predecessor-version":[{"id":1127,"href":"https:\/\/helpinghands.fr\/en\/wp-json\/wp\/v2\/pages\/289\/revisions\/1127"}],"up":[{"embeddable":true,"href":"https:\/\/helpinghands.fr\/en\/wp-json\/wp\/v2\/pages\/45"}],"wp:attachment":[{"href":"https:\/\/helpinghands.fr\/en\/wp-json\/wp\/v2\/media?parent=289"}],"curies":[{"name":"wp","href":"https:\/\/api.w.org\/{rel}","templated":true}]}}