{"id":45,"date":"2024-12-20T16:24:55","date_gmt":"2024-12-20T15:24:55","guid":{"rendered":"https:\/\/helpinghands.fr\/?page_id=45"},"modified":"2026-05-02T08:43:35","modified_gmt":"2026-05-02T06:43:35","slug":"our-objectives","status":"publish","type":"page","link":"https:\/\/helpinghands.fr\/en\/nos-objectifs\/","title":{"rendered":"Our 2026 objectives"},"content":{"rendered":"<div data-elementor-type=\"wp-page\" data-elementor-id=\"45\" class=\"elementor elementor-45\" data-elementor-post-type=\"page\">\n\t\t\t\t<div class=\"elementor-element elementor-element-631d325 e-flex e-con-boxed e-con e-parent\" data-id=\"631d325\" data-element_type=\"container\" data-e-type=\"container\" data-settings=\"{&quot;jet_parallax_layout_list&quot;:[]}\">\n\t\t\t\t\t<div class=\"e-con-inner\">\n\t\t<div class=\"elementor-element elementor-element-2aec0c6 e-con-full e-flex e-con e-child\" data-id=\"2aec0c6\" data-element_type=\"container\" data-e-type=\"container\" data-settings=\"{&quot;jet_parallax_layout_list&quot;:[]}\">\n\t\t<div class=\"elementor-element elementor-element-68a880f e-con-full e-flex e-con e-child\" data-id=\"68a880f\" data-element_type=\"container\" data-e-type=\"container\" data-settings=\"{&quot;jet_parallax_layout_list&quot;:[]}\">\n\t\t\t\t<div class=\"elementor-element elementor-element-b88009e elementor-widget elementor-widget-heading\" data-id=\"b88009e\" data-element_type=\"widget\" data-e-type=\"widget\" data-widget_type=\"heading.default\">\n\t\t\t\t\t<h1 class=\"elementor-heading-title elementor-size-default\">Our 2026 objectives<\/h1>\t\t\t\t<\/div>\n\t\t\t\t<div class=\"elementor-element elementor-element-2aa2338 elementor-widget elementor-widget-text-editor\" data-id=\"2aa2338\" data-element_type=\"widget\" data-e-type=\"widget\" data-widget_type=\"text-editor.default\">\n\t\t\t\t\t\t\t\t\t<p><strong>Humanitarian projects 2026: school autonomy in Antsirabe and school continuity in Nepal \ud83c\udf31\ud83d\udcda<\/strong><\/p>\t\t\t\t\t\t\t\t<\/div>\n\t\t\t\t<div class=\"elementor-element elementor-element-a0cbb15 elementor-widget elementor-widget-text-editor\" data-id=\"a0cbb15\" data-element_type=\"widget\" data-e-type=\"widget\" data-widget_type=\"text-editor.default\">\n\t\t\t\t\t\t\t\t\t<p>In 2026, Helping Hands is pursuing a deliberately targeted, realistic and sustainable approach. This year, the association is concentrating its efforts on two complementary and inseparable areas:<\/p><ul><li>strengthening the autonomy of the Antsirabe school in Madagascar,<\/li><li>ensure the continuity of schooling for children supported in Nepal.<\/li><\/ul><p>Two territories, two different contexts, but the same conviction: a child should never be forced to interrupt his or her education for lack of resources.<\/p>\t\t\t\t\t\t\t\t<\/div>\n\t\t\t\t<div class=\"elementor-element elementor-element-6af4493 elementor-widget-divider--view-line elementor-widget elementor-widget-divider\" data-id=\"6af4493\" data-element_type=\"widget\" data-e-type=\"widget\" data-widget_type=\"divider.default\">\n\t\t\t\t\t\t\t<div class=\"elementor-divider\">\n\t\t\t<span class=\"elementor-divider-separator\">\n\t\t\t\t\t\t<\/span>\n\t\t<\/div>\n\t\t\t\t\t\t<\/div>\n\t\t\t\t<div class=\"elementor-element elementor-element-e55cecd elementor-widget elementor-widget-text-editor\" data-id=\"e55cecd\" data-element_type=\"widget\" data-e-type=\"widget\" data-widget_type=\"text-editor.default\">\n\t\t\t\t\t\t\t\t\t<p><strong>\ud83c\uddf2\ud83c\uddec Antsirabe: keeping the school going today, making it self-sufficient tomorrow<\/strong><\/p>\t\t\t\t\t\t\t\t<\/div>\n\t\t\t\t<div class=\"elementor-element elementor-element-f433b17 elementor-widget elementor-widget-text-editor\" data-id=\"f433b17\" data-element_type=\"widget\" data-e-type=\"widget\" data-widget_type=\"text-editor.default\">\n\t\t\t\t\t\t\t\t\t<p>In Antsirabe, Helping Hands takes both emergency and long-term action. The immediate priorities remain essential:<\/p>\t\t\t\t\t\t\t\t<\/div>\n\t\t\t\t<div class=\"elementor-element elementor-element-52ea3f4 elementor-widget elementor-widget-text-editor\" data-id=\"52ea3f4\" data-element_type=\"widget\" data-e-type=\"widget\" data-widget_type=\"text-editor.default\">\n\t\t\t\t\t\t\t\t\t<ul><li>the school canteen, essential for feeding children and encouraging their attendance,<\/li><li>teachers' salaries, which guarantee continuity in teaching,<\/li><li>school supplies, the foundation of all learning.<\/li><\/ul>\t\t\t\t\t\t\t\t<\/div>\n\t\t\t\t<div class=\"elementor-element elementor-element-077f033 elementor-widget elementor-widget-text-editor\" data-id=\"077f033\" data-element_type=\"widget\" data-e-type=\"widget\" data-widget_type=\"text-editor.default\">\n\t\t\t\t\t\t\t\t\t<p>On this basis, the association develops progressive autonomy projects, designed with local partners and adapted to the realities on the ground:<\/p>\t\t\t\t\t\t\t\t<\/div>\n\t\t\t\t<div class=\"elementor-element elementor-element-132ad74 elementor-widget elementor-widget-text-editor\" data-id=\"132ad74\" data-element_type=\"widget\" data-e-type=\"widget\" data-widget_type=\"text-editor.default\">\n\t\t\t\t\t\t\t\t\t<ul><li>a henhouse, to produce eggs for the canteen and improve nutritional intake in the long term,<\/li><li>a vegetable garden, to supplement meals, reduce costs and pass on essential knowledge,<\/li><li>lamps and lighting solutions to improve study, working and safety conditions.<\/li><\/ul><p><strong>These projects have a clear objective:<\/strong> Reduce dependence on outside help and enable the school to operate with its own resources.<\/p>\t\t\t\t\t\t\t\t<\/div>\n\t\t\t\t<div class=\"elementor-element elementor-element-cdf419e elementor-widget-divider--view-line elementor-widget elementor-widget-divider\" data-id=\"cdf419e\" data-element_type=\"widget\" data-e-type=\"widget\" data-widget_type=\"divider.default\">\n\t\t\t\t\t\t\t<div class=\"elementor-divider\">\n\t\t\t<span class=\"elementor-divider-separator\">\n\t\t\t\t\t\t<\/span>\n\t\t<\/div>\n\t\t\t\t\t\t<\/div>\n\t\t\t\t<div class=\"elementor-element elementor-element-459b155 elementor-widget elementor-widget-text-editor\" data-id=\"459b155\" data-element_type=\"widget\" data-e-type=\"widget\" data-widget_type=\"text-editor.default\">\n\t\t\t\t\t\t\t\t\t<p><strong>\ud83c\uddf3\ud83c\uddf5 Nepal: guaranteeing the continuity of schooling for the children we support<\/strong><\/p>\t\t\t\t\t\t\t\t<\/div>\n\t\t\t\t<div class=\"elementor-element elementor-element-62ac9c9 elementor-widget elementor-widget-text-editor\" data-id=\"62ac9c9\" data-element_type=\"widget\" data-e-type=\"widget\" data-widget_type=\"text-editor.default\">\n\t\t\t\t\t\t\t\t\t<p>In Nepal, Helping Hands is continuing its long-standing commitment to children from very disadvantaged backgrounds. In 2026, the main challenge is to ensure the continuity of their schooling, which is often undermined by :<\/p>\t\t\t\t\t\t\t\t<\/div>\n\t\t\t\t<div class=\"elementor-element elementor-element-a586450 elementor-widget elementor-widget-text-editor\" data-id=\"a586450\" data-element_type=\"widget\" data-e-type=\"widget\" data-widget_type=\"text-editor.default\">\n\t\t\t\t\t\t\t\t\t<ul><li>the financial instability of families,<\/li><li>school, supplies or transport costs,<\/li><li>the constant risk of dropping out of school.<\/li><\/ul>\t\t\t\t\t\t\t\t<\/div>\n\t\t\t\t<div class=\"elementor-element elementor-element-4d8d8dc elementor-widget elementor-widget-text-editor\" data-id=\"4d8d8dc\" data-element_type=\"widget\" data-e-type=\"widget\" data-widget_type=\"text-editor.default\">\n\t\t\t\t\t\t\t\t\t<p>The aim of Helping Hands is to avoid any disruption: to enable children to stay at school, continue their education and build a future for themselves, despite the difficulties.<\/p><p>It's not a question of spectacular projects, but of constant, human and discreet support, which makes all the difference over the long term.<\/p>\t\t\t\t\t\t\t\t<\/div>\n\t\t\t\t<div class=\"elementor-element elementor-element-a8e4a8a elementor-widget-divider--view-line elementor-widget elementor-widget-divider\" data-id=\"a8e4a8a\" data-element_type=\"widget\" data-e-type=\"widget\" data-widget_type=\"divider.default\">\n\t\t\t\t\t\t\t<div class=\"elementor-divider\">\n\t\t\t<span class=\"elementor-divider-separator\">\n\t\t\t\t\t\t<\/span>\n\t\t<\/div>\n\t\t\t\t\t\t<\/div>\n\t\t\t\t<div class=\"elementor-element elementor-element-3a1947e elementor-widget elementor-widget-text-editor\" data-id=\"3a1947e\" data-element_type=\"widget\" data-e-type=\"widget\" data-widget_type=\"text-editor.default\">\n\t\t\t\t\t\t\t\t\t<p><strong>In 2026, Helping Hands is working to :<\/strong><\/p>\t\t\t\t\t\t\t\t<\/div>\n\t\t\t\t<div class=\"elementor-element elementor-element-e07cc1b elementor-widget elementor-widget-text-editor\" data-id=\"e07cc1b\" data-element_type=\"widget\" data-e-type=\"widget\" data-widget_type=\"text-editor.default\">\n\t\t\t\t\t\t\t\t\t<ul><li>maintain the canteen, teachers and supplies in Antsirabe,<\/li><li>developing the henhouse, vegetable garden and lighting solutions to make the school self-sufficient,<\/li><li>guarantee the continuity of schooling for children in Nepal,<\/li><li>support children over the long term, with fair, measured and appropriate help.<\/li><\/ul>\t\t\t\t\t\t\t\t<\/div>\n\t\t\t\t<div class=\"elementor-element elementor-element-c2b15c7 elementor-widget-divider--view-line elementor-widget elementor-widget-divider\" data-id=\"c2b15c7\" data-element_type=\"widget\" data-e-type=\"widget\" data-widget_type=\"divider.default\">\n\t\t\t\t\t\t\t<div class=\"elementor-divider\">\n\t\t\t<span class=\"elementor-divider-separator\">\n\t\t\t\t\t\t<\/span>\n\t\t<\/div>\n\t\t\t\t\t\t<\/div>\n\t\t\t\t<div class=\"elementor-element elementor-element-45bfa4b elementor-widget elementor-widget-text-editor\" data-id=\"45bfa4b\" data-element_type=\"widget\" data-e-type=\"widget\" data-widget_type=\"text-editor.default\">\n\t\t\t\t\t\t\t\t\t<p><strong>\ud83c\udfaf Our target for 2026: <\/strong>ensuring that today's help does not create tomorrow's dependency,<br \/>and that every child supported - in Antsirabe as in Nepal - can learn, grow and move forward with dignity.<\/p>\t\t\t\t\t\t\t\t<\/div>\n\t\t\t\t<\/div>\n\t\t<div class=\"elementor-element elementor-element-a478728 e-grid e-con-full e-con e-child\" data-id=\"a478728\" data-element_type=\"container\" data-e-type=\"container\" data-settings=\"{&quot;jet_parallax_layout_list&quot;:[]}\">\n\t\t<div class=\"elementor-element elementor-element-9a61160 e-con-full e-flex e-con e-child\" data-id=\"9a61160\" data-element_type=\"container\" data-e-type=\"container\" data-settings=\"{&quot;background_background&quot;:&quot;classic&quot;,&quot;jet_parallax_layout_list&quot;:[]}\">\n\t\t\t\t<div class=\"elementor-element elementor-element-75bb87c elementor-widget__width-initial elementor-widget elementor-widget-heading\" data-id=\"75bb87c\" data-element_type=\"widget\" data-e-type=\"widget\" data-widget_type=\"heading.default\">\n\t\t\t\t\t<h2 class=\"elementor-heading-title elementor-size-default\">Lovasoa school in Antsirabe :<br>providing the essentials today, building autonomy for tomorrow\n<\/h2>\t\t\t\t<\/div>\n\t\t\t\t<div class=\"elementor-element elementor-element-b02fdeb elementor-align-center elementor-widget elementor-widget-button\" data-id=\"b02fdeb\" data-element_type=\"widget\" data-e-type=\"widget\" data-widget_type=\"button.default\">\n\t\t\t\t\t\t\t\t\t\t<a class=\"elementor-button elementor-button-link elementor-size-sm\" href=\"https:\/\/helpinghands.fr\/don-humanitaire-madagascar\/\">\n\t\t\t\t\t\t<span class=\"elementor-button-content-wrapper\">\n\t\t\t\t\t\t\t\t\t<span class=\"elementor-button-text\">Find out more<\/span>\n\t\t\t\t\t<\/span>\n\t\t\t\t\t<\/a>\n\t\t\t\t\t\t\t\t<\/div>\n\t\t\t\t<\/div>\n\t\t<div class=\"elementor-element elementor-element-85207a7 e-con-full e-flex e-con e-child\" data-id=\"85207a7\" data-element_type=\"container\" data-e-type=\"container\" data-settings=\"{&quot;background_background&quot;:&quot;classic&quot;,&quot;jet_parallax_layout_list&quot;:[]}\">\n\t\t\t\t<div class=\"elementor-element elementor-element-08e0a54 elementor-widget__width-initial elementor-widget elementor-widget-heading\" data-id=\"08e0a54\" data-element_type=\"widget\" data-e-type=\"widget\" data-widget_type=\"heading.default\">\n\t\t\t\t\t<h2 class=\"elementor-heading-title elementor-size-default\">Accompanying Aswin and Aswini :<br>Holistic education, nutrition and health programme<\/h2>\t\t\t\t<\/div>\n\t\t\t\t<div class=\"elementor-element elementor-element-883c79f elementor-align-center elementor-widget elementor-widget-button\" data-id=\"883c79f\" data-element_type=\"widget\" data-e-type=\"widget\" data-widget_type=\"button.default\">\n\t\t\t\t\t\t\t\t\t\t<a class=\"elementor-button elementor-button-link elementor-size-sm\" href=\"https:\/\/helpinghands.fr\/soutenir-aswin-et-aswini-a-katmandou-nepal\/\">\n\t\t\t\t\t\t<span class=\"elementor-button-content-wrapper\">\n\t\t\t\t\t\t\t\t\t<span class=\"elementor-button-text\">Find out more<\/span>\n\t\t\t\t\t<\/span>\n\t\t\t\t\t<\/a>\n\t\t\t\t\t\t\t\t<\/div>\n\t\t\t\t<\/div>\n\t\t\t\t<\/div>\n\t\t\t\t<div class=\"elementor-element elementor-element-3a7379c elementor-widget elementor-widget-heading\" data-id=\"3a7379c\" data-element_type=\"widget\" data-e-type=\"widget\" data-widget_type=\"heading.default\">\n\t\t\t\t\t<p class=\"elementor-heading-title elementor-size-default\">Each project is designed with precise objectives and an estimated budget to ensure maximum and lasting impact.<\/p>\t\t\t\t<\/div>\n\t\t\t\t<\/div>\n\t\t\t\t\t<\/div>\n\t\t\t\t<\/div>\n\t\t\t\t<\/div>","protected":false},"excerpt":{"rendered":"<p>Projets humanitaires 2026 : autonomie de l\u2019\u00e9cole d\u2019Antsirabe et continuit\u00e9 scolaire au N\u00e9pal \ud83c\udf31\ud83d\udcda En 2026, Helping Hands poursuit une action volontairement cibl\u00e9e, r\u00e9aliste et durable. Cette ann\u00e9e, l\u2019association concentre ses efforts autour de deux axes compl\u00e9mentaires et indissociables : renforcer l\u2019autonomie de l\u2019\u00e9cole d\u2019Antsirabe \u00e0 Madagascar, assurer la continuit\u00e9 de la scolarit\u00e9 des enfants [&hellip;]<\/p>\n","protected":false},"author":1,"featured_media":0,"parent":0,"menu_order":6,"comment_status":"closed","ping_status":"closed","template":"elementor_header_footer","meta":{"give_campaign_id":0,"footnotes":""},"class_list":["post-45","page","type-page","status-publish","hentry"],"blocksy_meta":[],"yoast_head":"<!-- This site is optimized with the Yoast SEO plugin v27.5 - https:\/\/yoast.com\/product\/yoast-seo-wordpress\/ -->\n<title>Nos objectifs 2026 - Helping Hands<\/title>\n<meta name=\"description\" content=\"Nos objectifs 2026 : Helping Hands renforce l\u2019\u00e9ducation, soutient les enfants vuln\u00e9rables et d\u00e9veloppe des projets solidaires durables..\" \/>\n<meta name=\"robots\" content=\"index, follow, max-snippet:-1, max-image-preview:large, max-video-preview:-1\" \/>\n<link rel=\"canonical\" href=\"https:\/\/helpinghands.fr\/en\/our-objectives\/\" \/>\n<meta property=\"og:locale\" content=\"en_GB\" \/>\n<meta property=\"og:type\" content=\"article\" \/>\n<meta property=\"og:title\" content=\"Nos objectifs 2026 - Helping Hands\" \/>\n<meta property=\"og:description\" content=\"Nos objectifs 2026 : Helping Hands renforce l\u2019\u00e9ducation, soutient les enfants vuln\u00e9rables et d\u00e9veloppe des projets solidaires durables..\" \/>\n<meta property=\"og:url\" content=\"https:\/\/helpinghands.fr\/en\/our-objectives\/\" \/>\n<meta property=\"og:site_name\" content=\"Helping Hands\" \/>\n<meta property=\"article:modified_time\" content=\"2026-05-02T06:43:35+00:00\" \/>\n<meta name=\"twitter:card\" content=\"summary_large_image\" \/>\n<meta name=\"twitter:label1\" content=\"Estimated reading time\" \/>\n\t<meta name=\"twitter:data1\" content=\"3 minutes\" \/>\n<script type=\"application\/ld+json\" class=\"yoast-schema-graph\">{\"@context\":\"https:\\\/\\\/schema.org\",\"@graph\":[{\"@type\":\"WebPage\",\"@id\":\"https:\\\/\\\/helpinghands.fr\\\/nos-objectifs\\\/\",\"url\":\"https:\\\/\\\/helpinghands.fr\\\/nos-objectifs\\\/\",\"name\":\"Nos objectifs 2026 - Helping Hands\",\"isPartOf\":{\"@id\":\"https:\\\/\\\/helpinghands.fr\\\/#website\"},\"datePublished\":\"2024-12-20T15:24:55+00:00\",\"dateModified\":\"2026-05-02T06:43:35+00:00\",\"description\":\"Nos objectifs 2026 : Helping Hands renforce l\u2019\u00e9ducation, soutient les enfants vuln\u00e9rables et d\u00e9veloppe des projets solidaires durables..\",\"breadcrumb\":{\"@id\":\"https:\\\/\\\/helpinghands.fr\\\/nos-objectifs\\\/#breadcrumb\"},\"inLanguage\":\"en-GB\",\"potentialAction\":[{\"@type\":\"ReadAction\",\"target\":[\"https:\\\/\\\/helpinghands.fr\\\/nos-objectifs\\\/\"]}]},{\"@type\":\"BreadcrumbList\",\"@id\":\"https:\\\/\\\/helpinghands.fr\\\/nos-objectifs\\\/#breadcrumb\",\"itemListElement\":[{\"@type\":\"ListItem\",\"position\":1,\"name\":\"Accueil\",\"item\":\"https:\\\/\\\/helpinghands.fr\\\/\"},{\"@type\":\"ListItem\",\"position\":2,\"name\":\"Nos objectifs 2026\"}]},{\"@type\":\"WebSite\",\"@id\":\"https:\\\/\\\/helpinghands.fr\\\/#website\",\"url\":\"https:\\\/\\\/helpinghands.fr\\\/\",\"name\":\"Helping Hands\",\"description\":\"\",\"potentialAction\":[{\"@type\":\"SearchAction\",\"target\":{\"@type\":\"EntryPoint\",\"urlTemplate\":\"https:\\\/\\\/helpinghands.fr\\\/?s={search_term_string}\"},\"query-input\":{\"@type\":\"PropertyValueSpecification\",\"valueRequired\":true,\"valueName\":\"search_term_string\"}}],\"inLanguage\":\"en-GB\"}]}<\/script>\n<!-- \/ Yoast SEO plugin. -->","yoast_head_json":{"title":"Our 2026 objectives - Helping Hands","description":"Our 2026 objectives: Helping Hands strengthens education, supports vulnerable children and develops sustainable solidarity projects...","robots":{"index":"index","follow":"follow","max-snippet":"max-snippet:-1","max-image-preview":"max-image-preview:large","max-video-preview":"max-video-preview:-1"},"canonical":"https:\/\/helpinghands.fr\/en\/our-objectives\/","og_locale":"en_GB","og_type":"article","og_title":"Nos objectifs 2026 - Helping Hands","og_description":"Nos objectifs 2026 : Helping Hands renforce l\u2019\u00e9ducation, soutient les enfants vuln\u00e9rables et d\u00e9veloppe des projets solidaires durables..","og_url":"https:\/\/helpinghands.fr\/en\/our-objectives\/","og_site_name":"Helping Hands","article_modified_time":"2026-05-02T06:43:35+00:00","twitter_card":"summary_large_image","twitter_misc":{"Estimated reading time":"3 minutes"},"schema":{"@context":"https:\/\/schema.org","@graph":[{"@type":"WebPage","@id":"https:\/\/helpinghands.fr\/nos-objectifs\/","url":"https:\/\/helpinghands.fr\/nos-objectifs\/","name":"Our 2026 objectives - Helping Hands","isPartOf":{"@id":"https:\/\/helpinghands.fr\/#website"},"datePublished":"2024-12-20T15:24:55+00:00","dateModified":"2026-05-02T06:43:35+00:00","description":"Our 2026 objectives: Helping Hands strengthens education, supports vulnerable children and develops sustainable solidarity projects...","breadcrumb":{"@id":"https:\/\/helpinghands.fr\/nos-objectifs\/#breadcrumb"},"inLanguage":"en-GB","potentialAction":[{"@type":"ReadAction","target":["https:\/\/helpinghands.fr\/nos-objectifs\/"]}]},{"@type":"BreadcrumbList","@id":"https:\/\/helpinghands.fr\/nos-objectifs\/#breadcrumb","itemListElement":[{"@type":"ListItem","position":1,"name":"Accueil","item":"https:\/\/helpinghands.fr\/"},{"@type":"ListItem","position":2,"name":"Nos objectifs 2026"}]},{"@type":"WebSite","@id":"https:\/\/helpinghands.fr\/#website","url":"https:\/\/helpinghands.fr\/","name":"Helping Hands","description":"","potentialAction":[{"@type":"SearchAction","target":{"@type":"EntryPoint","urlTemplate":"https:\/\/helpinghands.fr\/?s={search_term_string}"},"query-input":{"@type":"PropertyValueSpecification","valueRequired":true,"valueName":"search_term_string"}}],"inLanguage":"en-GB"}]}},"campaignId":"","_links":{"self":[{"href":"https:\/\/helpinghands.fr\/en\/wp-json\/wp\/v2\/pages\/45","targetHints":{"allow":["GET"]}}],"collection":[{"href":"https:\/\/helpinghands.fr\/en\/wp-json\/wp\/v2\/pages"}],"about":[{"href":"https:\/\/helpinghands.fr\/en\/wp-json\/wp\/v2\/types\/page"}],"author":[{"embeddable":true,"href":"https:\/\/helpinghands.fr\/en\/wp-json\/wp\/v2\/users\/1"}],"replies":[{"embeddable":true,"href":"https:\/\/helpinghands.fr\/en\/wp-json\/wp\/v2\/comments?post=45"}],"version-history":[{"count":33,"href":"https:\/\/helpinghands.fr\/en\/wp-json\/wp\/v2\/pages\/45\/revisions"}],"predecessor-version":[{"id":2098,"href":"https:\/\/helpinghands.fr\/en\/wp-json\/wp\/v2\/pages\/45\/revisions\/2098"}],"wp:attachment":[{"href":"https:\/\/helpinghands.fr\/en\/wp-json\/wp\/v2\/media?parent=45"}],"curies":[{"name":"wp","href":"https:\/\/api.w.org\/{rel}","templated":true}]}}