{"id":902,"date":"2025-01-19T16:11:08","date_gmt":"2025-01-19T15:11:08","guid":{"rendered":"https:\/\/helpinghands.fr\/?page_id=902"},"modified":"2026-05-07T20:52:55","modified_gmt":"2026-05-07T18:52:55","slug":"testimonies","status":"publish","type":"page","link":"https:\/\/helpinghands.fr\/en\/a-propos-helping-hands\/temoignages\/","title":{"rendered":"Testimonials"},"content":{"rendered":"<div data-elementor-type=\"wp-page\" data-elementor-id=\"902\" class=\"elementor elementor-902\" data-elementor-post-type=\"page\">\n\t\t\t\t<div class=\"elementor-element elementor-element-df9f288 e-flex e-con-boxed e-con e-parent\" data-id=\"df9f288\" data-element_type=\"container\" data-e-type=\"container\" data-settings=\"{&quot;jet_parallax_layout_list&quot;:[]}\">\n\t\t\t\t\t<div class=\"e-con-inner\">\n\t\t<div class=\"elementor-element elementor-element-4454d85 e-con-full e-flex e-con e-child\" data-id=\"4454d85\" data-element_type=\"container\" data-e-type=\"container\" data-settings=\"{&quot;jet_parallax_layout_list&quot;:[]}\">\n\t\t\t\t<div class=\"elementor-element elementor-element-ca55cca elementor-widget elementor-widget-heading\" data-id=\"ca55cca\" data-element_type=\"widget\" data-e-type=\"widget\" data-widget_type=\"heading.default\">\n\t\t\t\t\t<h1 class=\"elementor-heading-title elementor-size-default\">Testimonials<\/h1>\t\t\t\t<\/div>\n\t\t\t\t<\/div>\n\t\t\t\t\t<\/div>\n\t\t\t\t<\/div>\n\t\t<div class=\"elementor-element elementor-element-8d052a8 e-flex e-con-boxed e-con e-parent\" data-id=\"8d052a8\" data-element_type=\"container\" data-e-type=\"container\" data-settings=\"{&quot;background_background&quot;:&quot;classic&quot;,&quot;jet_parallax_layout_list&quot;:[]}\">\n\t\t\t\t\t<div class=\"e-con-inner\">\n\t\t<div class=\"elementor-element elementor-element-8b792ab e-con-full e-flex e-con e-child\" data-id=\"8b792ab\" data-element_type=\"container\" data-e-type=\"container\" data-settings=\"{&quot;jet_parallax_layout_list&quot;:[]}\">\n\t\t\t\t<div class=\"elementor-element elementor-element-4773bb8 elementor-widget elementor-widget-image\" data-id=\"4773bb8\" data-element_type=\"widget\" data-e-type=\"widget\" data-widget_type=\"image.default\">\n\t\t\t\t\t\t\t\t\t\t\t\t\t\t\t<img fetchpriority=\"high\" decoding=\"async\" width=\"576\" height=\"1024\" src=\"https:\/\/helpinghands.fr\/wp-content\/uploads\/2025\/01\/WhatsApp-Image-2025-01-19-at-16.16.03-576x1024.jpeg\" class=\"attachment-large size-large wp-image-907\" alt=\"\" srcset=\"https:\/\/helpinghands.fr\/wp-content\/uploads\/2025\/01\/WhatsApp-Image-2025-01-19-at-16.16.03-576x1024.jpeg 576w, https:\/\/helpinghands.fr\/wp-content\/uploads\/2025\/01\/WhatsApp-Image-2025-01-19-at-16.16.03-169x300.jpeg 169w, https:\/\/helpinghands.fr\/wp-content\/uploads\/2025\/01\/WhatsApp-Image-2025-01-19-at-16.16.03-768x1365.jpeg 768w, https:\/\/helpinghands.fr\/wp-content\/uploads\/2025\/01\/WhatsApp-Image-2025-01-19-at-16.16.03-864x1536.jpeg 864w, https:\/\/helpinghands.fr\/wp-content\/uploads\/2025\/01\/WhatsApp-Image-2025-01-19-at-16.16.03-7x12.jpeg 7w, https:\/\/helpinghands.fr\/wp-content\/uploads\/2025\/01\/WhatsApp-Image-2025-01-19-at-16.16.03.jpeg 900w\" sizes=\"(max-width: 576px) 100vw, 576px\" \/>\t\t\t\t\t\t\t\t\t\t\t\t\t\t\t<\/div>\n\t\t\t\t<\/div>\n\t\t<div class=\"elementor-element elementor-element-0820167 e-con-full e-flex e-con e-child\" data-id=\"0820167\" data-element_type=\"container\" data-e-type=\"container\" data-settings=\"{&quot;jet_parallax_layout_list&quot;:[]}\">\n\t\t\t\t<div class=\"elementor-element elementor-element-ea65c2b elementor-widget elementor-widget-heading\" data-id=\"ea65c2b\" data-element_type=\"widget\" data-e-type=\"widget\" data-widget_type=\"heading.default\">\n\t\t\t\t\t<h2 class=\"elementor-heading-title elementor-size-default\">Roja<\/h2>\t\t\t\t<\/div>\n\t\t\t\t<div class=\"elementor-element elementor-element-5ccf5c3 elementor-widget elementor-widget-text-editor\" data-id=\"5ccf5c3\" data-element_type=\"widget\" data-e-type=\"widget\" data-widget_type=\"text-editor.default\">\n\t\t\t\t\t\t\t\t\t<p>My name is Roja Sedhain and I am one of the many children whose lives have been transformed thanks to your generous support. I wanted to take a moment to share my story and express my deepest gratitude for the help and support you have given to improve my life and that of my brother.<\/p><p>Life in Kathmandu is full of challenges, especially for children like me from modest backgrounds. Before your support, going to school was just a dream. I had to help my family work instead of studying, and we often didn't have enough to eat or access to proper healthcare.<\/p><p>I sincerely thank you, because thanks to your help, things have changed. Your generosity has given us the chance to go to school, where we can learn, play and grow. With access to education, healthcare and better nutrition, I feel healthier and much more optimistic about the future. I can dream again, and I believe I can achieve great things.<\/p><p>Your support has not only improved our living conditions, it has also given us hope and confidence. We are learning new skills, making friends and enjoying a safer, happier environment. We no longer feel alone or forgotten; on the contrary, we feel valued and loved. Thank you for all your help and support in making our lives better.<\/p><p>Once again, thank you for your generosity and your belief in our cause. Your continued support makes a real difference. We look forward to achieving even more great things together!<\/p>\t\t\t\t\t\t\t\t<\/div>\n\t\t\t\t<\/div>\n\t\t\t\t\t<\/div>\n\t\t\t\t<\/div>\n\t\t<div class=\"elementor-element elementor-element-e9bc9ac e-flex e-con-boxed e-con e-parent\" data-id=\"e9bc9ac\" data-element_type=\"container\" data-e-type=\"container\" data-settings=\"{&quot;jet_parallax_layout_list&quot;:[]}\">\n\t\t\t\t\t<div class=\"e-con-inner\">\n\t\t<div class=\"elementor-element elementor-element-52e728b e-con-full e-flex e-con e-child\" data-id=\"52e728b\" data-element_type=\"container\" data-e-type=\"container\" data-settings=\"{&quot;jet_parallax_layout_list&quot;:[]}\">\n\t\t\t\t<div class=\"elementor-element elementor-element-ce33bae elementor-widget elementor-widget-image\" data-id=\"ce33bae\" data-element_type=\"widget\" data-e-type=\"widget\" data-widget_type=\"image.default\">\n\t\t\t\t\t\t\t\t\t\t\t\t\t\t\t<img decoding=\"async\" width=\"1024\" height=\"768\" src=\"https:\/\/helpinghands.fr\/wp-content\/uploads\/2025\/01\/WhatsApp-Image-2025-01-19-at-16.14.54-1024x768.jpeg\" class=\"attachment-large size-large wp-image-905\" alt=\"\" srcset=\"https:\/\/helpinghands.fr\/wp-content\/uploads\/2025\/01\/WhatsApp-Image-2025-01-19-at-16.14.54-1024x768.jpeg 1024w, https:\/\/helpinghands.fr\/wp-content\/uploads\/2025\/01\/WhatsApp-Image-2025-01-19-at-16.14.54-300x225.jpeg 300w, https:\/\/helpinghands.fr\/wp-content\/uploads\/2025\/01\/WhatsApp-Image-2025-01-19-at-16.14.54-768x576.jpeg 768w, https:\/\/helpinghands.fr\/wp-content\/uploads\/2025\/01\/WhatsApp-Image-2025-01-19-at-16.14.54-1536x1152.jpeg 1536w, https:\/\/helpinghands.fr\/wp-content\/uploads\/2025\/01\/WhatsApp-Image-2025-01-19-at-16.14.54-16x12.jpeg 16w, https:\/\/helpinghands.fr\/wp-content\/uploads\/2025\/01\/WhatsApp-Image-2025-01-19-at-16.14.54-900x675.jpeg 900w, https:\/\/helpinghands.fr\/wp-content\/uploads\/2025\/01\/WhatsApp-Image-2025-01-19-at-16.14.54.jpeg 1600w\" sizes=\"(max-width: 1024px) 100vw, 1024px\" \/>\t\t\t\t\t\t\t\t\t\t\t\t\t\t\t<\/div>\n\t\t\t\t<\/div>\n\t\t<div class=\"elementor-element elementor-element-5f7f238 e-con-full e-flex e-con e-child\" data-id=\"5f7f238\" data-element_type=\"container\" data-e-type=\"container\" data-settings=\"{&quot;jet_parallax_layout_list&quot;:[]}\">\n\t\t\t\t<div class=\"elementor-element elementor-element-9619680 elementor-widget elementor-widget-heading\" data-id=\"9619680\" data-element_type=\"widget\" data-e-type=\"widget\" data-widget_type=\"heading.default\">\n\t\t\t\t\t<h2 class=\"elementor-heading-title elementor-size-default\">Ammar<\/h2>\t\t\t\t<\/div>\n\t\t\t\t<div class=\"elementor-element elementor-element-0a02333 elementor-widget elementor-widget-text-editor\" data-id=\"0a02333\" data-element_type=\"widget\" data-e-type=\"widget\" data-widget_type=\"text-editor.default\">\n\t\t\t\t\t\t\t\t\t<p>We are deeply grateful for your generous annual donations, which play a vital role in supporting the education of bright but disadvantaged children in Nepal. These contributions have a huge impact on the lives of children from families facing severe difficulties, such as unemployment and mental health problems.<\/p><p>By covering essential expenses such as school uniforms, stationery, tuition fees and exam costs, your unwavering support not only eases the financial burden of these struggling families, but also offers these children an opportunity to break out of the cycle of poverty.<\/p><p>What's more, your generosity instils hope and confidence in these pupils, enabling them to dream of a better future. On behalf of the children and their families, we would like to thank you most sincerely for your exceptional commitment to making education accessible and providing opportunities that change lives.<\/p>\t\t\t\t\t\t\t\t<\/div>\n\t\t\t\t<\/div>\n\t\t\t\t\t<\/div>\n\t\t\t\t<\/div>\n\t\t\t\t<\/div>","protected":false},"excerpt":{"rendered":"<p>Roja Je m&rsquo;appelle Roja Sedhain et je suis l&rsquo;une des nombreuses enfants dont la vie a \u00e9t\u00e9 transform\u00e9e gr\u00e2ce \u00e0 votre soutien g\u00e9n\u00e9reux. Je voulais prendre un moment pour partager mon histoire et exprimer ma plus profonde gratitude pour l&rsquo;aide et le soutien que vous avez apport\u00e9s pour am\u00e9liorer ma vie et celle de mon [&hellip;]<\/p>\n","protected":false},"author":1,"featured_media":0,"parent":42,"menu_order":0,"comment_status":"closed","ping_status":"closed","template":"elementor_header_footer","meta":{"give_campaign_id":0,"footnotes":""},"class_list":["post-902","page","type-page","status-publish","hentry"],"blocksy_meta":[],"yoast_head":"<!-- This site is optimized with the Yoast SEO plugin v27.5 - https:\/\/yoast.com\/product\/yoast-seo-wordpress\/ -->\n<title>T\u00e9moignages - Helping Hands<\/title>\n<meta name=\"description\" content=\"D\u00e9couvrez les t\u00e9moignages de b\u00e9n\u00e9voles, donateurs et partenaires engag\u00e9s avec Helping Hands pour soutenir les enfants dans le besoin.\" \/>\n<meta name=\"robots\" content=\"index, follow, max-snippet:-1, max-image-preview:large, max-video-preview:-1\" \/>\n<link rel=\"canonical\" href=\"https:\/\/helpinghands.fr\/en\/about-helping-hands\/testimonies\/\" \/>\n<meta property=\"og:locale\" content=\"en_GB\" \/>\n<meta property=\"og:type\" content=\"article\" \/>\n<meta property=\"og:title\" content=\"T\u00e9moignages - Helping Hands\" \/>\n<meta property=\"og:description\" content=\"D\u00e9couvrez les t\u00e9moignages de b\u00e9n\u00e9voles, donateurs et partenaires engag\u00e9s avec Helping Hands pour soutenir les enfants dans le besoin.\" \/>\n<meta property=\"og:url\" content=\"https:\/\/helpinghands.fr\/en\/about-helping-hands\/testimonies\/\" \/>\n<meta property=\"og:site_name\" content=\"Helping Hands\" \/>\n<meta property=\"article:modified_time\" content=\"2026-05-07T18:52:55+00:00\" \/>\n<meta property=\"og:image\" content=\"https:\/\/helpinghands.fr\/wp-content\/uploads\/2025\/01\/WhatsApp-Image-2025-01-19-at-16.16.03-576x1024.jpeg\" \/>\n<meta name=\"twitter:card\" content=\"summary_large_image\" \/>\n<meta name=\"twitter:label1\" content=\"Estimated reading time\" \/>\n\t<meta name=\"twitter:data1\" content=\"3 minutes\" \/>\n<script type=\"application\/ld+json\" class=\"yoast-schema-graph\">{\"@context\":\"https:\\\/\\\/schema.org\",\"@graph\":[{\"@type\":\"WebPage\",\"@id\":\"https:\\\/\\\/helpinghands.fr\\\/a-propos-helping-hands\\\/temoignages\\\/\",\"url\":\"https:\\\/\\\/helpinghands.fr\\\/a-propos-helping-hands\\\/temoignages\\\/\",\"name\":\"T\u00e9moignages - Helping Hands\",\"isPartOf\":{\"@id\":\"https:\\\/\\\/helpinghands.fr\\\/#website\"},\"primaryImageOfPage\":{\"@id\":\"https:\\\/\\\/helpinghands.fr\\\/a-propos-helping-hands\\\/temoignages\\\/#primaryimage\"},\"image\":{\"@id\":\"https:\\\/\\\/helpinghands.fr\\\/a-propos-helping-hands\\\/temoignages\\\/#primaryimage\"},\"thumbnailUrl\":\"https:\\\/\\\/helpinghands.fr\\\/wp-content\\\/uploads\\\/2025\\\/01\\\/WhatsApp-Image-2025-01-19-at-16.16.03-576x1024.jpeg\",\"datePublished\":\"2025-01-19T15:11:08+00:00\",\"dateModified\":\"2026-05-07T18:52:55+00:00\",\"description\":\"D\u00e9couvrez les t\u00e9moignages de b\u00e9n\u00e9voles, donateurs et partenaires engag\u00e9s avec Helping Hands pour soutenir les enfants dans le besoin.\",\"breadcrumb\":{\"@id\":\"https:\\\/\\\/helpinghands.fr\\\/a-propos-helping-hands\\\/temoignages\\\/#breadcrumb\"},\"inLanguage\":\"en-GB\",\"potentialAction\":[{\"@type\":\"ReadAction\",\"target\":[\"https:\\\/\\\/helpinghands.fr\\\/a-propos-helping-hands\\\/temoignages\\\/\"]}]},{\"@type\":\"ImageObject\",\"inLanguage\":\"en-GB\",\"@id\":\"https:\\\/\\\/helpinghands.fr\\\/a-propos-helping-hands\\\/temoignages\\\/#primaryimage\",\"url\":\"https:\\\/\\\/helpinghands.fr\\\/wp-content\\\/uploads\\\/2025\\\/01\\\/WhatsApp-Image-2025-01-19-at-16.16.03-576x1024.jpeg\",\"contentUrl\":\"https:\\\/\\\/helpinghands.fr\\\/wp-content\\\/uploads\\\/2025\\\/01\\\/WhatsApp-Image-2025-01-19-at-16.16.03-576x1024.jpeg\"},{\"@type\":\"BreadcrumbList\",\"@id\":\"https:\\\/\\\/helpinghands.fr\\\/a-propos-helping-hands\\\/temoignages\\\/#breadcrumb\",\"itemListElement\":[{\"@type\":\"ListItem\",\"position\":1,\"name\":\"Accueil\",\"item\":\"https:\\\/\\\/helpinghands.fr\\\/\"},{\"@type\":\"ListItem\",\"position\":2,\"name\":\"\u00c0 propos\",\"item\":\"https:\\\/\\\/helpinghands.fr\\\/a-propos-helping-hands\\\/\"},{\"@type\":\"ListItem\",\"position\":3,\"name\":\"T\u00e9moignages\"}]},{\"@type\":\"WebSite\",\"@id\":\"https:\\\/\\\/helpinghands.fr\\\/#website\",\"url\":\"https:\\\/\\\/helpinghands.fr\\\/\",\"name\":\"Helping Hands\",\"description\":\"\",\"potentialAction\":[{\"@type\":\"SearchAction\",\"target\":{\"@type\":\"EntryPoint\",\"urlTemplate\":\"https:\\\/\\\/helpinghands.fr\\\/?s={search_term_string}\"},\"query-input\":{\"@type\":\"PropertyValueSpecification\",\"valueRequired\":true,\"valueName\":\"search_term_string\"}}],\"inLanguage\":\"en-GB\"}]}<\/script>\n<!-- \/ Yoast SEO plugin. -->","yoast_head_json":{"title":"Testimonials - Helping Hands","description":"D\u00e9couvrez les t\u00e9moignages de b\u00e9n\u00e9voles, donateurs et partenaires engag\u00e9s avec Helping Hands pour soutenir les enfants dans le besoin.","robots":{"index":"index","follow":"follow","max-snippet":"max-snippet:-1","max-image-preview":"max-image-preview:large","max-video-preview":"max-video-preview:-1"},"canonical":"https:\/\/helpinghands.fr\/en\/about-helping-hands\/testimonies\/","og_locale":"en_GB","og_type":"article","og_title":"T\u00e9moignages - Helping Hands","og_description":"D\u00e9couvrez les t\u00e9moignages de b\u00e9n\u00e9voles, donateurs et partenaires engag\u00e9s avec Helping Hands pour soutenir les enfants dans le besoin.","og_url":"https:\/\/helpinghands.fr\/en\/about-helping-hands\/testimonies\/","og_site_name":"Helping Hands","article_modified_time":"2026-05-07T18:52:55+00:00","og_image":[{"url":"https:\/\/helpinghands.fr\/wp-content\/uploads\/2025\/01\/WhatsApp-Image-2025-01-19-at-16.16.03-576x1024.jpeg","type":"","width":"","height":""}],"twitter_card":"summary_large_image","twitter_misc":{"Estimated reading time":"3 minutes"},"schema":{"@context":"https:\/\/schema.org","@graph":[{"@type":"WebPage","@id":"https:\/\/helpinghands.fr\/a-propos-helping-hands\/temoignages\/","url":"https:\/\/helpinghands.fr\/a-propos-helping-hands\/temoignages\/","name":"Testimonials - Helping Hands","isPartOf":{"@id":"https:\/\/helpinghands.fr\/#website"},"primaryImageOfPage":{"@id":"https:\/\/helpinghands.fr\/a-propos-helping-hands\/temoignages\/#primaryimage"},"image":{"@id":"https:\/\/helpinghands.fr\/a-propos-helping-hands\/temoignages\/#primaryimage"},"thumbnailUrl":"https:\/\/helpinghands.fr\/wp-content\/uploads\/2025\/01\/WhatsApp-Image-2025-01-19-at-16.16.03-576x1024.jpeg","datePublished":"2025-01-19T15:11:08+00:00","dateModified":"2026-05-07T18:52:55+00:00","description":"D\u00e9couvrez les t\u00e9moignages de b\u00e9n\u00e9voles, donateurs et partenaires engag\u00e9s avec Helping Hands pour soutenir les enfants dans le besoin.","breadcrumb":{"@id":"https:\/\/helpinghands.fr\/a-propos-helping-hands\/temoignages\/#breadcrumb"},"inLanguage":"en-GB","potentialAction":[{"@type":"ReadAction","target":["https:\/\/helpinghands.fr\/a-propos-helping-hands\/temoignages\/"]}]},{"@type":"ImageObject","inLanguage":"en-GB","@id":"https:\/\/helpinghands.fr\/a-propos-helping-hands\/temoignages\/#primaryimage","url":"https:\/\/helpinghands.fr\/wp-content\/uploads\/2025\/01\/WhatsApp-Image-2025-01-19-at-16.16.03-576x1024.jpeg","contentUrl":"https:\/\/helpinghands.fr\/wp-content\/uploads\/2025\/01\/WhatsApp-Image-2025-01-19-at-16.16.03-576x1024.jpeg"},{"@type":"BreadcrumbList","@id":"https:\/\/helpinghands.fr\/a-propos-helping-hands\/temoignages\/#breadcrumb","itemListElement":[{"@type":"ListItem","position":1,"name":"Accueil","item":"https:\/\/helpinghands.fr\/"},{"@type":"ListItem","position":2,"name":"\u00c0 propos","item":"https:\/\/helpinghands.fr\/a-propos-helping-hands\/"},{"@type":"ListItem","position":3,"name":"T\u00e9moignages"}]},{"@type":"WebSite","@id":"https:\/\/helpinghands.fr\/#website","url":"https:\/\/helpinghands.fr\/","name":"Helping Hands","description":"","potentialAction":[{"@type":"SearchAction","target":{"@type":"EntryPoint","urlTemplate":"https:\/\/helpinghands.fr\/?s={search_term_string}"},"query-input":{"@type":"PropertyValueSpecification","valueRequired":true,"valueName":"search_term_string"}}],"inLanguage":"en-GB"}]}},"campaignId":"","_links":{"self":[{"href":"https:\/\/helpinghands.fr\/en\/wp-json\/wp\/v2\/pages\/902","targetHints":{"allow":["GET"]}}],"collection":[{"href":"https:\/\/helpinghands.fr\/en\/wp-json\/wp\/v2\/pages"}],"about":[{"href":"https:\/\/helpinghands.fr\/en\/wp-json\/wp\/v2\/types\/page"}],"author":[{"embeddable":true,"href":"https:\/\/helpinghands.fr\/en\/wp-json\/wp\/v2\/users\/1"}],"replies":[{"embeddable":true,"href":"https:\/\/helpinghands.fr\/en\/wp-json\/wp\/v2\/comments?post=902"}],"version-history":[{"count":1,"href":"https:\/\/helpinghands.fr\/en\/wp-json\/wp\/v2\/pages\/902\/revisions"}],"predecessor-version":[{"id":2139,"href":"https:\/\/helpinghands.fr\/en\/wp-json\/wp\/v2\/pages\/902\/revisions\/2139"}],"up":[{"embeddable":true,"href":"https:\/\/helpinghands.fr\/en\/wp-json\/wp\/v2\/pages\/42"}],"wp:attachment":[{"href":"https:\/\/helpinghands.fr\/en\/wp-json\/wp\/v2\/media?parent=902"}],"curies":[{"name":"wp","href":"https:\/\/api.w.org\/{rel}","templated":true}]}}