{"id":678,"date":"2025-01-12T17:49:37","date_gmt":"2025-01-12T16:49:37","guid":{"rendered":"https:\/\/helpinghands.fr\/?post_type=product&#038;p=678"},"modified":"2026-05-09T19:02:34","modified_gmt":"2026-05-09T17:02:34","slug":"jeune-fille-avec-enfant","status":"publish","type":"product","link":"https:\/\/helpinghands.fr\/en\/product\/jeune-fille-avec-enfant\/","title":{"rendered":"Young girl with child"},"content":{"rendered":"<p>This watercolour portrait by Luciana La Marca tenderly captures a young Nepalese girl accompanied by her little brother. The sister's luminous smile and her brother's gentle gaze illustrate their strong bond and the warmth of family love.<\/p>\n<p>With its subtle nuances and remarkable artistic delicacy, this unique work reflects the innocence and beauty of fraternal bonds. By purchasing this painting, you are also supporting the association <strong>Helping Hands<\/strong>which promotes the education and well-being of disadvantaged children in Nepal.<\/p>\n<p><strong>Product features :<\/strong><\/p>\n<ul>\n<li><strong>Technical<\/strong> Watercolour on Arches paper<\/li>\n<li><strong>Dimensions<\/strong> 30 x 40 cm.<\/li>\n<li><strong>Authenticity<\/strong> Original work by Luciana La Marca.<\/li>\n<li><strong>Management<\/strong> Unframed (framing option available on request).<\/li>\n<\/ul>\n<p>Add a touching and committed work to your collection, while supporting a valuable humanitarian cause.<\/p>","protected":false},"excerpt":{"rendered":"<p><strong>Watercolour Portrait of a Young Girl and Her Little Brother - Unique Work<\/strong><br \/>\nA portrait full of tenderness capturing brotherly love, directed by Luciana La Marca. A work of art and solidarity in aid of the Helping Hands association for children in Nepal.<\/p>","protected":false},"featured_media":679,"comment_status":"open","ping_status":"closed","template":"","meta":{"give_campaign_id":0},"product_brand":[],"product_cat":[53],"product_tag":[37,32,42,34,35,46,33,36,40,39,48,45,51,41],"class_list":{"0":"post-678","1":"product","2":"type-product","3":"status-publish","4":"has-post-thumbnail","6":"product_cat-art","7":"product_tag-aide-humanitaire","8":"product_tag-aquarelle-enfant-nepalais","9":"product_tag-art-pour-la-bonne-cause","10":"product_tag-art-solidaire","11":"product_tag-luciana-la-marca","12":"product_tag-peinture-humanitaire","13":"product_tag-peinture-originale","14":"product_tag-portrait-a-vendre","15":"product_tag-portrait-aquaralle-mere-et-enfant","16":"product_tag-portrait-aquarelle","17":"product_tag-portrait-famille","18":"product_tag-portrait-original","19":"product_tag-portrait-sourire","20":"product_tag-tableau-a-vendre","22":"first","23":"instock","24":"shipping-taxable","25":"purchasable","26":"product-type-simple"},"yoast_head":"<!-- This site is optimized with the Yoast SEO plugin v27.6 - https:\/\/yoast.com\/product\/yoast-seo-wordpress\/ -->\n<title>Jeune fille avec enfant - Helping Hands<\/title>\n<meta name=\"robots\" content=\"noindex, follow\" \/>\n<meta property=\"og:locale\" content=\"en_GB\" \/>\n<meta property=\"og:type\" content=\"article\" \/>\n<meta property=\"og:title\" content=\"Jeune fille avec enfant - Helping Hands\" \/>\n<meta property=\"og:description\" content=\"Portrait Aquarelle d\u2019une Jeune Fille et de Son Petit Fr\u00e8re - \u0152uvre Unique Un portrait plein de tendresse capturant l\u2019amour fraternel, r\u00e9alis\u00e9 par Luciana La Marca. Une \u0153uvre artistique et solidaire au b\u00e9n\u00e9fice de l\u2019association Helping Hands pour les enfants du N\u00e9pal.\" \/>\n<meta property=\"og:url\" content=\"https:\/\/helpinghands.fr\/en\/product\/jeune-fille-avec-enfant\/\" \/>\n<meta property=\"og:site_name\" content=\"Helping Hands\" \/>\n<meta property=\"article:modified_time\" content=\"2026-05-09T17:02:34+00:00\" \/>\n<meta property=\"og:image\" content=\"https:\/\/helpinghands.fr\/wp-content\/uploads\/2025\/01\/SAM_0635-3-Copie-1024x1024-1.webp\" \/>\n\t<meta property=\"og:image:width\" content=\"1024\" \/>\n\t<meta property=\"og:image:height\" content=\"1024\" \/>\n\t<meta property=\"og:image:type\" content=\"image\/webp\" \/>\n<meta name=\"twitter:card\" content=\"summary_large_image\" \/>\n<meta name=\"twitter:label1\" content=\"Estimated reading time\" \/>\n\t<meta name=\"twitter:data1\" content=\"1 minute\" \/>\n<script type=\"application\/ld+json\" class=\"yoast-schema-graph\">{\"@context\":\"https:\\\/\\\/schema.org\",\"@graph\":[{\"@type\":\"WebPage\",\"@id\":\"https:\\\/\\\/helpinghands.fr\\\/produit\\\/jeune-fille-avec-enfant\\\/\",\"url\":\"https:\\\/\\\/helpinghands.fr\\\/produit\\\/jeune-fille-avec-enfant\\\/\",\"name\":\"Jeune fille avec enfant - Helping Hands\",\"isPartOf\":{\"@id\":\"https:\\\/\\\/helpinghands.fr\\\/#website\"},\"primaryImageOfPage\":{\"@id\":\"https:\\\/\\\/helpinghands.fr\\\/produit\\\/jeune-fille-avec-enfant\\\/#primaryimage\"},\"image\":{\"@id\":\"https:\\\/\\\/helpinghands.fr\\\/produit\\\/jeune-fille-avec-enfant\\\/#primaryimage\"},\"thumbnailUrl\":\"https:\\\/\\\/helpinghands.fr\\\/wp-content\\\/uploads\\\/2025\\\/01\\\/SAM_0635-3-Copie-1024x1024-1.webp\",\"datePublished\":\"2025-01-12T16:49:37+00:00\",\"dateModified\":\"2026-05-09T17:02:34+00:00\",\"breadcrumb\":{\"@id\":\"https:\\\/\\\/helpinghands.fr\\\/produit\\\/jeune-fille-avec-enfant\\\/#breadcrumb\"},\"inLanguage\":\"en-GB\",\"potentialAction\":[{\"@type\":\"ReadAction\",\"target\":[\"https:\\\/\\\/helpinghands.fr\\\/produit\\\/jeune-fille-avec-enfant\\\/\"]}]},{\"@type\":\"ImageObject\",\"inLanguage\":\"en-GB\",\"@id\":\"https:\\\/\\\/helpinghands.fr\\\/produit\\\/jeune-fille-avec-enfant\\\/#primaryimage\",\"url\":\"https:\\\/\\\/helpinghands.fr\\\/wp-content\\\/uploads\\\/2025\\\/01\\\/SAM_0635-3-Copie-1024x1024-1.webp\",\"contentUrl\":\"https:\\\/\\\/helpinghands.fr\\\/wp-content\\\/uploads\\\/2025\\\/01\\\/SAM_0635-3-Copie-1024x1024-1.webp\",\"width\":1024,\"height\":1024},{\"@type\":\"BreadcrumbList\",\"@id\":\"https:\\\/\\\/helpinghands.fr\\\/produit\\\/jeune-fille-avec-enfant\\\/#breadcrumb\",\"itemListElement\":[{\"@type\":\"ListItem\",\"position\":1,\"name\":\"Accueil\",\"item\":\"https:\\\/\\\/helpinghands.fr\\\/\"},{\"@type\":\"ListItem\",\"position\":2,\"name\":\"Boutique\",\"item\":\"https:\\\/\\\/helpinghands.fr\\\/boutique\\\/\"},{\"@type\":\"ListItem\",\"position\":3,\"name\":\"Jeune fille avec enfant\"}]},{\"@type\":\"WebSite\",\"@id\":\"https:\\\/\\\/helpinghands.fr\\\/#website\",\"url\":\"https:\\\/\\\/helpinghands.fr\\\/\",\"name\":\"Helping Hands\",\"description\":\"\",\"potentialAction\":[{\"@type\":\"SearchAction\",\"target\":{\"@type\":\"EntryPoint\",\"urlTemplate\":\"https:\\\/\\\/helpinghands.fr\\\/?s={search_term_string}\"},\"query-input\":{\"@type\":\"PropertyValueSpecification\",\"valueRequired\":true,\"valueName\":\"search_term_string\"}}],\"inLanguage\":\"en-GB\"}]}<\/script>\n<!-- \/ Yoast SEO plugin. -->","yoast_head_json":{"title":"Girl with child - Helping Hands","robots":{"index":"noindex","follow":"follow"},"og_locale":"en_GB","og_type":"article","og_title":"Jeune fille avec enfant - Helping Hands","og_description":"Portrait Aquarelle d\u2019une Jeune Fille et de Son Petit Fr\u00e8re - \u0152uvre Unique Un portrait plein de tendresse capturant l\u2019amour fraternel, r\u00e9alis\u00e9 par Luciana La Marca. Une \u0153uvre artistique et solidaire au b\u00e9n\u00e9fice de l\u2019association Helping Hands pour les enfants du N\u00e9pal.","og_url":"https:\/\/helpinghands.fr\/en\/product\/jeune-fille-avec-enfant\/","og_site_name":"Helping Hands","article_modified_time":"2026-05-09T17:02:34+00:00","og_image":[{"width":1024,"height":1024,"url":"https:\/\/helpinghands.fr\/wp-content\/uploads\/2025\/01\/SAM_0635-3-Copie-1024x1024-1.webp","type":"image\/webp"}],"twitter_card":"summary_large_image","twitter_misc":{"Estimated reading time":"1 minute"},"schema":{"@context":"https:\/\/schema.org","@graph":[{"@type":"WebPage","@id":"https:\/\/helpinghands.fr\/produit\/jeune-fille-avec-enfant\/","url":"https:\/\/helpinghands.fr\/produit\/jeune-fille-avec-enfant\/","name":"Girl with child - Helping Hands","isPartOf":{"@id":"https:\/\/helpinghands.fr\/#website"},"primaryImageOfPage":{"@id":"https:\/\/helpinghands.fr\/produit\/jeune-fille-avec-enfant\/#primaryimage"},"image":{"@id":"https:\/\/helpinghands.fr\/produit\/jeune-fille-avec-enfant\/#primaryimage"},"thumbnailUrl":"https:\/\/helpinghands.fr\/wp-content\/uploads\/2025\/01\/SAM_0635-3-Copie-1024x1024-1.webp","datePublished":"2025-01-12T16:49:37+00:00","dateModified":"2026-05-09T17:02:34+00:00","breadcrumb":{"@id":"https:\/\/helpinghands.fr\/produit\/jeune-fille-avec-enfant\/#breadcrumb"},"inLanguage":"en-GB","potentialAction":[{"@type":"ReadAction","target":["https:\/\/helpinghands.fr\/produit\/jeune-fille-avec-enfant\/"]}]},{"@type":"ImageObject","inLanguage":"en-GB","@id":"https:\/\/helpinghands.fr\/produit\/jeune-fille-avec-enfant\/#primaryimage","url":"https:\/\/helpinghands.fr\/wp-content\/uploads\/2025\/01\/SAM_0635-3-Copie-1024x1024-1.webp","contentUrl":"https:\/\/helpinghands.fr\/wp-content\/uploads\/2025\/01\/SAM_0635-3-Copie-1024x1024-1.webp","width":1024,"height":1024},{"@type":"BreadcrumbList","@id":"https:\/\/helpinghands.fr\/produit\/jeune-fille-avec-enfant\/#breadcrumb","itemListElement":[{"@type":"ListItem","position":1,"name":"Accueil","item":"https:\/\/helpinghands.fr\/"},{"@type":"ListItem","position":2,"name":"Boutique","item":"https:\/\/helpinghands.fr\/boutique\/"},{"@type":"ListItem","position":3,"name":"Jeune fille avec enfant"}]},{"@type":"WebSite","@id":"https:\/\/helpinghands.fr\/#website","url":"https:\/\/helpinghands.fr\/","name":"Helping Hands","description":"","potentialAction":[{"@type":"SearchAction","target":{"@type":"EntryPoint","urlTemplate":"https:\/\/helpinghands.fr\/?s={search_term_string}"},"query-input":{"@type":"PropertyValueSpecification","valueRequired":true,"valueName":"search_term_string"}}],"inLanguage":"en-GB"}]}},"_links":{"self":[{"href":"https:\/\/helpinghands.fr\/en\/wp-json\/wp\/v2\/product\/678","targetHints":{"allow":["GET"]}}],"collection":[{"href":"https:\/\/helpinghands.fr\/en\/wp-json\/wp\/v2\/product"}],"about":[{"href":"https:\/\/helpinghands.fr\/en\/wp-json\/wp\/v2\/types\/product"}],"replies":[{"embeddable":true,"href":"https:\/\/helpinghands.fr\/en\/wp-json\/wp\/v2\/comments?post=678"}],"version-history":[{"count":1,"href":"https:\/\/helpinghands.fr\/en\/wp-json\/wp\/v2\/product\/678\/revisions"}],"predecessor-version":[{"id":2157,"href":"https:\/\/helpinghands.fr\/en\/wp-json\/wp\/v2\/product\/678\/revisions\/2157"}],"wp:featuredmedia":[{"embeddable":true,"href":"https:\/\/helpinghands.fr\/en\/wp-json\/wp\/v2\/media\/679"}],"wp:attachment":[{"href":"https:\/\/helpinghands.fr\/en\/wp-json\/wp\/v2\/media?parent=678"}],"wp:term":[{"taxonomy":"product_brand","embeddable":true,"href":"https:\/\/helpinghands.fr\/en\/wp-json\/wp\/v2\/product_brand?post=678"},{"taxonomy":"product_cat","embeddable":true,"href":"https:\/\/helpinghands.fr\/en\/wp-json\/wp\/v2\/product_cat?post=678"},{"taxonomy":"product_tag","embeddable":true,"href":"https:\/\/helpinghands.fr\/en\/wp-json\/wp\/v2\/product_tag?post=678"}],"curies":[{"name":"wp","href":"https:\/\/api.w.org\/{rel}","templated":true}]}}