{"id":100,"date":"2024-12-28T11:06:58","date_gmt":"2024-12-28T10:06:58","guid":{"rendered":"https:\/\/helpinghands.fr\/?page_id=100"},"modified":"2025-01-13T19:21:48","modified_gmt":"2025-01-13T18:21:48","slug":"riabilitazione-della-rete-idrica","status":"publish","type":"page","link":"https:\/\/helpinghands.fr\/it\/rehabilitation-du-reseau-deau\/","title":{"rendered":"Riabilitazione della rete idrica"},"content":{"rendered":"<div data-elementor-type=\"wp-page\" data-elementor-id=\"100\" class=\"elementor elementor-100\" data-elementor-post-type=\"page\">\n\t\t\t\t<div class=\"elementor-element elementor-element-b3d5e06 e-flex e-con-boxed e-con e-parent\" data-id=\"b3d5e06\" data-element_type=\"container\" data-e-type=\"container\" data-settings=\"{&quot;jet_parallax_layout_list&quot;:[]}\">\n\t\t\t\t\t<div class=\"e-con-inner\">\n\t\t<div class=\"elementor-element elementor-element-e43b190 e-con-full e-flex e-con e-child\" data-id=\"e43b190\" data-element_type=\"container\" data-e-type=\"container\" data-settings=\"{&quot;jet_parallax_layout_list&quot;:[]}\">\n\t\t\t\t<div class=\"elementor-element elementor-element-dabbd91 elementor-widget elementor-widget-heading\" data-id=\"dabbd91\" data-element_type=\"widget\" data-e-type=\"widget\" data-widget_type=\"heading.default\">\n\t\t\t\t\t<h1 class=\"elementor-heading-title elementor-size-default\">Riabilitazione della rete idrica<\/h1>\t\t\t\t<\/div>\n\t\t\t\t<div class=\"elementor-element elementor-element-f85d698 elementor-widget elementor-widget-heading\" data-id=\"f85d698\" data-element_type=\"widget\" data-e-type=\"widget\" data-widget_type=\"heading.default\">\n\t\t\t\t\t<p class=\"elementor-heading-title elementor-size-default\">Kabilash: un importante passo avanti nella riabilitazione dell'acqua<\/p>\t\t\t\t<\/div>\n\t\t\t\t<\/div>\n\t\t\t\t\t<\/div>\n\t\t\t\t<\/div>\n\t\t<div class=\"elementor-element elementor-element-61fa0db e-flex e-con-boxed e-con e-parent\" data-id=\"61fa0db\" data-element_type=\"container\" data-e-type=\"container\" data-settings=\"{&quot;jet_parallax_layout_list&quot;:[]}\">\n\t\t\t\t\t<div class=\"e-con-inner\">\n\t\t<div class=\"elementor-element elementor-element-69306c7 e-con-full e-flex e-con e-child\" data-id=\"69306c7\" data-element_type=\"container\" data-e-type=\"container\" data-settings=\"{&quot;jet_parallax_layout_list&quot;:[]}\">\n\t\t\t\t<div class=\"elementor-element elementor-element-85f3e9c elementor-widget elementor-widget-text-editor\" data-id=\"85f3e9c\" data-element_type=\"widget\" data-e-type=\"widget\" data-widget_type=\"text-editor.default\">\n\t\t\t\t\t\t\t\t\t<p>Il fratello minore di Roja, Rojesh, \u00e8 un'altra figura esemplare di abnegazione e resilienza in una famiglia segnata dalle difficolt\u00e0. Rojesh \u00e8 cresciuto in condizioni estremamente precarie, con un padre indebolito dalla malattia e una madre coraggiosa che vende occhiali sui marciapiedi di Kathmandu per sfamare la famiglia. Nonostante questa situazione precaria, Rojesh, come sua sorella, ha scelto di superare gli ostacoli e di costruirsi un futuro pi\u00f9 luminoso. Alla sua giovane et\u00e0, \u00e8 gi\u00e0 il primo della classe, un risultato che testimonia la sua disciplina, il suo rigore e il suo eccezionale potenziale.<\/p>\t\t\t\t\t\t\t\t<\/div>\n\t\t\t\t<\/div>\n\t\t<div class=\"elementor-element elementor-element-8b8bbf0 e-con-full e-flex e-con e-child\" data-id=\"8b8bbf0\" data-element_type=\"container\" data-e-type=\"container\" data-settings=\"{&quot;jet_parallax_layout_list&quot;:[]}\">\n\t\t\t\t<div class=\"elementor-element elementor-element-48a2eb5 elementor-widget elementor-widget-image\" data-id=\"48a2eb5\" data-element_type=\"widget\" data-e-type=\"widget\" data-widget_type=\"image.default\">\n\t\t\t\t\t\t\t\t\t\t\t\t\t\t\t<img fetchpriority=\"high\" decoding=\"async\" width=\"1100\" height=\"880\" src=\"https:\/\/helpinghands.fr\/wp-content\/uploads\/2025\/01\/KABILASH-REHAB-EAU-1.webp\" class=\"attachment-full size-full wp-image-455\" alt=\"\" srcset=\"https:\/\/helpinghands.fr\/wp-content\/uploads\/2025\/01\/KABILASH-REHAB-EAU-1.webp 1100w, https:\/\/helpinghands.fr\/wp-content\/uploads\/2025\/01\/KABILASH-REHAB-EAU-1-900x720.webp 900w, https:\/\/helpinghands.fr\/wp-content\/uploads\/2025\/01\/KABILASH-REHAB-EAU-1-300x240.webp 300w, https:\/\/helpinghands.fr\/wp-content\/uploads\/2025\/01\/KABILASH-REHAB-EAU-1-1024x819.webp 1024w, https:\/\/helpinghands.fr\/wp-content\/uploads\/2025\/01\/KABILASH-REHAB-EAU-1-768x614.webp 768w, https:\/\/helpinghands.fr\/wp-content\/uploads\/2025\/01\/KABILASH-REHAB-EAU-1-15x12.webp 15w\" sizes=\"(max-width: 1100px) 100vw, 1100px\" \/>\t\t\t\t\t\t\t\t\t\t\t\t\t\t\t<\/div>\n\t\t\t\t<\/div>\n\t\t\t\t\t<\/div>\n\t\t\t\t<\/div>\n\t\t\t\t<\/div>","protected":false},"excerpt":{"rendered":"<p>Kabilash : une avanc\u00e9e notable dans la r\u00e9habilitation de l\u2019eau Fr\u00e8re cadet de Roja, Rojesh est une autre figure exemplaire d\u2019abn\u00e9gation et de r\u00e9silience dans une famille marqu\u00e9e par les \u00e9preuves. Issu de conditions de vie extr\u00eamement pr\u00e9caires, Rojesh a grandi au c\u0153ur de difficult\u00e9s profondes, avec un p\u00e8re affaibli par la maladie et une [&hellip;]<\/p>\n","protected":false},"author":1,"featured_media":0,"parent":0,"menu_order":14,"comment_status":"closed","ping_status":"closed","template":"elementor_header_footer","meta":{"give_campaign_id":0,"footnotes":""},"class_list":["post-100","page","type-page","status-publish","hentry"],"blocksy_meta":[],"yoast_head":"<!-- This site is optimized with the Yoast SEO plugin v27.5 - https:\/\/yoast.com\/product\/yoast-seo-wordpress\/ -->\n<title>R\u00e9habilitation du r\u00e9seau d\u2019eau - Helping Hands<\/title>\n<meta name=\"description\" content=\"Helping Hands r\u00e9habilite les r\u00e9seaux d&#039;eau potable au N\u00e9pal pour fournir un acc\u00e8s essentiel \u00e0 l&#039;eau apr\u00e8s le s\u00e9isme de 2015. Soutenez nos projets d&#039;am\u00e9lioration des infrastructures et de soutien aux communaut\u00e9s locales !\" \/>\n<meta name=\"robots\" content=\"index, follow, max-snippet:-1, max-image-preview:large, max-video-preview:-1\" \/>\n<link rel=\"canonical\" href=\"https:\/\/helpinghands.fr\/it\/le-nostre-azioni__trascurate\/riabilitazione-della-rete-idrica\/\" \/>\n<meta property=\"og:locale\" content=\"it_IT\" \/>\n<meta property=\"og:type\" content=\"article\" \/>\n<meta property=\"og:title\" content=\"R\u00e9habilitation du r\u00e9seau d\u2019eau - Helping Hands\" \/>\n<meta property=\"og:description\" content=\"Helping Hands r\u00e9habilite les r\u00e9seaux d&#039;eau potable au N\u00e9pal pour fournir un acc\u00e8s essentiel \u00e0 l&#039;eau apr\u00e8s le s\u00e9isme de 2015. Soutenez nos projets d&#039;am\u00e9lioration des infrastructures et de soutien aux communaut\u00e9s locales !\" \/>\n<meta property=\"og:url\" content=\"https:\/\/helpinghands.fr\/it\/le-nostre-azioni__trascurate\/riabilitazione-della-rete-idrica\/\" \/>\n<meta property=\"og:site_name\" content=\"Helping Hands\" \/>\n<meta property=\"article:modified_time\" content=\"2025-01-13T18:21:48+00:00\" \/>\n<meta property=\"og:image\" content=\"https:\/\/helpinghands.fr\/wp-content\/uploads\/2025\/01\/KABILASH-REHAB-EAU-1.webp\" \/>\n<meta name=\"twitter:card\" content=\"summary_large_image\" \/>\n<meta name=\"twitter:label1\" content=\"Tempo di lettura stimato\" \/>\n\t<meta name=\"twitter:data1\" content=\"1 minuto\" \/>\n<script type=\"application\/ld+json\" class=\"yoast-schema-graph\">{\"@context\":\"https:\\\/\\\/schema.org\",\"@graph\":[{\"@type\":\"WebPage\",\"@id\":\"https:\\\/\\\/helpinghands.fr\\\/nos-actions__trashed\\\/rehabilitation-du-reseau-deau\\\/\",\"url\":\"https:\\\/\\\/helpinghands.fr\\\/nos-actions__trashed\\\/rehabilitation-du-reseau-deau\\\/\",\"name\":\"R\u00e9habilitation du r\u00e9seau d\u2019eau - Helping Hands\",\"isPartOf\":{\"@id\":\"https:\\\/\\\/helpinghands.fr\\\/#website\"},\"primaryImageOfPage\":{\"@id\":\"https:\\\/\\\/helpinghands.fr\\\/nos-actions__trashed\\\/rehabilitation-du-reseau-deau\\\/#primaryimage\"},\"image\":{\"@id\":\"https:\\\/\\\/helpinghands.fr\\\/nos-actions__trashed\\\/rehabilitation-du-reseau-deau\\\/#primaryimage\"},\"thumbnailUrl\":\"https:\\\/\\\/helpinghands.fr\\\/wp-content\\\/uploads\\\/2025\\\/01\\\/KABILASH-REHAB-EAU-1.webp\",\"datePublished\":\"2024-12-28T10:06:58+00:00\",\"dateModified\":\"2025-01-13T18:21:48+00:00\",\"description\":\"Helping Hands r\u00e9habilite les r\u00e9seaux d'eau potable au N\u00e9pal pour fournir un acc\u00e8s essentiel \u00e0 l'eau apr\u00e8s le s\u00e9isme de 2015. Soutenez nos projets d'am\u00e9lioration des infrastructures et de soutien aux communaut\u00e9s locales !\",\"breadcrumb\":{\"@id\":\"https:\\\/\\\/helpinghands.fr\\\/nos-actions__trashed\\\/rehabilitation-du-reseau-deau\\\/#breadcrumb\"},\"inLanguage\":\"it-IT\",\"potentialAction\":[{\"@type\":\"ReadAction\",\"target\":[\"https:\\\/\\\/helpinghands.fr\\\/nos-actions__trashed\\\/rehabilitation-du-reseau-deau\\\/\"]}]},{\"@type\":\"ImageObject\",\"inLanguage\":\"it-IT\",\"@id\":\"https:\\\/\\\/helpinghands.fr\\\/nos-actions__trashed\\\/rehabilitation-du-reseau-deau\\\/#primaryimage\",\"url\":\"https:\\\/\\\/helpinghands.fr\\\/wp-content\\\/uploads\\\/2025\\\/01\\\/KABILASH-REHAB-EAU-1.webp\",\"contentUrl\":\"https:\\\/\\\/helpinghands.fr\\\/wp-content\\\/uploads\\\/2025\\\/01\\\/KABILASH-REHAB-EAU-1.webp\"},{\"@type\":\"BreadcrumbList\",\"@id\":\"https:\\\/\\\/helpinghands.fr\\\/nos-actions__trashed\\\/rehabilitation-du-reseau-deau\\\/#breadcrumb\",\"itemListElement\":[{\"@type\":\"ListItem\",\"position\":1,\"name\":\"Accueil\",\"item\":\"https:\\\/\\\/helpinghands.fr\\\/\"},{\"@type\":\"ListItem\",\"position\":2,\"name\":\"R\u00e9habilitation du r\u00e9seau d\u2019eau\"}]},{\"@type\":\"WebSite\",\"@id\":\"https:\\\/\\\/helpinghands.fr\\\/#website\",\"url\":\"https:\\\/\\\/helpinghands.fr\\\/\",\"name\":\"Helping Hands\",\"description\":\"\",\"potentialAction\":[{\"@type\":\"SearchAction\",\"target\":{\"@type\":\"EntryPoint\",\"urlTemplate\":\"https:\\\/\\\/helpinghands.fr\\\/?s={search_term_string}\"},\"query-input\":{\"@type\":\"PropertyValueSpecification\",\"valueRequired\":true,\"valueName\":\"search_term_string\"}}],\"inLanguage\":\"it-IT\"}]}<\/script>\n<!-- \/ Yoast SEO plugin. -->","yoast_head_json":{"title":"Riabilitazione della rete idrica - Helping Hands","description":"Helping Hands sta riabilitando le reti di acqua potabile in Nepal per fornire un accesso essenziale all'acqua dopo il terremoto del 2015. Sostenete i nostri progetti per migliorare le infrastrutture e sostenere le comunit\u00e0 locali!","robots":{"index":"index","follow":"follow","max-snippet":"max-snippet:-1","max-image-preview":"max-image-preview:large","max-video-preview":"max-video-preview:-1"},"canonical":"https:\/\/helpinghands.fr\/it\/le-nostre-azioni__trascurate\/riabilitazione-della-rete-idrica\/","og_locale":"it_IT","og_type":"article","og_title":"R\u00e9habilitation du r\u00e9seau d\u2019eau - Helping Hands","og_description":"Helping Hands r\u00e9habilite les r\u00e9seaux d'eau potable au N\u00e9pal pour fournir un acc\u00e8s essentiel \u00e0 l'eau apr\u00e8s le s\u00e9isme de 2015. Soutenez nos projets d'am\u00e9lioration des infrastructures et de soutien aux communaut\u00e9s locales !","og_url":"https:\/\/helpinghands.fr\/it\/le-nostre-azioni__trascurate\/riabilitazione-della-rete-idrica\/","og_site_name":"Helping Hands","article_modified_time":"2025-01-13T18:21:48+00:00","og_image":[{"url":"https:\/\/helpinghands.fr\/wp-content\/uploads\/2025\/01\/KABILASH-REHAB-EAU-1.webp","type":"","width":"","height":""}],"twitter_card":"summary_large_image","twitter_misc":{"Tempo di lettura stimato":"1 minuto"},"schema":{"@context":"https:\/\/schema.org","@graph":[{"@type":"WebPage","@id":"https:\/\/helpinghands.fr\/nos-actions__trashed\/rehabilitation-du-reseau-deau\/","url":"https:\/\/helpinghands.fr\/nos-actions__trashed\/rehabilitation-du-reseau-deau\/","name":"Riabilitazione della rete idrica - Helping Hands","isPartOf":{"@id":"https:\/\/helpinghands.fr\/#website"},"primaryImageOfPage":{"@id":"https:\/\/helpinghands.fr\/nos-actions__trashed\/rehabilitation-du-reseau-deau\/#primaryimage"},"image":{"@id":"https:\/\/helpinghands.fr\/nos-actions__trashed\/rehabilitation-du-reseau-deau\/#primaryimage"},"thumbnailUrl":"https:\/\/helpinghands.fr\/wp-content\/uploads\/2025\/01\/KABILASH-REHAB-EAU-1.webp","datePublished":"2024-12-28T10:06:58+00:00","dateModified":"2025-01-13T18:21:48+00:00","description":"Helping Hands sta riabilitando le reti di acqua potabile in Nepal per fornire un accesso essenziale all'acqua dopo il terremoto del 2015. Sostenete i nostri progetti per migliorare le infrastrutture e sostenere le comunit\u00e0 locali!","breadcrumb":{"@id":"https:\/\/helpinghands.fr\/nos-actions__trashed\/rehabilitation-du-reseau-deau\/#breadcrumb"},"inLanguage":"it-IT","potentialAction":[{"@type":"ReadAction","target":["https:\/\/helpinghands.fr\/nos-actions__trashed\/rehabilitation-du-reseau-deau\/"]}]},{"@type":"ImageObject","inLanguage":"it-IT","@id":"https:\/\/helpinghands.fr\/nos-actions__trashed\/rehabilitation-du-reseau-deau\/#primaryimage","url":"https:\/\/helpinghands.fr\/wp-content\/uploads\/2025\/01\/KABILASH-REHAB-EAU-1.webp","contentUrl":"https:\/\/helpinghands.fr\/wp-content\/uploads\/2025\/01\/KABILASH-REHAB-EAU-1.webp"},{"@type":"BreadcrumbList","@id":"https:\/\/helpinghands.fr\/nos-actions__trashed\/rehabilitation-du-reseau-deau\/#breadcrumb","itemListElement":[{"@type":"ListItem","position":1,"name":"Accueil","item":"https:\/\/helpinghands.fr\/"},{"@type":"ListItem","position":2,"name":"R\u00e9habilitation du r\u00e9seau d\u2019eau"}]},{"@type":"WebSite","@id":"https:\/\/helpinghands.fr\/#website","url":"https:\/\/helpinghands.fr\/","name":"Helping Hands","description":"","potentialAction":[{"@type":"SearchAction","target":{"@type":"EntryPoint","urlTemplate":"https:\/\/helpinghands.fr\/?s={search_term_string}"},"query-input":{"@type":"PropertyValueSpecification","valueRequired":true,"valueName":"search_term_string"}}],"inLanguage":"it-IT"}]}},"campaignId":"","_links":{"self":[{"href":"https:\/\/helpinghands.fr\/it\/wp-json\/wp\/v2\/pages\/100","targetHints":{"allow":["GET"]}}],"collection":[{"href":"https:\/\/helpinghands.fr\/it\/wp-json\/wp\/v2\/pages"}],"about":[{"href":"https:\/\/helpinghands.fr\/it\/wp-json\/wp\/v2\/types\/page"}],"author":[{"embeddable":true,"href":"https:\/\/helpinghands.fr\/it\/wp-json\/wp\/v2\/users\/1"}],"replies":[{"embeddable":true,"href":"https:\/\/helpinghands.fr\/it\/wp-json\/wp\/v2\/comments?post=100"}],"version-history":[{"count":0,"href":"https:\/\/helpinghands.fr\/it\/wp-json\/wp\/v2\/pages\/100\/revisions"}],"wp:attachment":[{"href":"https:\/\/helpinghands.fr\/it\/wp-json\/wp\/v2\/media?parent=100"}],"curies":[{"name":"wp","href":"https:\/\/api.w.org\/{rel}","templated":true}]}}