{"id":1531,"date":"2025-10-23T13:34:47","date_gmt":"2025-10-23T11:34:47","guid":{"rendered":"https:\/\/helpinghands.fr\/?page_id=1531"},"modified":"2026-05-08T10:09:16","modified_gmt":"2026-05-08T08:09:16","slug":"azioni-intraprese","status":"publish","type":"page","link":"https:\/\/helpinghands.fr\/it\/actions-realisees\/","title":{"rendered":"Azioni intraprese"},"content":{"rendered":"<div data-elementor-type=\"wp-page\" data-elementor-id=\"1531\" class=\"elementor elementor-1531\" data-elementor-post-type=\"page\">\n\t\t\t\t<div class=\"elementor-element elementor-element-b435360 e-flex e-con-boxed e-con e-parent\" data-id=\"b435360\" data-element_type=\"container\" data-e-type=\"container\" data-settings=\"{&quot;jet_parallax_layout_list&quot;:[]}\">\n\t\t\t\t\t<div class=\"e-con-inner\">\n\t\t<div class=\"elementor-element elementor-element-7e85656 e-con-full e-flex e-con e-child\" data-id=\"7e85656\" data-element_type=\"container\" data-e-type=\"container\" data-settings=\"{&quot;jet_parallax_layout_list&quot;:[]}\">\n\t\t\t\t<div class=\"elementor-element elementor-element-3bc133e elementor-widget elementor-widget-heading\" data-id=\"3bc133e\" data-element_type=\"widget\" data-e-type=\"widget\" data-widget_type=\"heading.default\">\n\t\t\t\t\t<h1 class=\"elementor-heading-title elementor-size-default\">Azioni intraprese<\/h1>\t\t\t\t<\/div>\n\t\t\t\t<div class=\"elementor-element elementor-element-823702a elementor-widget elementor-widget-heading\" data-id=\"823702a\" data-element_type=\"widget\" data-e-type=\"widget\" data-widget_type=\"heading.default\">\n\t\t\t\t\t<p class=\"elementor-heading-title elementor-size-default\">Helping Hands si dedica all'educazione dei bambini svantaggiati.\nI nostri progetti mirano a trasformare le vite, offrire opportunit\u00e0 concrete ai pi\u00f9 vulnerabili e costruire un futuro sostenibile basato sulla solidariet\u00e0, la dignit\u00e0 e l'accesso alla conoscenza.<br><br>Nato in Nepal, il nostro lavoro si sta ora estendendo ad altre regioni del mondo, dove i bisogni sono pi\u00f9 urgenti: aree rurali dimenticate, quartieri precari, campi profughi... Ovunque un bambino sia privato della scuola, Helping Hands si sforza di intervenire.<\/p>\t\t\t\t<\/div>\n\t\t\t\t<\/div>\n\t\t\t\t\t<\/div>\n\t\t\t\t<\/div>\n\t\t<div class=\"elementor-element elementor-element-f0eabe4 e-flex e-con-boxed e-con e-parent\" data-id=\"f0eabe4\" data-element_type=\"container\" data-e-type=\"container\" data-settings=\"{&quot;jet_parallax_layout_list&quot;:[]}\">\n\t\t\t\t\t<div class=\"e-con-inner\">\n\t\t<div class=\"elementor-element elementor-element-5793407 e-grid e-con-full e-con e-child\" data-id=\"5793407\" data-element_type=\"container\" data-e-type=\"container\" data-settings=\"{&quot;jet_parallax_layout_list&quot;:[]}\">\n\t\t<div class=\"elementor-element elementor-element-a534100 e-con-full e-flex e-con e-child\" data-id=\"a534100\" data-element_type=\"container\" data-e-type=\"container\" data-settings=\"{&quot;jet_parallax_layout_list&quot;:[]}\">\n\t\t<div class=\"elementor-element elementor-element-5b53735 e-con-full e-flex e-con e-child\" data-id=\"5b53735\" data-element_type=\"container\" data-e-type=\"container\" data-settings=\"{&quot;background_background&quot;:&quot;classic&quot;,&quot;jet_parallax_layout_list&quot;:[]}\">\n\t\t\t\t<\/div>\n\t\t<div class=\"elementor-element elementor-element-55d8895 e-con-full e-flex e-con e-child\" data-id=\"55d8895\" data-element_type=\"container\" data-e-type=\"container\" data-settings=\"{&quot;background_background&quot;:&quot;classic&quot;,&quot;jet_parallax_layout_list&quot;:[]}\">\n\t\t<div class=\"elementor-element elementor-element-0e70bb3 e-con-full e-flex e-con e-child\" data-id=\"0e70bb3\" data-element_type=\"container\" data-e-type=\"container\" data-settings=\"{&quot;jet_parallax_layout_list&quot;:[]}\">\n\t\t\t\t<div class=\"elementor-element elementor-element-0bfa760 elementor-widget elementor-widget-heading\" data-id=\"0bfa760\" data-element_type=\"widget\" data-e-type=\"widget\" data-widget_type=\"heading.default\">\n\t\t\t\t\t<h2 class=\"elementor-heading-title elementor-size-default\">Borse di Studio<\/h2>\t\t\t\t<\/div>\n\t\t\t\t<div class=\"elementor-element elementor-element-e50c537 max6lignes elementor-widget elementor-widget-text-editor\" data-id=\"e50c537\" data-element_type=\"widget\" data-e-type=\"widget\" data-widget_type=\"text-editor.default\">\n\t\t\t\t\t\t\t\t\t<p>Offriamo borse di studio per consentire ai bambini nepalesi in condizioni svantaggiate di accedere all'istruzione, perch\u00e9 crediamo fermamente che ogni bambino abbia la possibilit\u00e0 di imparare. Queste borse di studio sostengono le famiglie che faticano ad arrivare a fine mese, coprendo le tasse scolastiche, i libri di testo e altre spese essenziali.<\/p>\t\t\t\t\t\t\t\t<\/div>\n\t\t\t\t<\/div>\n\t\t\t\t<div class=\"elementor-element elementor-element-2f2f1f8 elementor-widget elementor-widget-button\" data-id=\"2f2f1f8\" data-element_type=\"widget\" data-e-type=\"widget\" data-widget_type=\"button.default\">\n\t\t\t\t\t\t\t\t\t\t<a class=\"elementor-button elementor-button-link elementor-size-sm\" href=\"https:\/\/helpinghands.fr\/nos-actions\/bourses-scolaires\/\">\n\t\t\t\t\t\t<span class=\"elementor-button-content-wrapper\">\n\t\t\t\t\t\t\t\t\t<span class=\"elementor-button-text\">Scoprire<\/span>\n\t\t\t\t\t<\/span>\n\t\t\t\t\t<\/a>\n\t\t\t\t\t\t\t\t<\/div>\n\t\t\t\t<\/div>\n\t\t\t\t<\/div>\n\t\t<div class=\"elementor-element elementor-element-714d7f7 e-con-full e-flex e-con e-child\" data-id=\"714d7f7\" data-element_type=\"container\" data-e-type=\"container\" data-settings=\"{&quot;jet_parallax_layout_list&quot;:[]}\">\n\t\t<div class=\"elementor-element elementor-element-d4570d1 e-con-full e-flex e-con e-child\" data-id=\"d4570d1\" data-element_type=\"container\" data-e-type=\"container\" data-settings=\"{&quot;background_background&quot;:&quot;classic&quot;,&quot;jet_parallax_layout_list&quot;:[]}\">\n\t\t\t\t<\/div>\n\t\t<div class=\"elementor-element elementor-element-65fba38 e-con-full e-flex e-con e-child\" data-id=\"65fba38\" data-element_type=\"container\" data-e-type=\"container\" data-settings=\"{&quot;background_background&quot;:&quot;classic&quot;,&quot;jet_parallax_layout_list&quot;:[]}\">\n\t\t<div class=\"elementor-element elementor-element-262717f e-con-full e-flex e-con e-child\" data-id=\"262717f\" data-element_type=\"container\" data-e-type=\"container\" data-settings=\"{&quot;jet_parallax_layout_list&quot;:[]}\">\n\t\t\t\t<div class=\"elementor-element elementor-element-3aee551 elementor-widget elementor-widget-heading\" data-id=\"3aee551\" data-element_type=\"widget\" data-e-type=\"widget\" data-widget_type=\"heading.default\">\n\t\t\t\t\t<h2 class=\"elementor-heading-title elementor-size-default\">Riabilitazione della rete idrica<\/h2>\t\t\t\t<\/div>\n\t\t\t\t<div class=\"elementor-element elementor-element-ee72776 max6lignes elementor-widget elementor-widget-text-editor\" data-id=\"ee72776\" data-element_type=\"widget\" data-e-type=\"widget\" data-widget_type=\"text-editor.default\">\n\t\t\t\t\t\t\t\t\t<p>Dopo il terremoto del 2015, abbiamo riabilitato le reti idriche per restituire ai villaggi nepalesi un accesso vitale all'acqua potabile. Questo progetto ha ripristinato l'igiene, migliorato la salute e sostenuto le comunit\u00e0 nella ricostruzione, fornendo loro una risorsa essenziale per la vita quotidiana.<\/p>\t\t\t\t\t\t\t\t<\/div>\n\t\t\t\t<\/div>\n\t\t\t\t<div class=\"elementor-element elementor-element-02e28ba elementor-widget elementor-widget-button\" data-id=\"02e28ba\" data-element_type=\"widget\" data-e-type=\"widget\" data-widget_type=\"button.default\">\n\t\t\t\t\t\t\t\t\t\t<a class=\"elementor-button elementor-button-link elementor-size-sm\" href=\"https:\/\/helpinghands.fr\/nos-actions\/rehabilitation-du-reseau-deau\/\">\n\t\t\t\t\t\t<span class=\"elementor-button-content-wrapper\">\n\t\t\t\t\t\t\t\t\t<span class=\"elementor-button-text\">Scoprire<\/span>\n\t\t\t\t\t<\/span>\n\t\t\t\t\t<\/a>\n\t\t\t\t\t\t\t\t<\/div>\n\t\t\t\t<\/div>\n\t\t\t\t<\/div>\n\t\t<div class=\"elementor-element elementor-element-22b7179 e-con-full e-flex e-con e-child\" data-id=\"22b7179\" data-element_type=\"container\" data-e-type=\"container\" data-settings=\"{&quot;jet_parallax_layout_list&quot;:[]}\">\n\t\t<div class=\"elementor-element elementor-element-501474e e-con-full e-flex e-con e-child\" data-id=\"501474e\" data-element_type=\"container\" data-e-type=\"container\" data-settings=\"{&quot;background_background&quot;:&quot;classic&quot;,&quot;jet_parallax_layout_list&quot;:[]}\">\n\t\t\t\t<\/div>\n\t\t<div class=\"elementor-element elementor-element-f8ed3f1 e-con-full e-flex e-con e-child\" data-id=\"f8ed3f1\" data-element_type=\"container\" data-e-type=\"container\" data-settings=\"{&quot;background_background&quot;:&quot;classic&quot;,&quot;jet_parallax_layout_list&quot;:[]}\">\n\t\t<div class=\"elementor-element elementor-element-665f392 e-con-full e-flex e-con e-child\" data-id=\"665f392\" data-element_type=\"container\" data-e-type=\"container\" data-settings=\"{&quot;jet_parallax_layout_list&quot;:[]}\">\n\t\t\t\t<div class=\"elementor-element elementor-element-b841882 elementor-widget elementor-widget-heading\" data-id=\"b841882\" data-element_type=\"widget\" data-e-type=\"widget\" data-widget_type=\"heading.default\">\n\t\t\t\t\t<h2 class=\"elementor-heading-title elementor-size-default\">Ristrutturazione delle scuole\n<\/h2>\t\t\t\t<\/div>\n\t\t\t\t<div class=\"elementor-element elementor-element-8fb5c79 max6lignes elementor-widget elementor-widget-text-editor\" data-id=\"8fb5c79\" data-element_type=\"widget\" data-e-type=\"widget\" data-widget_type=\"text-editor.default\">\n\t\t\t\t\t\t\t\t\t<p>Il nostro ultimo progetto, nel giugno 2025, prevede la ristrutturazione di una scuola nelle Filippine.<\/p><p>Dopo il terremoto del 2015, abbiamo riabilitato diverse scuole in Nepal.<\/p>\t\t\t\t\t\t\t\t<\/div>\n\t\t\t\t<\/div>\n\t\t\t\t<div class=\"elementor-element elementor-element-0fe3b27 elementor-widget elementor-widget-button\" data-id=\"0fe3b27\" data-element_type=\"widget\" data-e-type=\"widget\" data-widget_type=\"button.default\">\n\t\t\t\t\t\t\t\t\t\t<a class=\"elementor-button elementor-button-link elementor-size-sm\" href=\"https:\/\/helpinghands.fr\/nos-actions\/rehabilitation-des-ecoles\/\">\n\t\t\t\t\t\t<span class=\"elementor-button-content-wrapper\">\n\t\t\t\t\t\t\t\t\t<span class=\"elementor-button-text\">Scoprire<\/span>\n\t\t\t\t\t<\/span>\n\t\t\t\t\t<\/a>\n\t\t\t\t\t\t\t\t<\/div>\n\t\t\t\t<\/div>\n\t\t\t\t<\/div>\n\t\t\t\t<\/div>\n\t\t\t\t\t<\/div>\n\t\t\t\t<\/div>\n\t\t\t\t<\/div>","protected":false},"excerpt":{"rendered":"<p>Helping Hands se consacre \u00e0 l\u2019\u00e9ducation des enfants d\u00e9favoris\u00e9s. Nos projets visent \u00e0 transformer des vies, \u00e0 offrir des opportunit\u00e9s concr\u00e8tes aux plus vuln\u00e9rables et \u00e0 b\u00e2tir un avenir durable fond\u00e9 sur la solidarit\u00e9, la dignit\u00e9 et l\u2019acc\u00e8s \u00e0 la connaissance. N\u00e9e au N\u00e9pal, notre action s\u2019\u00e9tend aujourd\u2019hui \u00e0 d\u2019autres r\u00e9gions du monde, l\u00e0 o\u00f9 [&hellip;]<\/p>\n","protected":false},"author":1,"featured_media":0,"parent":0,"menu_order":32,"comment_status":"closed","ping_status":"closed","template":"elementor_header_footer","meta":{"give_campaign_id":0,"footnotes":""},"class_list":["post-1531","page","type-page","status-publish","hentry"],"blocksy_meta":[],"yoast_head":"<!-- This site is optimized with the Yoast SEO plugin v27.5 - https:\/\/yoast.com\/product\/yoast-seo-wordpress\/ -->\n<title>Actions r\u00e9alis\u00e9es - Helping Hands<\/title>\n<meta name=\"description\" content=\"Helping Hands agit concr\u00e8tement \u00e0 travers chaque action r\u00e9alis\u00e9e : \u00e9ducation, soutien humain et projets solidaires durables.\" \/>\n<meta name=\"robots\" content=\"index, follow, max-snippet:-1, max-image-preview:large, max-video-preview:-1\" \/>\n<link rel=\"canonical\" href=\"https:\/\/helpinghands.fr\/it\/azioni-intraprese\/\" \/>\n<meta property=\"og:locale\" content=\"it_IT\" \/>\n<meta property=\"og:type\" content=\"article\" \/>\n<meta property=\"og:title\" content=\"Actions r\u00e9alis\u00e9es - Helping Hands\" \/>\n<meta property=\"og:description\" content=\"Helping Hands agit concr\u00e8tement \u00e0 travers chaque action r\u00e9alis\u00e9e : \u00e9ducation, soutien humain et projets solidaires durables.\" \/>\n<meta property=\"og:url\" content=\"https:\/\/helpinghands.fr\/it\/azioni-intraprese\/\" \/>\n<meta property=\"og:site_name\" content=\"Helping Hands\" \/>\n<meta property=\"article:modified_time\" content=\"2026-05-08T08:09:16+00:00\" \/>\n<meta name=\"twitter:card\" content=\"summary_large_image\" \/>\n<meta name=\"twitter:label1\" content=\"Tempo di lettura stimato\" \/>\n\t<meta name=\"twitter:data1\" content=\"2 minuti\" \/>\n<script type=\"application\/ld+json\" class=\"yoast-schema-graph\">{\"@context\":\"https:\\\/\\\/schema.org\",\"@graph\":[{\"@type\":\"WebPage\",\"@id\":\"https:\\\/\\\/helpinghands.fr\\\/actions-realisees\\\/\",\"url\":\"https:\\\/\\\/helpinghands.fr\\\/actions-realisees\\\/\",\"name\":\"Actions r\u00e9alis\u00e9es - Helping Hands\",\"isPartOf\":{\"@id\":\"https:\\\/\\\/helpinghands.fr\\\/#website\"},\"datePublished\":\"2025-10-23T11:34:47+00:00\",\"dateModified\":\"2026-05-08T08:09:16+00:00\",\"description\":\"Helping Hands agit concr\u00e8tement \u00e0 travers chaque action r\u00e9alis\u00e9e : \u00e9ducation, soutien humain et projets solidaires durables.\",\"breadcrumb\":{\"@id\":\"https:\\\/\\\/helpinghands.fr\\\/actions-realisees\\\/#breadcrumb\"},\"inLanguage\":\"it-IT\",\"potentialAction\":[{\"@type\":\"ReadAction\",\"target\":[\"https:\\\/\\\/helpinghands.fr\\\/actions-realisees\\\/\"]}]},{\"@type\":\"BreadcrumbList\",\"@id\":\"https:\\\/\\\/helpinghands.fr\\\/actions-realisees\\\/#breadcrumb\",\"itemListElement\":[{\"@type\":\"ListItem\",\"position\":1,\"name\":\"Accueil\",\"item\":\"https:\\\/\\\/helpinghands.fr\\\/\"},{\"@type\":\"ListItem\",\"position\":2,\"name\":\"Actions r\u00e9alis\u00e9es\"}]},{\"@type\":\"WebSite\",\"@id\":\"https:\\\/\\\/helpinghands.fr\\\/#website\",\"url\":\"https:\\\/\\\/helpinghands.fr\\\/\",\"name\":\"Helping Hands\",\"description\":\"\",\"potentialAction\":[{\"@type\":\"SearchAction\",\"target\":{\"@type\":\"EntryPoint\",\"urlTemplate\":\"https:\\\/\\\/helpinghands.fr\\\/?s={search_term_string}\"},\"query-input\":{\"@type\":\"PropertyValueSpecification\",\"valueRequired\":true,\"valueName\":\"search_term_string\"}}],\"inLanguage\":\"it-IT\"}]}<\/script>\n<!-- \/ Yoast SEO plugin. -->","yoast_head_json":{"title":"Azioni intraprese - Helping Hands","description":"Helping Hands agisce concretamente attraverso ogni progetto che intraprende: istruzione, sostegno umano e progetti di solidariet\u00e0 sostenibile.","robots":{"index":"index","follow":"follow","max-snippet":"max-snippet:-1","max-image-preview":"max-image-preview:large","max-video-preview":"max-video-preview:-1"},"canonical":"https:\/\/helpinghands.fr\/it\/azioni-intraprese\/","og_locale":"it_IT","og_type":"article","og_title":"Actions r\u00e9alis\u00e9es - Helping Hands","og_description":"Helping Hands agit concr\u00e8tement \u00e0 travers chaque action r\u00e9alis\u00e9e : \u00e9ducation, soutien humain et projets solidaires durables.","og_url":"https:\/\/helpinghands.fr\/it\/azioni-intraprese\/","og_site_name":"Helping Hands","article_modified_time":"2026-05-08T08:09:16+00:00","twitter_card":"summary_large_image","twitter_misc":{"Tempo di lettura stimato":"2 minuti"},"schema":{"@context":"https:\/\/schema.org","@graph":[{"@type":"WebPage","@id":"https:\/\/helpinghands.fr\/actions-realisees\/","url":"https:\/\/helpinghands.fr\/actions-realisees\/","name":"Azioni intraprese - Helping Hands","isPartOf":{"@id":"https:\/\/helpinghands.fr\/#website"},"datePublished":"2025-10-23T11:34:47+00:00","dateModified":"2026-05-08T08:09:16+00:00","description":"Helping Hands agisce concretamente attraverso ogni progetto che intraprende: istruzione, sostegno umano e progetti di solidariet\u00e0 sostenibile.","breadcrumb":{"@id":"https:\/\/helpinghands.fr\/actions-realisees\/#breadcrumb"},"inLanguage":"it-IT","potentialAction":[{"@type":"ReadAction","target":["https:\/\/helpinghands.fr\/actions-realisees\/"]}]},{"@type":"BreadcrumbList","@id":"https:\/\/helpinghands.fr\/actions-realisees\/#breadcrumb","itemListElement":[{"@type":"ListItem","position":1,"name":"Accueil","item":"https:\/\/helpinghands.fr\/"},{"@type":"ListItem","position":2,"name":"Actions r\u00e9alis\u00e9es"}]},{"@type":"WebSite","@id":"https:\/\/helpinghands.fr\/#website","url":"https:\/\/helpinghands.fr\/","name":"Helping Hands","description":"","potentialAction":[{"@type":"SearchAction","target":{"@type":"EntryPoint","urlTemplate":"https:\/\/helpinghands.fr\/?s={search_term_string}"},"query-input":{"@type":"PropertyValueSpecification","valueRequired":true,"valueName":"search_term_string"}}],"inLanguage":"it-IT"}]}},"campaignId":"","_links":{"self":[{"href":"https:\/\/helpinghands.fr\/it\/wp-json\/wp\/v2\/pages\/1531","targetHints":{"allow":["GET"]}}],"collection":[{"href":"https:\/\/helpinghands.fr\/it\/wp-json\/wp\/v2\/pages"}],"about":[{"href":"https:\/\/helpinghands.fr\/it\/wp-json\/wp\/v2\/types\/page"}],"author":[{"embeddable":true,"href":"https:\/\/helpinghands.fr\/it\/wp-json\/wp\/v2\/users\/1"}],"replies":[{"embeddable":true,"href":"https:\/\/helpinghands.fr\/it\/wp-json\/wp\/v2\/comments?post=1531"}],"version-history":[{"count":30,"href":"https:\/\/helpinghands.fr\/it\/wp-json\/wp\/v2\/pages\/1531\/revisions"}],"predecessor-version":[{"id":2148,"href":"https:\/\/helpinghands.fr\/it\/wp-json\/wp\/v2\/pages\/1531\/revisions\/2148"}],"wp:attachment":[{"href":"https:\/\/helpinghands.fr\/it\/wp-json\/wp\/v2\/media?parent=1531"}],"curies":[{"name":"wp","href":"https:\/\/api.w.org\/{rel}","templated":true}]}}