{"id":1532,"date":"2025-10-23T13:35:15","date_gmt":"2025-10-23T11:35:15","guid":{"rendered":"https:\/\/helpinghands.fr\/?page_id=1532"},"modified":"2026-05-07T20:26:33","modified_gmt":"2026-05-07T18:26:33","slug":"i-nostri-progetti-2","status":"publish","type":"page","link":"https:\/\/helpinghands.fr\/it\/nos-projets-2\/","title":{"rendered":"I nostri progetti in Madagascar e Nepal"},"content":{"rendered":"\t\t<div data-elementor-type=\"wp-page\" data-elementor-id=\"1532\" class=\"elementor elementor-1532\" data-elementor-post-type=\"page\">\n\t\t\t\t<div class=\"elementor-element elementor-element-2b3bbdd e-flex e-con-boxed e-con e-parent\" data-id=\"2b3bbdd\" data-element_type=\"container\" data-e-type=\"container\" data-settings=\"{&quot;jet_parallax_layout_list&quot;:[]}\">\n\t\t\t\t\t<div class=\"e-con-inner\">\n\t\t<div class=\"elementor-element elementor-element-6fea382 e-con-full e-flex e-con e-child\" data-id=\"6fea382\" data-element_type=\"container\" data-e-type=\"container\" data-settings=\"{&quot;jet_parallax_layout_list&quot;:[]}\">\n\t\t\t\t<div class=\"elementor-element elementor-element-4ad52e1 elementor-widget elementor-widget-heading\" data-id=\"4ad52e1\" data-element_type=\"widget\" data-e-type=\"widget\" data-widget_type=\"heading.default\">\n\t\t\t\t\t<h1 class=\"elementor-heading-title elementor-size-default\">Nos projets \u00e0 Madagascar et au N\u00e9pal<\/h1>\t\t\t\t<\/div>\n\t\t\t\t<div class=\"elementor-element elementor-element-dfd267f elementor-widget elementor-widget-heading\" data-id=\"dfd267f\" data-element_type=\"widget\" data-e-type=\"widget\" data-widget_type=\"heading.default\">\n\t\t\t\t\t<p class=\"elementor-heading-title elementor-size-default\">D\u00e9couvrez ici les projets actuellement soutenus par Helping Hands. Chaque initiative r\u00e9pond \u00e0 un besoin concret sur le terrain : acc\u00e8s \u00e0 l\u2019\u00e9ducation, lutte contre la malnutrition, accompagnement d\u2019enfants et de familles en difficult\u00e9. <br><br>\u00c0 Madagascar comme au N\u00e9pal, nous agissons pour offrir des repas, des fournitures scolaires, un toit, et surtout un avenir plus juste et durable. Votre soutien permet \u00e0 ces projets de grandir et de transformer des vies, jour apr\u00e8s jour.<\/p>\t\t\t\t<\/div>\n\t\t\t\t<\/div>\n\t\t\t\t\t<\/div>\n\t\t\t\t<\/div>\n\t\t<div class=\"elementor-element elementor-element-cebd031 e-flex e-con-boxed e-con e-parent\" data-id=\"cebd031\" data-element_type=\"container\" data-e-type=\"container\" data-settings=\"{&quot;jet_parallax_layout_list&quot;:[]}\">\n\t\t\t\t\t<div class=\"e-con-inner\">\n\t\t<div class=\"elementor-element elementor-element-5dd6d61 e-grid e-con-full e-con e-child\" data-id=\"5dd6d61\" data-element_type=\"container\" data-e-type=\"container\" data-settings=\"{&quot;jet_parallax_layout_list&quot;:[]}\">\n\t\t<div class=\"elementor-element elementor-element-d20fd68 e-con-full e-flex e-con e-child\" data-id=\"d20fd68\" data-element_type=\"container\" data-e-type=\"container\" data-settings=\"{&quot;jet_parallax_layout_list&quot;:[]}\">\n\t\t<div class=\"elementor-element elementor-element-edaea8c e-con-full e-flex e-con e-child\" data-id=\"edaea8c\" data-element_type=\"container\" data-e-type=\"container\" data-settings=\"{&quot;background_background&quot;:&quot;classic&quot;,&quot;jet_parallax_layout_list&quot;:[]}\">\n\t\t\t\t<\/div>\n\t\t<div class=\"elementor-element elementor-element-094afa6 e-con-full e-flex e-con e-child\" data-id=\"094afa6\" data-element_type=\"container\" data-e-type=\"container\" data-settings=\"{&quot;background_background&quot;:&quot;classic&quot;,&quot;jet_parallax_layout_list&quot;:[]}\">\n\t\t<div class=\"elementor-element elementor-element-20363d8 e-con-full e-flex e-con e-child\" data-id=\"20363d8\" data-element_type=\"container\" data-e-type=\"container\" data-settings=\"{&quot;jet_parallax_layout_list&quot;:[]}\">\n\t\t\t\t<div class=\"elementor-element elementor-element-5272c6f elementor-widget elementor-widget-heading\" data-id=\"5272c6f\" data-element_type=\"widget\" data-e-type=\"widget\" data-widget_type=\"heading.default\">\n\t\t\t\t\t<h2 class=\"elementor-heading-title elementor-size-default\">Madagascar<\/h2>\t\t\t\t<\/div>\n\t\t\t\t<div class=\"elementor-element elementor-element-6b5dc03 max6lignes elementor-widget elementor-widget-text-editor\" data-id=\"6b5dc03\" data-element_type=\"widget\" data-e-type=\"widget\" data-widget_type=\"text-editor.default\">\n\t\t\t\t\t\t\t\t\t<article class=\"text-token-text-primary w-full focus:outline-none [--shadow-height:45px] has-data-writing-block:pointer-events-none has-data-writing-block:-mt-(--shadow-height) has-data-writing-block:pt-(--shadow-height) [&amp;:has([data-writing-block])&gt;*]:pointer-events-auto [content-visibility:auto] supports-[content-visibility:auto]:[contain-intrinsic-size:auto_100lvh] scroll-mt-[calc(var(--header-height)+min(200px,max(70px,20svh)))]\" dir=\"auto\" tabindex=\"-1\" data-turn-id=\"23dcb407-51cf-4f0b-b692-e1d2f53f83e2\" data-testid=\"conversation-turn-2\" data-scroll-anchor=\"true\" data-turn=\"assistant\"><div class=\"text-base my-auto mx-auto pb-10 [--thread-content-margin:--spacing(4)] thread-sm:[--thread-content-margin:--spacing(6)] thread-lg:[--thread-content-margin:--spacing(16)] px-(--thread-content-margin)\"><div class=\"[--thread-content-max-width:40rem] thread-lg:[--thread-content-max-width:48rem] mx-auto max-w-(--thread-content-max-width) flex-1 group\/turn-messages focus-visible:outline-hidden relative flex w-full min-w-0 flex-col agent-turn\" tabindex=\"-1\"><div class=\"flex max-w-full flex-col grow\"><div class=\"min-h-8 text-message relative flex w-full flex-col items-end gap-2 text-start break-words whitespace-normal [.text-message+&amp;]:mt-1\" dir=\"auto\" data-message-author-role=\"assistant\" data-message-id=\"2779835c-9876-48be-9091-48aee0565f89\" data-message-model-slug=\"gpt-5\"><div class=\"flex w-full flex-col gap-1 empty:hidden first:pt-[1px]\"><div class=\"markdown prose dark:prose-invert w-full break-words dark markdown-new-styling\"><p data-start=\"0\" data-end=\"537\" data-is-last-node=\"\" data-is-only-node=\"\"><strong>Soutenir l\u2019\u00e9cole Lovasoa \u00e0 Antsirab\u00e9<\/strong><\/p><p data-start=\"0\" data-end=\"537\" data-is-last-node=\"\" data-is-only-node=\"\">Helping Hands soutient depuis 2025 l\u2019\u00e9cole Lovasoa \u00e0 Antsirab\u00e9 (Madagascar), fond\u00e9e par Zoeline pour offrir \u00e9ducation et repas aux enfants d\u00e9favoris\u00e9s&#8230;<\/p><\/div><\/div><\/div><\/div><\/div><\/div><\/article>\t\t\t\t\t\t\t\t<\/div>\n\t\t\t\t<\/div>\n\t\t\t\t<div class=\"elementor-element elementor-element-df8727c elementor-widget elementor-widget-button\" data-id=\"df8727c\" data-element_type=\"widget\" data-e-type=\"widget\" data-widget_type=\"button.default\">\n\t\t\t\t\t\t\t\t\t\t<a class=\"elementor-button elementor-button-link elementor-size-sm\" href=\"https:\/\/helpinghands.fr\/soutenir-lecole-lovasoa-a-antsirabe-madagascar\/\">\n\t\t\t\t\t\t<span class=\"elementor-button-content-wrapper\">\n\t\t\t\t\t\t\t\t\t<span class=\"elementor-button-text\">En savoir plus sur nos projets \u00e0 Madagascar<\/span>\n\t\t\t\t\t<\/span>\n\t\t\t\t\t<\/a>\n\t\t\t\t\t\t\t\t<\/div>\n\t\t\t\t<\/div>\n\t\t\t\t<\/div>\n\t\t<div class=\"elementor-element elementor-element-5ee44fd e-con-full e-flex e-con e-child\" data-id=\"5ee44fd\" data-element_type=\"container\" data-e-type=\"container\" data-settings=\"{&quot;jet_parallax_layout_list&quot;:[]}\">\n\t\t<div class=\"elementor-element elementor-element-397c817 e-con-full e-flex e-con e-child\" data-id=\"397c817\" data-element_type=\"container\" data-e-type=\"container\" data-settings=\"{&quot;background_background&quot;:&quot;classic&quot;,&quot;jet_parallax_layout_list&quot;:[]}\">\n\t\t\t\t<\/div>\n\t\t<div class=\"elementor-element elementor-element-d081af6 e-con-full e-flex e-con e-child\" data-id=\"d081af6\" data-element_type=\"container\" data-e-type=\"container\" data-settings=\"{&quot;background_background&quot;:&quot;classic&quot;,&quot;jet_parallax_layout_list&quot;:[]}\">\n\t\t<div class=\"elementor-element elementor-element-06f7e1d e-con-full e-flex e-con e-child\" data-id=\"06f7e1d\" data-element_type=\"container\" data-e-type=\"container\" data-settings=\"{&quot;jet_parallax_layout_list&quot;:[]}\">\n\t\t\t\t<div class=\"elementor-element elementor-element-deacd21 elementor-widget elementor-widget-heading\" data-id=\"deacd21\" data-element_type=\"widget\" data-e-type=\"widget\" data-widget_type=\"heading.default\">\n\t\t\t\t\t<h2 class=\"elementor-heading-title elementor-size-default\">N\u00e9pal<\/h2>\t\t\t\t<\/div>\n\t\t\t\t<div class=\"elementor-element elementor-element-efcebc6 max6lignes elementor-widget elementor-widget-text-editor\" data-id=\"efcebc6\" data-element_type=\"widget\" data-e-type=\"widget\" data-widget_type=\"text-editor.default\">\n\t\t\t\t\t\t\t\t\t<p><strong>Soutenir Aswin et Aswini \u00e0 Katmandou<\/strong><\/p><p>Helping Hands soutient Aswin et Aswini, fr\u00e8re et s\u0153ur de 5 et 6 ans, qui ont tout perdu lors des inondations de 2024 au N\u00e9pal&#8230;<\/p>\t\t\t\t\t\t\t\t<\/div>\n\t\t\t\t<\/div>\n\t\t\t\t<div class=\"elementor-element elementor-element-17bd484 elementor-widget elementor-widget-button\" data-id=\"17bd484\" data-element_type=\"widget\" data-e-type=\"widget\" data-widget_type=\"button.default\">\n\t\t\t\t\t\t\t\t\t\t<a class=\"elementor-button elementor-button-link elementor-size-sm\" href=\"https:\/\/helpinghands.fr\/soutenir-aswin-et-aswini-a-katmandou-nepal\/\">\n\t\t\t\t\t\t<span class=\"elementor-button-content-wrapper\">\n\t\t\t\t\t\t\t\t\t<span class=\"elementor-button-text\">En savoir plus sur nos projets au N\u00e9pal<\/span>\n\t\t\t\t\t<\/span>\n\t\t\t\t\t<\/a>\n\t\t\t\t\t\t\t\t<\/div>\n\t\t\t\t<\/div>\n\t\t\t\t<\/div>\n\t\t\t\t<\/div>\n\t\t\t\t\t<\/div>\n\t\t\t\t<\/div>\n\t\t\t\t<\/div>\n\t\t","protected":false},"excerpt":{"rendered":"<p>D\u00e9couvrez ici les projets actuellement soutenus par Helping Hands \u00e0 Madagascar et au N\u00e9pal. Chaque initiative r\u00e9pond \u00e0 un besoin concret sur le terrain : acc\u00e8s \u00e0 l\u2019\u00e9ducation, lutte contre la malnutrition, accompagnement d\u2019enfants et de familles en difficult\u00e9. <\/p>","protected":false},"author":1,"featured_media":0,"parent":0,"menu_order":33,"comment_status":"closed","ping_status":"closed","template":"elementor_header_footer","meta":{"give_campaign_id":0,"footnotes":""},"class_list":["post-1532","page","type-page","status-publish","hentry"],"blocksy_meta":[],"yoast_head":"<!-- This site is optimized with the Yoast SEO plugin v27.5 - https:\/\/yoast.com\/product\/yoast-seo-wordpress\/ -->\n<title>Nos projets \u00e0 Madagascar et au N\u00e9pal - Helping Hands<\/title>\n<meta name=\"description\" content=\"D\u00e9couvrez les projets humanitaires et \u00e9ducatifs de Helping Hands au N\u00e9pal, \u00e0 Madagascar et aux Philippines pour soutenir les enfants.\" \/>\n<meta name=\"robots\" content=\"index, follow, max-snippet:-1, max-image-preview:large, max-video-preview:-1\" \/>\n<link rel=\"canonical\" href=\"https:\/\/helpinghands.fr\/it\/i-nostri-progetti-2\/\" \/>\n<meta property=\"og:locale\" content=\"it_IT\" \/>\n<meta property=\"og:type\" content=\"article\" \/>\n<meta property=\"og:title\" content=\"Nos projets \u00e0 Madagascar et au N\u00e9pal - Helping Hands\" \/>\n<meta property=\"og:description\" content=\"D\u00e9couvrez les projets humanitaires et \u00e9ducatifs de Helping Hands au N\u00e9pal, \u00e0 Madagascar et aux Philippines pour soutenir les enfants.\" \/>\n<meta property=\"og:url\" content=\"https:\/\/helpinghands.fr\/it\/i-nostri-progetti-2\/\" \/>\n<meta property=\"og:site_name\" content=\"Helping Hands\" \/>\n<meta property=\"article:modified_time\" content=\"2026-05-07T18:26:33+00:00\" \/>\n<meta name=\"twitter:card\" content=\"summary_large_image\" \/>\n<meta name=\"twitter:label1\" content=\"Tempo di lettura stimato\" \/>\n\t<meta name=\"twitter:data1\" content=\"1 minuto\" \/>\n<script type=\"application\/ld+json\" class=\"yoast-schema-graph\">{\"@context\":\"https:\\\/\\\/schema.org\",\"@graph\":[{\"@type\":\"WebPage\",\"@id\":\"https:\\\/\\\/helpinghands.fr\\\/nos-projets-2\\\/\",\"url\":\"https:\\\/\\\/helpinghands.fr\\\/nos-projets-2\\\/\",\"name\":\"Nos projets \u00e0 Madagascar et au N\u00e9pal - Helping Hands\",\"isPartOf\":{\"@id\":\"https:\\\/\\\/helpinghands.fr\\\/#website\"},\"datePublished\":\"2025-10-23T11:35:15+00:00\",\"dateModified\":\"2026-05-07T18:26:33+00:00\",\"description\":\"D\u00e9couvrez les projets humanitaires et \u00e9ducatifs de Helping Hands au N\u00e9pal, \u00e0 Madagascar et aux Philippines pour soutenir les enfants.\",\"breadcrumb\":{\"@id\":\"https:\\\/\\\/helpinghands.fr\\\/nos-projets-2\\\/#breadcrumb\"},\"inLanguage\":\"it-IT\",\"potentialAction\":[{\"@type\":\"ReadAction\",\"target\":[\"https:\\\/\\\/helpinghands.fr\\\/nos-projets-2\\\/\"]}]},{\"@type\":\"BreadcrumbList\",\"@id\":\"https:\\\/\\\/helpinghands.fr\\\/nos-projets-2\\\/#breadcrumb\",\"itemListElement\":[{\"@type\":\"ListItem\",\"position\":1,\"name\":\"Accueil\",\"item\":\"https:\\\/\\\/helpinghands.fr\\\/\"},{\"@type\":\"ListItem\",\"position\":2,\"name\":\"Nos projets \u00e0 Madagascar et au N\u00e9pal\"}]},{\"@type\":\"WebSite\",\"@id\":\"https:\\\/\\\/helpinghands.fr\\\/#website\",\"url\":\"https:\\\/\\\/helpinghands.fr\\\/\",\"name\":\"Helping Hands\",\"description\":\"\",\"potentialAction\":[{\"@type\":\"SearchAction\",\"target\":{\"@type\":\"EntryPoint\",\"urlTemplate\":\"https:\\\/\\\/helpinghands.fr\\\/?s={search_term_string}\"},\"query-input\":{\"@type\":\"PropertyValueSpecification\",\"valueRequired\":true,\"valueName\":\"search_term_string\"}}],\"inLanguage\":\"it-IT\"}]}<\/script>\n<!-- \/ Yoast SEO plugin. -->","yoast_head_json":{"title":"I nostri progetti in Madagascar e Nepal - Helping Hands","description":"Per saperne di pi\u00f9 sui progetti umanitari ed educativi di Helping Hands in Nepal, Madagascar e Filippine a sostegno dei bambini.","robots":{"index":"index","follow":"follow","max-snippet":"max-snippet:-1","max-image-preview":"max-image-preview:large","max-video-preview":"max-video-preview:-1"},"canonical":"https:\/\/helpinghands.fr\/it\/i-nostri-progetti-2\/","og_locale":"it_IT","og_type":"article","og_title":"Nos projets \u00e0 Madagascar et au N\u00e9pal - Helping Hands","og_description":"D\u00e9couvrez les projets humanitaires et \u00e9ducatifs de Helping Hands au N\u00e9pal, \u00e0 Madagascar et aux Philippines pour soutenir les enfants.","og_url":"https:\/\/helpinghands.fr\/it\/i-nostri-progetti-2\/","og_site_name":"Helping Hands","article_modified_time":"2026-05-07T18:26:33+00:00","twitter_card":"summary_large_image","twitter_misc":{"Tempo di lettura stimato":"1 minuto"},"schema":{"@context":"https:\/\/schema.org","@graph":[{"@type":"WebPage","@id":"https:\/\/helpinghands.fr\/nos-projets-2\/","url":"https:\/\/helpinghands.fr\/nos-projets-2\/","name":"I nostri progetti in Madagascar e Nepal - Helping Hands","isPartOf":{"@id":"https:\/\/helpinghands.fr\/#website"},"datePublished":"2025-10-23T11:35:15+00:00","dateModified":"2026-05-07T18:26:33+00:00","description":"Per saperne di pi\u00f9 sui progetti umanitari ed educativi di Helping Hands in Nepal, Madagascar e Filippine a sostegno dei bambini.","breadcrumb":{"@id":"https:\/\/helpinghands.fr\/nos-projets-2\/#breadcrumb"},"inLanguage":"it-IT","potentialAction":[{"@type":"ReadAction","target":["https:\/\/helpinghands.fr\/nos-projets-2\/"]}]},{"@type":"BreadcrumbList","@id":"https:\/\/helpinghands.fr\/nos-projets-2\/#breadcrumb","itemListElement":[{"@type":"ListItem","position":1,"name":"Accueil","item":"https:\/\/helpinghands.fr\/"},{"@type":"ListItem","position":2,"name":"Nos projets \u00e0 Madagascar et au N\u00e9pal"}]},{"@type":"WebSite","@id":"https:\/\/helpinghands.fr\/#website","url":"https:\/\/helpinghands.fr\/","name":"Helping Hands","description":"","potentialAction":[{"@type":"SearchAction","target":{"@type":"EntryPoint","urlTemplate":"https:\/\/helpinghands.fr\/?s={search_term_string}"},"query-input":{"@type":"PropertyValueSpecification","valueRequired":true,"valueName":"search_term_string"}}],"inLanguage":"it-IT"}]}},"campaignId":"","_links":{"self":[{"href":"https:\/\/helpinghands.fr\/it\/wp-json\/wp\/v2\/pages\/1532","targetHints":{"allow":["GET"]}}],"collection":[{"href":"https:\/\/helpinghands.fr\/it\/wp-json\/wp\/v2\/pages"}],"about":[{"href":"https:\/\/helpinghands.fr\/it\/wp-json\/wp\/v2\/types\/page"}],"author":[{"embeddable":true,"href":"https:\/\/helpinghands.fr\/it\/wp-json\/wp\/v2\/users\/1"}],"replies":[{"embeddable":true,"href":"https:\/\/helpinghands.fr\/it\/wp-json\/wp\/v2\/comments?post=1532"}],"version-history":[{"count":40,"href":"https:\/\/helpinghands.fr\/it\/wp-json\/wp\/v2\/pages\/1532\/revisions"}],"predecessor-version":[{"id":2138,"href":"https:\/\/helpinghands.fr\/it\/wp-json\/wp\/v2\/pages\/1532\/revisions\/2138"}],"wp:attachment":[{"href":"https:\/\/helpinghands.fr\/it\/wp-json\/wp\/v2\/media?parent=1532"}],"curies":[{"name":"wp","href":"https:\/\/api.w.org\/{rel}","templated":true}]}}