{"id":1721,"date":"2025-12-28T15:41:50","date_gmt":"2025-12-28T14:41:50","guid":{"rendered":"https:\/\/helpinghands.fr\/?page_id=1721"},"modified":"2025-12-28T16:48:13","modified_gmt":"2025-12-28T15:48:13","slug":"aiuto-alimentare-antsirabe","status":"publish","type":"page","link":"https:\/\/helpinghands.fr\/it\/aide-alimentaire-antsirabe\/","title":{"rendered":"Offrire aiuti alimentari ai bambini della scuola di Antsirab\u00e9 (Madagascar)"},"content":{"rendered":"<figure id=\"attachment_1723\" aria-describedby=\"caption-attachment-1723\" style=\"width: 768px\" class=\"wp-caption aligncenter\"><img fetchpriority=\"high\" decoding=\"async\" class=\"size-large wp-image-1723\" src=\"https:\/\/helpinghands.fr\/wp-content\/uploads\/2025\/12\/WhatsApp-Image-2025-10-21-a-16.53.49_fa8681e5-768x1024.jpg\" alt=\"Aiuto alimentare per i bambini di una scuola ad Antsirab\u00e9, Madagascar, con distribuzione di pasti\" width=\"768\" height=\"1024\" srcset=\"https:\/\/helpinghands.fr\/wp-content\/uploads\/2025\/12\/WhatsApp-Image-2025-10-21-a-16.53.49_fa8681e5-768x1024.jpg 768w, https:\/\/helpinghands.fr\/wp-content\/uploads\/2025\/12\/WhatsApp-Image-2025-10-21-a-16.53.49_fa8681e5-225x300.jpg 225w, https:\/\/helpinghands.fr\/wp-content\/uploads\/2025\/12\/WhatsApp-Image-2025-10-21-a-16.53.49_fa8681e5-9x12.jpg 9w, https:\/\/helpinghands.fr\/wp-content\/uploads\/2025\/12\/WhatsApp-Image-2025-10-21-a-16.53.49_fa8681e5-900x1200.jpg 900w, https:\/\/helpinghands.fr\/wp-content\/uploads\/2025\/12\/WhatsApp-Image-2025-10-21-a-16.53.49_fa8681e5.jpg 960w\" sizes=\"(max-width: 768px) 100vw, 768px\" \/><figcaption id=\"caption-attachment-1723\" class=\"wp-caption-text\"><em>Grazie agli aiuti alimentari, i bambini della scuola di Antsirab\u00e9 possono imparare a pancia piena.<\/em><br \/><em>Un pasto oggi, un futuro domani.<\/em><\/figcaption><\/figure>\n<p data-start=\"729\" data-end=\"950\">\u00c0 <strong data-start=\"731\" data-end=\"772\"><span class=\"hover:entity-accent entity-underline inline cursor-pointer align-baseline\"><span class=\"whitespace-normal\">Antsirab\u00e9<\/span><\/span><\/strong>, In Madagascar, molti bambini vanno a scuola. <strong data-start=\"823\" data-end=\"841\">a stomaco vuoto<\/strong>.<br data-start=\"842\" data-end=\"845\" \/>La fame \u00e8 uno dei principali ostacoli alla scolarizzazione, alla concentrazione e al successo scolastico.<\/p>\n<p data-start=\"952\" data-end=\"1140\">Grazie al vostro <strong data-start=\"966\" data-end=\"1021\">donazione per l'aiuto alimentare ai bambini di Antsirab\u00e9<\/strong>, contribuisci direttamente a finanziare pasti regolari per gli studenti della scuola sostenuta da <strong data-start=\"1122\" data-end=\"1139\">Helping Hands<\/strong>.<\/p>\n<p data-start=\"1142\" data-end=\"1202\"><a href=\"https:\/\/helpinghands.fr\/faire-un-don\/\">\ud83d\udc49 <strong data-start=\"1145\" data-end=\"1202\">Fai una donazione per nutrire i bambini oggi stesso<\/strong><\/a><\/p>\n<hr data-start=\"1204\" data-end=\"1207\" \/>\n<h2 data-start=\"1209\" data-end=\"1269\">Perch\u00e9 gli aiuti alimentari sono fondamentali ad Antsirab\u00e9<\/h2>\n<p data-start=\"1271\" data-end=\"1519\">In Madagascar, e in particolare nella regione di Antsirab\u00e9, molte famiglie vivono in condizioni di grande precariet\u00e0.<br data-start=\"1389\" data-end=\"1392\" \/>Le risorse sono limitate, l'accesso a un'alimentazione equilibrata \u00e8 difficile e <strong data-start=\"1477\" data-end=\"1518\">i bambini sono i primi ad essere colpiti<\/strong>.<\/p>\n<p data-start=\"1521\" data-end=\"1544\">Senza aiuti alimentari:<\/p>\n<ul data-start=\"1545\" data-end=\"1661\">\n<li data-start=\"1545\" data-end=\"1578\">\n<p data-start=\"1547\" data-end=\"1578\">i bambini mancano di energia,<\/p>\n<\/li>\n<li data-start=\"1579\" data-end=\"1615\">\n<p data-start=\"1581\" data-end=\"1615\">le assenze scolastiche aumentano,<\/p>\n<\/li>\n<li data-start=\"1616\" data-end=\"1661\">\n<p data-start=\"1618\" data-end=\"1661\">l'apprendimento diventa quasi impossibile.<\/p>\n<\/li>\n<\/ul>\n<p data-start=\"1663\" data-end=\"1704\"><strong data-start=\"1663\" data-end=\"1704\">Un pasto a scuola pu\u00f2 cambiare tutto.<\/strong><\/p>\n<hr data-start=\"1706\" data-end=\"1709\" \/>\n<h2 data-start=\"1711\" data-end=\"1765\">Nutrire i bambini per consentire loro di imparare<\/h2>\n<p data-start=\"1767\" data-end=\"1927\">L'obiettivo della nostra azione \u00e8 semplice:<br data-start=\"1806\" data-end=\"1809\" \/>\ud83d\udc49 <strong data-start=\"1812\" data-end=\"1868\">garantire i pasti ai bambini che frequentano la scuola ad Antsirab\u00e9<\/strong>, affinch\u00e9 possano imparare in condizioni ottimali.<\/p>\n<p data-start=\"1929\" data-end=\"1956\">Gli aiuti alimentari consentono di:<\/p>\n<ul data-start=\"1957\" data-end=\"2133\">\n<li data-start=\"1957\" data-end=\"2000\">\n<p data-start=\"1959\" data-end=\"2000\">migliorare la concentrazione in classe,<\/p>\n<\/li>\n<li data-start=\"2001\" data-end=\"2048\">\n<p data-start=\"2003\" data-end=\"2048\">combattere la malnutrizione infantile,<\/p>\n<\/li>\n<li data-start=\"2049\" data-end=\"2087\">\n<p data-start=\"2051\" data-end=\"2087\">favorire la frequenza scolastica,<\/p>\n<\/li>\n<li data-start=\"2088\" data-end=\"2133\">\n<p data-start=\"2090\" data-end=\"2133\">alleviare le famiglie pi\u00f9 bisognose.<\/p>\n<\/li>\n<\/ul>\n<p data-start=\"2135\" data-end=\"2207\">Un bambino che mangia a scuola ha <strong data-start=\"2167\" data-end=\"2206\">maggiori possibilit\u00e0 di rimanere a scuola<\/strong>.<\/p>\n<hr data-start=\"2209\" data-end=\"2212\" \/>\n<h2 data-start=\"2214\" data-end=\"2277\">A cosa serve concretamente la tua donazione per gli aiuti alimentari?<\/h2>\n<p data-start=\"2279\" data-end=\"2349\">Ogni donazione viene utilizzata <strong data-start=\"2302\" data-end=\"2348\">in via prioritaria per l'alimentazione dei bambini<\/strong>.<\/p>\n<p data-start=\"2351\" data-end=\"2383\">Il vostro sostegno permette in particolare:<\/p>\n<ul data-start=\"2384\" data-end=\"2601\">\n<li data-start=\"2384\" data-end=\"2428\">\n<p data-start=\"2386\" data-end=\"2428\">l'acquisto di prodotti alimentari locali,<\/p>\n<\/li>\n<li data-start=\"2429\" data-end=\"2468\">\n<p data-start=\"2431\" data-end=\"2468\">la preparazione dei pasti scolastici,<\/p>\n<\/li>\n<li data-start=\"2469\" data-end=\"2534\">\n<p data-start=\"2471\" data-end=\"2534\">la continuit\u00e0 della mensa durante tutto l'anno scolastico,<\/p>\n<\/li>\n<li data-start=\"2535\" data-end=\"2601\">\n<p data-start=\"2537\" data-end=\"2601\">garantire i pasti ai bambini pi\u00f9 vulnerabili.<\/p>\n<\/li>\n<\/ul>\n<p data-start=\"2603\" data-end=\"2667\"><strong data-start=\"2603\" data-end=\"2667\">La tua donazione diventa un pasto.<br data-start=\"2632\" data-end=\"2635\" \/>Il tuo pasto diventa un futuro.<\/strong><\/p>\n<p data-start=\"2669\" data-end=\"2726\"><a href=\"https:\/\/helpinghands.fr\/faire-un-don\/\">\ud83d\udc49 <strong data-start=\"2672\" data-end=\"2726\">Faccio una donazione per gli aiuti alimentari ad Antsirab\u00e9<\/strong><\/a><\/p>\n<hr data-start=\"2728\" data-end=\"2731\" \/>\n<h2 data-start=\"2733\" data-end=\"2775\">Quanto donare per aiutare i bambini?<\/h2>\n<p data-start=\"2777\" data-end=\"2886\">Puoi fare un <strong data-start=\"2798\" data-end=\"2811\">offerta libera<\/strong>, secondo le vostre possibilit\u00e0.<br data-start=\"2830\" data-end=\"2833\" \/>Ecco alcuni punti di riferimento per visualizzare il vostro impatto:<\/p>\n<ul data-start=\"2888\" data-end=\"3108\">\n<li data-start=\"2888\" data-end=\"2937\">\n<p data-start=\"2890\" data-end=\"2937\"><strong data-start=\"2890\" data-end=\"2898\">10 \u20ac<\/strong> \u2192 partecipazione agli aiuti alimentari<\/p>\n<\/li>\n<li data-start=\"2938\" data-end=\"2990\">\n<p data-start=\"2940\" data-end=\"2990\"><strong data-start=\"2940\" data-end=\"2948\">25 \u20ac<\/strong> \u2192 sostegno per i pasti per diversi giorni<\/p>\n<\/li>\n<li data-start=\"2991\" data-end=\"3051\">\n<p data-start=\"2993\" data-end=\"3051\"><strong data-start=\"2993\" data-end=\"3001\">50 \u20ac<\/strong> \u2192 contributo importante per un gruppo di bambini<\/p>\n<\/li>\n<li data-start=\"3052\" data-end=\"3108\">\n<p data-start=\"3054\" data-end=\"3108\"><strong data-start=\"3054\" data-end=\"3071\">100 \u20ac e oltre<\/strong> \u2192 Aiuto sostenibile alla mensa scolastica<\/p>\n<\/li>\n<\/ul>\n<p data-start=\"3110\" data-end=\"3176\">Ogni donazione, anche modesta, ha un impatto reale sulla vita dei bambini.<\/p>\n<hr data-start=\"3178\" data-end=\"3181\" \/>\n<h2 data-start=\"3183\" data-end=\"3239\">Aiuti alimentari e istruzione: un legame indissolubile<\/h2>\n<p data-start=\"3241\" data-end=\"3357\">L'aiuto alimentare non \u00e8 un'azione isolata.<br data-start=\"3288\" data-end=\"3291\" \/>Si inserisce in un approccio globale di sostegno all'istruzione.<\/p>\n<p data-start=\"3359\" data-end=\"3372\">Ad Antsirab\u00e9:<\/p>\n<ul data-start=\"3373\" data-end=\"3499\">\n<li data-start=\"3373\" data-end=\"3401\">\n<p data-start=\"3375\" data-end=\"3401\">mangiare permette di imparare,<\/p>\n<\/li>\n<li data-start=\"3402\" data-end=\"3446\">\n<p data-start=\"3404\" data-end=\"3446\">imparare permette di uscire dalla povert\u00e0,<\/p>\n<\/li>\n<li data-start=\"3447\" data-end=\"3499\">\n<p data-start=\"3449\" data-end=\"3499\">La scuola diventa un luogo di protezione e speranza.<\/p>\n<\/li>\n<\/ul>\n<p data-start=\"3501\" data-end=\"3592\"><strong data-start=\"3501\" data-end=\"3548\">Sostenendo l'aiuto alimentare ai bambini<\/strong>, agite direttamente per il loro futuro.<\/p>\n<hr data-start=\"3594\" data-end=\"3597\" \/>\n<h2 data-start=\"3599\" data-end=\"3651\">Fai una donazione per gli aiuti alimentari in Madagascar<\/h2>\n<p data-start=\"3653\" data-end=\"3690\">Fare una donazione \u00e8 semplice e sicuro:<\/p>\n<ul data-start=\"3692\" data-end=\"3817\">\n<li data-start=\"3692\" data-end=\"3708\">\n<p data-start=\"3694\" data-end=\"3708\">Donazione online<\/p>\n<\/li>\n<li data-start=\"3709\" data-end=\"3730\">\n<p data-start=\"3711\" data-end=\"3730\">Bonifico bancario<\/p>\n<\/li>\n<li data-start=\"3731\" data-end=\"3780\">\n<p data-start=\"3733\" data-end=\"3780\">Donazione regolare (mensile) per un impatto duraturo<\/p>\n<\/li>\n<li data-start=\"3781\" data-end=\"3817\">\n<p data-start=\"3783\" data-end=\"3817\">Donazione aziendale \/ mecenatismo solidale<\/p>\n<\/li>\n<\/ul>\n<p data-start=\"3819\" data-end=\"3886\"><a href=\"https:\/\/helpinghands.fr\/faire-un-don\/\">\ud83d\udc49 <strong data-start=\"3822\" data-end=\"3886\">Fai una donazione per sfamare i bambini della scuola di Antsirab\u00e9<\/strong><\/a><\/p>\n<hr data-start=\"3888\" data-end=\"3891\" \/>\n<h2 data-start=\"3893\" data-end=\"3921\">Trasparenza e fiducia<\/h2>\n<p data-start=\"3923\" data-end=\"4011\">Helping Hands si impegna a <strong data-start=\"3952\" data-end=\"3990\">gestione rigorosa e trasparente<\/strong> dei fondi raccolti.<\/p>\n<p data-start=\"4013\" data-end=\"4044\">Condividiamo regolarmente:<\/p>\n<ul data-start=\"4045\" data-end=\"4176\">\n<li data-start=\"4045\" data-end=\"4074\">\n<p data-start=\"4047\" data-end=\"4074\">notizie dal campo,<\/p>\n<\/li>\n<li data-start=\"4075\" data-end=\"4109\">\n<p data-start=\"4077\" data-end=\"4109\">foto delle azioni intraprese,<\/p>\n<\/li>\n<li data-start=\"4110\" data-end=\"4136\">\n<p data-start=\"4112\" data-end=\"4136\">bilanci di attivit\u00e0,<\/p>\n<\/li>\n<li data-start=\"4137\" data-end=\"4176\">\n<p data-start=\"4139\" data-end=\"4176\">l'evoluzione delle esigenze alimentari.<\/p>\n<\/li>\n<\/ul>\n<p data-start=\"4178\" data-end=\"4247\">La vostra fiducia \u00e8 fondamentale.<br data-start=\"4210\" data-end=\"4213\" \/>La vostra generosit\u00e0 merita chiarezza.<\/p>\n<hr data-start=\"4249\" data-end=\"4252\" \/>\n<h2 data-start=\"4254\" data-end=\"4316\">Domande frequenti \u2013 Aiuti alimentari Antsirab\u00e9 Madagascar<\/h2>\n<h3 data-start=\"4318\" data-end=\"4374\">Perch\u00e9 sostenere gli aiuti alimentari ad Antsirab\u00e9?<\/h3>\n<p data-start=\"4375\" data-end=\"4454\">Perch\u00e9 la fame impedisce ai bambini di imparare e mette in pericolo il loro futuro.<\/p>\n<h3 data-start=\"4456\" data-end=\"4500\">La mia donazione aiuta davvero i bambini?<\/h3>\n<p data-start=\"4501\" data-end=\"4581\">S\u00ec. I fondi sono destinati in via prioritaria al vitto e alla mensa scolastica.<\/p>\n<h3 data-start=\"4583\" data-end=\"4618\">Posso fare una donazione regolare?<\/h3>\n<p data-start=\"4619\" data-end=\"4681\">S\u00ec. La donazione mensile permette di garantire i pasti nel tempo.<\/p>\n<h3 data-start=\"4683\" data-end=\"4726\">Posso aiutare in altro modo oltre che con una donazione?<\/h3>\n<p data-start=\"4727\" data-end=\"4811\">S\u00ec. Puoi anche condividere questa pagina o parlare della nostra iniziativa con i tuoi conoscenti.<\/p>\n<hr data-start=\"4813\" data-end=\"4816\" \/>\n<h2 data-start=\"4818\" data-end=\"4875\">Insieme, nutriamo il futuro dei bambini di Antsirab\u00e9<\/h2>\n<p data-start=\"4877\" data-end=\"4982\">Facendo una donazione per gli aiuti alimentari ad Antsirab\u00e9 (Madagascar),<br data-start=\"4944\" data-end=\"4947\" \/>offrite molto pi\u00f9 di un semplice pasto:<\/p>\n<p data-start=\"4984\" data-end=\"5080\">\ud83d\udc49 offrite energia,<br data-start=\"5012\" data-end=\"5015\" \/>\ud83d\udc49 dignit\u00e0,<br data-start=\"5032\" data-end=\"5035\" \/>\ud83d\udc49 e una reale possibilit\u00e0 di avere successo a scuola.<\/p>\n<p data-start=\"5082\" data-end=\"5101\"><strong data-start=\"5082\" data-end=\"5101\">Grazie per loro.<\/strong><\/p>\n<p data-start=\"5103\" data-end=\"5160\">\ud83d\udc49 <a href=\"https:\/\/helpinghands.fr\/faire-un-don\/\"><strong data-start=\"5106\" data-end=\"5160\">Faccio una donazione per sfamare i bambini adesso.<\/strong><\/a><\/p>","protected":false},"excerpt":{"rendered":"<p>\u00c0 Antsirab\u00e9, \u00e0 Madagascar, de nombreux enfants vont \u00e0 l\u2019\u00e9cole le ventre vide.La faim est l\u2019un des premiers obstacles \u00e0 la scolarisation, \u00e0 la concentration et \u00e0 la r\u00e9ussite scolaire. Gr\u00e2ce \u00e0 votre don pour l\u2019aide alimentaire des enfants \u00e0 Antsirab\u00e9, vous contribuez directement \u00e0 financer des repas r\u00e9guliers pour les \u00e9l\u00e8ves de l\u2019\u00e9cole soutenue [&hellip;]<\/p>\n","protected":false},"author":2,"featured_media":1627,"parent":0,"menu_order":24,"comment_status":"closed","ping_status":"closed","template":"","meta":{"give_campaign_id":0,"footnotes":""},"class_list":["post-1721","page","type-page","status-publish","has-post-thumbnail","hentry"],"blocksy_meta":[],"yoast_head":"<!-- This site is optimized with the Yoast SEO plugin v27.3 - https:\/\/yoast.com\/product\/yoast-seo-wordpress\/ -->\n<title>Aide alimentaire enfants Antsirab\u00e9 Madagascar | Faire un don<\/title>\n<meta name=\"description\" content=\"Soutenez l\u2019aide alimentaire des enfants de l\u2019\u00e9cole d\u2019Antsirab\u00e9 \u00e0 Madagascar. Votre don finance des repas et leur scolarit\u00e9.\" \/>\n<meta name=\"robots\" content=\"index, follow, max-snippet:-1, max-image-preview:large, max-video-preview:-1\" \/>\n<link rel=\"canonical\" href=\"https:\/\/helpinghands.fr\/it\/aiuto-alimentare-antsirabe\/\" \/>\n<meta property=\"og:locale\" content=\"it_IT\" \/>\n<meta property=\"og:type\" content=\"article\" \/>\n<meta property=\"og:title\" content=\"Aide alimentaire enfants Antsirab\u00e9 Madagascar | Faire un don\" \/>\n<meta property=\"og:description\" content=\"Soutenez l\u2019aide alimentaire des enfants de l\u2019\u00e9cole d\u2019Antsirab\u00e9 \u00e0 Madagascar. Votre don finance des repas et leur scolarit\u00e9.\" \/>\n<meta property=\"og:url\" content=\"https:\/\/helpinghands.fr\/it\/aiuto-alimentare-antsirabe\/\" \/>\n<meta property=\"og:site_name\" content=\"Helping Hands\" \/>\n<meta property=\"article:modified_time\" content=\"2025-12-28T15:48:13+00:00\" \/>\n<meta property=\"og:image\" content=\"https:\/\/helpinghands.fr\/wp-content\/uploads\/2025\/10\/WhatsApp-Image-2025-10-23-at-12.15.24-4.jpeg\" \/>\n\t<meta property=\"og:image:width\" content=\"960\" \/>\n\t<meta property=\"og:image:height\" content=\"1280\" \/>\n\t<meta property=\"og:image:type\" content=\"image\/jpeg\" \/>\n<meta name=\"twitter:card\" content=\"summary_large_image\" \/>\n<meta name=\"twitter:label1\" content=\"Tempo di lettura stimato\" \/>\n\t<meta name=\"twitter:data1\" content=\"4 minuti\" \/>\n<script type=\"application\/ld+json\" class=\"yoast-schema-graph\">{\"@context\":\"https:\\\/\\\/schema.org\",\"@graph\":[{\"@type\":\"WebPage\",\"@id\":\"https:\\\/\\\/helpinghands.fr\\\/aide-alimentaire-antsirabe\\\/\",\"url\":\"https:\\\/\\\/helpinghands.fr\\\/aide-alimentaire-antsirabe\\\/\",\"name\":\"Aide alimentaire enfants Antsirab\u00e9 Madagascar | Faire un don\",\"isPartOf\":{\"@id\":\"https:\\\/\\\/helpinghands.fr\\\/#website\"},\"primaryImageOfPage\":{\"@id\":\"https:\\\/\\\/helpinghands.fr\\\/aide-alimentaire-antsirabe\\\/#primaryimage\"},\"image\":{\"@id\":\"https:\\\/\\\/helpinghands.fr\\\/aide-alimentaire-antsirabe\\\/#primaryimage\"},\"thumbnailUrl\":\"https:\\\/\\\/helpinghands.fr\\\/wp-content\\\/uploads\\\/2025\\\/10\\\/WhatsApp-Image-2025-10-23-at-12.15.24-4.jpeg\",\"datePublished\":\"2025-12-28T14:41:50+00:00\",\"dateModified\":\"2025-12-28T15:48:13+00:00\",\"description\":\"Soutenez l\u2019aide alimentaire des enfants de l\u2019\u00e9cole d\u2019Antsirab\u00e9 \u00e0 Madagascar. Votre don finance des repas et leur scolarit\u00e9.\",\"breadcrumb\":{\"@id\":\"https:\\\/\\\/helpinghands.fr\\\/aide-alimentaire-antsirabe\\\/#breadcrumb\"},\"inLanguage\":\"it-IT\",\"potentialAction\":[{\"@type\":\"ReadAction\",\"target\":[\"https:\\\/\\\/helpinghands.fr\\\/aide-alimentaire-antsirabe\\\/\"]}]},{\"@type\":\"ImageObject\",\"inLanguage\":\"it-IT\",\"@id\":\"https:\\\/\\\/helpinghands.fr\\\/aide-alimentaire-antsirabe\\\/#primaryimage\",\"url\":\"https:\\\/\\\/helpinghands.fr\\\/wp-content\\\/uploads\\\/2025\\\/10\\\/WhatsApp-Image-2025-10-23-at-12.15.24-4.jpeg\",\"contentUrl\":\"https:\\\/\\\/helpinghands.fr\\\/wp-content\\\/uploads\\\/2025\\\/10\\\/WhatsApp-Image-2025-10-23-at-12.15.24-4.jpeg\",\"width\":960,\"height\":1280,\"caption\":\"Gr\u00e2ce \u00e0 l\u2019aide alimentaire scolaire \u00e0 Antsirab\u00e9 (Madagascar), ces enfants peuvent apprendre le ventre plein. Chaque don se transforme en repas.\"},{\"@type\":\"BreadcrumbList\",\"@id\":\"https:\\\/\\\/helpinghands.fr\\\/aide-alimentaire-antsirabe\\\/#breadcrumb\",\"itemListElement\":[{\"@type\":\"ListItem\",\"position\":1,\"name\":\"Accueil\",\"item\":\"https:\\\/\\\/helpinghands.fr\\\/\"},{\"@type\":\"ListItem\",\"position\":2,\"name\":\"Offrir une aide alimentaire aux enfants de l\u2019\u00e9cole d\u2019Antsirab\u00e9 (Madagascar)\"}]},{\"@type\":\"WebSite\",\"@id\":\"https:\\\/\\\/helpinghands.fr\\\/#website\",\"url\":\"https:\\\/\\\/helpinghands.fr\\\/\",\"name\":\"Helping Hands\",\"description\":\"\",\"potentialAction\":[{\"@type\":\"SearchAction\",\"target\":{\"@type\":\"EntryPoint\",\"urlTemplate\":\"https:\\\/\\\/helpinghands.fr\\\/?s={search_term_string}\"},\"query-input\":{\"@type\":\"PropertyValueSpecification\",\"valueRequired\":true,\"valueName\":\"search_term_string\"}}],\"inLanguage\":\"it-IT\"}]}<\/script>\n<!-- \/ Yoast SEO plugin. -->","yoast_head_json":{"title":"Aiuto alimentare per i bambini di Antsirab\u00e9, Madagascar | Fai una donazione","description":"Sostenete l'aiuto alimentare ai bambini della scuola di Antsirab\u00e9 in Madagascar. La vostra donazione finanzia i pasti e la loro istruzione.","robots":{"index":"index","follow":"follow","max-snippet":"max-snippet:-1","max-image-preview":"max-image-preview:large","max-video-preview":"max-video-preview:-1"},"canonical":"https:\/\/helpinghands.fr\/it\/aiuto-alimentare-antsirabe\/","og_locale":"it_IT","og_type":"article","og_title":"Aide alimentaire enfants Antsirab\u00e9 Madagascar | Faire un don","og_description":"Soutenez l\u2019aide alimentaire des enfants de l\u2019\u00e9cole d\u2019Antsirab\u00e9 \u00e0 Madagascar. Votre don finance des repas et leur scolarit\u00e9.","og_url":"https:\/\/helpinghands.fr\/it\/aiuto-alimentare-antsirabe\/","og_site_name":"Helping Hands","article_modified_time":"2025-12-28T15:48:13+00:00","og_image":[{"width":960,"height":1280,"url":"https:\/\/helpinghands.fr\/wp-content\/uploads\/2025\/10\/WhatsApp-Image-2025-10-23-at-12.15.24-4.jpeg","type":"image\/jpeg"}],"twitter_card":"summary_large_image","twitter_misc":{"Tempo di lettura stimato":"4 minuti"},"schema":{"@context":"https:\/\/schema.org","@graph":[{"@type":"WebPage","@id":"https:\/\/helpinghands.fr\/aide-alimentaire-antsirabe\/","url":"https:\/\/helpinghands.fr\/aide-alimentaire-antsirabe\/","name":"Aiuto alimentare per i bambini di Antsirab\u00e9, Madagascar | Fai una donazione","isPartOf":{"@id":"https:\/\/helpinghands.fr\/#website"},"primaryImageOfPage":{"@id":"https:\/\/helpinghands.fr\/aide-alimentaire-antsirabe\/#primaryimage"},"image":{"@id":"https:\/\/helpinghands.fr\/aide-alimentaire-antsirabe\/#primaryimage"},"thumbnailUrl":"https:\/\/helpinghands.fr\/wp-content\/uploads\/2025\/10\/WhatsApp-Image-2025-10-23-at-12.15.24-4.jpeg","datePublished":"2025-12-28T14:41:50+00:00","dateModified":"2025-12-28T15:48:13+00:00","description":"Sostenete l'aiuto alimentare ai bambini della scuola di Antsirab\u00e9 in Madagascar. La vostra donazione finanzia i pasti e la loro istruzione.","breadcrumb":{"@id":"https:\/\/helpinghands.fr\/aide-alimentaire-antsirabe\/#breadcrumb"},"inLanguage":"it-IT","potentialAction":[{"@type":"ReadAction","target":["https:\/\/helpinghands.fr\/aide-alimentaire-antsirabe\/"]}]},{"@type":"ImageObject","inLanguage":"it-IT","@id":"https:\/\/helpinghands.fr\/aide-alimentaire-antsirabe\/#primaryimage","url":"https:\/\/helpinghands.fr\/wp-content\/uploads\/2025\/10\/WhatsApp-Image-2025-10-23-at-12.15.24-4.jpeg","contentUrl":"https:\/\/helpinghands.fr\/wp-content\/uploads\/2025\/10\/WhatsApp-Image-2025-10-23-at-12.15.24-4.jpeg","width":960,"height":1280,"caption":"Gr\u00e2ce \u00e0 l\u2019aide alimentaire scolaire \u00e0 Antsirab\u00e9 (Madagascar), ces enfants peuvent apprendre le ventre plein. Chaque don se transforme en repas."},{"@type":"BreadcrumbList","@id":"https:\/\/helpinghands.fr\/aide-alimentaire-antsirabe\/#breadcrumb","itemListElement":[{"@type":"ListItem","position":1,"name":"Accueil","item":"https:\/\/helpinghands.fr\/"},{"@type":"ListItem","position":2,"name":"Offrir une aide alimentaire aux enfants de l\u2019\u00e9cole d\u2019Antsirab\u00e9 (Madagascar)"}]},{"@type":"WebSite","@id":"https:\/\/helpinghands.fr\/#website","url":"https:\/\/helpinghands.fr\/","name":"Helping Hands","description":"","potentialAction":[{"@type":"SearchAction","target":{"@type":"EntryPoint","urlTemplate":"https:\/\/helpinghands.fr\/?s={search_term_string}"},"query-input":{"@type":"PropertyValueSpecification","valueRequired":true,"valueName":"search_term_string"}}],"inLanguage":"it-IT"}]}},"campaignId":"","_links":{"self":[{"href":"https:\/\/helpinghands.fr\/it\/wp-json\/wp\/v2\/pages\/1721","targetHints":{"allow":["GET"]}}],"collection":[{"href":"https:\/\/helpinghands.fr\/it\/wp-json\/wp\/v2\/pages"}],"about":[{"href":"https:\/\/helpinghands.fr\/it\/wp-json\/wp\/v2\/types\/page"}],"author":[{"embeddable":true,"href":"https:\/\/helpinghands.fr\/it\/wp-json\/wp\/v2\/users\/2"}],"replies":[{"embeddable":true,"href":"https:\/\/helpinghands.fr\/it\/wp-json\/wp\/v2\/comments?post=1721"}],"version-history":[{"count":4,"href":"https:\/\/helpinghands.fr\/it\/wp-json\/wp\/v2\/pages\/1721\/revisions"}],"predecessor-version":[{"id":1727,"href":"https:\/\/helpinghands.fr\/it\/wp-json\/wp\/v2\/pages\/1721\/revisions\/1727"}],"wp:featuredmedia":[{"embeddable":true,"href":"https:\/\/helpinghands.fr\/it\/wp-json\/wp\/v2\/media\/1627"}],"wp:attachment":[{"href":"https:\/\/helpinghands.fr\/it\/wp-json\/wp\/v2\/media?parent=1721"}],"curies":[{"name":"wp","href":"https:\/\/api.w.org\/{rel}","templated":true}]}}