{"id":1728,"date":"2025-12-28T21:27:35","date_gmt":"2025-12-28T20:27:35","guid":{"rendered":"https:\/\/helpinghands.fr\/?page_id=1728"},"modified":"2025-12-28T21:37:25","modified_gmt":"2025-12-28T20:37:25","slug":"aiuto-alimentare-per-i-bambini","status":"publish","type":"page","link":"https:\/\/helpinghands.fr\/it\/aide-alimentaire-enfants\/","title":{"rendered":"Aiuto alimentare per i bambini: nutrire, proteggere, costruire il futuro"},"content":{"rendered":"<h2 style=\"text-align: center;\" data-start=\"753\" data-end=\"830\"><\/h2>\n<figure id=\"attachment_1730\" aria-describedby=\"caption-attachment-1730\" style=\"width: 829px\" class=\"wp-caption aligncenter\"><img fetchpriority=\"high\" decoding=\"async\" class=\"size-full wp-image-1730\" src=\"https:\/\/helpinghands.fr\/wp-content\/uploads\/2025\/12\/Screenshot-2023-06-16-160010-1.png\" alt=\"Pasti scolastici per i bambini del Madagascar sostenuti da un&#039;azione di aiuto alimentare\" width=\"829\" height=\"533\" srcset=\"https:\/\/helpinghands.fr\/wp-content\/uploads\/2025\/12\/Screenshot-2023-06-16-160010-1.png 829w, https:\/\/helpinghands.fr\/wp-content\/uploads\/2025\/12\/Screenshot-2023-06-16-160010-1-300x193.png 300w, https:\/\/helpinghands.fr\/wp-content\/uploads\/2025\/12\/Screenshot-2023-06-16-160010-1-768x494.png 768w, https:\/\/helpinghands.fr\/wp-content\/uploads\/2025\/12\/Screenshot-2023-06-16-160010-1-18x12.png 18w\" sizes=\"(max-width: 829px) 100vw, 829px\" \/><figcaption id=\"caption-attachment-1730\" class=\"wp-caption-text\">In Madagascar, un pasto scolastico quotidiano favorisce la salute e l'apprendimento dei bambini. \u00a9 World Food Programme (WFP)<\/figcaption><\/figure>\n<p data-start=\"832\" data-end=\"1187\">\ud83c\udf7d\ufe0f L\u2019<strong data-start=\"838\" data-end=\"875\">aiuto alimentare per i bambini<\/strong> costituisce oggi una delle principali emergenze umanitarie nel mondo. Milioni di bambini crescono senza avere accesso regolare a un'alimentazione sufficiente, sana ed equilibrata. Di conseguenza, la fame indebolisce la loro salute, limita la loro capacit\u00e0 di apprendimento e compromette in modo duraturo il loro futuro.<\/p>\n<p data-start=\"1189\" data-end=\"1452\">Inoltre, la fame non si riduce alla semplice \u201cmancanza di cibo\u201d. Provoca anche carenze, stanchezza, infezioni ricorrenti e una grande fragilit\u00e0 emotiva. Pertanto, ogni pasto distribuito protegge un bambino oggi... e aumenta le sue possibilit\u00e0 domani.<\/p>\n<hr data-start=\"1454\" data-end=\"1457\" \/>\n<h2 data-start=\"1459\" data-end=\"1504\">Comprendere la fame infantile nel mondo<\/h2>\n<p data-start=\"1506\" data-end=\"2004\">\ud83c\udf0d A livello mondiale, la situazione rimane allarmante. Secondo i dati internazionali, pi\u00f9 di <strong data-start=\"1604\" data-end=\"1675\">148 milioni di bambini soffrono di ritardi nella crescita legati alla<\/strong> <a class=\"decorated-link\" href=\"https:\/\/data.unicef.org\/topic\/nutrition\/malnutrition\/?utm_source=chatgpt.com\" target=\"_new\" rel=\"noopener\" data-start=\"1676\" data-end=\"1759\"><strong data-start=\"1677\" data-end=\"1703\">malnutrizione infantile<\/strong><\/a>. Inoltre, circa <strong data-start=\"1778\" data-end=\"1803\">45 milioni di bambini<\/strong> soffrono di malnutrizione acuta, una forma grave che mette direttamente in pericolo la loro vita. In altre parole, la fame infantile rimane uno dei principali fattori di vulnerabilit\u00e0 nei bambini di et\u00e0 inferiore ai cinque anni.<\/p>\n<p data-start=\"2006\" data-end=\"2438\">In secondo luogo, alcuni paesi sono colpiti in modo sproporzionato da questa crisi. Ad esempio, in <strong data-start=\"2099\" data-end=\"2107\">India<\/strong>, decine di milioni di bambini presentano un ritardo nella crescita. Allo stesso modo, nel <strong data-start=\"2192\" data-end=\"2203\">Nigeria<\/strong> e in <strong data-start=\"2210\" data-end=\"2217\">RDC<\/strong>, le crisi prolungate espongono intere famiglie all'insicurezza alimentare. In questi contesti, un'azione semplice fa davvero la differenza: offrire pasti regolari, stabilizzando cos\u00ec la salute e la scolarizzazione.<\/p>\n<hr data-start=\"2440\" data-end=\"2443\" \/>\n<h2 data-start=\"2445\" data-end=\"2495\">Madagascar: un'emergenza nutrizionale duratura<\/h2>\n<p data-start=\"2497\" data-end=\"2818\">\ud83c\uddf2\ud83c\uddec <strong data-start=\"2502\" data-end=\"2516\">Madagascar<\/strong> \u00e8 uno dei paesi pi\u00f9 colpiti dalla fame infantile. Il paese \u00e8 infatti afflitto da ripetute siccit\u00e0, cicloni, povert\u00e0 strutturale e fragilit\u00e0 dei sistemi alimentari. Di conseguenza, le regioni del Grande Sud, del Sud-Est e alcune zone degli Altipiani continuano a essere gravemente colpite.<\/p>\n<p data-start=\"2820\" data-end=\"3362\">\ud83d\udcca I dati recenti confermano l'urgenza. Secondo le analisi dell\u2019<a class=\"decorated-link\" href=\"https:\/\/www.ipcinfo.org\/ipc-country-analysis\/en\/?country=MDG&amp;utm_source=chatgpt.com\" target=\"_new\" rel=\"noopener\" data-start=\"2890\" data-end=\"2968\">IPC Madagascar<\/a>, circa <strong data-start=\"2978\" data-end=\"3009\">357.900 bambini (6-59 mesi)<\/strong> soffrono o rischiano di soffrire di <strong data-start=\"3047\" data-end=\"3069\">malnutrizione acuta<\/strong>, di cui oltre <strong data-start=\"3084\" data-end=\"3102\">83.000 bambini<\/strong> in <strong data-start=\"3106\" data-end=\"3135\">malnutrizione acuta grave<\/strong>. Inoltre, l'IPC segnala <strong data-start=\"3160\" data-end=\"3194\">pi\u00f9 di un milione di persone<\/strong> in <strong data-start=\"3198\" data-end=\"3230\">insicurezza alimentare acuta<\/strong> nelle zone analizzate. In altre parole, la fame in Madagascar non \u00e8 una crisi temporanea: \u00e8 destinata a protrarsi nel tempo.<\/p>\n<p data-start=\"3364\" data-end=\"3532\">\ud83c\udf92 Tuttavia, un pasto cambia tutto. Innanzitutto, un bambino che mangia meglio si ammala meno. Inoltre, \u00e8 pi\u00f9 concentrato. Infine, frequenta la scuola con maggiore regolarit\u00e0.<\/p>\n<hr data-start=\"3534\" data-end=\"3537\" \/>\n<h2 data-start=\"3539\" data-end=\"3598\">I pasti scolastici: una soluzione efficace e misurabile<\/h2>\n<p data-start=\"3600\" data-end=\"3871\">\ud83c\udf92 I <a class=\"decorated-link\" href=\"https:\/\/www.wfp.org\/school-meals\" target=\"_new\" rel=\"noopener\" data-start=\"3607\" data-end=\"3662\"><strong data-start=\"3608\" data-end=\"3627\">pasti scolastici<\/strong><\/a> sono tra le risposte pi\u00f9 efficaci. Infatti, stabilizzano la frequenza scolastica e danno un sollievo diretto alle famiglie. Inoltre, danno ai bambini l'energia necessaria per imparare.<\/p>\n<p data-start=\"3873\" data-end=\"4156\">In Madagascar, i programmi sostenuti dal Programma alimentare mondiale hanno permesso di fornire pasti a <strong data-start=\"3982\" data-end=\"4009\">oltre 385.000 bambini<\/strong> in <strong data-start=\"4015\" data-end=\"4049\">oltre 1.200 scuole pubbliche<\/strong>. In questo modo, il pasto scolastico diventa una vera e propria \u201crete di sicurezza\u201d per il bambino e per tutta la famiglia.<\/p>\n<hr data-start=\"4158\" data-end=\"4161\" \/>\n<h2 data-start=\"4163\" data-end=\"4238\">Helping Hands: la nostra azione di aiuto alimentare in Madagascar (Antsirab\u00e9)<\/h2>\n<p data-start=\"4240\" data-end=\"4564\">\ud83e\udd1d <strong data-start=\"4243\" data-end=\"4260\">Helping Hands<\/strong> agisce concretamente per l\u2019<strong data-start=\"4286\" data-end=\"4314\">aiuto alimentare per i bambini<\/strong>, con un approccio semplice: nutrire, proteggere e consentire l'apprendimento. Cos\u00ec, in Madagascar, in particolare intorno a\u2019<strong data-start=\"4428\" data-end=\"4441\">Antsirab\u00e9<\/strong>, sosteniamo iniziative alimentari volte a garantire almeno un pasto regolare ai bambini pi\u00f9 vulnerabili.<\/p>\n<p data-start=\"4566\" data-end=\"4814\">\ud83c\udf72 Privilegiamo pasti adatti all'et\u00e0 dei bambini e cerchiamo soluzioni realistiche. Inoltre, quando possibile, favoriamo l'acquisto di prodotti locali per sostenere l'economia locale e limitare le interruzioni di approvvigionamento.<\/p>\n<p data-start=\"4816\" data-end=\"5042\">\ud83d\udce6 Successivamente, organizziamo la logistica: trasporto delle derrate alimentari, stoccaggio, distribuzione e coordinamento locale. In altre parole, finanziamo il pasto... ma anche tutto ci\u00f2 che serve per metterlo nel piatto di un bambino.<\/p>\n<p data-start=\"5044\" data-end=\"5376\">\ud83d\udd0e Per seguire la nostra missione, puoi consultare la pagina <a class=\"decorated-link\" href=\"https:\/\/helpinghands.fr\/\" target=\"_new\" rel=\"noopener\" data-start=\"5100\" data-end=\"5141\">Helping Hands<\/a> e i nostri <a class=\"decorated-link cursor-pointer\" target=\"_new\" rel=\"noopener\" data-start=\"5149\" data-end=\"5212\">azioni realizzate<\/a>. Inoltre, pubblichiamo le nostre informazioni anche sulla pagina <a class=\"decorated-link cursor-pointer\" target=\"_new\" rel=\"noopener\" data-start=\"5277\" data-end=\"5375\">trasparenza finanziaria<\/a>.<\/p>\n<hr data-start=\"5378\" data-end=\"5381\" \/>\n<h2 data-start=\"5383\" data-end=\"5421\">Il costo reale di un pasto ad Antsirab\u00e9<\/h2>\n<p data-start=\"5423\" data-end=\"5708\">\ud83d\udca1 Mi hai chiesto di aggiungere il <strong data-start=\"5455\" data-end=\"5468\">costo effettivo<\/strong>. Ti propongo un blocco chiaro, \u201cpronto a convincere\u201d, con un calcolo semplice.<br data-start=\"5542\" data-end=\"5545\" \/>(Poich\u00e9 i prezzi variano a seconda della stagione e dell'approvvigionamento, lo scrivo in modo <strong data-start=\"5629\" data-end=\"5657\">trasparente e credibile<\/strong>, con una <strong data-start=\"5668\" data-end=\"5691\">forchetta realistica<\/strong> e un metodo.)<\/p>\n<p data-start=\"5710\" data-end=\"5954\">\ud83c\udf5b <strong data-start=\"5713\" data-end=\"5773\">Costo medio di un pasto completo per un bambino (Antsirab\u00e9)<\/strong><br data-start=\"5773\" data-end=\"5776\" \/>Un pasto comprende generalmente: una base energetica (riso\/pasta\/mais), una porzione di proteine (uova\/legumi\/pesce a seconda della disponibilit\u00e0), verdure e talvolta un frutto.<\/p>\n<p data-start=\"5956\" data-end=\"5997\">Ecco cosa comprende realmente un pasto:<\/p>\n<ul data-start=\"5999\" data-end=\"6230\">\n<li data-start=\"5999\" data-end=\"6039\">\n<p data-start=\"6001\" data-end=\"6039\">\ud83e\udd63 <strong data-start=\"6004\" data-end=\"6019\">Ingredienti<\/strong> : da 0,45 \u20ac a 0,85 \u20ac<\/p>\n<\/li>\n<li data-start=\"6040\" data-end=\"6096\">\n<p data-start=\"6042\" data-end=\"6096\">\ud83d\udd25 <strong data-start=\"6045\" data-end=\"6076\">Cottura (gas\/carbone) + acqua<\/strong> : da 0,05 \u20ac a 0,12 \u20ac<\/p>\n<\/li>\n<li data-start=\"6097\" data-end=\"6164\">\n<p data-start=\"6099\" data-end=\"6164\">\ud83d\udce6 <strong data-start=\"6102\" data-end=\"6144\">Logistica (trasporto\/stoccaggio\/perdite)<\/strong> : da 0,05 \u20ac a 0,15 \u20ac<\/p>\n<\/li>\n<li data-start=\"6165\" data-end=\"6230\">\n<p data-start=\"6167\" data-end=\"6230\">\ud83e\uddfc <strong data-start=\"6170\" data-end=\"6212\">Igiene di base (lavaggio, materiali di consumo)<\/strong> : da 0,02 \u20ac a 0,06 \u20ac<\/p>\n<\/li>\n<\/ul>\n<p data-start=\"6232\" data-end=\"6413\">\u2705 <strong data-start=\"6234\" data-end=\"6280\">Totale realistico per pasto: da 0,57 \u20ac a 1,18 \u20ac<\/strong><br data-start=\"6280\" data-end=\"6283\" \/>\ud83d\udc49 Per semplificare e comunicare in modo chiaro, utilizziamo un riferimento: <strong data-start=\"6355\" data-end=\"6372\">1 \u20ac = 1 pasto<\/strong> (obiettivo arrotondato, facile da comprendere).<\/p>\n<p data-start=\"6415\" data-end=\"6469\">\ud83d\udcc5 <strong data-start=\"6418\" data-end=\"6467\">Esempio di obiettivo mensile (mensa scolastica)<\/strong><\/p>\n<ul data-start=\"6470\" data-end=\"6619\">\n<li data-start=\"6470\" data-end=\"6528\">\n<p data-start=\"6472\" data-end=\"6528\">50 bambini \u00d7 20 giorni di scuola = <strong data-start=\"6504\" data-end=\"6526\">1.000 pasti al mese<\/strong><\/p>\n<\/li>\n<li data-start=\"6529\" data-end=\"6619\">\n<p data-start=\"6531\" data-end=\"6619\">A 1 \u20ac a pasto = <strong data-start=\"6549\" data-end=\"6567\">1.000 \u20ac al mese<\/strong> per garantire un pasto giornaliero durante un mese scolastico<\/p>\n<\/li>\n<\/ul>\n<p data-start=\"6621\" data-end=\"6796\">\ud83c\udfaf Questo obiettivo consente una comunicazione chiara: <strong data-start=\"6672\" data-end=\"6712\">\u201cCon 10 \u20ac finanzi 10 pasti.\u201d<\/strong><br data-start=\"6712\" data-end=\"6715\" \/>E soprattutto, rende l'impatto immediato: si vede esattamente il risultato della donazione.<\/p>\n<hr data-start=\"6798\" data-end=\"6801\" \/>\n<h2 data-start=\"6803\" data-end=\"6858\">Aiuti alimentari d'emergenza: quando \u00e8 necessario agire rapidamente<\/h2>\n<p data-start=\"6860\" data-end=\"7193\">\ud83d\udea8 In caso di crisi acute (cicloni, carestie, instabilit\u00e0 locale), mettiamo in atto un programma di aiuti alimentari d'emergenza. Innanzitutto, ci concentriamo sui bambini pi\u00f9 vulnerabili. Successivamente, distribuiamo pacchi alimentari o pasti pronti. Infine, aiutiamo le famiglie a stabilizzarsi in attesa che venga trovata una soluzione duratura.<\/p>\n<p data-start=\"7195\" data-end=\"7270\">In questo modo evitiamo che la situazione nutrizionale di un bambino peggiori.<\/p>\n<hr data-start=\"7272\" data-end=\"7275\" \/>\n<h2 data-start=\"7277\" data-end=\"7325\">Perch\u00e9 la tua donazione aiuta immediatamente un bambino<\/h2>\n<p data-start=\"7327\" data-end=\"7563\">\ud83d\udc9a Una donazione finanzia i pasti, ma non solo. Infatti, finanzia anche la logistica, la continuit\u00e0 e quindi la regolarit\u00e0. E la regolarit\u00e0 cambia tutto: un bambino ha bisogno di un pasto stabile, giorno dopo giorno, per ricostruirsi.<\/p>\n<p data-start=\"7565\" data-end=\"7762\">\ud83d\udc49 Puoi sostenere l'iniziativa adesso: <a class=\"decorated-link\" href=\"https:\/\/helpinghands.fr\/faire-un-don\/\" target=\"_new\" rel=\"noopener\" data-start=\"7607\" data-end=\"7664\"><strong data-start=\"7608\" data-end=\"7624\">fare una donazione<\/strong><\/a>.<br data-start=\"7665\" data-end=\"7668\" \/>Inoltre, puoi diffondere le nostre iniziative o organizzare una raccolta fondi. In questo modo, moltiplicherai l'impatto.<\/p>\n<hr data-start=\"7764\" data-end=\"7767\" \/>\n<h2 data-start=\"7769\" data-end=\"7801\">Trasparenza: dove vanno a finire i soldi<\/h2>\n<p data-start=\"7803\" data-end=\"8077\">\ud83d\udd0e Helping Hands garantisce una gestione trasparente. Pubblichiamo informazioni dettagliate sull'utilizzo delle donazioni e sulle azioni intraprese. A tal fine, consulta la nostra pagina <a class=\"decorated-link cursor-pointer\" target=\"_new\" rel=\"noopener\" data-start=\"7978\" data-end=\"8076\">trasparenza finanziaria<\/a>.<\/p>\n<hr data-start=\"8079\" data-end=\"8082\" \/>\n<h2 data-start=\"8084\" data-end=\"8130\">Insieme, combattiamo la fame infantile<\/h2>\n<p data-start=\"8132\" data-end=\"8454\">\u2728 L\u2019<strong data-start=\"8136\" data-end=\"8173\">aiuto alimentare per i bambini<\/strong> non \u00e8 un'opzione. Protegge la salute, rafforza la scuola e rid\u00e0 un futuro. In Madagascar come altrove, ogni pasto conta. Quindi, insieme, possiamo ridurre la fame infantile e offrire ai bambini le condizioni necessarie per crescere e imparare con dignit\u00e0.<\/p>\n<p data-start=\"8456\" data-end=\"8571\">\ud83d\udc49 <strong data-start=\"8459\" data-end=\"8512\">Agisci ora per l'aiuto alimentare ai bambini:<\/strong> <a class=\"decorated-link\" href=\"https:\/\/helpinghands.fr\/faire-un-don\/\" target=\"_new\" rel=\"noopener\" data-start=\"8513\" data-end=\"8570\"><strong data-start=\"8514\" data-end=\"8530\">fare una donazione<\/strong><\/a>.<\/p>","protected":false},"excerpt":{"rendered":"<p>\ud83c\udf7d\ufe0f L\u2019aide alimentaire pour les enfants constitue aujourd\u2019hui l\u2019une des urgences humanitaires majeures dans le monde. En effet, des millions d\u2019enfants grandissent sans acc\u00e8s r\u00e9gulier \u00e0 une alimentation suffisante, saine et \u00e9quilibr\u00e9e. Par cons\u00e9quent, la faim affaiblit leur sant\u00e9, limite leur capacit\u00e9 \u00e0 apprendre et compromet durablement leur avenir. De plus, la faim ne se [&hellip;]<\/p>\n","protected":false},"author":1,"featured_media":0,"parent":0,"menu_order":25,"comment_status":"closed","ping_status":"closed","template":"","meta":{"give_campaign_id":0,"footnotes":""},"class_list":["post-1728","page","type-page","status-publish","hentry"],"blocksy_meta":[],"yoast_head":"<!-- This site is optimized with the Yoast SEO plugin v27.3 - https:\/\/yoast.com\/product\/yoast-seo-wordpress\/ -->\n<title>Aide alimentaire pour les enfants | Helping Hands<\/title>\n<meta name=\"description\" content=\"Soutenez l\u2019aide alimentaire pour les enfants : repas scolaires, aide d\u2019urgence et actions \u00e0 Madagascar pour lutter contre la faim infantile.\" \/>\n<meta name=\"robots\" content=\"index, follow, max-snippet:-1, max-image-preview:large, max-video-preview:-1\" \/>\n<link rel=\"canonical\" href=\"https:\/\/helpinghands.fr\/it\/aiuto-alimentare-per-i-bambini\/\" \/>\n<meta property=\"og:locale\" content=\"it_IT\" \/>\n<meta property=\"og:type\" content=\"article\" \/>\n<meta property=\"og:title\" content=\"Aide alimentaire pour les enfants | Helping Hands\" \/>\n<meta property=\"og:description\" content=\"Soutenez l\u2019aide alimentaire pour les enfants : repas scolaires, aide d\u2019urgence et actions \u00e0 Madagascar pour lutter contre la faim infantile.\" \/>\n<meta property=\"og:url\" content=\"https:\/\/helpinghands.fr\/it\/aiuto-alimentare-per-i-bambini\/\" \/>\n<meta property=\"og:site_name\" content=\"Helping Hands\" \/>\n<meta property=\"article:modified_time\" content=\"2025-12-28T20:37:25+00:00\" \/>\n<meta property=\"og:image\" content=\"https:\/\/helpinghands.fr\/wp-content\/uploads\/2025\/12\/Screenshot-2023-06-16-160010-1.png\" \/>\n\t<meta property=\"og:image:width\" content=\"829\" \/>\n\t<meta property=\"og:image:height\" content=\"533\" \/>\n\t<meta property=\"og:image:type\" content=\"image\/png\" \/>\n<meta name=\"twitter:card\" content=\"summary_large_image\" \/>\n<meta name=\"twitter:label1\" content=\"Tempo di lettura stimato\" \/>\n\t<meta name=\"twitter:data1\" content=\"6 minuti\" \/>\n<script type=\"application\/ld+json\" class=\"yoast-schema-graph\">{\"@context\":\"https:\\\/\\\/schema.org\",\"@graph\":[{\"@type\":\"WebPage\",\"@id\":\"https:\\\/\\\/helpinghands.fr\\\/aide-alimentaire-enfants\\\/\",\"url\":\"https:\\\/\\\/helpinghands.fr\\\/aide-alimentaire-enfants\\\/\",\"name\":\"Aide alimentaire pour les enfants | Helping Hands\",\"isPartOf\":{\"@id\":\"https:\\\/\\\/helpinghands.fr\\\/#website\"},\"primaryImageOfPage\":{\"@id\":\"https:\\\/\\\/helpinghands.fr\\\/aide-alimentaire-enfants\\\/#primaryimage\"},\"image\":{\"@id\":\"https:\\\/\\\/helpinghands.fr\\\/aide-alimentaire-enfants\\\/#primaryimage\"},\"thumbnailUrl\":\"https:\\\/\\\/helpinghands.fr\\\/wp-content\\\/uploads\\\/2025\\\/12\\\/Screenshot-2023-06-16-160010-1.png\",\"datePublished\":\"2025-12-28T20:27:35+00:00\",\"dateModified\":\"2025-12-28T20:37:25+00:00\",\"description\":\"Soutenez l\u2019aide alimentaire pour les enfants : repas scolaires, aide d\u2019urgence et actions \u00e0 Madagascar pour lutter contre la faim infantile.\",\"breadcrumb\":{\"@id\":\"https:\\\/\\\/helpinghands.fr\\\/aide-alimentaire-enfants\\\/#breadcrumb\"},\"inLanguage\":\"it-IT\",\"potentialAction\":[{\"@type\":\"ReadAction\",\"target\":[\"https:\\\/\\\/helpinghands.fr\\\/aide-alimentaire-enfants\\\/\"]}]},{\"@type\":\"ImageObject\",\"inLanguage\":\"it-IT\",\"@id\":\"https:\\\/\\\/helpinghands.fr\\\/aide-alimentaire-enfants\\\/#primaryimage\",\"url\":\"https:\\\/\\\/helpinghands.fr\\\/wp-content\\\/uploads\\\/2025\\\/12\\\/Screenshot-2023-06-16-160010-1.png\",\"contentUrl\":\"https:\\\/\\\/helpinghands.fr\\\/wp-content\\\/uploads\\\/2025\\\/12\\\/Screenshot-2023-06-16-160010-1.png\"},{\"@type\":\"BreadcrumbList\",\"@id\":\"https:\\\/\\\/helpinghands.fr\\\/aide-alimentaire-enfants\\\/#breadcrumb\",\"itemListElement\":[{\"@type\":\"ListItem\",\"position\":1,\"name\":\"Accueil\",\"item\":\"https:\\\/\\\/helpinghands.fr\\\/\"},{\"@type\":\"ListItem\",\"position\":2,\"name\":\"Aide alimentaire pour les enfants : nourrir, prot\u00e9ger, construire l\u2019avenir\"}]},{\"@type\":\"WebSite\",\"@id\":\"https:\\\/\\\/helpinghands.fr\\\/#website\",\"url\":\"https:\\\/\\\/helpinghands.fr\\\/\",\"name\":\"Helping Hands\",\"description\":\"\",\"potentialAction\":[{\"@type\":\"SearchAction\",\"target\":{\"@type\":\"EntryPoint\",\"urlTemplate\":\"https:\\\/\\\/helpinghands.fr\\\/?s={search_term_string}\"},\"query-input\":{\"@type\":\"PropertyValueSpecification\",\"valueRequired\":true,\"valueName\":\"search_term_string\"}}],\"inLanguage\":\"it-IT\"}]}<\/script>\n<!-- \/ Yoast SEO plugin. -->","yoast_head_json":{"title":"Aiuto alimentare per i bambini | Helping Hands","description":"Sostenete gli aiuti alimentari per i bambini: pasti scolastici, aiuti di emergenza e azioni in Madagascar per combattere la fame infantile.","robots":{"index":"index","follow":"follow","max-snippet":"max-snippet:-1","max-image-preview":"max-image-preview:large","max-video-preview":"max-video-preview:-1"},"canonical":"https:\/\/helpinghands.fr\/it\/aiuto-alimentare-per-i-bambini\/","og_locale":"it_IT","og_type":"article","og_title":"Aide alimentaire pour les enfants | Helping Hands","og_description":"Soutenez l\u2019aide alimentaire pour les enfants : repas scolaires, aide d\u2019urgence et actions \u00e0 Madagascar pour lutter contre la faim infantile.","og_url":"https:\/\/helpinghands.fr\/it\/aiuto-alimentare-per-i-bambini\/","og_site_name":"Helping Hands","article_modified_time":"2025-12-28T20:37:25+00:00","og_image":[{"width":829,"height":533,"url":"https:\/\/helpinghands.fr\/wp-content\/uploads\/2025\/12\/Screenshot-2023-06-16-160010-1.png","type":"image\/png"}],"twitter_card":"summary_large_image","twitter_misc":{"Tempo di lettura stimato":"6 minuti"},"schema":{"@context":"https:\/\/schema.org","@graph":[{"@type":"WebPage","@id":"https:\/\/helpinghands.fr\/aide-alimentaire-enfants\/","url":"https:\/\/helpinghands.fr\/aide-alimentaire-enfants\/","name":"Aiuto alimentare per i bambini | Helping Hands","isPartOf":{"@id":"https:\/\/helpinghands.fr\/#website"},"primaryImageOfPage":{"@id":"https:\/\/helpinghands.fr\/aide-alimentaire-enfants\/#primaryimage"},"image":{"@id":"https:\/\/helpinghands.fr\/aide-alimentaire-enfants\/#primaryimage"},"thumbnailUrl":"https:\/\/helpinghands.fr\/wp-content\/uploads\/2025\/12\/Screenshot-2023-06-16-160010-1.png","datePublished":"2025-12-28T20:27:35+00:00","dateModified":"2025-12-28T20:37:25+00:00","description":"Sostenete gli aiuti alimentari per i bambini: pasti scolastici, aiuti di emergenza e azioni in Madagascar per combattere la fame infantile.","breadcrumb":{"@id":"https:\/\/helpinghands.fr\/aide-alimentaire-enfants\/#breadcrumb"},"inLanguage":"it-IT","potentialAction":[{"@type":"ReadAction","target":["https:\/\/helpinghands.fr\/aide-alimentaire-enfants\/"]}]},{"@type":"ImageObject","inLanguage":"it-IT","@id":"https:\/\/helpinghands.fr\/aide-alimentaire-enfants\/#primaryimage","url":"https:\/\/helpinghands.fr\/wp-content\/uploads\/2025\/12\/Screenshot-2023-06-16-160010-1.png","contentUrl":"https:\/\/helpinghands.fr\/wp-content\/uploads\/2025\/12\/Screenshot-2023-06-16-160010-1.png"},{"@type":"BreadcrumbList","@id":"https:\/\/helpinghands.fr\/aide-alimentaire-enfants\/#breadcrumb","itemListElement":[{"@type":"ListItem","position":1,"name":"Accueil","item":"https:\/\/helpinghands.fr\/"},{"@type":"ListItem","position":2,"name":"Aide alimentaire pour les enfants : nourrir, prot\u00e9ger, construire l\u2019avenir"}]},{"@type":"WebSite","@id":"https:\/\/helpinghands.fr\/#website","url":"https:\/\/helpinghands.fr\/","name":"Helping Hands","description":"","potentialAction":[{"@type":"SearchAction","target":{"@type":"EntryPoint","urlTemplate":"https:\/\/helpinghands.fr\/?s={search_term_string}"},"query-input":{"@type":"PropertyValueSpecification","valueRequired":true,"valueName":"search_term_string"}}],"inLanguage":"it-IT"}]}},"campaignId":"","_links":{"self":[{"href":"https:\/\/helpinghands.fr\/it\/wp-json\/wp\/v2\/pages\/1728","targetHints":{"allow":["GET"]}}],"collection":[{"href":"https:\/\/helpinghands.fr\/it\/wp-json\/wp\/v2\/pages"}],"about":[{"href":"https:\/\/helpinghands.fr\/it\/wp-json\/wp\/v2\/types\/page"}],"author":[{"embeddable":true,"href":"https:\/\/helpinghands.fr\/it\/wp-json\/wp\/v2\/users\/1"}],"replies":[{"embeddable":true,"href":"https:\/\/helpinghands.fr\/it\/wp-json\/wp\/v2\/comments?post=1728"}],"version-history":[{"count":4,"href":"https:\/\/helpinghands.fr\/it\/wp-json\/wp\/v2\/pages\/1728\/revisions"}],"predecessor-version":[{"id":1733,"href":"https:\/\/helpinghands.fr\/it\/wp-json\/wp\/v2\/pages\/1728\/revisions\/1733"}],"wp:attachment":[{"href":"https:\/\/helpinghands.fr\/it\/wp-json\/wp\/v2\/media?parent=1728"}],"curies":[{"name":"wp","href":"https:\/\/api.w.org\/{rel}","templated":true}]}}