{"id":1890,"date":"2026-02-22T13:16:24","date_gmt":"2026-02-22T12:16:24","guid":{"rendered":"https:\/\/helpinghands.fr\/?page_id=1890"},"modified":"2026-02-26T20:42:50","modified_gmt":"2026-02-26T19:42:50","slug":"associazione-di-sponsorizzazione-aziendale","status":"publish","type":"page","link":"https:\/\/helpinghands.fr\/it\/mecenat-entreprise-association\/","title":{"rendered":"Filantropia aziendale: sostenere un'associazione e beneficiare di sgravi fiscali"},"content":{"rendered":"<p data-start=\"237\" data-end=\"531\">La filantropia aziendale consente all'impresa di sostenere un'associazione beneficiando di un'agevolazione fiscale prevista dalla legge. \u00c8 un approccio semplice e regolamentato che si adatta perfettamente alle aziende che vogliono agire concretamente, senza farsi coinvolgere in un approccio puramente pubblicitario.<\/p>\n<p data-start=\"533\" data-end=\"763\">A differenza della sponsorizzazione, la filantropia aziendale si basa su un principio chiaro: \u00e8 un modo per restituire qualcosa alla comunit\u00e0. <strong data-start=\"619\" data-end=\"626\">donazione<\/strong>, senza alcun corrispettivo commerciale significativo. L'azienda non sta \u201ccomprando\u201d visibilit\u00e0. Sta contribuendo a un progetto di interesse generale.<\/p>\n<p data-start=\"533\" data-end=\"763\"><a href=\"https:\/\/helpinghands.fr\/don-humanitaire-madagascar\/\">Sostenere un'associazione umanitaria<\/a> tale che <a href=\"https:\/\/helpinghands.fr\/\">Helping Hands<\/a> fa parte di questo <a href=\"https:\/\/helpinghands.fr\/importance-de-la-bonte-dans-ce-monde\/\">approccio caritatevole<\/a>.<\/p>\n<h2 data-start=\"891\" data-end=\"946\">Quali sono i vantaggi fiscali della sponsorizzazione aziendale?<\/h2>\n<p data-start=\"948\" data-end=\"1063\">In Francia, la filantropia aziendale d\u00e0 luogo, in linea di principio, a una deduzione fiscale. <a href=\"https:\/\/helpinghands.fr\/don-defiscalise-association-reduction-impot\/\"><strong data-start=\"1015\" data-end=\"1062\">riduzione fiscale del 60 % dell'importo della donazione<\/strong><\/a>.<\/p>\n<p data-start=\"1065\" data-end=\"1105\">\u00c8 necessario tenere conto di due massimali:<\/p>\n<ul>\n<li data-start=\"1109\" data-end=\"1119\">20 000 \u20ac<\/li>\n<li data-start=\"1122\" data-end=\"1165\">o 0,5 % di vendite al netto delle imposte<\/li>\n<\/ul>\n<p data-start=\"1167\" data-end=\"1208\">Si applica il massimale pi\u00f9 vantaggioso.<\/p>\n<p data-start=\"1210\" data-end=\"1345\">Se l'importo delle donazioni supera questa soglia, l'eccedenza pu\u00f2 essere riportata agli anni successivi, secondo le norme fiscali vigenti.<\/p>\n<p data-start=\"1347\" data-end=\"1361\">In concreto :<\/p>\n<ul>\n<li data-start=\"1365\" data-end=\"1428\">Donazione di 1.000 euro \u2192 riduzione fiscale di 600 euro \u2192 costo effettivo 400 euro<\/li>\n<li data-start=\"1431\" data-end=\"1496\">Donazione di 5.000 euro \u2192 riduzione fiscale di 3.000 euro \u2192 costo effettivo 2.000 euro<\/li>\n<\/ul>\n<p data-start=\"1498\" data-end=\"1568\">Questo meccanismo rende la sponsorizzazione accessibile anche alle piccole imprese e alle PMI.<\/p>\n<h2 data-start=\"1575\" data-end=\"1618\">Mecenatismo e sponsorizzazione: da non confondere<\/h2>\n<p data-start=\"1620\" data-end=\"1650\">Si tratta di una distinzione importante.<\/p>\n<ul>\n<li data-start=\"1654\" data-end=\"1748\"><strong data-start=\"1654\" data-end=\"1665\">Sponsorizzazione<\/strong> donazione senza compenso pubblicitario significativo \u2192 possibilit\u00e0 di riduzione fiscale.<\/li>\n<li data-start=\"1751\" data-end=\"1852\"><strong data-start=\"1751\" data-end=\"1765\">Sponsorizzazione<\/strong> operazione commerciale con visibilit\u00e0 proporzionale \u2192 trattamento fiscale diverso.<\/li>\n<\/ul>\n<p data-start=\"1854\" data-end=\"2014\">Un'associazione pu\u00f2 ovviamente ringraziare un'azienda o menzionare il suo sostegno. Ma se il quid pro quo diventa pubblicitario e misurabile, il quadro cambia.<\/p>\n<p data-start=\"2016\" data-end=\"2076\">Lo spirito della sponsorizzazione rimane quello di un impegno responsabile.<\/p>\n<h2 data-start=\"2083\" data-end=\"2119\">Perch\u00e9 sostenere Helping Hands?<\/h2>\n<p data-start=\"2121\" data-end=\"2285\">Helping Hands agisce concretamente nel campo dell'educazione e dell'alimentazione. I progetti sono identificati, monitorati e focalizzati sulle reali esigenze dei bambini.<\/p>\n<p data-start=\"2287\" data-end=\"2346\">A seconda della direzione scelta, la sponsorizzazione pu\u00f2 contribuire a :<\/p>\n<ul>\n<li data-start=\"2350\" data-end=\"2383\">finanziamento delle mense scolastiche<\/li>\n<li data-start=\"2386\" data-end=\"2423\">sostenere lo stipendio di un insegnante<\/li>\n<li data-start=\"2426\" data-end=\"2461\">acquistare materiale scolastico<\/li>\n<li data-start=\"2464\" data-end=\"2530\">partecipare alla costruzione o alla ristrutturazione di un'aula<\/li>\n<\/ul>\n<p data-start=\"2678\" data-end=\"2795\">Per un'azienda, questo significa sostenere un progetto specifico, con un impatto misurabile e senza burocrazia.<\/p>\n<h2 data-start=\"2802\" data-end=\"2854\">Come si imposta un programma di sponsorizzazione aziendale?<\/h2>\n<p data-start=\"2856\" data-end=\"2879\">Il processo \u00e8 semplice.<\/p>\n<ol>\n<li data-start=\"2884\" data-end=\"2949\">Definire l'importo della donazione e la sua frequenza (una tantum o annuale).<\/li>\n<li data-start=\"2953\" data-end=\"2991\">Effettuate la donazione attraverso il canale appropriato.<\/li>\n<li data-start=\"2995\" data-end=\"3047\">Ricevere una ricevuta fiscale emessa dall'associazione.<\/li>\n<li data-start=\"3051\" data-end=\"3101\">Conservare questo documento nel fascicolo contabile.<\/li>\n<\/ol>\n<p data-start=\"3103\" data-end=\"3255\">La ricevuta fiscale riporta l'identit\u00e0 dell'associazione, l'importo della donazione e la data del pagamento. \u00c8 il documento di supporto in caso di verifica.<\/p>\n<h2 data-start=\"3322\" data-end=\"3351\">Un approccio coerente alla CSR<\/h2>\n<p data-start=\"3353\" data-end=\"3467\">La sponsorizzazione aziendale non \u00e8 solo un'ottimizzazione fiscale. Fa parte di un approccio socialmente responsabile.<\/p>\n<p data-start=\"3469\" data-end=\"3521\">Per un'azienda, sostenere un'associazione pu\u00f2 :<\/p>\n<ul>\n<li data-start=\"3525\" data-end=\"3556\">rafforzare la coesione interna<\/li>\n<li data-start=\"3559\" data-end=\"3595\">dare un senso alla strategia di RSI<\/li>\n<li data-start=\"3598\" data-end=\"3658\">creare una dinamica di impegno tra i dipendenti<\/li>\n<\/ul>\n<p data-start=\"3660\" data-end=\"3774\">La cosa pi\u00f9 importante \u00e8 la coerenza. La sponsorizzazione funziona quando \u00e8 veramente in linea con i valori dell'azienda.<\/p>\n<p data-start=\"3781\" data-end=\"3793\">In breve<\/p>\n<p data-start=\"3795\" data-end=\"3875\">La sponsorizzazione aziendale di un'associazione si basa su tre semplici elementi:<\/p>\n<ul>\n<li data-start=\"3879\" data-end=\"3931\">una donazione senza un corrispettivo commerciale significativo<\/li>\n<li data-start=\"3934\" data-end=\"3990\">una riduzione fiscale di 60 % entro i limiti di legge<\/li>\n<li data-start=\"3993\" data-end=\"4043\">un progetto di interesse generale chiaramente identificato<\/li>\n<\/ul>\n<p data-start=\"4045\" data-end=\"4154\">Helping Hands privilegia un approccio a misura d'uomo, <a href=\"https:\/\/helpinghands.fr\/a-propos-helping-hands\/transparence-financiere\/\">trasparente<\/a>, e concentrati su azioni concrete.<\/p>\n<p data-start=\"4156\" data-end=\"4213\">\ud83d\udc49 Fai una donazione :<br data-start=\"4173\" data-end=\"4176\" \/><a class=\"decorated-link\" href=\"https:\/\/helpinghands.fr\/faire-un-don\/\" target=\"_new\" rel=\"noopener\" data-start=\"4176\" data-end=\"4213\">https:\/\/helpinghands.fr\/faire-un-don\/<\/a><\/p>","protected":false},"excerpt":{"rendered":"<p>Le m\u00e9c\u00e9nat d\u2019entreprise permet \u00e0 une soci\u00e9t\u00e9 de soutenir une association tout en b\u00e9n\u00e9ficiant d\u2019un avantage fiscal pr\u00e9vu par la loi. C\u2019est une d\u00e9marche simple, encadr\u00e9e, et parfaitement adapt\u00e9e aux entreprises qui souhaitent agir concr\u00e8tement, sans entrer dans une logique purement publicitaire. Contrairement au sponsoring, le m\u00e9c\u00e9nat repose sur un principe clair : il s\u2019agit [&hellip;]<\/p>\n","protected":false},"author":2,"featured_media":0,"parent":0,"menu_order":12,"comment_status":"closed","ping_status":"closed","template":"","meta":{"give_campaign_id":0,"footnotes":""},"class_list":["post-1890","page","type-page","status-publish","hentry"],"blocksy_meta":[],"yoast_head":"<!-- This site is optimized with the Yoast SEO plugin v27.5 - https:\/\/yoast.com\/product\/yoast-seo-wordpress\/ -->\n<title>M\u00e9c\u00e9nat d\u2019entreprise : soutenir une association (r\u00e9duction 60 %)<\/title>\n<meta name=\"description\" content=\"Soutenez Helping Hands par m\u00e9c\u00e9nat : r\u00e9duction d\u2019imp\u00f4t 60 %, plafonds 20 000 \u20ac ou 0,5 % CA, re\u00e7u fiscal et d\u00e9marches simples.\" \/>\n<meta name=\"robots\" content=\"index, follow, max-snippet:-1, max-image-preview:large, max-video-preview:-1\" \/>\n<link rel=\"canonical\" href=\"https:\/\/helpinghands.fr\/it\/associazione-di-sponsorizzazione-aziendale\/\" \/>\n<meta property=\"og:locale\" content=\"it_IT\" \/>\n<meta property=\"og:type\" content=\"article\" \/>\n<meta property=\"og:title\" content=\"M\u00e9c\u00e9nat d\u2019entreprise : soutenir une association (r\u00e9duction 60 %)\" \/>\n<meta property=\"og:description\" content=\"Soutenez Helping Hands par m\u00e9c\u00e9nat : r\u00e9duction d\u2019imp\u00f4t 60 %, plafonds 20 000 \u20ac ou 0,5 % CA, re\u00e7u fiscal et d\u00e9marches simples.\" \/>\n<meta property=\"og:url\" content=\"https:\/\/helpinghands.fr\/it\/associazione-di-sponsorizzazione-aziendale\/\" \/>\n<meta property=\"og:site_name\" content=\"Helping Hands\" \/>\n<meta property=\"article:modified_time\" content=\"2026-02-26T19:42:50+00:00\" \/>\n<meta name=\"twitter:card\" content=\"summary_large_image\" \/>\n<meta name=\"twitter:label1\" content=\"Tempo di lettura stimato\" \/>\n\t<meta name=\"twitter:data1\" content=\"3 minuti\" \/>\n<script type=\"application\/ld+json\" class=\"yoast-schema-graph\">{\"@context\":\"https:\\\/\\\/schema.org\",\"@graph\":[{\"@type\":\"WebPage\",\"@id\":\"https:\\\/\\\/helpinghands.fr\\\/mecenat-entreprise-association\\\/\",\"url\":\"https:\\\/\\\/helpinghands.fr\\\/mecenat-entreprise-association\\\/\",\"name\":\"M\u00e9c\u00e9nat d\u2019entreprise : soutenir une association (r\u00e9duction 60 %)\",\"isPartOf\":{\"@id\":\"https:\\\/\\\/helpinghands.fr\\\/#website\"},\"datePublished\":\"2026-02-22T12:16:24+00:00\",\"dateModified\":\"2026-02-26T19:42:50+00:00\",\"description\":\"Soutenez Helping Hands par m\u00e9c\u00e9nat : r\u00e9duction d\u2019imp\u00f4t 60 %, plafonds 20 000 \u20ac ou 0,5 % CA, re\u00e7u fiscal et d\u00e9marches simples.\",\"breadcrumb\":{\"@id\":\"https:\\\/\\\/helpinghands.fr\\\/mecenat-entreprise-association\\\/#breadcrumb\"},\"inLanguage\":\"it-IT\",\"potentialAction\":[{\"@type\":\"ReadAction\",\"target\":[\"https:\\\/\\\/helpinghands.fr\\\/mecenat-entreprise-association\\\/\"]}]},{\"@type\":\"BreadcrumbList\",\"@id\":\"https:\\\/\\\/helpinghands.fr\\\/mecenat-entreprise-association\\\/#breadcrumb\",\"itemListElement\":[{\"@type\":\"ListItem\",\"position\":1,\"name\":\"Accueil\",\"item\":\"https:\\\/\\\/helpinghands.fr\\\/\"},{\"@type\":\"ListItem\",\"position\":2,\"name\":\"M\u00e9c\u00e9nat d\u2019entreprise : soutenir une association et b\u00e9n\u00e9ficier d\u2019une r\u00e9duction d\u2019imp\u00f4t\"}]},{\"@type\":\"WebSite\",\"@id\":\"https:\\\/\\\/helpinghands.fr\\\/#website\",\"url\":\"https:\\\/\\\/helpinghands.fr\\\/\",\"name\":\"Helping Hands\",\"description\":\"\",\"potentialAction\":[{\"@type\":\"SearchAction\",\"target\":{\"@type\":\"EntryPoint\",\"urlTemplate\":\"https:\\\/\\\/helpinghands.fr\\\/?s={search_term_string}\"},\"query-input\":{\"@type\":\"PropertyValueSpecification\",\"valueRequired\":true,\"valueName\":\"search_term_string\"}}],\"inLanguage\":\"it-IT\"}]}<\/script>\n<!-- \/ Yoast SEO plugin. -->","yoast_head_json":{"title":"Sponsorizzazione aziendale: sostenere un'associazione (riduzione 60 %)","description":"Sostenere Helping Hands attraverso la sponsorizzazione: riduzione fiscale di 60 %, tetto di 20.000 euro o 0,5 % di fatturato, ricevuta fiscale e procedure semplici.","robots":{"index":"index","follow":"follow","max-snippet":"max-snippet:-1","max-image-preview":"max-image-preview:large","max-video-preview":"max-video-preview:-1"},"canonical":"https:\/\/helpinghands.fr\/it\/associazione-di-sponsorizzazione-aziendale\/","og_locale":"it_IT","og_type":"article","og_title":"M\u00e9c\u00e9nat d\u2019entreprise : soutenir une association (r\u00e9duction 60 %)","og_description":"Soutenez Helping Hands par m\u00e9c\u00e9nat : r\u00e9duction d\u2019imp\u00f4t 60 %, plafonds 20 000 \u20ac ou 0,5 % CA, re\u00e7u fiscal et d\u00e9marches simples.","og_url":"https:\/\/helpinghands.fr\/it\/associazione-di-sponsorizzazione-aziendale\/","og_site_name":"Helping Hands","article_modified_time":"2026-02-26T19:42:50+00:00","twitter_card":"summary_large_image","twitter_misc":{"Tempo di lettura stimato":"3 minuti"},"schema":{"@context":"https:\/\/schema.org","@graph":[{"@type":"WebPage","@id":"https:\/\/helpinghands.fr\/mecenat-entreprise-association\/","url":"https:\/\/helpinghands.fr\/mecenat-entreprise-association\/","name":"Sponsorizzazione aziendale: sostenere un'associazione (riduzione 60 %)","isPartOf":{"@id":"https:\/\/helpinghands.fr\/#website"},"datePublished":"2026-02-22T12:16:24+00:00","dateModified":"2026-02-26T19:42:50+00:00","description":"Sostenere Helping Hands attraverso la sponsorizzazione: riduzione fiscale di 60 %, tetto di 20.000 euro o 0,5 % di fatturato, ricevuta fiscale e procedure semplici.","breadcrumb":{"@id":"https:\/\/helpinghands.fr\/mecenat-entreprise-association\/#breadcrumb"},"inLanguage":"it-IT","potentialAction":[{"@type":"ReadAction","target":["https:\/\/helpinghands.fr\/mecenat-entreprise-association\/"]}]},{"@type":"BreadcrumbList","@id":"https:\/\/helpinghands.fr\/mecenat-entreprise-association\/#breadcrumb","itemListElement":[{"@type":"ListItem","position":1,"name":"Accueil","item":"https:\/\/helpinghands.fr\/"},{"@type":"ListItem","position":2,"name":"M\u00e9c\u00e9nat d\u2019entreprise : soutenir une association et b\u00e9n\u00e9ficier d\u2019une r\u00e9duction d\u2019imp\u00f4t"}]},{"@type":"WebSite","@id":"https:\/\/helpinghands.fr\/#website","url":"https:\/\/helpinghands.fr\/","name":"Helping Hands","description":"","potentialAction":[{"@type":"SearchAction","target":{"@type":"EntryPoint","urlTemplate":"https:\/\/helpinghands.fr\/?s={search_term_string}"},"query-input":{"@type":"PropertyValueSpecification","valueRequired":true,"valueName":"search_term_string"}}],"inLanguage":"it-IT"}]}},"campaignId":"","_links":{"self":[{"href":"https:\/\/helpinghands.fr\/it\/wp-json\/wp\/v2\/pages\/1890","targetHints":{"allow":["GET"]}}],"collection":[{"href":"https:\/\/helpinghands.fr\/it\/wp-json\/wp\/v2\/pages"}],"about":[{"href":"https:\/\/helpinghands.fr\/it\/wp-json\/wp\/v2\/types\/page"}],"author":[{"embeddable":true,"href":"https:\/\/helpinghands.fr\/it\/wp-json\/wp\/v2\/users\/2"}],"replies":[{"embeddable":true,"href":"https:\/\/helpinghands.fr\/it\/wp-json\/wp\/v2\/comments?post=1890"}],"version-history":[{"count":3,"href":"https:\/\/helpinghands.fr\/it\/wp-json\/wp\/v2\/pages\/1890\/revisions"}],"predecessor-version":[{"id":1968,"href":"https:\/\/helpinghands.fr\/it\/wp-json\/wp\/v2\/pages\/1890\/revisions\/1968"}],"wp:attachment":[{"href":"https:\/\/helpinghands.fr\/it\/wp-json\/wp\/v2\/media?parent=1890"}],"curies":[{"name":"wp","href":"https:\/\/api.w.org\/{rel}","templated":true}]}}