{"id":1941,"date":"2026-02-22T13:45:00","date_gmt":"2026-02-22T12:45:00","guid":{"rendered":"https:\/\/helpinghands.fr\/?page_id=1941"},"modified":"2026-02-22T13:45:00","modified_gmt":"2026-02-22T12:45:00","slug":"donazione-con-riduzione-delle-imposte-66-75","status":"publish","type":"page","link":"https:\/\/helpinghands.fr\/it\/reduction-impot-don-66-75\/","title":{"rendered":"Riduzione dell'imposta sulle donazioni: 66 % o 75 %?"},"content":{"rendered":"<p data-start=\"430\" data-end=\"710\">Quando si parla di donazioni esenti da imposte, una domanda sorge molto spesso: la riduzione fiscale \u00e8 di 66 % o 75 %? Molti donatori pensano di dover scegliere tra i due. In realt\u00e0, l'aliquota applicabile dipende dal quadro giuridico e dal tipo di organizzazione beneficiaria.<\/p>\n<p data-start=\"712\" data-end=\"822\">Non si tratta di un'opzione lasciata al donatore, ma di una regola stabilita dal Codice generale delle imposte.<\/p>\n<p data-start=\"824\" data-end=\"947\">\ud83d\udc49 Comprendere la donazione esente da imposte nella sua interezza:<br data-start=\"876\" data-end=\"879\" \/><a class=\"decorated-link cursor-pointer\" target=\"_new\" rel=\"noopener\" data-start=\"879\" data-end=\"947\">https:\/\/helpinghands.fr\/don-defiscalise-association-reduction-impot\/<\/a><\/p>\n<hr data-start=\"949\" data-end=\"952\" \/>\n<h2 data-start=\"954\" data-end=\"987\">Il tasso pi\u00f9 comune: 66 %<\/h2>\n<p data-start=\"989\" data-end=\"1149\">Nella maggior parte dei casi, una donazione effettuata a un'organizzazione di beneficenza d\u00e0 diritto a una riduzione d'imposta pari a <strong data-start=\"1122\" data-end=\"1148\">66 % dell'importo della donazione<\/strong>.<\/p>\n<p data-start=\"1151\" data-end=\"1171\">Questa tariffa si applica :<\/p>\n<ul data-start=\"1173\" data-end=\"1325\">\n<li data-start=\"1173\" data-end=\"1203\">\n<p data-start=\"1175\" data-end=\"1203\">donazioni non corrisposte<\/p>\n<\/li>\n<li data-start=\"1204\" data-end=\"1250\">\n<p data-start=\"1206\" data-end=\"1250\">fino a 20 % di reddito imponibile<\/p>\n<\/li>\n<li data-start=\"1251\" data-end=\"1325\">\n<p data-start=\"1253\" data-end=\"1325\">con la possibilit\u00e0 di riportare l'eccedenza al prossimo quinquennio<\/p>\n<\/li>\n<\/ul>\n<p data-start=\"1327\" data-end=\"1353\">Facciamo un semplice esempio.<\/p>\n<p data-start=\"1355\" data-end=\"1440\">100 donazioni<br data-start=\"1367\" data-end=\"1370\" \/>\u2192 riduzione fiscale di 66 euro<br data-start=\"1397\" data-end=\"1400\" \/>\u2192 Costo effettivo dopo l'esenzione fiscale: 34 euro<\/p>\n<p data-start=\"1442\" data-end=\"1499\">300 donazioni<br data-start=\"1454\" data-end=\"1457\" \/>\u2192 Riduzione di \u20ac198<br data-start=\"1477\" data-end=\"1480\" \/>\u2192 Costo effettivo: 102 euro<\/p>\n<p data-start=\"1501\" data-end=\"1632\">Questo tasso di 66 % riguarda la maggior parte delle associazioni umanitarie, educative, sociali o culturali riconosciute come di interesse generale.<\/p>\n<hr data-start=\"1634\" data-end=\"1637\" \/>\n<h2 data-start=\"1639\" data-end=\"1681\">Tasso pi\u00f9 elevato: 75 % in alcuni casi<\/h2>\n<p data-start=\"1683\" data-end=\"1881\">Esiste un regime che consente una riduzione dell'imposta di <strong data-start=\"1743\" data-end=\"1751\">75 %<\/strong>, Tuttavia, si applica solo a specifiche categorie di organizzazioni, in particolare a quelle che aiutano le persone in difficolt\u00e0.<\/p>\n<p data-start=\"1883\" data-end=\"1956\">Questo aumento \u00e8 soggetto a uno specifico massimale annuale stabilito dalla legge.<\/p>\n<p data-start=\"1958\" data-end=\"2006\">Quando l'importo delle donazioni supera questo tetto :<\/p>\n<ul data-start=\"2008\" data-end=\"2132\">\n<li data-start=\"2008\" data-end=\"2068\">\n<p data-start=\"2010\" data-end=\"2068\">la frazione in eccesso pu\u00f2 beneficiare di un tasso di 66 %<\/p>\n<\/li>\n<li data-start=\"2069\" data-end=\"2132\">\n<p data-start=\"2071\" data-end=\"2132\">soggetto a un limite complessivo di 20 % del reddito imponibile<\/p>\n<\/li>\n<\/ul>\n<p data-start=\"2134\" data-end=\"2246\">\u00c8 quindi possibile che la stessa donazione venga presa in considerazione in parte a 75 %, quindi a 66 % per la parte restante.<\/p>\n<p data-start=\"2248\" data-end=\"2335\">Questo spiega alcune differenze negli avvisi fiscali.<\/p>\n<hr data-start=\"2337\" data-end=\"2340\" \/>\n<h2 data-start=\"2342\" data-end=\"2382\">Come posso sapere quale tariffa si applica?<\/h2>\n<p data-start=\"2384\" data-end=\"2447\">Il donatore non decide il tasso applicabile. Dipende da :<\/p>\n<ul data-start=\"2449\" data-end=\"2560\">\n<li data-start=\"2449\" data-end=\"2490\">\n<p data-start=\"2451\" data-end=\"2490\">la natura giuridica dell'organizzazione<\/p>\n<\/li>\n<li data-start=\"2491\" data-end=\"2514\">\n<p data-start=\"2493\" data-end=\"2514\">il suo scopo sociale<\/p>\n<\/li>\n<li data-start=\"2515\" data-end=\"2560\">\n<p data-start=\"2517\" data-end=\"2560\">il quadro fiscale in cui opera<\/p>\n<\/li>\n<\/ul>\n<p data-start=\"2562\" data-end=\"2745\">La ricevuta fiscale rilasciata dall'associazione identifica la categoria applicabile. L'importo della donazione deve essere inserito nell'apposita casella della dichiarazione dei redditi annuale.<\/p>\n<p data-start=\"2747\" data-end=\"2765\">Parametri di riferimento attuali :<\/p>\n<ul data-start=\"2767\" data-end=\"2870\">\n<li data-start=\"2767\" data-end=\"2811\">\n<p data-start=\"2769\" data-end=\"2811\">Casella 7UF \u2192 donazioni soggette all'aliquota 66 %<\/p>\n<\/li>\n<li data-start=\"2812\" data-end=\"2870\">\n<p data-start=\"2814\" data-end=\"2870\">Casella 7UD \u2192 alcune donazioni che possono beneficiare dell'aliquota 75 %<\/p>\n<\/li>\n<\/ul>\n<p data-start=\"2872\" data-end=\"2945\">\ud83d\udc49 Guida pratica :<br data-start=\"2891\" data-end=\"2894\" \/><a class=\"decorated-link cursor-pointer\" target=\"_new\" rel=\"noopener\" data-start=\"2894\" data-end=\"2945\">https:\/\/helpinghands.fr\/declarer-don-impots-france\/<\/a><\/p>\n<hr data-start=\"2947\" data-end=\"2950\" \/>\n<h2 data-start=\"2952\" data-end=\"3000\">Il tetto complessivo di 20 % di reddito imponibile<\/h2>\n<p data-start=\"3002\" data-end=\"3166\">Indipendentemente dall'aliquota di 66 % o 75 %, alle persone fisiche si applica un tetto generale: le donazioni sono prese in considerazione fino a un limite di 20 % del reddito imponibile.<\/p>\n<p data-start=\"3168\" data-end=\"3193\">Se questa soglia viene superata :<\/p>\n<ul data-start=\"3195\" data-end=\"3294\">\n<li data-start=\"3195\" data-end=\"3236\">\n<p data-start=\"3197\" data-end=\"3236\">la riduzione d'imposta non viene persa<\/p>\n<\/li>\n<li data-start=\"3237\" data-end=\"3294\">\n<p data-start=\"3239\" data-end=\"3294\">l'eccedenza pu\u00f2 essere riportata agli anni successivi<\/p>\n<\/li>\n<\/ul>\n<p data-start=\"3296\" data-end=\"3390\">Questo meccanismo permette di prendere in considerazione una donazione pi\u00f9 consistente senza rischiare di perdere il vantaggio fiscale.<\/p>\n<hr data-start=\"3392\" data-end=\"3395\" \/>\n<h2 data-start=\"3397\" data-end=\"3420\">Confronto tra calcestruzzo<\/h2>\n<p data-start=\"3422\" data-end=\"3501\">Per capire la differenza tra 66 % e 75 %, prendiamo una donazione di 200 euro.<\/p>\n<p data-start=\"3503\" data-end=\"3585\">Se il tasso applicabile \u00e8 66 % :<br data-start=\"3535\" data-end=\"3538\" \/>\u2192 riduzione fiscale di 132 euro<br data-start=\"3566\" data-end=\"3569\" \/>\u2192 costo effettivo 68 \u20ac<\/p>\n<p data-start=\"3587\" data-end=\"3708\">Se il tasso applicabile \u00e8 75 % (entro il massimale specifico) :<br data-start=\"3658\" data-end=\"3661\" \/>\u2192 riduzione fiscale di 150 euro<br data-start=\"3689\" data-end=\"3692\" \/>\u2192 costo effettivo \u20ac50<\/p>\n<p data-start=\"3710\" data-end=\"3810\">La differenza \u00e8 significativa, ma si applica solo se sono soddisfatte le condizioni legali.<\/p>\n<hr data-start=\"3812\" data-end=\"3815\" \/>\n<h2 data-start=\"3817\" data-end=\"3843\">Che dire di Helping Hands?<\/h2>\n<p data-start=\"3845\" data-end=\"4001\">Helping Hands opera nei settori dell'istruzione e dell'alimentazione, sostenendo progetti concreti per i bambini in situazioni di vulnerabilit\u00e0.<\/p>\n<p data-start=\"4003\" data-end=\"4104\">Le donazioni sono effettuate nel rispetto del quadro fiscale applicabile alle associazioni di interesse generale.<\/p>\n<p data-start=\"4106\" data-end=\"4173\">\ud83d\udc49 Per saperne di pi\u00f9 sull'associazione :<br data-start=\"4134\" data-end=\"4137\" \/><a class=\"decorated-link\" href=\"https:\/\/helpinghands.fr\/association\/\" target=\"_new\" rel=\"noopener\" data-start=\"4137\" data-end=\"4173\">https:\/\/helpinghands.fr\/association\/<\/a><\/p>\n<p data-start=\"4175\" data-end=\"4249\">\ud83d\udc49 Vedere i progetti in corso :<br data-start=\"4205\" data-end=\"4208\" \/><a class=\"decorated-link\" href=\"https:\/\/helpinghands.fr\/projets-en-cours\/\" target=\"_new\" rel=\"noopener\" data-start=\"4208\" data-end=\"4249\">https:\/\/helpinghands.fr\/projets-en-cours\/<\/a><\/p>\n<p data-start=\"4251\" data-end=\"4308\">\ud83d\udc49 Fai una donazione :<br data-start=\"4268\" data-end=\"4271\" \/><a class=\"decorated-link\" href=\"https:\/\/helpinghands.fr\/faire-un-don\/\" target=\"_new\" rel=\"noopener\" data-start=\"4271\" data-end=\"4308\">https:\/\/helpinghands.fr\/faire-un-don\/<\/a><\/p>\n<hr data-start=\"4310\" data-end=\"4313\" \/>\n<h2 data-start=\"4315\" data-end=\"4327\">In breve<\/h2>\n<ul data-start=\"4329\" data-end=\"4593\">\n<li data-start=\"4329\" data-end=\"4378\">\n<p data-start=\"4331\" data-end=\"4378\">66 % \u00e8 la tariffa pi\u00f9 comune per una donazione.<\/p>\n<\/li>\n<li data-start=\"4379\" data-end=\"4444\">\n<p data-start=\"4381\" data-end=\"4444\">75 L'% si applica in casi specifici e strettamente definiti.<\/p>\n<\/li>\n<li data-start=\"4445\" data-end=\"4500\">\n<p data-start=\"4447\" data-end=\"4500\">Le donazioni sono limitate al 20 % del reddito imponibile.<\/p>\n<\/li>\n<li data-start=\"4501\" data-end=\"4534\">\n<p data-start=\"4503\" data-end=\"4534\">L'eccedenza pu\u00f2 essere riportata a nuovo.<\/p>\n<\/li>\n<li data-start=\"4535\" data-end=\"4593\">\n<p data-start=\"4537\" data-end=\"4593\">Il tasso dipende dal quadro giuridico, non dalla scelta del donatore.<\/p>\n<\/li>\n<\/ul>\n<p data-start=\"4595\" data-end=\"4717\">Al di l\u00e0 della meccanica fiscale, l'aspetto pi\u00f9 importante rimane la coerenza tra il progetto sostenuto e l'impegno del donatore.<\/p>","protected":false},"excerpt":{"rendered":"<p>Lorsque l\u2019on parle de don d\u00e9fiscalis\u00e9, une question revient tr\u00e8s souvent : la r\u00e9duction d\u2019imp\u00f4t est-elle de 66 % ou de 75 % ? Beaucoup de donateurs pensent qu\u2019il faut choisir entre les deux. En r\u00e9alit\u00e9, le taux applicable d\u00e9pend du cadre l\u00e9gal et du type d\u2019organisme b\u00e9n\u00e9ficiaire. Il ne s\u2019agit donc pas d\u2019une option [&hellip;]<\/p>\n","protected":false},"author":2,"featured_media":0,"parent":0,"menu_order":17,"comment_status":"closed","ping_status":"closed","template":"","meta":{"give_campaign_id":0,"footnotes":""},"class_list":["post-1941","page","type-page","status-publish","hentry"],"blocksy_meta":[],"yoast_head":"<!-- This site is optimized with the Yoast SEO plugin v27.3 - https:\/\/yoast.com\/product\/yoast-seo-wordpress\/ -->\n<title>R\u00e9duction imp\u00f4t don : 66 % ou 75 % en France ?<\/title>\n<meta name=\"description\" content=\"Don et r\u00e9duction d\u2019imp\u00f4t : 66 % ou 75 % ? Conditions, plafonds, d\u00e9claration et diff\u00e9rences expliqu\u00e9es clairement.\" \/>\n<meta name=\"robots\" content=\"index, follow, max-snippet:-1, max-image-preview:large, max-video-preview:-1\" \/>\n<link rel=\"canonical\" href=\"https:\/\/helpinghands.fr\/it\/donazione-con-riduzione-delle-imposte-66-75\/\" \/>\n<meta property=\"og:locale\" content=\"it_IT\" \/>\n<meta property=\"og:type\" content=\"article\" \/>\n<meta property=\"og:title\" content=\"R\u00e9duction imp\u00f4t don : 66 % ou 75 % en France ?\" \/>\n<meta property=\"og:description\" content=\"Don et r\u00e9duction d\u2019imp\u00f4t : 66 % ou 75 % ? Conditions, plafonds, d\u00e9claration et diff\u00e9rences expliqu\u00e9es clairement.\" \/>\n<meta property=\"og:url\" content=\"https:\/\/helpinghands.fr\/it\/donazione-con-riduzione-delle-imposte-66-75\/\" \/>\n<meta property=\"og:site_name\" content=\"Helping Hands\" \/>\n<meta name=\"twitter:card\" content=\"summary_large_image\" \/>\n<meta name=\"twitter:label1\" content=\"Tempo di lettura stimato\" \/>\n\t<meta name=\"twitter:data1\" content=\"4 minuti\" \/>\n<script type=\"application\/ld+json\" class=\"yoast-schema-graph\">{\"@context\":\"https:\\\/\\\/schema.org\",\"@graph\":[{\"@type\":\"WebPage\",\"@id\":\"https:\\\/\\\/helpinghands.fr\\\/reduction-impot-don-66-75\\\/\",\"url\":\"https:\\\/\\\/helpinghands.fr\\\/reduction-impot-don-66-75\\\/\",\"name\":\"R\u00e9duction imp\u00f4t don : 66 % ou 75 % en France ?\",\"isPartOf\":{\"@id\":\"https:\\\/\\\/helpinghands.fr\\\/#website\"},\"datePublished\":\"2026-02-22T12:45:00+00:00\",\"description\":\"Don et r\u00e9duction d\u2019imp\u00f4t : 66 % ou 75 % ? Conditions, plafonds, d\u00e9claration et diff\u00e9rences expliqu\u00e9es clairement.\",\"breadcrumb\":{\"@id\":\"https:\\\/\\\/helpinghands.fr\\\/reduction-impot-don-66-75\\\/#breadcrumb\"},\"inLanguage\":\"it-IT\",\"potentialAction\":[{\"@type\":\"ReadAction\",\"target\":[\"https:\\\/\\\/helpinghands.fr\\\/reduction-impot-don-66-75\\\/\"]}]},{\"@type\":\"BreadcrumbList\",\"@id\":\"https:\\\/\\\/helpinghands.fr\\\/reduction-impot-don-66-75\\\/#breadcrumb\",\"itemListElement\":[{\"@type\":\"ListItem\",\"position\":1,\"name\":\"Accueil\",\"item\":\"https:\\\/\\\/helpinghands.fr\\\/\"},{\"@type\":\"ListItem\",\"position\":2,\"name\":\"R\u00e9duction imp\u00f4t don : 66 % ou 75 % ?\"}]},{\"@type\":\"WebSite\",\"@id\":\"https:\\\/\\\/helpinghands.fr\\\/#website\",\"url\":\"https:\\\/\\\/helpinghands.fr\\\/\",\"name\":\"Helping Hands\",\"description\":\"\",\"potentialAction\":[{\"@type\":\"SearchAction\",\"target\":{\"@type\":\"EntryPoint\",\"urlTemplate\":\"https:\\\/\\\/helpinghands.fr\\\/?s={search_term_string}\"},\"query-input\":{\"@type\":\"PropertyValueSpecification\",\"valueRequired\":true,\"valueName\":\"search_term_string\"}}],\"inLanguage\":\"it-IT\"}]}<\/script>\n<!-- \/ Yoast SEO plugin. -->","yoast_head_json":{"title":"Riduzione dell'imposta sulle donazioni: 66 % o 75 % in Francia?","description":"Donazione e riduzione fiscale: 66 % o 75 %? Condizioni, massimali, dichiarazione e differenze spiegate chiaramente.","robots":{"index":"index","follow":"follow","max-snippet":"max-snippet:-1","max-image-preview":"max-image-preview:large","max-video-preview":"max-video-preview:-1"},"canonical":"https:\/\/helpinghands.fr\/it\/donazione-con-riduzione-delle-imposte-66-75\/","og_locale":"it_IT","og_type":"article","og_title":"R\u00e9duction imp\u00f4t don : 66 % ou 75 % en France ?","og_description":"Don et r\u00e9duction d\u2019imp\u00f4t : 66 % ou 75 % ? Conditions, plafonds, d\u00e9claration et diff\u00e9rences expliqu\u00e9es clairement.","og_url":"https:\/\/helpinghands.fr\/it\/donazione-con-riduzione-delle-imposte-66-75\/","og_site_name":"Helping Hands","twitter_card":"summary_large_image","twitter_misc":{"Tempo di lettura stimato":"4 minuti"},"schema":{"@context":"https:\/\/schema.org","@graph":[{"@type":"WebPage","@id":"https:\/\/helpinghands.fr\/reduction-impot-don-66-75\/","url":"https:\/\/helpinghands.fr\/reduction-impot-don-66-75\/","name":"Riduzione dell'imposta sulle donazioni: 66 % o 75 % in Francia?","isPartOf":{"@id":"https:\/\/helpinghands.fr\/#website"},"datePublished":"2026-02-22T12:45:00+00:00","description":"Donazione e riduzione fiscale: 66 % o 75 %? Condizioni, massimali, dichiarazione e differenze spiegate chiaramente.","breadcrumb":{"@id":"https:\/\/helpinghands.fr\/reduction-impot-don-66-75\/#breadcrumb"},"inLanguage":"it-IT","potentialAction":[{"@type":"ReadAction","target":["https:\/\/helpinghands.fr\/reduction-impot-don-66-75\/"]}]},{"@type":"BreadcrumbList","@id":"https:\/\/helpinghands.fr\/reduction-impot-don-66-75\/#breadcrumb","itemListElement":[{"@type":"ListItem","position":1,"name":"Accueil","item":"https:\/\/helpinghands.fr\/"},{"@type":"ListItem","position":2,"name":"R\u00e9duction imp\u00f4t don : 66 % ou 75 % ?"}]},{"@type":"WebSite","@id":"https:\/\/helpinghands.fr\/#website","url":"https:\/\/helpinghands.fr\/","name":"Helping Hands","description":"","potentialAction":[{"@type":"SearchAction","target":{"@type":"EntryPoint","urlTemplate":"https:\/\/helpinghands.fr\/?s={search_term_string}"},"query-input":{"@type":"PropertyValueSpecification","valueRequired":true,"valueName":"search_term_string"}}],"inLanguage":"it-IT"}]}},"campaignId":"","_links":{"self":[{"href":"https:\/\/helpinghands.fr\/it\/wp-json\/wp\/v2\/pages\/1941","targetHints":{"allow":["GET"]}}],"collection":[{"href":"https:\/\/helpinghands.fr\/it\/wp-json\/wp\/v2\/pages"}],"about":[{"href":"https:\/\/helpinghands.fr\/it\/wp-json\/wp\/v2\/types\/page"}],"author":[{"embeddable":true,"href":"https:\/\/helpinghands.fr\/it\/wp-json\/wp\/v2\/users\/2"}],"replies":[{"embeddable":true,"href":"https:\/\/helpinghands.fr\/it\/wp-json\/wp\/v2\/comments?post=1941"}],"version-history":[{"count":2,"href":"https:\/\/helpinghands.fr\/it\/wp-json\/wp\/v2\/pages\/1941\/revisions"}],"predecessor-version":[{"id":1943,"href":"https:\/\/helpinghands.fr\/it\/wp-json\/wp\/v2\/pages\/1941\/revisions\/1943"}],"wp:attachment":[{"href":"https:\/\/helpinghands.fr\/it\/wp-json\/wp\/v2\/media?parent=1941"}],"curies":[{"name":"wp","href":"https:\/\/api.w.org\/{rel}","templated":true}]}}