{"id":2010,"date":"2026-03-18T14:58:03","date_gmt":"2026-03-18T13:58:03","guid":{"rendered":"https:\/\/helpinghands.fr\/?page_id=2010"},"modified":"2026-03-18T14:58:57","modified_gmt":"2026-03-18T13:58:57","slug":"progetto-madagascar-brochure-scuola-lovasoa","status":"publish","type":"page","link":"https:\/\/helpinghands.fr\/it\/plaquette-projet-madagascar-ecole-lovasoa\/","title":{"rendered":"Brochure del progetto Madagascar - Scuola di Lovasoa"},"content":{"rendered":"<p>&nbsp;<\/p>\n<p data-start=\"504\" data-end=\"629\">Helping Hands lavora in Madagascar per migliorare le condizioni di vita e di istruzione dei bambini pi\u00f9 vulnerabili.<\/p>\n<p data-start=\"636\" data-end=\"770\">Questo progetto mira a soddisfare i bisogni essenziali: accesso alla scuola, cibo, forniture e sostegno a lungo termine.<\/p>\n<p data-start=\"777\" data-end=\"883\">Qui di seguito troverete maggiori informazioni sulle nostre iniziative e sulle esigenze attuali.<\/p>\n<p><a href=\"https:\/\/helpinghands.fr\/wp-content\/uploads\/2026\/03\/plaquette-projet-Madagascar.pdf\">Scarica la brochure sul Madagascar<\/a><\/p>\n<p>&nbsp;<\/p>\n<p>&nbsp;<\/p>","protected":false},"excerpt":{"rendered":"<p>&nbsp; Helping Hands intervient \u00e0 Madagascar pour am\u00e9liorer les conditions de vie et d\u2019\u00e9ducation des enfants les plus vuln\u00e9rables. Ce projet vise \u00e0 r\u00e9pondre \u00e0 des besoins essentiels : acc\u00e8s \u00e0 l\u2019\u00e9cole, alimentation, fournitures et accompagnement sur le long terme. D\u00e9couvrez ci-dessous notre plaquette de pr\u00e9sentation d\u00e9taillant les actions men\u00e9es et les besoins actuels. T\u00e9l\u00e9charger [&hellip;]<\/p>\n","protected":false},"author":1,"featured_media":0,"parent":0,"menu_order":29,"comment_status":"closed","ping_status":"closed","template":"","meta":{"give_campaign_id":0,"footnotes":""},"class_list":["post-2010","page","type-page","status-publish","hentry"],"blocksy_meta":[],"yoast_head":"<!-- This site is optimized with the Yoast SEO plugin v27.3 - https:\/\/yoast.com\/product\/yoast-seo-wordpress\/ -->\n<title>Plaquette projet Madagascar - \u00e9cole Lovasoa - Helping Hands<\/title>\n<meta name=\"robots\" content=\"index, follow, max-snippet:-1, max-image-preview:large, max-video-preview:-1\" \/>\n<link rel=\"canonical\" href=\"https:\/\/helpinghands.fr\/it\/progetto-madagascar-brochure-scuola-lovasoa\/\" \/>\n<meta property=\"og:locale\" content=\"it_IT\" \/>\n<meta property=\"og:type\" content=\"article\" \/>\n<meta property=\"og:title\" content=\"Plaquette projet Madagascar - \u00e9cole Lovasoa - Helping Hands\" \/>\n<meta property=\"og:description\" content=\"&nbsp; Helping Hands intervient \u00e0 Madagascar pour am\u00e9liorer les conditions de vie et d\u2019\u00e9ducation des enfants les plus vuln\u00e9rables. Ce projet vise \u00e0 r\u00e9pondre \u00e0 des besoins essentiels : acc\u00e8s \u00e0 l\u2019\u00e9cole, alimentation, fournitures et accompagnement sur le long terme. D\u00e9couvrez ci-dessous notre plaquette de pr\u00e9sentation d\u00e9taillant les actions men\u00e9es et les besoins actuels. T\u00e9l\u00e9charger [&hellip;]\" \/>\n<meta property=\"og:url\" content=\"https:\/\/helpinghands.fr\/it\/progetto-madagascar-brochure-scuola-lovasoa\/\" \/>\n<meta property=\"og:site_name\" content=\"Helping Hands\" \/>\n<meta property=\"article:modified_time\" content=\"2026-03-18T13:58:57+00:00\" \/>\n<meta name=\"twitter:card\" content=\"summary_large_image\" \/>\n<meta name=\"twitter:label1\" content=\"Tempo di lettura stimato\" \/>\n\t<meta name=\"twitter:data1\" content=\"1 minuto\" \/>\n<script type=\"application\/ld+json\" class=\"yoast-schema-graph\">{\"@context\":\"https:\\\/\\\/schema.org\",\"@graph\":[{\"@type\":\"WebPage\",\"@id\":\"https:\\\/\\\/helpinghands.fr\\\/plaquette-projet-madagascar-ecole-lovasoa\\\/\",\"url\":\"https:\\\/\\\/helpinghands.fr\\\/plaquette-projet-madagascar-ecole-lovasoa\\\/\",\"name\":\"Plaquette projet Madagascar - \u00e9cole Lovasoa - Helping Hands\",\"isPartOf\":{\"@id\":\"https:\\\/\\\/helpinghands.fr\\\/#website\"},\"datePublished\":\"2026-03-18T13:58:03+00:00\",\"dateModified\":\"2026-03-18T13:58:57+00:00\",\"breadcrumb\":{\"@id\":\"https:\\\/\\\/helpinghands.fr\\\/plaquette-projet-madagascar-ecole-lovasoa\\\/#breadcrumb\"},\"inLanguage\":\"it-IT\",\"potentialAction\":[{\"@type\":\"ReadAction\",\"target\":[\"https:\\\/\\\/helpinghands.fr\\\/plaquette-projet-madagascar-ecole-lovasoa\\\/\"]}]},{\"@type\":\"BreadcrumbList\",\"@id\":\"https:\\\/\\\/helpinghands.fr\\\/plaquette-projet-madagascar-ecole-lovasoa\\\/#breadcrumb\",\"itemListElement\":[{\"@type\":\"ListItem\",\"position\":1,\"name\":\"Accueil\",\"item\":\"https:\\\/\\\/helpinghands.fr\\\/\"},{\"@type\":\"ListItem\",\"position\":2,\"name\":\"Plaquette projet Madagascar &#8211; \u00e9cole Lovasoa\"}]},{\"@type\":\"WebSite\",\"@id\":\"https:\\\/\\\/helpinghands.fr\\\/#website\",\"url\":\"https:\\\/\\\/helpinghands.fr\\\/\",\"name\":\"Helping Hands\",\"description\":\"\",\"potentialAction\":[{\"@type\":\"SearchAction\",\"target\":{\"@type\":\"EntryPoint\",\"urlTemplate\":\"https:\\\/\\\/helpinghands.fr\\\/?s={search_term_string}\"},\"query-input\":{\"@type\":\"PropertyValueSpecification\",\"valueRequired\":true,\"valueName\":\"search_term_string\"}}],\"inLanguage\":\"it-IT\"}]}<\/script>\n<!-- \/ Yoast SEO plugin. -->","yoast_head_json":{"title":"Brochure del progetto Madagascar - Scuola di Lovasoa - Helping Hands","robots":{"index":"index","follow":"follow","max-snippet":"max-snippet:-1","max-image-preview":"max-image-preview:large","max-video-preview":"max-video-preview:-1"},"canonical":"https:\/\/helpinghands.fr\/it\/progetto-madagascar-brochure-scuola-lovasoa\/","og_locale":"it_IT","og_type":"article","og_title":"Plaquette projet Madagascar - \u00e9cole Lovasoa - Helping Hands","og_description":"&nbsp; Helping Hands intervient \u00e0 Madagascar pour am\u00e9liorer les conditions de vie et d\u2019\u00e9ducation des enfants les plus vuln\u00e9rables. Ce projet vise \u00e0 r\u00e9pondre \u00e0 des besoins essentiels : acc\u00e8s \u00e0 l\u2019\u00e9cole, alimentation, fournitures et accompagnement sur le long terme. D\u00e9couvrez ci-dessous notre plaquette de pr\u00e9sentation d\u00e9taillant les actions men\u00e9es et les besoins actuels. T\u00e9l\u00e9charger [&hellip;]","og_url":"https:\/\/helpinghands.fr\/it\/progetto-madagascar-brochure-scuola-lovasoa\/","og_site_name":"Helping Hands","article_modified_time":"2026-03-18T13:58:57+00:00","twitter_card":"summary_large_image","twitter_misc":{"Tempo di lettura stimato":"1 minuto"},"schema":{"@context":"https:\/\/schema.org","@graph":[{"@type":"WebPage","@id":"https:\/\/helpinghands.fr\/plaquette-projet-madagascar-ecole-lovasoa\/","url":"https:\/\/helpinghands.fr\/plaquette-projet-madagascar-ecole-lovasoa\/","name":"Brochure del progetto Madagascar - Scuola di Lovasoa - Helping Hands","isPartOf":{"@id":"https:\/\/helpinghands.fr\/#website"},"datePublished":"2026-03-18T13:58:03+00:00","dateModified":"2026-03-18T13:58:57+00:00","breadcrumb":{"@id":"https:\/\/helpinghands.fr\/plaquette-projet-madagascar-ecole-lovasoa\/#breadcrumb"},"inLanguage":"it-IT","potentialAction":[{"@type":"ReadAction","target":["https:\/\/helpinghands.fr\/plaquette-projet-madagascar-ecole-lovasoa\/"]}]},{"@type":"BreadcrumbList","@id":"https:\/\/helpinghands.fr\/plaquette-projet-madagascar-ecole-lovasoa\/#breadcrumb","itemListElement":[{"@type":"ListItem","position":1,"name":"Accueil","item":"https:\/\/helpinghands.fr\/"},{"@type":"ListItem","position":2,"name":"Plaquette projet Madagascar &#8211; \u00e9cole Lovasoa"}]},{"@type":"WebSite","@id":"https:\/\/helpinghands.fr\/#website","url":"https:\/\/helpinghands.fr\/","name":"Helping Hands","description":"","potentialAction":[{"@type":"SearchAction","target":{"@type":"EntryPoint","urlTemplate":"https:\/\/helpinghands.fr\/?s={search_term_string}"},"query-input":{"@type":"PropertyValueSpecification","valueRequired":true,"valueName":"search_term_string"}}],"inLanguage":"it-IT"}]}},"campaignId":"","_links":{"self":[{"href":"https:\/\/helpinghands.fr\/it\/wp-json\/wp\/v2\/pages\/2010","targetHints":{"allow":["GET"]}}],"collection":[{"href":"https:\/\/helpinghands.fr\/it\/wp-json\/wp\/v2\/pages"}],"about":[{"href":"https:\/\/helpinghands.fr\/it\/wp-json\/wp\/v2\/types\/page"}],"author":[{"embeddable":true,"href":"https:\/\/helpinghands.fr\/it\/wp-json\/wp\/v2\/users\/1"}],"replies":[{"embeddable":true,"href":"https:\/\/helpinghands.fr\/it\/wp-json\/wp\/v2\/comments?post=2010"}],"version-history":[{"count":1,"href":"https:\/\/helpinghands.fr\/it\/wp-json\/wp\/v2\/pages\/2010\/revisions"}],"predecessor-version":[{"id":2011,"href":"https:\/\/helpinghands.fr\/it\/wp-json\/wp\/v2\/pages\/2010\/revisions\/2011"}],"wp:attachment":[{"href":"https:\/\/helpinghands.fr\/it\/wp-json\/wp\/v2\/media?parent=2010"}],"curies":[{"name":"wp","href":"https:\/\/api.w.org\/{rel}","templated":true}]}}