{"id":286,"date":"2025-01-08T15:22:55","date_gmt":"2025-01-08T14:22:55","guid":{"rendered":"https:\/\/helpinghands.fr\/?page_id=286"},"modified":"2025-01-13T20:57:34","modified_gmt":"2025-01-13T19:57:34","slug":"un-nuovo-inizio-per-roja-sostegno-medico-e-accesso-allistruzione-superiore-in-francia-2025","status":"publish","type":"page","link":"https:\/\/helpinghands.fr\/it\/nos-objectifs-2026\/un-nouveau-depart-pour-roja-soutien-medical-et-acces-aux-etudes-superieures-en-france-2025\/","title":{"rendered":"Un nuovo inizio per Roja: supporto medico e accesso all'istruzione superiore in Francia 2025"},"content":{"rendered":"<div data-elementor-type=\"wp-page\" data-elementor-id=\"286\" class=\"elementor elementor-286\" data-elementor-post-type=\"page\">\n\t\t\t\t<div class=\"elementor-element elementor-element-7297738 e-flex e-con-boxed e-con e-parent\" data-id=\"7297738\" data-element_type=\"container\" data-e-type=\"container\" data-settings=\"{&quot;jet_parallax_layout_list&quot;:[]}\">\n\t\t\t\t\t<div class=\"e-con-inner\">\n\t\t<div class=\"elementor-element elementor-element-72402a1 e-con-full e-flex e-con e-child\" data-id=\"72402a1\" data-element_type=\"container\" data-e-type=\"container\" data-settings=\"{&quot;jet_parallax_layout_list&quot;:[]}\">\n\t\t\t\t<div class=\"elementor-element elementor-element-ffb667f elementor-widget elementor-widget-heading\" data-id=\"ffb667f\" data-element_type=\"widget\" data-e-type=\"widget\" data-widget_type=\"heading.default\">\n\t\t\t\t\t<h1 class=\"elementor-heading-title elementor-size-default\">Un nuovo inizio per Roja: supporto medico e accesso all'istruzione superiore in Francia 2025<\/h1>\t\t\t\t<\/div>\n\t\t\t\t<\/div>\n\t\t\t\t\t<\/div>\n\t\t\t\t<\/div>\n\t\t<div class=\"elementor-element elementor-element-295bc38 e-flex e-con-boxed e-con e-parent\" data-id=\"295bc38\" data-element_type=\"container\" data-e-type=\"container\" data-settings=\"{&quot;jet_parallax_layout_list&quot;:[]}\">\n\t\t\t\t\t<div class=\"e-con-inner\">\n\t\t\t\t<div class=\"elementor-element elementor-element-4c6f284 elementor-widget elementor-widget-jet-images-layout\" data-id=\"4c6f284\" data-element_type=\"widget\" data-e-type=\"widget\" data-settings=\"{&quot;columns&quot;:&quot;3&quot;,&quot;columns_tablet&quot;:&quot;2&quot;,&quot;columns_mobile&quot;:&quot;1&quot;}\" data-widget_type=\"jet-images-layout.default\">\n\t\t\t\t<div class=\"elementor-widget-container\">\n\t\t\t\t\t<div class=\"elementor-jet-images-layout jet-elements\">\n<div class=\"jet-images-layout layout-type-grid\" data-settings='{&quot;layoutType&quot;:&quot;grid&quot;,&quot;justifyHeight&quot;:300}'>\n\t<div class=\"jet-images-layout__list col-row disable-cols-gap disable-rows-gap column-desktop-3 column-tablet-2 column-mobile-1\" >\n<div class=\"jet-images-layout__item col-desk-3 col-tab-2 col-mob-1\">\n\t<div class=\"jet-images-layout__inner\">\n\t\t<div class=\"jet-images-layout__image-loader\"><span><\/span><\/div>\n\t\t<a class=\"jet-images-layout__link\" href=\"https:\/\/helpinghands.fr\/wp-content\/uploads\/2025\/01\/12.png\" data-elementor-open-lightbox=\"yes\" data-elementor-lightbox-slideshow=\"4c6f284\">\n\t\t\t<div class=\"jet-images-layout__image\">\n\t\t\t\t<img decoding=\"async\" class=\"jet-images-layout__image-instance\" src=\"https:\/\/helpinghands.fr\/wp-content\/uploads\/2025\/01\/12.png\" alt=\"12\" loading=\"lazy\">\t\t\t<\/div>\n\t\t\t<div class=\"jet-images-layout__content\"><\/div>\n\t\t<\/a>\n\t<\/div>\n<\/div>\n<div class=\"jet-images-layout__item col-desk-3 col-tab-2 col-mob-1\">\n\t<div class=\"jet-images-layout__inner\">\n\t\t<div class=\"jet-images-layout__image-loader\"><span><\/span><\/div>\n\t\t<a class=\"jet-images-layout__link\" href=\"https:\/\/helpinghands.fr\/wp-content\/uploads\/2025\/01\/9.png\" data-elementor-open-lightbox=\"yes\" data-elementor-lightbox-slideshow=\"4c6f284\">\n\t\t\t<div class=\"jet-images-layout__image\">\n\t\t\t\t<img decoding=\"async\" class=\"jet-images-layout__image-instance\" src=\"https:\/\/helpinghands.fr\/wp-content\/uploads\/2025\/01\/9.png\" alt=\"9\" loading=\"lazy\">\t\t\t<\/div>\n\t\t\t<div class=\"jet-images-layout__content\"><\/div>\n\t\t<\/a>\n\t<\/div>\n<\/div>\n<div class=\"jet-images-layout__item col-desk-3 col-tab-2 col-mob-1\">\n\t<div class=\"jet-images-layout__inner\">\n\t\t<div class=\"jet-images-layout__image-loader\"><span><\/span><\/div>\n\t\t<a class=\"jet-images-layout__link\" href=\"https:\/\/helpinghands.fr\/wp-content\/uploads\/2025\/01\/8.png\" data-elementor-open-lightbox=\"yes\" data-elementor-lightbox-slideshow=\"4c6f284\">\n\t\t\t<div class=\"jet-images-layout__image\">\n\t\t\t\t<img decoding=\"async\" class=\"jet-images-layout__image-instance\" src=\"https:\/\/helpinghands.fr\/wp-content\/uploads\/2025\/01\/8.png\" alt=\"8\" loading=\"lazy\">\t\t\t<\/div>\n\t\t\t<div class=\"jet-images-layout__content\"><\/div>\n\t\t<\/a>\n\t<\/div>\n<\/div>\n<\/div><\/div>\n<\/div>\t\t\t\t<\/div>\n\t\t\t\t<\/div>\n\t\t\t\t\t<\/div>\n\t\t\t\t<\/div>\n\t\t<div class=\"elementor-element elementor-element-f6b550d e-flex e-con-boxed e-con e-parent\" data-id=\"f6b550d\" data-element_type=\"container\" data-e-type=\"container\" data-settings=\"{&quot;background_background&quot;:&quot;classic&quot;,&quot;jet_parallax_layout_list&quot;:[]}\">\n\t\t\t\t\t<div class=\"e-con-inner\">\n\t\t\t\t<div class=\"elementor-element elementor-element-79c5db2 elementor-widget elementor-widget-heading\" data-id=\"79c5db2\" data-element_type=\"widget\" data-e-type=\"widget\" data-widget_type=\"heading.default\">\n\t\t\t\t\t<h2 class=\"elementor-heading-title elementor-size-default\">Un'opportunit\u00e0 decisiva per il futuro della Roja\n<\/h2>\t\t\t\t<\/div>\n\t\t\t\t<div class=\"elementor-element elementor-element-99a56a4 elementor-widget elementor-widget-heading\" data-id=\"99a56a4\" data-element_type=\"widget\" data-e-type=\"widget\" data-widget_type=\"heading.default\">\n\t\t\t\t\t<p class=\"elementor-heading-title elementor-size-default\">Roja, una giovane studentessa di talento con problemi di salute ricorrenti, vuole proseguire gli studi superiori in Francia. Questa opportunit\u00e0 rappresenta un passo decisivo per il suo futuro, sia accademico che personale.<\/p>\t\t\t\t<\/div>\n\t\t\t\t\t<\/div>\n\t\t\t\t<\/div>\n\t\t<div class=\"elementor-element elementor-element-743dada e-flex e-con-boxed e-con e-parent\" data-id=\"743dada\" data-element_type=\"container\" data-e-type=\"container\" data-settings=\"{&quot;jet_parallax_layout_list&quot;:[]}\">\n\t\t\t\t\t<div class=\"e-con-inner\">\n\t\t\t\t<div class=\"elementor-element elementor-element-47cf31d elementor-widget elementor-widget-heading\" data-id=\"47cf31d\" data-element_type=\"widget\" data-e-type=\"widget\" data-widget_type=\"heading.default\">\n\t\t\t\t\t<h2 class=\"elementor-heading-title elementor-size-default\">Obiettivi del progetto\n<\/h2>\t\t\t\t<\/div>\n\t\t\t\t<div class=\"elementor-element elementor-element-6739aaa elementor-widget elementor-widget-heading\" data-id=\"6739aaa\" data-element_type=\"widget\" data-e-type=\"widget\" data-widget_type=\"heading.default\">\n\t\t\t\t\t<p class=\"elementor-heading-title elementor-size-default\">Gli obiettivi di questo progetto sono chiari: offrire a Roja un ambiente culturale ed educativo in cui possa crescere e aiutarla a ottenere il Diploma Universitario di Studi Francesi (DUEF). Questo diploma consentir\u00e0 a Roja di padroneggiare la lingua francese e di adattarsi al sistema universitario francese, facilitando al contempo la sua arricchente integrazione culturale.\n\n<\/p>\t\t\t\t<\/div>\n\t\t\t\t\t<\/div>\n\t\t\t\t<\/div>\n\t\t<div class=\"elementor-element elementor-element-0ba0550 e-flex e-con-boxed e-con e-parent\" data-id=\"0ba0550\" data-element_type=\"container\" data-e-type=\"container\" data-settings=\"{&quot;background_background&quot;:&quot;classic&quot;,&quot;jet_parallax_layout_list&quot;:[]}\">\n\t\t\t\t\t<div class=\"e-con-inner\">\n\t\t\t\t<div class=\"elementor-element elementor-element-6178ed0 elementor-widget elementor-widget-heading\" data-id=\"6178ed0\" data-element_type=\"widget\" data-e-type=\"widget\" data-widget_type=\"heading.default\">\n\t\t\t\t\t<h2 class=\"elementor-heading-title elementor-size-default\">Le tappe fondamentali\n<\/h2>\t\t\t\t<\/div>\n\t\t\t\t<div class=\"elementor-element elementor-element-fdac7f2 elementor-widget elementor-widget-heading\" data-id=\"fdac7f2\" data-element_type=\"widget\" data-e-type=\"widget\" data-widget_type=\"heading.default\">\n\t\t\t\t\t<p class=\"elementor-heading-title elementor-size-default\">Per raggiungere questi obiettivi, sono previste diverse tappe. In primo luogo, l'ottenimento di un visto turistico permetter\u00e0 a Roja di scoprire la cultura francese e di visitare l'Universit\u00e0 di Caen, dove inizier\u00e0 il suo programma nel settembre 2025. In seguito, la ragazza sosterr\u00e0 il DUEF, che le fornir\u00e0 una solida base per i suoi studi futuri.\n\n<\/p>\t\t\t\t<\/div>\n\t\t\t\t\t<\/div>\n\t\t\t\t<\/div>\n\t\t<div class=\"elementor-element elementor-element-f3d86d3 e-flex e-con-boxed e-con e-parent\" data-id=\"f3d86d3\" data-element_type=\"container\" data-e-type=\"container\" data-settings=\"{&quot;jet_parallax_layout_list&quot;:[]}\">\n\t\t\t\t\t<div class=\"e-con-inner\">\n\t\t\t\t<div class=\"elementor-element elementor-element-ebfd4f1 elementor-widget elementor-widget-heading\" data-id=\"ebfd4f1\" data-element_type=\"widget\" data-e-type=\"widget\" data-widget_type=\"heading.default\">\n\t\t\t\t\t<h2 class=\"elementor-heading-title elementor-size-default\">Bilancio stimato\n<\/h2>\t\t\t\t<\/div>\n\t\t\t\t<div class=\"elementor-element elementor-element-fa6171c elementor-widget elementor-widget-heading\" data-id=\"fa6171c\" data-element_type=\"widget\" data-e-type=\"widget\" data-widget_type=\"heading.default\">\n\t\t\t\t\t<p class=\"elementor-heading-title elementor-size-default\">\u00c8 stato stabilito un budget di 12.500 euro per coprire tutti i costi associati a questo progetto. Il budget comprende i costi per i visti e i trasporti, l'alloggio per un anno, il vitto, le tasse universitarie del DUEF e l'assicurazione sanitaria.\n\n<\/p>\t\t\t\t<\/div>\n\t\t\t\t\t<\/div>\n\t\t\t\t<\/div>\n\t\t<div class=\"elementor-element elementor-element-b534219 e-flex e-con-boxed e-con e-parent\" data-id=\"b534219\" data-element_type=\"container\" data-e-type=\"container\" data-settings=\"{&quot;background_background&quot;:&quot;classic&quot;,&quot;jet_parallax_layout_list&quot;:[]}\">\n\t\t\t\t\t<div class=\"e-con-inner\">\n\t\t\t\t<div class=\"elementor-element elementor-element-ac0f093 elementor-widget elementor-widget-heading\" data-id=\"ac0f093\" data-element_type=\"widget\" data-e-type=\"widget\" data-widget_type=\"heading.default\">\n\t\t\t\t\t<h2 class=\"elementor-heading-title elementor-size-default\">Conclusione\n<\/h2>\t\t\t\t<\/div>\n\t\t\t\t<div class=\"elementor-element elementor-element-63161cf elementor-widget elementor-widget-heading\" data-id=\"63161cf\" data-element_type=\"widget\" data-e-type=\"widget\" data-widget_type=\"heading.default\">\n\t\t\t\t\t<p class=\"elementor-heading-title elementor-size-default\">Questo progetto rappresenta un'opportunit\u00e0 unica per Roja di superare le sue sfide personali, realizzare le sue ambizioni accademiche e costruirsi un futuro promettente.\n\n\n\n\n\n\n<\/p>\t\t\t\t<\/div>\n\t\t\t\t\t<\/div>\n\t\t\t\t<\/div>\n\t\t\t\t<\/div>","protected":false},"excerpt":{"rendered":"<p>Une opportunit\u00e9 d\u00e9terminante pour l&rsquo;avenir de Roja Roja, une jeune \u00e9tudiante talentueuse confront\u00e9e \u00e0 des probl\u00e8mes de sant\u00e9 r\u00e9currents, aspire \u00e0 poursuivre ses \u00e9tudes sup\u00e9rieures en France. Cette opportunit\u00e9 repr\u00e9sente une \u00e9tape d\u00e9cisive pour son avenir, tant sur le plan acad\u00e9mique que personnel. Objectifs du projet Les objectifs de ce projet sont clairs : lui [&hellip;]<\/p>\n","protected":false},"author":1,"featured_media":0,"parent":45,"menu_order":0,"comment_status":"closed","ping_status":"closed","template":"elementor_header_footer","meta":{"give_campaign_id":0,"footnotes":""},"class_list":["post-286","page","type-page","status-publish","hentry"],"blocksy_meta":[],"yoast_head":"<!-- This site is optimized with the Yoast SEO plugin v27.3 - https:\/\/yoast.com\/product\/yoast-seo-wordpress\/ -->\n<title>Un nouveau d\u00e9part pour Roja : Soutien m\u00e9dical et acc\u00e8s aux \u00e9tudes sup\u00e9rieures en France 2025 - Helping Hands<\/title>\n<meta name=\"description\" content=\"Helping Hands soutient Roja, une jeune fille du N\u00e9pal, dans son acc\u00e8s aux soins m\u00e9dicaux et aux \u00e9tudes sup\u00e9rieures en France d&#039;ici 2025. Aidez-nous \u00e0 transformer cet objectif en r\u00e9alit\u00e9 !\" \/>\n<meta name=\"robots\" content=\"index, follow, max-snippet:-1, max-image-preview:large, max-video-preview:-1\" \/>\n<link rel=\"canonical\" href=\"https:\/\/helpinghands.fr\/it\/i-nostri-obiettivi-per-il-2026\/un-nuovo-inizio-per-roja-sostegno-medico-e-accesso-allistruzione-superiore-in-francia-2025\/\" \/>\n<meta property=\"og:locale\" content=\"it_IT\" \/>\n<meta property=\"og:type\" content=\"article\" \/>\n<meta property=\"og:title\" content=\"Un nouveau d\u00e9part pour Roja : Soutien m\u00e9dical et acc\u00e8s aux \u00e9tudes sup\u00e9rieures en France 2025 - Helping Hands\" \/>\n<meta property=\"og:description\" content=\"Helping Hands soutient Roja, une jeune fille du N\u00e9pal, dans son acc\u00e8s aux soins m\u00e9dicaux et aux \u00e9tudes sup\u00e9rieures en France d&#039;ici 2025. Aidez-nous \u00e0 transformer cet objectif en r\u00e9alit\u00e9 !\" \/>\n<meta property=\"og:url\" content=\"https:\/\/helpinghands.fr\/it\/i-nostri-obiettivi-per-il-2026\/un-nuovo-inizio-per-roja-sostegno-medico-e-accesso-allistruzione-superiore-in-francia-2025\/\" \/>\n<meta property=\"og:site_name\" content=\"Helping Hands\" \/>\n<meta property=\"article:modified_time\" content=\"2025-01-13T19:57:34+00:00\" \/>\n<meta property=\"og:image\" content=\"https:\/\/helpinghands.fr\/wp-content\/uploads\/2025\/01\/12.png\" \/>\n<meta name=\"twitter:card\" content=\"summary_large_image\" \/>\n<meta name=\"twitter:label1\" content=\"Tempo di lettura stimato\" \/>\n\t<meta name=\"twitter:data1\" content=\"2 minuti\" \/>\n<script type=\"application\/ld+json\" class=\"yoast-schema-graph\">{\"@context\":\"https:\\\/\\\/schema.org\",\"@graph\":[{\"@type\":\"WebPage\",\"@id\":\"https:\\\/\\\/helpinghands.fr\\\/nos-objectifs-2026\\\/un-nouveau-depart-pour-roja-soutien-medical-et-acces-aux-etudes-superieures-en-france-2025\\\/\",\"url\":\"https:\\\/\\\/helpinghands.fr\\\/nos-objectifs-2026\\\/un-nouveau-depart-pour-roja-soutien-medical-et-acces-aux-etudes-superieures-en-france-2025\\\/\",\"name\":\"Un nouveau d\u00e9part pour Roja : Soutien m\u00e9dical et acc\u00e8s aux \u00e9tudes sup\u00e9rieures en France 2025 - Helping Hands\",\"isPartOf\":{\"@id\":\"https:\\\/\\\/helpinghands.fr\\\/#website\"},\"primaryImageOfPage\":{\"@id\":\"https:\\\/\\\/helpinghands.fr\\\/nos-objectifs-2026\\\/un-nouveau-depart-pour-roja-soutien-medical-et-acces-aux-etudes-superieures-en-france-2025\\\/#primaryimage\"},\"image\":{\"@id\":\"https:\\\/\\\/helpinghands.fr\\\/nos-objectifs-2026\\\/un-nouveau-depart-pour-roja-soutien-medical-et-acces-aux-etudes-superieures-en-france-2025\\\/#primaryimage\"},\"thumbnailUrl\":\"https:\\\/\\\/helpinghands.fr\\\/wp-content\\\/uploads\\\/2025\\\/01\\\/12.png\",\"datePublished\":\"2025-01-08T14:22:55+00:00\",\"dateModified\":\"2025-01-13T19:57:34+00:00\",\"description\":\"Helping Hands soutient Roja, une jeune fille du N\u00e9pal, dans son acc\u00e8s aux soins m\u00e9dicaux et aux \u00e9tudes sup\u00e9rieures en France d'ici 2025. Aidez-nous \u00e0 transformer cet objectif en r\u00e9alit\u00e9 !\",\"breadcrumb\":{\"@id\":\"https:\\\/\\\/helpinghands.fr\\\/nos-objectifs-2026\\\/un-nouveau-depart-pour-roja-soutien-medical-et-acces-aux-etudes-superieures-en-france-2025\\\/#breadcrumb\"},\"inLanguage\":\"it-IT\",\"potentialAction\":[{\"@type\":\"ReadAction\",\"target\":[\"https:\\\/\\\/helpinghands.fr\\\/nos-objectifs-2026\\\/un-nouveau-depart-pour-roja-soutien-medical-et-acces-aux-etudes-superieures-en-france-2025\\\/\"]}]},{\"@type\":\"ImageObject\",\"inLanguage\":\"it-IT\",\"@id\":\"https:\\\/\\\/helpinghands.fr\\\/nos-objectifs-2026\\\/un-nouveau-depart-pour-roja-soutien-medical-et-acces-aux-etudes-superieures-en-france-2025\\\/#primaryimage\",\"url\":\"https:\\\/\\\/helpinghands.fr\\\/wp-content\\\/uploads\\\/2025\\\/01\\\/12.png\",\"contentUrl\":\"https:\\\/\\\/helpinghands.fr\\\/wp-content\\\/uploads\\\/2025\\\/01\\\/12.png\"},{\"@type\":\"BreadcrumbList\",\"@id\":\"https:\\\/\\\/helpinghands.fr\\\/nos-objectifs-2026\\\/un-nouveau-depart-pour-roja-soutien-medical-et-acces-aux-etudes-superieures-en-france-2025\\\/#breadcrumb\",\"itemListElement\":[{\"@type\":\"ListItem\",\"position\":1,\"name\":\"Accueil\",\"item\":\"https:\\\/\\\/helpinghands.fr\\\/\"},{\"@type\":\"ListItem\",\"position\":2,\"name\":\"Nos objectifs 2026\",\"item\":\"https:\\\/\\\/helpinghands.fr\\\/nos-objectifs-2026\\\/\"},{\"@type\":\"ListItem\",\"position\":3,\"name\":\"Un nouveau d\u00e9part pour Roja : Soutien m\u00e9dical et acc\u00e8s aux \u00e9tudes sup\u00e9rieures en France 2025\"}]},{\"@type\":\"WebSite\",\"@id\":\"https:\\\/\\\/helpinghands.fr\\\/#website\",\"url\":\"https:\\\/\\\/helpinghands.fr\\\/\",\"name\":\"Helping Hands\",\"description\":\"\",\"potentialAction\":[{\"@type\":\"SearchAction\",\"target\":{\"@type\":\"EntryPoint\",\"urlTemplate\":\"https:\\\/\\\/helpinghands.fr\\\/?s={search_term_string}\"},\"query-input\":{\"@type\":\"PropertyValueSpecification\",\"valueRequired\":true,\"valueName\":\"search_term_string\"}}],\"inLanguage\":\"it-IT\"}]}<\/script>\n<!-- \/ Yoast SEO plugin. -->","yoast_head_json":{"title":"Un nuovo inizio per Roja: supporto medico e accesso all'istruzione superiore in Francia 2025 - Helping Hands","description":"Helping Hands sostiene Roja, una giovane ragazza nepalese, affinch\u00e9 possa accedere alle cure mediche e all'istruzione superiore in Francia entro il 2025. Aiutateci a trasformare questo obiettivo in realt\u00e0!","robots":{"index":"index","follow":"follow","max-snippet":"max-snippet:-1","max-image-preview":"max-image-preview:large","max-video-preview":"max-video-preview:-1"},"canonical":"https:\/\/helpinghands.fr\/it\/i-nostri-obiettivi-per-il-2026\/un-nuovo-inizio-per-roja-sostegno-medico-e-accesso-allistruzione-superiore-in-francia-2025\/","og_locale":"it_IT","og_type":"article","og_title":"Un nouveau d\u00e9part pour Roja : Soutien m\u00e9dical et acc\u00e8s aux \u00e9tudes sup\u00e9rieures en France 2025 - Helping Hands","og_description":"Helping Hands soutient Roja, une jeune fille du N\u00e9pal, dans son acc\u00e8s aux soins m\u00e9dicaux et aux \u00e9tudes sup\u00e9rieures en France d'ici 2025. Aidez-nous \u00e0 transformer cet objectif en r\u00e9alit\u00e9 !","og_url":"https:\/\/helpinghands.fr\/it\/i-nostri-obiettivi-per-il-2026\/un-nuovo-inizio-per-roja-sostegno-medico-e-accesso-allistruzione-superiore-in-francia-2025\/","og_site_name":"Helping Hands","article_modified_time":"2025-01-13T19:57:34+00:00","og_image":[{"url":"https:\/\/helpinghands.fr\/wp-content\/uploads\/2025\/01\/12.png","type":"","width":"","height":""}],"twitter_card":"summary_large_image","twitter_misc":{"Tempo di lettura stimato":"2 minuti"},"schema":{"@context":"https:\/\/schema.org","@graph":[{"@type":"WebPage","@id":"https:\/\/helpinghands.fr\/nos-objectifs-2026\/un-nouveau-depart-pour-roja-soutien-medical-et-acces-aux-etudes-superieures-en-france-2025\/","url":"https:\/\/helpinghands.fr\/nos-objectifs-2026\/un-nouveau-depart-pour-roja-soutien-medical-et-acces-aux-etudes-superieures-en-france-2025\/","name":"Un nuovo inizio per Roja: supporto medico e accesso all'istruzione superiore in Francia 2025 - Helping Hands","isPartOf":{"@id":"https:\/\/helpinghands.fr\/#website"},"primaryImageOfPage":{"@id":"https:\/\/helpinghands.fr\/nos-objectifs-2026\/un-nouveau-depart-pour-roja-soutien-medical-et-acces-aux-etudes-superieures-en-france-2025\/#primaryimage"},"image":{"@id":"https:\/\/helpinghands.fr\/nos-objectifs-2026\/un-nouveau-depart-pour-roja-soutien-medical-et-acces-aux-etudes-superieures-en-france-2025\/#primaryimage"},"thumbnailUrl":"https:\/\/helpinghands.fr\/wp-content\/uploads\/2025\/01\/12.png","datePublished":"2025-01-08T14:22:55+00:00","dateModified":"2025-01-13T19:57:34+00:00","description":"Helping Hands sostiene Roja, una giovane ragazza nepalese, affinch\u00e9 possa accedere alle cure mediche e all'istruzione superiore in Francia entro il 2025. Aiutateci a trasformare questo obiettivo in realt\u00e0!","breadcrumb":{"@id":"https:\/\/helpinghands.fr\/nos-objectifs-2026\/un-nouveau-depart-pour-roja-soutien-medical-et-acces-aux-etudes-superieures-en-france-2025\/#breadcrumb"},"inLanguage":"it-IT","potentialAction":[{"@type":"ReadAction","target":["https:\/\/helpinghands.fr\/nos-objectifs-2026\/un-nouveau-depart-pour-roja-soutien-medical-et-acces-aux-etudes-superieures-en-france-2025\/"]}]},{"@type":"ImageObject","inLanguage":"it-IT","@id":"https:\/\/helpinghands.fr\/nos-objectifs-2026\/un-nouveau-depart-pour-roja-soutien-medical-et-acces-aux-etudes-superieures-en-france-2025\/#primaryimage","url":"https:\/\/helpinghands.fr\/wp-content\/uploads\/2025\/01\/12.png","contentUrl":"https:\/\/helpinghands.fr\/wp-content\/uploads\/2025\/01\/12.png"},{"@type":"BreadcrumbList","@id":"https:\/\/helpinghands.fr\/nos-objectifs-2026\/un-nouveau-depart-pour-roja-soutien-medical-et-acces-aux-etudes-superieures-en-france-2025\/#breadcrumb","itemListElement":[{"@type":"ListItem","position":1,"name":"Accueil","item":"https:\/\/helpinghands.fr\/"},{"@type":"ListItem","position":2,"name":"Nos objectifs 2026","item":"https:\/\/helpinghands.fr\/nos-objectifs-2026\/"},{"@type":"ListItem","position":3,"name":"Un nouveau d\u00e9part pour Roja : Soutien m\u00e9dical et acc\u00e8s aux \u00e9tudes sup\u00e9rieures en France 2025"}]},{"@type":"WebSite","@id":"https:\/\/helpinghands.fr\/#website","url":"https:\/\/helpinghands.fr\/","name":"Helping Hands","description":"","potentialAction":[{"@type":"SearchAction","target":{"@type":"EntryPoint","urlTemplate":"https:\/\/helpinghands.fr\/?s={search_term_string}"},"query-input":{"@type":"PropertyValueSpecification","valueRequired":true,"valueName":"search_term_string"}}],"inLanguage":"it-IT"}]}},"campaignId":"","_links":{"self":[{"href":"https:\/\/helpinghands.fr\/it\/wp-json\/wp\/v2\/pages\/286","targetHints":{"allow":["GET"]}}],"collection":[{"href":"https:\/\/helpinghands.fr\/it\/wp-json\/wp\/v2\/pages"}],"about":[{"href":"https:\/\/helpinghands.fr\/it\/wp-json\/wp\/v2\/types\/page"}],"author":[{"embeddable":true,"href":"https:\/\/helpinghands.fr\/it\/wp-json\/wp\/v2\/users\/1"}],"replies":[{"embeddable":true,"href":"https:\/\/helpinghands.fr\/it\/wp-json\/wp\/v2\/comments?post=286"}],"version-history":[{"count":0,"href":"https:\/\/helpinghands.fr\/it\/wp-json\/wp\/v2\/pages\/286\/revisions"}],"up":[{"embeddable":true,"href":"https:\/\/helpinghands.fr\/it\/wp-json\/wp\/v2\/pages\/45"}],"wp:attachment":[{"href":"https:\/\/helpinghands.fr\/it\/wp-json\/wp\/v2\/media?parent=286"}],"curies":[{"name":"wp","href":"https:\/\/api.w.org\/{rel}","templated":true}]}}