{"id":287,"date":"2025-01-08T15:23:09","date_gmt":"2025-01-08T14:23:09","guid":{"rendered":"https:\/\/helpinghands.fr\/?page_id=287"},"modified":"2026-02-07T14:41:09","modified_gmt":"2026-02-07T13:41:09","slug":"sostegno-aswin-aswini-educazione-nutrizione-salute","status":"publish","type":"page","link":"https:\/\/helpinghands.fr\/it\/nos-objectifs-2026\/accompagnement-aswin-aswini-education-nutrition-sante\/","title":{"rendered":"Sostegno ad Aswin e Aswini: programma di educazione olistica, nutrizione e salute"},"content":{"rendered":"<div data-elementor-type=\"wp-page\" data-elementor-id=\"287\" class=\"elementor elementor-287\" data-elementor-post-type=\"page\">\n\t\t\t\t<div class=\"elementor-element elementor-element-540d74d e-flex e-con-boxed e-con e-parent\" data-id=\"540d74d\" data-element_type=\"container\" data-e-type=\"container\" data-settings=\"{&quot;jet_parallax_layout_list&quot;:[]}\">\n\t\t\t\t\t<div class=\"e-con-inner\">\n\t\t<div class=\"elementor-element elementor-element-498f443 e-con-full e-flex e-con e-child\" data-id=\"498f443\" data-element_type=\"container\" data-e-type=\"container\" data-settings=\"{&quot;jet_parallax_layout_list&quot;:[]}\">\n\t\t\t\t<div class=\"elementor-element elementor-element-b7881b5 elementor-widget elementor-widget-heading\" data-id=\"b7881b5\" data-element_type=\"widget\" data-e-type=\"widget\" data-widget_type=\"heading.default\">\n\t\t\t\t\t<h1 class=\"elementor-heading-title elementor-size-default\">Sostegno ad Aswin e Aswini: programma di educazione olistica, nutrizione e salute<\/h1>\t\t\t\t<\/div>\n\t\t\t\t<\/div>\n\t\t\t\t\t<\/div>\n\t\t\t\t<\/div>\n\t\t<div class=\"elementor-element elementor-element-406ef63 e-flex e-con-boxed e-con e-parent\" data-id=\"406ef63\" data-element_type=\"container\" data-e-type=\"container\" data-settings=\"{&quot;jet_parallax_layout_list&quot;:[]}\">\n\t\t\t\t\t<div class=\"e-con-inner\">\n\t\t\t\t<div class=\"elementor-element elementor-element-0932354 elementor-widget elementor-widget-jet-images-layout\" data-id=\"0932354\" data-element_type=\"widget\" data-e-type=\"widget\" data-settings=\"{&quot;columns&quot;:&quot;3&quot;,&quot;columns_tablet&quot;:&quot;2&quot;,&quot;columns_mobile&quot;:&quot;1&quot;}\" data-widget_type=\"jet-images-layout.default\">\n\t\t\t\t<div class=\"elementor-widget-container\">\n\t\t\t\t\t<div class=\"elementor-jet-images-layout jet-elements\">\n<div class=\"jet-images-layout layout-type-masonry\" data-settings='{&quot;layoutType&quot;:&quot;masonry&quot;,&quot;justifyHeight&quot;:300}'>\n\t<div class=\"jet-images-layout__list salvattore column-desktop-3 column-tablet-2 column-mobile-1\" data-columns>\n<div class=\"jet-images-layout__item\">\n\t<div class=\"jet-images-layout__inner\">\n\t\t<div class=\"jet-images-layout__image-loader\"><span><\/span><\/div>\n\t\t<a class=\"jet-images-layout__link\" href=\"https:\/\/helpinghands.fr\/wp-content\/uploads\/2025\/01\/WhatsApp-Image-2025-01-08-at-15.42.53.jpeg\" data-elementor-open-lightbox=\"yes\" data-elementor-lightbox-slideshow=\"0932354\">\n\t\t\t<div class=\"jet-images-layout__image\">\n\t\t\t\t<img decoding=\"async\" class=\"jet-images-layout__image-instance\" src=\"https:\/\/helpinghands.fr\/wp-content\/uploads\/2025\/01\/WhatsApp-Image-2025-01-08-at-15.42.53.jpeg\" alt=\"Immagine WhatsApp 2025-01-08 alle 15.42.53\" loading=\"lazy\">\t\t\t<\/div>\n\t\t\t<div class=\"jet-images-layout__content\"><\/div>\n\t\t<\/a>\n\t<\/div>\n<\/div>\n<div class=\"jet-images-layout__item\">\n\t<div class=\"jet-images-layout__inner\">\n\t\t<div class=\"jet-images-layout__image-loader\"><span><\/span><\/div>\n\t\t<a class=\"jet-images-layout__link\" href=\"https:\/\/helpinghands.fr\/wp-content\/uploads\/2025\/01\/WhatsApp-Image-2025-01-08-at-15.41.33.jpeg\" data-elementor-open-lightbox=\"yes\" data-elementor-lightbox-slideshow=\"0932354\">\n\t\t\t<div class=\"jet-images-layout__image\">\n\t\t\t\t<img decoding=\"async\" class=\"jet-images-layout__image-instance\" src=\"https:\/\/helpinghands.fr\/wp-content\/uploads\/2025\/01\/WhatsApp-Image-2025-01-08-at-15.41.33.jpeg\" alt=\"Immagine WhatsApp 2025-01-08 alle 15.41.33\" loading=\"lazy\">\t\t\t<\/div>\n\t\t\t<div class=\"jet-images-layout__content\"><\/div>\n\t\t<\/a>\n\t<\/div>\n<\/div>\n<div class=\"jet-images-layout__item\">\n\t<div class=\"jet-images-layout__inner\">\n\t\t<div class=\"jet-images-layout__image-loader\"><span><\/span><\/div>\n\t\t<a class=\"jet-images-layout__link\" href=\"https:\/\/helpinghands.fr\/wp-content\/uploads\/2025\/01\/WhatsApp-Image-2025-01-08-at-15.41.29.jpeg\" data-elementor-open-lightbox=\"yes\" data-elementor-lightbox-slideshow=\"0932354\">\n\t\t\t<div class=\"jet-images-layout__image\">\n\t\t\t\t<img decoding=\"async\" class=\"jet-images-layout__image-instance\" src=\"https:\/\/helpinghands.fr\/wp-content\/uploads\/2025\/01\/WhatsApp-Image-2025-01-08-at-15.41.29.jpeg\" alt=\"Immagine WhatsApp 2025-01-08 alle 15.41.29\" loading=\"lazy\">\t\t\t<\/div>\n\t\t\t<div class=\"jet-images-layout__content\"><\/div>\n\t\t<\/a>\n\t<\/div>\n<\/div>\n<\/div><\/div>\n<\/div>\t\t\t\t<\/div>\n\t\t\t\t<\/div>\n\t\t\t\t\t<\/div>\n\t\t\t\t<\/div>\n\t\t<div class=\"elementor-element elementor-element-3bc4ac1 e-flex e-con-boxed e-con e-parent\" data-id=\"3bc4ac1\" data-element_type=\"container\" data-e-type=\"container\" data-settings=\"{&quot;background_background&quot;:&quot;classic&quot;,&quot;jet_parallax_layout_list&quot;:[]}\">\n\t\t\t\t\t<div class=\"e-con-inner\">\n\t\t\t\t<div class=\"elementor-element elementor-element-469b948 elementor-widget elementor-widget-heading\" data-id=\"469b948\" data-element_type=\"widget\" data-e-type=\"widget\" data-widget_type=\"heading.default\">\n\t\t\t\t\t<h2 class=\"elementor-heading-title elementor-size-default\">Sostenere l'istruzione e il benessere dei bambini\n<\/h2>\t\t\t\t<\/div>\n\t\t\t\t<div class=\"elementor-element elementor-element-5111845 elementor-widget elementor-widget-heading\" data-id=\"5111845\" data-element_type=\"widget\" data-e-type=\"widget\" data-widget_type=\"heading.default\">\n\t\t\t\t\t<p class=\"elementor-heading-title elementor-size-default\">Aswin e Aswini, due bambini che vivono in condizioni molto svantaggiate, hanno difficolt\u00e0 ad accedere a un'istruzione stabile e alle cure mediche di base.\n\n<\/p>\t\t\t\t<\/div>\n\t\t\t\t\t<\/div>\n\t\t\t\t<\/div>\n\t\t<div class=\"elementor-element elementor-element-0d546a2 e-flex e-con-boxed e-con e-parent\" data-id=\"0d546a2\" data-element_type=\"container\" data-e-type=\"container\" data-settings=\"{&quot;jet_parallax_layout_list&quot;:[]}\">\n\t\t\t\t\t<div class=\"e-con-inner\">\n\t\t\t\t<div class=\"elementor-element elementor-element-acdb35d elementor-widget elementor-widget-heading\" data-id=\"acdb35d\" data-element_type=\"widget\" data-e-type=\"widget\" data-widget_type=\"heading.default\">\n\t\t\t\t\t<h2 class=\"elementor-heading-title elementor-size-default\">Obiettivi del progetto\n<\/h2>\t\t\t\t<\/div>\n\t\t\t\t<div class=\"elementor-element elementor-element-4d0f33d elementor-widget elementor-widget-heading\" data-id=\"4d0f33d\" data-element_type=\"widget\" data-e-type=\"widget\" data-widget_type=\"heading.default\">\n\t\t\t\t\t<p class=\"elementor-heading-title elementor-size-default\">L'obiettivo principale \u00e8 quello di garantire la loro istruzione, la loro salute e il loro benessere, coprendo le spese educative, nutrizionali e mediche e incoraggiando il loro sviluppo personale attraverso attivit\u00e0 extracurriculari.\n\n<\/p>\t\t\t\t<\/div>\n\t\t\t\t\t<\/div>\n\t\t\t\t<\/div>\n\t\t<div class=\"elementor-element elementor-element-a53e996 e-flex e-con-boxed e-con e-parent\" data-id=\"a53e996\" data-element_type=\"container\" data-e-type=\"container\" data-settings=\"{&quot;background_background&quot;:&quot;classic&quot;,&quot;jet_parallax_layout_list&quot;:[]}\">\n\t\t\t\t\t<div class=\"e-con-inner\">\n\t\t\t\t<div class=\"elementor-element elementor-element-5795ad5 elementor-widget elementor-widget-heading\" data-id=\"5795ad5\" data-element_type=\"widget\" data-e-type=\"widget\" data-widget_type=\"heading.default\">\n\t\t\t\t\t<h2 class=\"elementor-heading-title elementor-size-default\">Le azioni principali\n<\/h2>\t\t\t\t<\/div>\n\t\t\t\t<div class=\"elementor-element elementor-element-66a54f2 elementor-widget elementor-widget-heading\" data-id=\"66a54f2\" data-element_type=\"widget\" data-e-type=\"widget\" data-widget_type=\"heading.default\">\n\t\t\t\t\t<p class=\"elementor-heading-title elementor-size-default\">Il sostegno comprende il finanziamento delle rette scolastiche, la fornitura di uniformi e attrezzature scolastiche, la distribuzione di pasti equilibrati, l'organizzazione di controlli medici regolari e la partecipazione ad attivit\u00e0 che incoraggiano lo sviluppo personale.\n\n<\/p>\t\t\t\t<\/div>\n\t\t\t\t\t<\/div>\n\t\t\t\t<\/div>\n\t\t<div class=\"elementor-element elementor-element-69671fe e-flex e-con-boxed e-con e-parent\" data-id=\"69671fe\" data-element_type=\"container\" data-e-type=\"container\" data-settings=\"{&quot;jet_parallax_layout_list&quot;:[]}\">\n\t\t\t\t\t<div class=\"e-con-inner\">\n\t\t\t\t<div class=\"elementor-element elementor-element-e9e6e4f elementor-widget elementor-widget-heading\" data-id=\"e9e6e4f\" data-element_type=\"widget\" data-e-type=\"widget\" data-widget_type=\"heading.default\">\n\t\t\t\t\t<h2 class=\"elementor-heading-title elementor-size-default\">Bilancio stimato\n<\/h2>\t\t\t\t<\/div>\n\t\t\t\t<div class=\"elementor-element elementor-element-f71092e elementor-widget elementor-widget-heading\" data-id=\"f71092e\" data-element_type=\"widget\" data-e-type=\"widget\" data-widget_type=\"heading.default\">\n\t\t\t\t\t<p class=\"elementor-heading-title elementor-size-default\">Un budget di 2.000 euro coprir\u00e0 tutte le azioni previste per un anno, garantendo un sostegno completo ai due bambini.\n\n<\/p>\t\t\t\t<\/div>\n\t\t\t\t\t<\/div>\n\t\t\t\t<\/div>\n\t\t\t\t<\/div>","protected":false},"excerpt":{"rendered":"<p>Soutenir l\u2019\u00e9ducation et le bien-\u00eatre des enfants Aswin et Aswini, deux enfants vivant dans des conditions tr\u00e8s d\u00e9favoris\u00e9es, rencontrent des difficult\u00e9s pour acc\u00e9der \u00e0 une \u00e9ducation stable et des soins m\u00e9dicaux de base. Objectifs du projet L&rsquo;objectif principal est de garantir leur scolarisation, leur sant\u00e9, et leur bien-\u00eatre en prenant en charge leurs frais \u00e9ducatifs, [&hellip;]<\/p>\n","protected":false},"author":1,"featured_media":0,"parent":45,"menu_order":1,"comment_status":"closed","ping_status":"closed","template":"elementor_header_footer","meta":{"give_campaign_id":0,"footnotes":""},"class_list":["post-287","page","type-page","status-publish","hentry"],"blocksy_meta":[],"yoast_head":"<!-- This site is optimized with the Yoast SEO plugin v27.3 - https:\/\/yoast.com\/product\/yoast-seo-wordpress\/ -->\n<title>Accompagnement Aswin et Aswini : \u00e9ducation, nutrition et sant\u00e9<\/title>\n<meta name=\"description\" content=\"Accompagnement d\u2019Aswin et Aswini \u00e0 travers un programme holistique alliant \u00e9ducation, nutrition et sant\u00e9 pour un d\u00e9veloppement durable.\" \/>\n<meta name=\"robots\" content=\"index, follow, max-snippet:-1, max-image-preview:large, max-video-preview:-1\" \/>\n<link rel=\"canonical\" href=\"https:\/\/helpinghands.fr\/it\/i-nostri-obiettivi-per-il-2026\/sostegno-aswin-aswini-educazione-nutrizione-salute\/\" \/>\n<meta property=\"og:locale\" content=\"it_IT\" \/>\n<meta property=\"og:type\" content=\"article\" \/>\n<meta property=\"og:title\" content=\"Accompagnement Aswin et Aswini : \u00e9ducation, nutrition et sant\u00e9\" \/>\n<meta property=\"og:description\" content=\"Accompagnement d\u2019Aswin et Aswini \u00e0 travers un programme holistique alliant \u00e9ducation, nutrition et sant\u00e9 pour un d\u00e9veloppement durable.\" \/>\n<meta property=\"og:url\" content=\"https:\/\/helpinghands.fr\/it\/i-nostri-obiettivi-per-il-2026\/sostegno-aswin-aswini-educazione-nutrizione-salute\/\" \/>\n<meta property=\"og:site_name\" content=\"Helping Hands\" \/>\n<meta property=\"article:modified_time\" content=\"2026-02-07T13:41:09+00:00\" \/>\n<meta property=\"og:image\" content=\"https:\/\/helpinghands.fr\/wp-content\/uploads\/2025\/01\/WhatsApp-Image-2025-01-08-at-15.42.53.jpeg\" \/>\n<meta name=\"twitter:card\" content=\"summary_large_image\" \/>\n<meta name=\"twitter:label1\" content=\"Tempo di lettura stimato\" \/>\n\t<meta name=\"twitter:data1\" content=\"2 minuti\" \/>\n<script type=\"application\/ld+json\" class=\"yoast-schema-graph\">{\"@context\":\"https:\\\/\\\/schema.org\",\"@graph\":[{\"@type\":\"WebPage\",\"@id\":\"https:\\\/\\\/helpinghands.fr\\\/nos-objectifs-2026\\\/accompagnement-aswin-aswini-education-nutrition-sante\\\/\",\"url\":\"https:\\\/\\\/helpinghands.fr\\\/nos-objectifs-2026\\\/accompagnement-aswin-aswini-education-nutrition-sante\\\/\",\"name\":\"Accompagnement Aswin et Aswini : \u00e9ducation, nutrition et sant\u00e9\",\"isPartOf\":{\"@id\":\"https:\\\/\\\/helpinghands.fr\\\/#website\"},\"primaryImageOfPage\":{\"@id\":\"https:\\\/\\\/helpinghands.fr\\\/nos-objectifs-2026\\\/accompagnement-aswin-aswini-education-nutrition-sante\\\/#primaryimage\"},\"image\":{\"@id\":\"https:\\\/\\\/helpinghands.fr\\\/nos-objectifs-2026\\\/accompagnement-aswin-aswini-education-nutrition-sante\\\/#primaryimage\"},\"thumbnailUrl\":\"https:\\\/\\\/helpinghands.fr\\\/wp-content\\\/uploads\\\/2025\\\/01\\\/WhatsApp-Image-2025-01-08-at-15.42.53.jpeg\",\"datePublished\":\"2025-01-08T14:23:09+00:00\",\"dateModified\":\"2026-02-07T13:41:09+00:00\",\"description\":\"Accompagnement d\u2019Aswin et Aswini \u00e0 travers un programme holistique alliant \u00e9ducation, nutrition et sant\u00e9 pour un d\u00e9veloppement durable.\",\"breadcrumb\":{\"@id\":\"https:\\\/\\\/helpinghands.fr\\\/nos-objectifs-2026\\\/accompagnement-aswin-aswini-education-nutrition-sante\\\/#breadcrumb\"},\"inLanguage\":\"it-IT\",\"potentialAction\":[{\"@type\":\"ReadAction\",\"target\":[\"https:\\\/\\\/helpinghands.fr\\\/nos-objectifs-2026\\\/accompagnement-aswin-aswini-education-nutrition-sante\\\/\"]}]},{\"@type\":\"ImageObject\",\"inLanguage\":\"it-IT\",\"@id\":\"https:\\\/\\\/helpinghands.fr\\\/nos-objectifs-2026\\\/accompagnement-aswin-aswini-education-nutrition-sante\\\/#primaryimage\",\"url\":\"https:\\\/\\\/helpinghands.fr\\\/wp-content\\\/uploads\\\/2025\\\/01\\\/WhatsApp-Image-2025-01-08-at-15.42.53.jpeg\",\"contentUrl\":\"https:\\\/\\\/helpinghands.fr\\\/wp-content\\\/uploads\\\/2025\\\/01\\\/WhatsApp-Image-2025-01-08-at-15.42.53.jpeg\"},{\"@type\":\"BreadcrumbList\",\"@id\":\"https:\\\/\\\/helpinghands.fr\\\/nos-objectifs-2026\\\/accompagnement-aswin-aswini-education-nutrition-sante\\\/#breadcrumb\",\"itemListElement\":[{\"@type\":\"ListItem\",\"position\":1,\"name\":\"Accueil\",\"item\":\"https:\\\/\\\/helpinghands.fr\\\/\"},{\"@type\":\"ListItem\",\"position\":2,\"name\":\"Nos objectifs 2026\",\"item\":\"https:\\\/\\\/helpinghands.fr\\\/nos-objectifs-2026\\\/\"},{\"@type\":\"ListItem\",\"position\":3,\"name\":\"Accompagnement d&rsquo;Aswin et Aswini : Programme holistique d&rsquo;\u00e9ducation, de nutrition et de sant\u00e9\"}]},{\"@type\":\"WebSite\",\"@id\":\"https:\\\/\\\/helpinghands.fr\\\/#website\",\"url\":\"https:\\\/\\\/helpinghands.fr\\\/\",\"name\":\"Helping Hands\",\"description\":\"\",\"potentialAction\":[{\"@type\":\"SearchAction\",\"target\":{\"@type\":\"EntryPoint\",\"urlTemplate\":\"https:\\\/\\\/helpinghands.fr\\\/?s={search_term_string}\"},\"query-input\":{\"@type\":\"PropertyValueSpecification\",\"valueRequired\":true,\"valueName\":\"search_term_string\"}}],\"inLanguage\":\"it-IT\"}]}<\/script>\n<!-- \/ Yoast SEO plugin. -->","yoast_head_json":{"title":"Sostegno ad Aswin e Aswini: istruzione, nutrizione e salute","description":"Sostegno ad Aswin e Aswini attraverso un programma olistico che combina istruzione, nutrizione e salute per uno sviluppo sostenibile.","robots":{"index":"index","follow":"follow","max-snippet":"max-snippet:-1","max-image-preview":"max-image-preview:large","max-video-preview":"max-video-preview:-1"},"canonical":"https:\/\/helpinghands.fr\/it\/i-nostri-obiettivi-per-il-2026\/sostegno-aswin-aswini-educazione-nutrizione-salute\/","og_locale":"it_IT","og_type":"article","og_title":"Accompagnement Aswin et Aswini : \u00e9ducation, nutrition et sant\u00e9","og_description":"Accompagnement d\u2019Aswin et Aswini \u00e0 travers un programme holistique alliant \u00e9ducation, nutrition et sant\u00e9 pour un d\u00e9veloppement durable.","og_url":"https:\/\/helpinghands.fr\/it\/i-nostri-obiettivi-per-il-2026\/sostegno-aswin-aswini-educazione-nutrizione-salute\/","og_site_name":"Helping Hands","article_modified_time":"2026-02-07T13:41:09+00:00","og_image":[{"url":"https:\/\/helpinghands.fr\/wp-content\/uploads\/2025\/01\/WhatsApp-Image-2025-01-08-at-15.42.53.jpeg","type":"","width":"","height":""}],"twitter_card":"summary_large_image","twitter_misc":{"Tempo di lettura stimato":"2 minuti"},"schema":{"@context":"https:\/\/schema.org","@graph":[{"@type":"WebPage","@id":"https:\/\/helpinghands.fr\/nos-objectifs-2026\/accompagnement-aswin-aswini-education-nutrition-sante\/","url":"https:\/\/helpinghands.fr\/nos-objectifs-2026\/accompagnement-aswin-aswini-education-nutrition-sante\/","name":"Sostegno ad Aswin e Aswini: istruzione, nutrizione e salute","isPartOf":{"@id":"https:\/\/helpinghands.fr\/#website"},"primaryImageOfPage":{"@id":"https:\/\/helpinghands.fr\/nos-objectifs-2026\/accompagnement-aswin-aswini-education-nutrition-sante\/#primaryimage"},"image":{"@id":"https:\/\/helpinghands.fr\/nos-objectifs-2026\/accompagnement-aswin-aswini-education-nutrition-sante\/#primaryimage"},"thumbnailUrl":"https:\/\/helpinghands.fr\/wp-content\/uploads\/2025\/01\/WhatsApp-Image-2025-01-08-at-15.42.53.jpeg","datePublished":"2025-01-08T14:23:09+00:00","dateModified":"2026-02-07T13:41:09+00:00","description":"Sostegno ad Aswin e Aswini attraverso un programma olistico che combina istruzione, nutrizione e salute per uno sviluppo sostenibile.","breadcrumb":{"@id":"https:\/\/helpinghands.fr\/nos-objectifs-2026\/accompagnement-aswin-aswini-education-nutrition-sante\/#breadcrumb"},"inLanguage":"it-IT","potentialAction":[{"@type":"ReadAction","target":["https:\/\/helpinghands.fr\/nos-objectifs-2026\/accompagnement-aswin-aswini-education-nutrition-sante\/"]}]},{"@type":"ImageObject","inLanguage":"it-IT","@id":"https:\/\/helpinghands.fr\/nos-objectifs-2026\/accompagnement-aswin-aswini-education-nutrition-sante\/#primaryimage","url":"https:\/\/helpinghands.fr\/wp-content\/uploads\/2025\/01\/WhatsApp-Image-2025-01-08-at-15.42.53.jpeg","contentUrl":"https:\/\/helpinghands.fr\/wp-content\/uploads\/2025\/01\/WhatsApp-Image-2025-01-08-at-15.42.53.jpeg"},{"@type":"BreadcrumbList","@id":"https:\/\/helpinghands.fr\/nos-objectifs-2026\/accompagnement-aswin-aswini-education-nutrition-sante\/#breadcrumb","itemListElement":[{"@type":"ListItem","position":1,"name":"Accueil","item":"https:\/\/helpinghands.fr\/"},{"@type":"ListItem","position":2,"name":"Nos objectifs 2026","item":"https:\/\/helpinghands.fr\/nos-objectifs-2026\/"},{"@type":"ListItem","position":3,"name":"Accompagnement d&rsquo;Aswin et Aswini : Programme holistique d&rsquo;\u00e9ducation, de nutrition et de sant\u00e9"}]},{"@type":"WebSite","@id":"https:\/\/helpinghands.fr\/#website","url":"https:\/\/helpinghands.fr\/","name":"Helping Hands","description":"","potentialAction":[{"@type":"SearchAction","target":{"@type":"EntryPoint","urlTemplate":"https:\/\/helpinghands.fr\/?s={search_term_string}"},"query-input":{"@type":"PropertyValueSpecification","valueRequired":true,"valueName":"search_term_string"}}],"inLanguage":"it-IT"}]}},"campaignId":"","_links":{"self":[{"href":"https:\/\/helpinghands.fr\/it\/wp-json\/wp\/v2\/pages\/287","targetHints":{"allow":["GET"]}}],"collection":[{"href":"https:\/\/helpinghands.fr\/it\/wp-json\/wp\/v2\/pages"}],"about":[{"href":"https:\/\/helpinghands.fr\/it\/wp-json\/wp\/v2\/types\/page"}],"author":[{"embeddable":true,"href":"https:\/\/helpinghands.fr\/it\/wp-json\/wp\/v2\/users\/1"}],"replies":[{"embeddable":true,"href":"https:\/\/helpinghands.fr\/it\/wp-json\/wp\/v2\/comments?post=287"}],"version-history":[{"count":1,"href":"https:\/\/helpinghands.fr\/it\/wp-json\/wp\/v2\/pages\/287\/revisions"}],"predecessor-version":[{"id":1824,"href":"https:\/\/helpinghands.fr\/it\/wp-json\/wp\/v2\/pages\/287\/revisions\/1824"}],"up":[{"embeddable":true,"href":"https:\/\/helpinghands.fr\/it\/wp-json\/wp\/v2\/pages\/45"}],"wp:attachment":[{"href":"https:\/\/helpinghands.fr\/it\/wp-json\/wp\/v2\/media?parent=287"}],"curies":[{"name":"wp","href":"https:\/\/api.w.org\/{rel}","templated":true}]}}