{"id":289,"date":"2025-01-08T15:24:18","date_gmt":"2025-01-08T14:24:18","guid":{"rendered":"https:\/\/helpinghands.fr\/?page_id=289"},"modified":"2025-04-05T12:42:29","modified_gmt":"2025-04-05T10:42:29","slug":"sostegno-educativo-per-i-bambini-vulnerabili-di-limbauan-un-progetto-di-inclusione-scolastica-nelle-filippine","status":"publish","type":"page","link":"https:\/\/helpinghands.fr\/it\/nos-objectifs-2026\/soutien-educatif-aux-enfants-vulnerables-de-limbauan-un-projet-dinclusion-scolaire-aux-philippines\/","title":{"rendered":"Supporto educativo per i bambini vulnerabili di Limbauan: un progetto di inclusione scolastica nelle Filippine"},"content":{"rendered":"<div data-elementor-type=\"wp-page\" data-elementor-id=\"289\" class=\"elementor elementor-289\" data-elementor-post-type=\"page\">\n\t\t\t\t<div class=\"elementor-element elementor-element-a90333c e-flex e-con-boxed e-con e-parent\" data-id=\"a90333c\" data-element_type=\"container\" data-e-type=\"container\" data-settings=\"{&quot;jet_parallax_layout_list&quot;:[]}\">\n\t\t\t\t\t<div class=\"e-con-inner\">\n\t\t<div class=\"elementor-element elementor-element-fb672c5 e-con-full e-flex e-con e-child\" data-id=\"fb672c5\" data-element_type=\"container\" data-e-type=\"container\" data-settings=\"{&quot;jet_parallax_layout_list&quot;:[]}\">\n\t\t\t\t<div class=\"elementor-element elementor-element-0d62c2b elementor-widget elementor-widget-heading\" data-id=\"0d62c2b\" data-element_type=\"widget\" data-e-type=\"widget\" data-widget_type=\"heading.default\">\n\t\t\t\t\t<h1 class=\"elementor-heading-title elementor-size-default\">Supporto educativo per i bambini vulnerabili di Limbauan: un progetto di inclusione scolastica nelle Filippine<\/h1>\t\t\t\t<\/div>\n\t\t\t\t<\/div>\n\t\t\t\t\t<\/div>\n\t\t\t\t<\/div>\n\t\t<div class=\"elementor-element elementor-element-8118c1b e-flex e-con-boxed e-con e-parent\" data-id=\"8118c1b\" data-element_type=\"container\" data-e-type=\"container\" data-settings=\"{&quot;jet_parallax_layout_list&quot;:[]}\">\n\t\t\t\t\t<div class=\"e-con-inner\">\n\t\t\t\t<div class=\"elementor-element elementor-element-16a5a18 elementor-widget elementor-widget-jet-images-layout\" data-id=\"16a5a18\" data-element_type=\"widget\" data-e-type=\"widget\" data-settings=\"{&quot;columns&quot;:&quot;3&quot;,&quot;columns_tablet&quot;:&quot;2&quot;,&quot;columns_mobile&quot;:&quot;1&quot;}\" data-widget_type=\"jet-images-layout.default\">\n\t\t\t\t<div class=\"elementor-widget-container\">\n\t\t\t\t\t<div class=\"elementor-jet-images-layout jet-elements\">\n<div class=\"jet-images-layout layout-type-grid\" data-settings='{&quot;layoutType&quot;:&quot;grid&quot;,&quot;justifyHeight&quot;:300}'>\n\t<div class=\"jet-images-layout__list col-row disable-cols-gap disable-rows-gap column-desktop-3 column-tablet-2 column-mobile-1\" >\n<div class=\"jet-images-layout__item col-desk-3 col-tab-2 col-mob-1\">\n\t<div class=\"jet-images-layout__inner\">\n\t\t<div class=\"jet-images-layout__image-loader\"><span><\/span><\/div>\n\t\t<a class=\"jet-images-layout__link\" href=\"https:\/\/helpinghands.fr\/wp-content\/uploads\/2025\/01\/1-3.png\" data-elementor-open-lightbox=\"yes\" data-elementor-lightbox-slideshow=\"16a5a18\">\n\t\t\t<div class=\"jet-images-layout__image\">\n\t\t\t\t<img decoding=\"async\" class=\"jet-images-layout__image-instance\" src=\"https:\/\/helpinghands.fr\/wp-content\/uploads\/2025\/01\/1-3.png\" alt=\"1\" loading=\"lazy\">\t\t\t<\/div>\n\t\t\t<div class=\"jet-images-layout__content\"><\/div>\n\t\t<\/a>\n\t<\/div>\n<\/div>\n<div class=\"jet-images-layout__item col-desk-3 col-tab-2 col-mob-1\">\n\t<div class=\"jet-images-layout__inner\">\n\t\t<div class=\"jet-images-layout__image-loader\"><span><\/span><\/div>\n\t\t<a class=\"jet-images-layout__link\" href=\"https:\/\/helpinghands.fr\/wp-content\/uploads\/2025\/01\/2-3.png\" data-elementor-open-lightbox=\"yes\" data-elementor-lightbox-slideshow=\"16a5a18\">\n\t\t\t<div class=\"jet-images-layout__image\">\n\t\t\t\t<img decoding=\"async\" class=\"jet-images-layout__image-instance\" src=\"https:\/\/helpinghands.fr\/wp-content\/uploads\/2025\/01\/2-3.png\" alt=\"2\" loading=\"lazy\">\t\t\t<\/div>\n\t\t\t<div class=\"jet-images-layout__content\"><\/div>\n\t\t<\/a>\n\t<\/div>\n<\/div>\n<div class=\"jet-images-layout__item col-desk-3 col-tab-2 col-mob-1\">\n\t<div class=\"jet-images-layout__inner\">\n\t\t<div class=\"jet-images-layout__image-loader\"><span><\/span><\/div>\n\t\t<a class=\"jet-images-layout__link\" href=\"https:\/\/helpinghands.fr\/wp-content\/uploads\/2025\/01\/3-3.png\" data-elementor-open-lightbox=\"yes\" data-elementor-lightbox-slideshow=\"16a5a18\">\n\t\t\t<div class=\"jet-images-layout__image\">\n\t\t\t\t<img decoding=\"async\" class=\"jet-images-layout__image-instance\" src=\"https:\/\/helpinghands.fr\/wp-content\/uploads\/2025\/01\/3-3.png\" alt=\"3\" loading=\"lazy\">\t\t\t<\/div>\n\t\t\t<div class=\"jet-images-layout__content\"><\/div>\n\t\t<\/a>\n\t<\/div>\n<\/div>\n<\/div><\/div>\n<\/div>\t\t\t\t<\/div>\n\t\t\t\t<\/div>\n\t\t\t\t\t<\/div>\n\t\t\t\t<\/div>\n\t\t<div class=\"elementor-element elementor-element-00e6acc e-flex e-con-boxed e-con e-parent\" data-id=\"00e6acc\" data-element_type=\"container\" data-e-type=\"container\" data-settings=\"{&quot;background_background&quot;:&quot;classic&quot;,&quot;jet_parallax_layout_list&quot;:[]}\">\n\t\t\t\t\t<div class=\"e-con-inner\">\n\t\t\t\t<div class=\"elementor-element elementor-element-2128eea elementor-widget elementor-widget-heading\" data-id=\"2128eea\" data-element_type=\"widget\" data-e-type=\"widget\" data-widget_type=\"heading.default\">\n\t\t\t\t\t<h2 class=\"elementor-heading-title elementor-size-default\">Sostegno a una scuola in difficolt\u00e0\n<\/h2>\t\t\t\t<\/div>\n\t\t\t\t<div class=\"elementor-element elementor-element-8f1beb5 elementor-widget elementor-widget-heading\" data-id=\"8f1beb5\" data-element_type=\"widget\" data-e-type=\"widget\" data-widget_type=\"heading.default\">\n\t\t\t\t\t<p class=\"elementor-heading-title elementor-size-default\">Situata in un'area rurale di Isabela, la scuola di Limbauan soffre di condizioni infrastrutturali precarie e di mancanza di risorse.   <span style=\"color: #EC6608;font-weight: bold;font-size: 24px\">Luigi Albano<\/span>un attore chiave sul territorio, svolge un ruolo essenziale nell'identificare i bisogni prioritari e nel coordinare le azioni necessarie.<\/p>\t\t\t\t<\/div>\n\t\t\t\t\t<\/div>\n\t\t\t\t<\/div>\n\t\t<div class=\"elementor-element elementor-element-08848ce e-flex e-con-boxed e-con e-parent\" data-id=\"08848ce\" data-element_type=\"container\" data-e-type=\"container\" data-settings=\"{&quot;jet_parallax_layout_list&quot;:[]}\">\n\t\t\t\t\t<div class=\"e-con-inner\">\n\t\t\t\t<div class=\"elementor-element elementor-element-5692475 elementor-widget elementor-widget-heading\" data-id=\"5692475\" data-element_type=\"widget\" data-e-type=\"widget\" data-widget_type=\"heading.default\">\n\t\t\t\t\t<h2 class=\"elementor-heading-title elementor-size-default\">Obiettivi del progetto\n<\/h2>\t\t\t\t<\/div>\n\t\t\t\t<div class=\"elementor-element elementor-element-3829a8c elementor-widget elementor-widget-heading\" data-id=\"3829a8c\" data-element_type=\"widget\" data-e-type=\"widget\" data-widget_type=\"heading.default\">\n\t\t\t\t\t<p class=\"elementor-heading-title elementor-size-default\">Il progetto mira a migliorare le strutture scolastiche e sanitarie, a fornire materiale didattico, a istituire un programma di supporto nutrizionale e a sensibilizzare la comunit\u00e0 locale sulle buone pratiche igieniche e sanitarie.\n\n<\/p>\t\t\t\t<\/div>\n\t\t\t\t\t<\/div>\n\t\t\t\t<\/div>\n\t\t<div class=\"elementor-element elementor-element-4718aa3 e-flex e-con-boxed e-con e-parent\" data-id=\"4718aa3\" data-element_type=\"container\" data-e-type=\"container\" data-settings=\"{&quot;background_background&quot;:&quot;classic&quot;,&quot;jet_parallax_layout_list&quot;:[]}\">\n\t\t\t\t\t<div class=\"e-con-inner\">\n\t\t\t\t<div class=\"elementor-element elementor-element-b2fbc52 elementor-widget elementor-widget-heading\" data-id=\"b2fbc52\" data-element_type=\"widget\" data-e-type=\"widget\" data-widget_type=\"heading.default\">\n\t\t\t\t\t<h2 class=\"elementor-heading-title elementor-size-default\">Azioni pianificate\n<\/h2>\t\t\t\t<\/div>\n\t\t\t\t<div class=\"elementor-element elementor-element-68234d3 elementor-widget elementor-widget-heading\" data-id=\"68234d3\" data-element_type=\"widget\" data-e-type=\"widget\" data-widget_type=\"heading.default\">\n\t\t\t\t\t<p class=\"elementor-heading-title elementor-size-default\">Le attivit\u00e0 comprendono la riparazione di pavimenti, l'installazione di porte per i servizi igienici, la distribuzione di materiale scolastico, la fornitura di pasti regolari e l'organizzazione di workshop di sensibilizzazione.\n\n<\/p>\t\t\t\t<\/div>\n\t\t\t\t\t<\/div>\n\t\t\t\t<\/div>\n\t\t<div class=\"elementor-element elementor-element-31be542 e-flex e-con-boxed e-con e-parent\" data-id=\"31be542\" data-element_type=\"container\" data-e-type=\"container\" data-settings=\"{&quot;jet_parallax_layout_list&quot;:[]}\">\n\t\t\t\t\t<div class=\"e-con-inner\">\n\t\t\t\t<div class=\"elementor-element elementor-element-23216ab elementor-widget elementor-widget-heading\" data-id=\"23216ab\" data-element_type=\"widget\" data-e-type=\"widget\" data-widget_type=\"heading.default\">\n\t\t\t\t\t<h2 class=\"elementor-heading-title elementor-size-default\">Bilancio stimato\n<\/h2>\t\t\t\t<\/div>\n\t\t\t\t<div class=\"elementor-element elementor-element-d261258 elementor-widget elementor-widget-heading\" data-id=\"d261258\" data-element_type=\"widget\" data-e-type=\"widget\" data-widget_type=\"heading.default\">\n\t\t\t\t\t<p class=\"elementor-heading-title elementor-size-default\">\u00c8 necessario un budget di 4.500 euro per finanziare queste iniziative e offrire ai bambini condizioni di vita e di apprendimento molto migliorate.\n\n<\/p>\t\t\t\t<\/div>\n\t\t\t\t\t<\/div>\n\t\t\t\t<\/div>\n\t\t\t\t<\/div>","protected":false},"excerpt":{"rendered":"<p>Un soutien pour une \u00e9cole en difficult\u00e9 Situ\u00e9e dans une r\u00e9gion rurale d\u2019Isabela, l\u2019\u00e9cole Limbauan souffre de conditions d\u2019infrastructures pr\u00e9caires et d\u2019un manque de ressources. Luigi Albano, acteur cl\u00e9 sur le terrain, joue un r\u00f4le essentiel dans l\u2019identification des besoins prioritaires et la coordination des actions n\u00e9cessaires. Objectifs du projet Ce projet vise \u00e0 am\u00e9liorer [&hellip;]<\/p>\n","protected":false},"author":1,"featured_media":0,"parent":45,"menu_order":3,"comment_status":"closed","ping_status":"closed","template":"elementor_header_footer","meta":{"give_campaign_id":0,"footnotes":""},"class_list":["post-289","page","type-page","status-publish","hentry"],"blocksy_meta":[],"yoast_head":"<!-- This site is optimized with the Yoast SEO plugin v27.3 - https:\/\/yoast.com\/product\/yoast-seo-wordpress\/ -->\n<title>Soutien \u00e9ducatif aux enfants vuln\u00e9rables de Limbauan : Un projet d&#039;inclusion scolaire aux Philippines - Helping Hands<\/title>\n<meta name=\"robots\" content=\"index, follow, max-snippet:-1, max-image-preview:large, max-video-preview:-1\" \/>\n<link rel=\"canonical\" href=\"https:\/\/helpinghands.fr\/it\/i-nostri-obiettivi-per-il-2026\/sostegno-educativo-per-i-bambini-vulnerabili-di-limbauan-un-progetto-di-inclusione-scolastica-nelle-filippine\/\" \/>\n<meta property=\"og:locale\" content=\"it_IT\" \/>\n<meta property=\"og:type\" content=\"article\" \/>\n<meta property=\"og:title\" content=\"Soutien \u00e9ducatif aux enfants vuln\u00e9rables de Limbauan : Un projet d&#039;inclusion scolaire aux Philippines - Helping Hands\" \/>\n<meta property=\"og:description\" content=\"Un soutien pour une \u00e9cole en difficult\u00e9 Situ\u00e9e dans une r\u00e9gion rurale d\u2019Isabela, l\u2019\u00e9cole Limbauan souffre de conditions d\u2019infrastructures pr\u00e9caires et d\u2019un manque de ressources. Luigi Albano, acteur cl\u00e9 sur le terrain, joue un r\u00f4le essentiel dans l\u2019identification des besoins prioritaires et la coordination des actions n\u00e9cessaires. Objectifs du projet Ce projet vise \u00e0 am\u00e9liorer [&hellip;]\" \/>\n<meta property=\"og:url\" content=\"https:\/\/helpinghands.fr\/it\/i-nostri-obiettivi-per-il-2026\/sostegno-educativo-per-i-bambini-vulnerabili-di-limbauan-un-progetto-di-inclusione-scolastica-nelle-filippine\/\" \/>\n<meta property=\"og:site_name\" content=\"Helping Hands\" \/>\n<meta property=\"article:modified_time\" content=\"2025-04-05T10:42:29+00:00\" \/>\n<meta property=\"og:image\" content=\"https:\/\/helpinghands.fr\/wp-content\/uploads\/2025\/01\/1-3.png\" \/>\n<meta name=\"twitter:card\" content=\"summary_large_image\" \/>\n<meta name=\"twitter:label1\" content=\"Tempo di lettura stimato\" \/>\n\t<meta name=\"twitter:data1\" content=\"2 minuti\" \/>\n<script type=\"application\/ld+json\" class=\"yoast-schema-graph\">{\"@context\":\"https:\\\/\\\/schema.org\",\"@graph\":[{\"@type\":\"WebPage\",\"@id\":\"https:\\\/\\\/helpinghands.fr\\\/nos-objectifs-2026\\\/soutien-educatif-aux-enfants-vulnerables-de-limbauan-un-projet-dinclusion-scolaire-aux-philippines\\\/\",\"url\":\"https:\\\/\\\/helpinghands.fr\\\/nos-objectifs-2026\\\/soutien-educatif-aux-enfants-vulnerables-de-limbauan-un-projet-dinclusion-scolaire-aux-philippines\\\/\",\"name\":\"Soutien \u00e9ducatif aux enfants vuln\u00e9rables de Limbauan : Un projet d'inclusion scolaire aux Philippines - Helping Hands\",\"isPartOf\":{\"@id\":\"https:\\\/\\\/helpinghands.fr\\\/#website\"},\"primaryImageOfPage\":{\"@id\":\"https:\\\/\\\/helpinghands.fr\\\/nos-objectifs-2026\\\/soutien-educatif-aux-enfants-vulnerables-de-limbauan-un-projet-dinclusion-scolaire-aux-philippines\\\/#primaryimage\"},\"image\":{\"@id\":\"https:\\\/\\\/helpinghands.fr\\\/nos-objectifs-2026\\\/soutien-educatif-aux-enfants-vulnerables-de-limbauan-un-projet-dinclusion-scolaire-aux-philippines\\\/#primaryimage\"},\"thumbnailUrl\":\"https:\\\/\\\/helpinghands.fr\\\/wp-content\\\/uploads\\\/2025\\\/01\\\/1-3.png\",\"datePublished\":\"2025-01-08T14:24:18+00:00\",\"dateModified\":\"2025-04-05T10:42:29+00:00\",\"breadcrumb\":{\"@id\":\"https:\\\/\\\/helpinghands.fr\\\/nos-objectifs-2026\\\/soutien-educatif-aux-enfants-vulnerables-de-limbauan-un-projet-dinclusion-scolaire-aux-philippines\\\/#breadcrumb\"},\"inLanguage\":\"it-IT\",\"potentialAction\":[{\"@type\":\"ReadAction\",\"target\":[\"https:\\\/\\\/helpinghands.fr\\\/nos-objectifs-2026\\\/soutien-educatif-aux-enfants-vulnerables-de-limbauan-un-projet-dinclusion-scolaire-aux-philippines\\\/\"]}]},{\"@type\":\"ImageObject\",\"inLanguage\":\"it-IT\",\"@id\":\"https:\\\/\\\/helpinghands.fr\\\/nos-objectifs-2026\\\/soutien-educatif-aux-enfants-vulnerables-de-limbauan-un-projet-dinclusion-scolaire-aux-philippines\\\/#primaryimage\",\"url\":\"https:\\\/\\\/helpinghands.fr\\\/wp-content\\\/uploads\\\/2025\\\/01\\\/1-3.png\",\"contentUrl\":\"https:\\\/\\\/helpinghands.fr\\\/wp-content\\\/uploads\\\/2025\\\/01\\\/1-3.png\"},{\"@type\":\"BreadcrumbList\",\"@id\":\"https:\\\/\\\/helpinghands.fr\\\/nos-objectifs-2026\\\/soutien-educatif-aux-enfants-vulnerables-de-limbauan-un-projet-dinclusion-scolaire-aux-philippines\\\/#breadcrumb\",\"itemListElement\":[{\"@type\":\"ListItem\",\"position\":1,\"name\":\"Accueil\",\"item\":\"https:\\\/\\\/helpinghands.fr\\\/\"},{\"@type\":\"ListItem\",\"position\":2,\"name\":\"Nos objectifs 2026\",\"item\":\"https:\\\/\\\/helpinghands.fr\\\/nos-objectifs-2026\\\/\"},{\"@type\":\"ListItem\",\"position\":3,\"name\":\"Soutien \u00e9ducatif aux enfants vuln\u00e9rables de Limbauan : Un projet d&rsquo;inclusion scolaire aux Philippines\"}]},{\"@type\":\"WebSite\",\"@id\":\"https:\\\/\\\/helpinghands.fr\\\/#website\",\"url\":\"https:\\\/\\\/helpinghands.fr\\\/\",\"name\":\"Helping Hands\",\"description\":\"\",\"potentialAction\":[{\"@type\":\"SearchAction\",\"target\":{\"@type\":\"EntryPoint\",\"urlTemplate\":\"https:\\\/\\\/helpinghands.fr\\\/?s={search_term_string}\"},\"query-input\":{\"@type\":\"PropertyValueSpecification\",\"valueRequired\":true,\"valueName\":\"search_term_string\"}}],\"inLanguage\":\"it-IT\"}]}<\/script>\n<!-- \/ Yoast SEO plugin. -->","yoast_head_json":{"title":"Sostegno educativo per i bambini vulnerabili di Limbauan: un progetto di inclusione scolastica nelle Filippine - Helping Hands","robots":{"index":"index","follow":"follow","max-snippet":"max-snippet:-1","max-image-preview":"max-image-preview:large","max-video-preview":"max-video-preview:-1"},"canonical":"https:\/\/helpinghands.fr\/it\/i-nostri-obiettivi-per-il-2026\/sostegno-educativo-per-i-bambini-vulnerabili-di-limbauan-un-progetto-di-inclusione-scolastica-nelle-filippine\/","og_locale":"it_IT","og_type":"article","og_title":"Soutien \u00e9ducatif aux enfants vuln\u00e9rables de Limbauan : Un projet d'inclusion scolaire aux Philippines - Helping Hands","og_description":"Un soutien pour une \u00e9cole en difficult\u00e9 Situ\u00e9e dans une r\u00e9gion rurale d\u2019Isabela, l\u2019\u00e9cole Limbauan souffre de conditions d\u2019infrastructures pr\u00e9caires et d\u2019un manque de ressources. Luigi Albano, acteur cl\u00e9 sur le terrain, joue un r\u00f4le essentiel dans l\u2019identification des besoins prioritaires et la coordination des actions n\u00e9cessaires. Objectifs du projet Ce projet vise \u00e0 am\u00e9liorer [&hellip;]","og_url":"https:\/\/helpinghands.fr\/it\/i-nostri-obiettivi-per-il-2026\/sostegno-educativo-per-i-bambini-vulnerabili-di-limbauan-un-progetto-di-inclusione-scolastica-nelle-filippine\/","og_site_name":"Helping Hands","article_modified_time":"2025-04-05T10:42:29+00:00","og_image":[{"url":"https:\/\/helpinghands.fr\/wp-content\/uploads\/2025\/01\/1-3.png","type":"","width":"","height":""}],"twitter_card":"summary_large_image","twitter_misc":{"Tempo di lettura stimato":"2 minuti"},"schema":{"@context":"https:\/\/schema.org","@graph":[{"@type":"WebPage","@id":"https:\/\/helpinghands.fr\/nos-objectifs-2026\/soutien-educatif-aux-enfants-vulnerables-de-limbauan-un-projet-dinclusion-scolaire-aux-philippines\/","url":"https:\/\/helpinghands.fr\/nos-objectifs-2026\/soutien-educatif-aux-enfants-vulnerables-de-limbauan-un-projet-dinclusion-scolaire-aux-philippines\/","name":"Sostegno educativo per i bambini vulnerabili di Limbauan: un progetto di inclusione scolastica nelle Filippine - Helping Hands","isPartOf":{"@id":"https:\/\/helpinghands.fr\/#website"},"primaryImageOfPage":{"@id":"https:\/\/helpinghands.fr\/nos-objectifs-2026\/soutien-educatif-aux-enfants-vulnerables-de-limbauan-un-projet-dinclusion-scolaire-aux-philippines\/#primaryimage"},"image":{"@id":"https:\/\/helpinghands.fr\/nos-objectifs-2026\/soutien-educatif-aux-enfants-vulnerables-de-limbauan-un-projet-dinclusion-scolaire-aux-philippines\/#primaryimage"},"thumbnailUrl":"https:\/\/helpinghands.fr\/wp-content\/uploads\/2025\/01\/1-3.png","datePublished":"2025-01-08T14:24:18+00:00","dateModified":"2025-04-05T10:42:29+00:00","breadcrumb":{"@id":"https:\/\/helpinghands.fr\/nos-objectifs-2026\/soutien-educatif-aux-enfants-vulnerables-de-limbauan-un-projet-dinclusion-scolaire-aux-philippines\/#breadcrumb"},"inLanguage":"it-IT","potentialAction":[{"@type":"ReadAction","target":["https:\/\/helpinghands.fr\/nos-objectifs-2026\/soutien-educatif-aux-enfants-vulnerables-de-limbauan-un-projet-dinclusion-scolaire-aux-philippines\/"]}]},{"@type":"ImageObject","inLanguage":"it-IT","@id":"https:\/\/helpinghands.fr\/nos-objectifs-2026\/soutien-educatif-aux-enfants-vulnerables-de-limbauan-un-projet-dinclusion-scolaire-aux-philippines\/#primaryimage","url":"https:\/\/helpinghands.fr\/wp-content\/uploads\/2025\/01\/1-3.png","contentUrl":"https:\/\/helpinghands.fr\/wp-content\/uploads\/2025\/01\/1-3.png"},{"@type":"BreadcrumbList","@id":"https:\/\/helpinghands.fr\/nos-objectifs-2026\/soutien-educatif-aux-enfants-vulnerables-de-limbauan-un-projet-dinclusion-scolaire-aux-philippines\/#breadcrumb","itemListElement":[{"@type":"ListItem","position":1,"name":"Accueil","item":"https:\/\/helpinghands.fr\/"},{"@type":"ListItem","position":2,"name":"Nos objectifs 2026","item":"https:\/\/helpinghands.fr\/nos-objectifs-2026\/"},{"@type":"ListItem","position":3,"name":"Soutien \u00e9ducatif aux enfants vuln\u00e9rables de Limbauan : Un projet d&rsquo;inclusion scolaire aux Philippines"}]},{"@type":"WebSite","@id":"https:\/\/helpinghands.fr\/#website","url":"https:\/\/helpinghands.fr\/","name":"Helping Hands","description":"","potentialAction":[{"@type":"SearchAction","target":{"@type":"EntryPoint","urlTemplate":"https:\/\/helpinghands.fr\/?s={search_term_string}"},"query-input":{"@type":"PropertyValueSpecification","valueRequired":true,"valueName":"search_term_string"}}],"inLanguage":"it-IT"}]}},"campaignId":"","_links":{"self":[{"href":"https:\/\/helpinghands.fr\/it\/wp-json\/wp\/v2\/pages\/289","targetHints":{"allow":["GET"]}}],"collection":[{"href":"https:\/\/helpinghands.fr\/it\/wp-json\/wp\/v2\/pages"}],"about":[{"href":"https:\/\/helpinghands.fr\/it\/wp-json\/wp\/v2\/types\/page"}],"author":[{"embeddable":true,"href":"https:\/\/helpinghands.fr\/it\/wp-json\/wp\/v2\/users\/1"}],"replies":[{"embeddable":true,"href":"https:\/\/helpinghands.fr\/it\/wp-json\/wp\/v2\/comments?post=289"}],"version-history":[{"count":12,"href":"https:\/\/helpinghands.fr\/it\/wp-json\/wp\/v2\/pages\/289\/revisions"}],"predecessor-version":[{"id":1127,"href":"https:\/\/helpinghands.fr\/it\/wp-json\/wp\/v2\/pages\/289\/revisions\/1127"}],"up":[{"embeddable":true,"href":"https:\/\/helpinghands.fr\/it\/wp-json\/wp\/v2\/pages\/45"}],"wp:attachment":[{"href":"https:\/\/helpinghands.fr\/it\/wp-json\/wp\/v2\/media?parent=289"}],"curies":[{"name":"wp","href":"https:\/\/api.w.org\/{rel}","templated":true}]}}