{"id":424,"date":"2025-01-08T16:31:14","date_gmt":"2025-01-08T15:31:14","guid":{"rendered":"https:\/\/helpinghands.fr\/?page_id=424"},"modified":"2025-01-13T19:14:30","modified_gmt":"2025-01-13T18:14:30","slug":"roja-eroina-della-resilienza","status":"publish","type":"page","link":"https:\/\/helpinghands.fr\/it\/bourses-scolaires\/roja-heroine-de-la-resilience\/","title":{"rendered":"Roja, Eroina della Resilienza"},"content":{"rendered":"<div data-elementor-type=\"wp-page\" data-elementor-id=\"424\" class=\"elementor elementor-424\" data-elementor-post-type=\"page\">\n\t\t\t\t<div class=\"elementor-element elementor-element-302bf90 e-flex e-con-boxed e-con e-parent\" data-id=\"302bf90\" data-element_type=\"container\" data-e-type=\"container\" data-settings=\"{&quot;jet_parallax_layout_list&quot;:[]}\">\n\t\t\t\t\t<div class=\"e-con-inner\">\n\t\t<div class=\"elementor-element elementor-element-c92e80b e-con-full e-flex e-con e-child\" data-id=\"c92e80b\" data-element_type=\"container\" data-e-type=\"container\" data-settings=\"{&quot;jet_parallax_layout_list&quot;:[]}\">\n\t\t\t\t<div class=\"elementor-element elementor-element-d7369e5 elementor-widget elementor-widget-heading\" data-id=\"d7369e5\" data-element_type=\"widget\" data-e-type=\"widget\" data-widget_type=\"heading.default\">\n\t\t\t\t\t<h1 class=\"elementor-heading-title elementor-size-default\">Roja, Eroina della Resilienza<\/h1>\t\t\t\t<\/div>\n\t\t\t\t<div class=\"elementor-element elementor-element-76b6a2d elementor-widget elementor-widget-heading\" data-id=\"76b6a2d\" data-element_type=\"widget\" data-e-type=\"widget\" data-widget_type=\"heading.default\">\n\t\t\t\t\t<p class=\"elementor-heading-title elementor-size-default\">Un percorso di studi medici superiori e la speranza di una nuova vita\n<\/p>\t\t\t\t<\/div>\n\t\t\t\t<\/div>\n\t\t\t\t\t<\/div>\n\t\t\t\t<\/div>\n\t\t<div class=\"elementor-element elementor-element-d12e8a8 e-flex e-con-boxed e-con e-parent\" data-id=\"d12e8a8\" data-element_type=\"container\" data-e-type=\"container\" data-settings=\"{&quot;jet_parallax_layout_list&quot;:[]}\">\n\t\t\t\t\t<div class=\"e-con-inner\">\n\t\t\t\t<div class=\"elementor-element elementor-element-50f94b5 elementor-widget elementor-widget-jet-images-layout\" data-id=\"50f94b5\" data-element_type=\"widget\" data-e-type=\"widget\" data-settings=\"{&quot;columns&quot;:&quot;3&quot;,&quot;columns_tablet&quot;:&quot;2&quot;,&quot;columns_mobile&quot;:&quot;1&quot;}\" data-widget_type=\"jet-images-layout.default\">\n\t\t\t\t<div class=\"elementor-widget-container\">\n\t\t\t\t\t<div class=\"elementor-jet-images-layout jet-elements\">\n<div class=\"jet-images-layout layout-type-grid\" data-settings='{&quot;layoutType&quot;:&quot;grid&quot;,&quot;justifyHeight&quot;:300}'>\n\t<div class=\"jet-images-layout__list col-row disable-cols-gap disable-rows-gap column-desktop-3 column-tablet-2 column-mobile-1\" >\n<div class=\"jet-images-layout__item col-desk-3 col-tab-2 col-mob-1\">\n\t<div class=\"jet-images-layout__inner\">\n\t\t<div class=\"jet-images-layout__image-loader\"><span><\/span><\/div>\n\t\t<a class=\"jet-images-layout__link\" href=\"https:\/\/helpinghands.fr\/wp-content\/uploads\/2025\/01\/1-4.png\" data-elementor-open-lightbox=\"yes\" data-elementor-lightbox-slideshow=\"50f94b5\">\n\t\t\t<div class=\"jet-images-layout__image\">\n\t\t\t\t<img decoding=\"async\" class=\"jet-images-layout__image-instance\" src=\"https:\/\/helpinghands.fr\/wp-content\/uploads\/2025\/01\/1-4.png\" alt=\"1\" loading=\"lazy\">\t\t\t<\/div>\n\t\t\t<div class=\"jet-images-layout__content\"><\/div>\n\t\t<\/a>\n\t<\/div>\n<\/div>\n<div class=\"jet-images-layout__item col-desk-3 col-tab-2 col-mob-1\">\n\t<div class=\"jet-images-layout__inner\">\n\t\t<div class=\"jet-images-layout__image-loader\"><span><\/span><\/div>\n\t\t<a class=\"jet-images-layout__link\" href=\"https:\/\/helpinghands.fr\/wp-content\/uploads\/2025\/01\/3-4.png\" data-elementor-open-lightbox=\"yes\" data-elementor-lightbox-slideshow=\"50f94b5\">\n\t\t\t<div class=\"jet-images-layout__image\">\n\t\t\t\t<img decoding=\"async\" class=\"jet-images-layout__image-instance\" src=\"https:\/\/helpinghands.fr\/wp-content\/uploads\/2025\/01\/3-4.png\" alt=\"3\" loading=\"lazy\">\t\t\t<\/div>\n\t\t\t<div class=\"jet-images-layout__content\"><\/div>\n\t\t<\/a>\n\t<\/div>\n<\/div>\n<div class=\"jet-images-layout__item col-desk-3 col-tab-2 col-mob-1\">\n\t<div class=\"jet-images-layout__inner\">\n\t\t<div class=\"jet-images-layout__image-loader\"><span><\/span><\/div>\n\t\t<a class=\"jet-images-layout__link\" href=\"https:\/\/helpinghands.fr\/wp-content\/uploads\/2025\/01\/2-4.png\" data-elementor-open-lightbox=\"yes\" data-elementor-lightbox-slideshow=\"50f94b5\">\n\t\t\t<div class=\"jet-images-layout__image\">\n\t\t\t\t<img decoding=\"async\" class=\"jet-images-layout__image-instance\" src=\"https:\/\/helpinghands.fr\/wp-content\/uploads\/2025\/01\/2-4.png\" alt=\"2\" loading=\"lazy\">\t\t\t<\/div>\n\t\t\t<div class=\"jet-images-layout__content\"><\/div>\n\t\t<\/a>\n\t<\/div>\n<\/div>\n<\/div><\/div>\n<\/div>\t\t\t\t<\/div>\n\t\t\t\t<\/div>\n\t\t\t\t\t<\/div>\n\t\t\t\t<\/div>\n\t\t<div class=\"elementor-element elementor-element-ff9ff42 e-flex e-con-boxed e-con e-parent\" data-id=\"ff9ff42\" data-element_type=\"container\" data-e-type=\"container\" data-settings=\"{&quot;background_background&quot;:&quot;classic&quot;,&quot;jet_parallax_layout_list&quot;:[]}\">\n\t\t\t\t\t<div class=\"e-con-inner\">\n\t\t<div class=\"elementor-element elementor-element-dcc1897 e-con-full e-flex e-con e-child\" data-id=\"dcc1897\" data-element_type=\"container\" data-e-type=\"container\" data-settings=\"{&quot;jet_parallax_layout_list&quot;:[]}\">\n\t\t\t\t<div class=\"elementor-element elementor-element-de93c1f elementor-widget elementor-widget-image\" data-id=\"de93c1f\" data-element_type=\"widget\" data-e-type=\"widget\" data-widget_type=\"image.default\">\n\t\t\t\t\t\t\t\t\t\t\t\t\t\t\t<img fetchpriority=\"high\" decoding=\"async\" width=\"875\" height=\"875\" src=\"https:\/\/helpinghands.fr\/wp-content\/uploads\/2025\/01\/12.png\" class=\"attachment-large size-large wp-image-414\" alt=\"\" srcset=\"https:\/\/helpinghands.fr\/wp-content\/uploads\/2025\/01\/12.png 875w, https:\/\/helpinghands.fr\/wp-content\/uploads\/2025\/01\/12-300x300.png 300w, https:\/\/helpinghands.fr\/wp-content\/uploads\/2025\/01\/12-100x100.png 100w, https:\/\/helpinghands.fr\/wp-content\/uploads\/2025\/01\/12-600x600.png 600w, https:\/\/helpinghands.fr\/wp-content\/uploads\/2025\/01\/12-150x150.png 150w, https:\/\/helpinghands.fr\/wp-content\/uploads\/2025\/01\/12-768x768.png 768w, https:\/\/helpinghands.fr\/wp-content\/uploads\/2025\/01\/12-12x12.png 12w\" sizes=\"(max-width: 875px) 100vw, 875px\" \/>\t\t\t\t\t\t\t\t\t\t\t\t\t\t\t<\/div>\n\t\t\t\t<\/div>\n\t\t<div class=\"elementor-element elementor-element-508bb2a e-con-full e-flex e-con e-child\" data-id=\"508bb2a\" data-element_type=\"container\" data-e-type=\"container\" data-settings=\"{&quot;jet_parallax_layout_list&quot;:[]}\">\n\t\t\t\t<div class=\"elementor-element elementor-element-417a459 elementor-widget elementor-widget-heading\" data-id=\"417a459\" data-element_type=\"widget\" data-e-type=\"widget\" data-widget_type=\"heading.default\">\n\t\t\t\t\t<h2 class=\"elementor-heading-title elementor-size-default\">Roja, la forza nonostante le avversit\u00e0\n<\/h2>\t\t\t\t<\/div>\n\t\t\t\t<div class=\"elementor-element elementor-element-e6300a1 elementor-widget elementor-widget-text-editor\" data-id=\"e6300a1\" data-element_type=\"widget\" data-e-type=\"widget\" data-widget_type=\"text-editor.default\">\n\t\t\t\t\t\t\t\t\t<p>Roja \u00e8 una giovane donna coraggiosa che ha affrontato molte sfide di salute fin dalla pi\u00f9 tenera et\u00e0. I suoi problemi di salute hanno spesso ostacolato la sua carriera scolastica e messo alla prova la sua determinazione. Nonostante le cure mediche impegnative e i periodi di debolezza, ha sempre dimostrato perseveranza, sforzandosi di recuperare le lezioni perse e di proseguire gli studi con impegno incrollabile. Oggi \u00e8 pronta ad andare avanti e a trasformare il suo difficile percorso di vita in una fonte di ispirazione per chi la circonda.<\/p>\t\t\t\t\t\t\t\t<\/div>\n\t\t\t\t<\/div>\n\t\t\t\t\t<\/div>\n\t\t\t\t<\/div>\n\t\t<div class=\"elementor-element elementor-element-04e1367 e-flex e-con-boxed e-con e-parent\" data-id=\"04e1367\" data-element_type=\"container\" data-e-type=\"container\" data-settings=\"{&quot;jet_parallax_layout_list&quot;:[]}\">\n\t\t\t\t\t<div class=\"e-con-inner\">\n\t\t<div class=\"elementor-element elementor-element-1128798 e-con-full e-flex e-con e-child\" data-id=\"1128798\" data-element_type=\"container\" data-e-type=\"container\" data-settings=\"{&quot;jet_parallax_layout_list&quot;:[]}\">\n\t\t\t\t<div class=\"elementor-element elementor-element-3bab44a elementor-widget elementor-widget-image\" data-id=\"3bab44a\" data-element_type=\"widget\" data-e-type=\"widget\" data-widget_type=\"image.default\">\n\t\t\t\t\t\t\t\t\t\t\t\t\t\t\t<img decoding=\"async\" width=\"938\" height=\"938\" src=\"https:\/\/helpinghands.fr\/wp-content\/uploads\/2025\/01\/Design-sans-titre-3.png\" class=\"attachment-large size-large wp-image-231\" alt=\"\" srcset=\"https:\/\/helpinghands.fr\/wp-content\/uploads\/2025\/01\/Design-sans-titre-3.png 938w, https:\/\/helpinghands.fr\/wp-content\/uploads\/2025\/01\/Design-sans-titre-3-300x300.png 300w, https:\/\/helpinghands.fr\/wp-content\/uploads\/2025\/01\/Design-sans-titre-3-100x100.png 100w, https:\/\/helpinghands.fr\/wp-content\/uploads\/2025\/01\/Design-sans-titre-3-900x900.png 900w, https:\/\/helpinghands.fr\/wp-content\/uploads\/2025\/01\/Design-sans-titre-3-150x150.png 150w, https:\/\/helpinghands.fr\/wp-content\/uploads\/2025\/01\/Design-sans-titre-3-768x768.png 768w, https:\/\/helpinghands.fr\/wp-content\/uploads\/2025\/01\/Design-sans-titre-3-12x12.png 12w\" sizes=\"(max-width: 938px) 100vw, 938px\" \/>\t\t\t\t\t\t\t\t\t\t\t\t\t\t\t<\/div>\n\t\t\t\t<\/div>\n\t\t<div class=\"elementor-element elementor-element-67b2062 e-con-full e-flex e-con e-child\" data-id=\"67b2062\" data-element_type=\"container\" data-e-type=\"container\" data-settings=\"{&quot;jet_parallax_layout_list&quot;:[]}\">\n\t\t\t\t<div class=\"elementor-element elementor-element-094fb2a elementor-widget elementor-widget-heading\" data-id=\"094fb2a\" data-element_type=\"widget\" data-e-type=\"widget\" data-widget_type=\"heading.default\">\n\t\t\t\t\t<h2 class=\"elementor-heading-title elementor-size-default\">Il suo nuovo inizio\n<\/h2>\t\t\t\t<\/div>\n\t\t\t\t<div class=\"elementor-element elementor-element-86ef1b0 elementor-widget elementor-widget-text-editor\" data-id=\"86ef1b0\" data-element_type=\"widget\" data-e-type=\"widget\" data-widget_type=\"text-editor.default\">\n\t\t\t\t\t\t\t\t\t<p>Dal 2015, Roja ha incarnato un coraggio esemplare e una perseveranza ammirevole. Nata in una famiglia povera di Kathmandu, dove il padre malato e la madre venditrice ambulante lottano per sopravvivere, ha trovato nello studio una via di fuga e una speranza per il futuro. Sostenuta dalle borse di studio di Helping Hands, \u00e8 diventata una studentessa brillante nonostante la sua salute fragile.<\/p><p>Il suo sogno di prendersi cura degli altri l'ha portata a prendere in considerazione l'idea di studiare in Francia, un'opportunit\u00e0 che le avrebbe permesso anche di migliorare la sua salute. Roja simboleggia la straordinaria forza di elevarsi al di sopra delle proprie origini per ispirare la propria comunit\u00e0 e offrire un futuro migliore a chi, come lei, deve affrontare le avversit\u00e0.<\/p>\t\t\t\t\t\t\t\t<\/div>\n\t\t\t\t<\/div>\n\t\t\t\t\t<\/div>\n\t\t\t\t<\/div>\n\t\t\t\t<\/div>","protected":false},"excerpt":{"rendered":"<p>Un parcours vers les \u00e9tudes sup\u00e9rieures de m\u00e9decine et l&rsquo;espoir d&rsquo;une nouvelle vie Roja, la Force malgr\u00e9 l\u2019adversit\u00e9 Roja est une jeune femme courageuse qui a d\u00fb faire face \u00e0 de nombreux d\u00e9fis de sant\u00e9 d\u00e8s son plus jeune \u00e2ge. Ses soucis de sant\u00e9 ont souvent entrav\u00e9 son parcours scolaire et mis \u00e0 l\u2019\u00e9preuve sa [&hellip;]<\/p>\n","protected":false},"author":1,"featured_media":0,"parent":99,"menu_order":0,"comment_status":"closed","ping_status":"closed","template":"elementor_header_footer","meta":{"give_campaign_id":0,"footnotes":""},"class_list":["post-424","page","type-page","status-publish","hentry"],"blocksy_meta":[],"yoast_head":"<!-- This site is optimized with the Yoast SEO plugin v27.3 - https:\/\/yoast.com\/product\/yoast-seo-wordpress\/ -->\n<title>Roja, H\u00e9ro\u00efne de la R\u00e9silience - Helping Hands<\/title>\n<meta name=\"description\" content=\"D\u00e9couvrez l&#039;histoire inspirante de Roja, une jeune fille courageuse du N\u00e9pal soutenue par Helping Hands. Malgr\u00e9 les d\u00e9fis, elle poursuit ses r\u00eaves gr\u00e2ce \u00e0 notre aide. Soutenez son parcours !\" \/>\n<meta name=\"robots\" content=\"index, follow, max-snippet:-1, max-image-preview:large, max-video-preview:-1\" \/>\n<link rel=\"canonical\" href=\"https:\/\/helpinghands.fr\/it\/borse-di-studio\/roja-eroina-della-resilienza\/\" \/>\n<meta property=\"og:locale\" content=\"it_IT\" \/>\n<meta property=\"og:type\" content=\"article\" \/>\n<meta property=\"og:title\" content=\"Roja, H\u00e9ro\u00efne de la R\u00e9silience - Helping Hands\" \/>\n<meta property=\"og:description\" content=\"D\u00e9couvrez l&#039;histoire inspirante de Roja, une jeune fille courageuse du N\u00e9pal soutenue par Helping Hands. Malgr\u00e9 les d\u00e9fis, elle poursuit ses r\u00eaves gr\u00e2ce \u00e0 notre aide. Soutenez son parcours !\" \/>\n<meta property=\"og:url\" content=\"https:\/\/helpinghands.fr\/it\/borse-di-studio\/roja-eroina-della-resilienza\/\" \/>\n<meta property=\"og:site_name\" content=\"Helping Hands\" \/>\n<meta property=\"article:modified_time\" content=\"2025-01-13T18:14:30+00:00\" \/>\n<meta property=\"og:image\" content=\"https:\/\/helpinghands.fr\/wp-content\/uploads\/2025\/01\/1-4.png\" \/>\n<meta name=\"twitter:card\" content=\"summary_large_image\" \/>\n<meta name=\"twitter:label1\" content=\"Tempo di lettura stimato\" \/>\n\t<meta name=\"twitter:data1\" content=\"3 minuti\" \/>\n<script type=\"application\/ld+json\" class=\"yoast-schema-graph\">{\"@context\":\"https:\\\/\\\/schema.org\",\"@graph\":[{\"@type\":\"WebPage\",\"@id\":\"https:\\\/\\\/helpinghands.fr\\\/bourses-scolaires\\\/roja-heroine-de-la-resilience\\\/\",\"url\":\"https:\\\/\\\/helpinghands.fr\\\/bourses-scolaires\\\/roja-heroine-de-la-resilience\\\/\",\"name\":\"Roja, H\u00e9ro\u00efne de la R\u00e9silience - Helping Hands\",\"isPartOf\":{\"@id\":\"https:\\\/\\\/helpinghands.fr\\\/#website\"},\"primaryImageOfPage\":{\"@id\":\"https:\\\/\\\/helpinghands.fr\\\/bourses-scolaires\\\/roja-heroine-de-la-resilience\\\/#primaryimage\"},\"image\":{\"@id\":\"https:\\\/\\\/helpinghands.fr\\\/bourses-scolaires\\\/roja-heroine-de-la-resilience\\\/#primaryimage\"},\"thumbnailUrl\":\"https:\\\/\\\/helpinghands.fr\\\/wp-content\\\/uploads\\\/2025\\\/01\\\/1-4.png\",\"datePublished\":\"2025-01-08T15:31:14+00:00\",\"dateModified\":\"2025-01-13T18:14:30+00:00\",\"description\":\"D\u00e9couvrez l'histoire inspirante de Roja, une jeune fille courageuse du N\u00e9pal soutenue par Helping Hands. Malgr\u00e9 les d\u00e9fis, elle poursuit ses r\u00eaves gr\u00e2ce \u00e0 notre aide. Soutenez son parcours !\",\"breadcrumb\":{\"@id\":\"https:\\\/\\\/helpinghands.fr\\\/bourses-scolaires\\\/roja-heroine-de-la-resilience\\\/#breadcrumb\"},\"inLanguage\":\"it-IT\",\"potentialAction\":[{\"@type\":\"ReadAction\",\"target\":[\"https:\\\/\\\/helpinghands.fr\\\/bourses-scolaires\\\/roja-heroine-de-la-resilience\\\/\"]}]},{\"@type\":\"ImageObject\",\"inLanguage\":\"it-IT\",\"@id\":\"https:\\\/\\\/helpinghands.fr\\\/bourses-scolaires\\\/roja-heroine-de-la-resilience\\\/#primaryimage\",\"url\":\"https:\\\/\\\/helpinghands.fr\\\/wp-content\\\/uploads\\\/2025\\\/01\\\/1-4.png\",\"contentUrl\":\"https:\\\/\\\/helpinghands.fr\\\/wp-content\\\/uploads\\\/2025\\\/01\\\/1-4.png\"},{\"@type\":\"BreadcrumbList\",\"@id\":\"https:\\\/\\\/helpinghands.fr\\\/bourses-scolaires\\\/roja-heroine-de-la-resilience\\\/#breadcrumb\",\"itemListElement\":[{\"@type\":\"ListItem\",\"position\":1,\"name\":\"Accueil\",\"item\":\"https:\\\/\\\/helpinghands.fr\\\/\"},{\"@type\":\"ListItem\",\"position\":2,\"name\":\"Bourses scolaires\",\"item\":\"https:\\\/\\\/helpinghands.fr\\\/bourses-scolaires\\\/\"},{\"@type\":\"ListItem\",\"position\":3,\"name\":\"Roja, H\u00e9ro\u00efne de la R\u00e9silience\"}]},{\"@type\":\"WebSite\",\"@id\":\"https:\\\/\\\/helpinghands.fr\\\/#website\",\"url\":\"https:\\\/\\\/helpinghands.fr\\\/\",\"name\":\"Helping Hands\",\"description\":\"\",\"potentialAction\":[{\"@type\":\"SearchAction\",\"target\":{\"@type\":\"EntryPoint\",\"urlTemplate\":\"https:\\\/\\\/helpinghands.fr\\\/?s={search_term_string}\"},\"query-input\":{\"@type\":\"PropertyValueSpecification\",\"valueRequired\":true,\"valueName\":\"search_term_string\"}}],\"inLanguage\":\"it-IT\"}]}<\/script>\n<!-- \/ Yoast SEO plugin. -->","yoast_head_json":{"title":"Roja, eroina della resilienza - Mani d'Aiuto","description":"Scoprite la storia ispiratrice di Roja, una coraggiosa ragazza nepalese sostenuta da Helping Hands. Nonostante le sfide, sta perseguendo i suoi sogni grazie al nostro aiuto. Sostenete il suo viaggio!","robots":{"index":"index","follow":"follow","max-snippet":"max-snippet:-1","max-image-preview":"max-image-preview:large","max-video-preview":"max-video-preview:-1"},"canonical":"https:\/\/helpinghands.fr\/it\/borse-di-studio\/roja-eroina-della-resilienza\/","og_locale":"it_IT","og_type":"article","og_title":"Roja, H\u00e9ro\u00efne de la R\u00e9silience - Helping Hands","og_description":"D\u00e9couvrez l'histoire inspirante de Roja, une jeune fille courageuse du N\u00e9pal soutenue par Helping Hands. Malgr\u00e9 les d\u00e9fis, elle poursuit ses r\u00eaves gr\u00e2ce \u00e0 notre aide. Soutenez son parcours !","og_url":"https:\/\/helpinghands.fr\/it\/borse-di-studio\/roja-eroina-della-resilienza\/","og_site_name":"Helping Hands","article_modified_time":"2025-01-13T18:14:30+00:00","og_image":[{"url":"https:\/\/helpinghands.fr\/wp-content\/uploads\/2025\/01\/1-4.png","type":"","width":"","height":""}],"twitter_card":"summary_large_image","twitter_misc":{"Tempo di lettura stimato":"3 minuti"},"schema":{"@context":"https:\/\/schema.org","@graph":[{"@type":"WebPage","@id":"https:\/\/helpinghands.fr\/bourses-scolaires\/roja-heroine-de-la-resilience\/","url":"https:\/\/helpinghands.fr\/bourses-scolaires\/roja-heroine-de-la-resilience\/","name":"Roja, eroina della resilienza - Mani d'Aiuto","isPartOf":{"@id":"https:\/\/helpinghands.fr\/#website"},"primaryImageOfPage":{"@id":"https:\/\/helpinghands.fr\/bourses-scolaires\/roja-heroine-de-la-resilience\/#primaryimage"},"image":{"@id":"https:\/\/helpinghands.fr\/bourses-scolaires\/roja-heroine-de-la-resilience\/#primaryimage"},"thumbnailUrl":"https:\/\/helpinghands.fr\/wp-content\/uploads\/2025\/01\/1-4.png","datePublished":"2025-01-08T15:31:14+00:00","dateModified":"2025-01-13T18:14:30+00:00","description":"Scoprite la storia ispiratrice di Roja, una coraggiosa ragazza nepalese sostenuta da Helping Hands. Nonostante le sfide, sta perseguendo i suoi sogni grazie al nostro aiuto. Sostenete il suo viaggio!","breadcrumb":{"@id":"https:\/\/helpinghands.fr\/bourses-scolaires\/roja-heroine-de-la-resilience\/#breadcrumb"},"inLanguage":"it-IT","potentialAction":[{"@type":"ReadAction","target":["https:\/\/helpinghands.fr\/bourses-scolaires\/roja-heroine-de-la-resilience\/"]}]},{"@type":"ImageObject","inLanguage":"it-IT","@id":"https:\/\/helpinghands.fr\/bourses-scolaires\/roja-heroine-de-la-resilience\/#primaryimage","url":"https:\/\/helpinghands.fr\/wp-content\/uploads\/2025\/01\/1-4.png","contentUrl":"https:\/\/helpinghands.fr\/wp-content\/uploads\/2025\/01\/1-4.png"},{"@type":"BreadcrumbList","@id":"https:\/\/helpinghands.fr\/bourses-scolaires\/roja-heroine-de-la-resilience\/#breadcrumb","itemListElement":[{"@type":"ListItem","position":1,"name":"Accueil","item":"https:\/\/helpinghands.fr\/"},{"@type":"ListItem","position":2,"name":"Bourses scolaires","item":"https:\/\/helpinghands.fr\/bourses-scolaires\/"},{"@type":"ListItem","position":3,"name":"Roja, H\u00e9ro\u00efne de la R\u00e9silience"}]},{"@type":"WebSite","@id":"https:\/\/helpinghands.fr\/#website","url":"https:\/\/helpinghands.fr\/","name":"Helping Hands","description":"","potentialAction":[{"@type":"SearchAction","target":{"@type":"EntryPoint","urlTemplate":"https:\/\/helpinghands.fr\/?s={search_term_string}"},"query-input":{"@type":"PropertyValueSpecification","valueRequired":true,"valueName":"search_term_string"}}],"inLanguage":"it-IT"}]}},"campaignId":"","_links":{"self":[{"href":"https:\/\/helpinghands.fr\/it\/wp-json\/wp\/v2\/pages\/424","targetHints":{"allow":["GET"]}}],"collection":[{"href":"https:\/\/helpinghands.fr\/it\/wp-json\/wp\/v2\/pages"}],"about":[{"href":"https:\/\/helpinghands.fr\/it\/wp-json\/wp\/v2\/types\/page"}],"author":[{"embeddable":true,"href":"https:\/\/helpinghands.fr\/it\/wp-json\/wp\/v2\/users\/1"}],"replies":[{"embeddable":true,"href":"https:\/\/helpinghands.fr\/it\/wp-json\/wp\/v2\/comments?post=424"}],"version-history":[{"count":0,"href":"https:\/\/helpinghands.fr\/it\/wp-json\/wp\/v2\/pages\/424\/revisions"}],"up":[{"embeddable":true,"href":"https:\/\/helpinghands.fr\/it\/wp-json\/wp\/v2\/pages\/99"}],"wp:attachment":[{"href":"https:\/\/helpinghands.fr\/it\/wp-json\/wp\/v2\/media?parent=424"}],"curies":[{"name":"wp","href":"https:\/\/api.w.org\/{rel}","templated":true}]}}