{"id":45,"date":"2024-12-20T16:24:55","date_gmt":"2024-12-20T15:24:55","guid":{"rendered":"https:\/\/helpinghands.fr\/?page_id=45"},"modified":"2026-05-02T08:43:35","modified_gmt":"2026-05-02T06:43:35","slug":"i-nostri-obiettivi","status":"publish","type":"page","link":"https:\/\/helpinghands.fr\/it\/nos-objectifs\/","title":{"rendered":"I nostri obiettivi per il 2026"},"content":{"rendered":"<div data-elementor-type=\"wp-page\" data-elementor-id=\"45\" class=\"elementor elementor-45\" data-elementor-post-type=\"page\">\n\t\t\t\t<div class=\"elementor-element elementor-element-631d325 e-flex e-con-boxed e-con e-parent\" data-id=\"631d325\" data-element_type=\"container\" data-e-type=\"container\" data-settings=\"{&quot;jet_parallax_layout_list&quot;:[]}\">\n\t\t\t\t\t<div class=\"e-con-inner\">\n\t\t<div class=\"elementor-element elementor-element-2aec0c6 e-con-full e-flex e-con e-child\" data-id=\"2aec0c6\" data-element_type=\"container\" data-e-type=\"container\" data-settings=\"{&quot;jet_parallax_layout_list&quot;:[]}\">\n\t\t<div class=\"elementor-element elementor-element-68a880f e-con-full e-flex e-con e-child\" data-id=\"68a880f\" data-element_type=\"container\" data-e-type=\"container\" data-settings=\"{&quot;jet_parallax_layout_list&quot;:[]}\">\n\t\t\t\t<div class=\"elementor-element elementor-element-b88009e elementor-widget elementor-widget-heading\" data-id=\"b88009e\" data-element_type=\"widget\" data-e-type=\"widget\" data-widget_type=\"heading.default\">\n\t\t\t\t\t<h1 class=\"elementor-heading-title elementor-size-default\">I nostri obiettivi per il 2026<\/h1>\t\t\t\t<\/div>\n\t\t\t\t<div class=\"elementor-element elementor-element-2aa2338 elementor-widget elementor-widget-text-editor\" data-id=\"2aa2338\" data-element_type=\"widget\" data-e-type=\"widget\" data-widget_type=\"text-editor.default\">\n\t\t\t\t\t\t\t\t\t<p><strong>Progetti umanitari 2026: autonomia scolastica ad Antsirabe e continuit\u00e0 scolastica in Nepal \ud83c\udf31\ud83d\udcda<\/strong><\/p>\t\t\t\t\t\t\t\t<\/div>\n\t\t\t\t<div class=\"elementor-element elementor-element-a0cbb15 elementor-widget elementor-widget-text-editor\" data-id=\"a0cbb15\" data-element_type=\"widget\" data-e-type=\"widget\" data-widget_type=\"text-editor.default\">\n\t\t\t\t\t\t\t\t\t<p>Nel 2026, Helping Hands persegue un approccio deliberatamente mirato, realistico e sostenibile. Quest'anno l'associazione concentra i suoi sforzi su due aree complementari e inscindibili:<\/p><ul><li>rafforzare l'autonomia della scuola Antsirabe in Madagascar,<\/li><li>garantire la continuit\u00e0 dell'istruzione scolastica ai bambini sostenuti in Nepal.<\/li><\/ul><p>Due territori, due contesti diversi, ma la stessa convinzione: un bambino non dovrebbe mai essere costretto a interrompere la propria istruzione per mancanza di risorse.<\/p>\t\t\t\t\t\t\t\t<\/div>\n\t\t\t\t<div class=\"elementor-element elementor-element-6af4493 elementor-widget-divider--view-line elementor-widget elementor-widget-divider\" data-id=\"6af4493\" data-element_type=\"widget\" data-e-type=\"widget\" data-widget_type=\"divider.default\">\n\t\t\t\t\t\t\t<div class=\"elementor-divider\">\n\t\t\t<span class=\"elementor-divider-separator\">\n\t\t\t\t\t\t<\/span>\n\t\t<\/div>\n\t\t\t\t\t\t<\/div>\n\t\t\t\t<div class=\"elementor-element elementor-element-e55cecd elementor-widget elementor-widget-text-editor\" data-id=\"e55cecd\" data-element_type=\"widget\" data-e-type=\"widget\" data-widget_type=\"text-editor.default\">\n\t\t\t\t\t\t\t\t\t<p><strong>\ud83c\uddf2\ud83c\uddec Antsirabe: far funzionare la scuola oggi, renderla autosufficiente domani<\/strong><\/p>\t\t\t\t\t\t\t\t<\/div>\n\t\t\t\t<div class=\"elementor-element elementor-element-f433b17 elementor-widget elementor-widget-text-editor\" data-id=\"f433b17\" data-element_type=\"widget\" data-e-type=\"widget\" data-widget_type=\"text-editor.default\">\n\t\t\t\t\t\t\t\t\t<p>Ad Antsirabe, Helping Hands interviene sia in caso di emergenza che a lungo termine. Le priorit\u00e0 immediate restano essenziali:<\/p>\t\t\t\t\t\t\t\t<\/div>\n\t\t\t\t<div class=\"elementor-element elementor-element-52ea3f4 elementor-widget elementor-widget-text-editor\" data-id=\"52ea3f4\" data-element_type=\"widget\" data-e-type=\"widget\" data-widget_type=\"text-editor.default\">\n\t\t\t\t\t\t\t\t\t<ul><li>la mensa scolastica, essenziale per nutrire i bambini e favorirne la frequenza,<\/li><li>gli stipendi degli insegnanti, che garantiscono la continuit\u00e0 dell'insegnamento,<\/li><li>materiale scolastico, la base di ogni apprendimento.<\/li><\/ul>\t\t\t\t\t\t\t\t<\/div>\n\t\t\t\t<div class=\"elementor-element elementor-element-077f033 elementor-widget elementor-widget-text-editor\" data-id=\"077f033\" data-element_type=\"widget\" data-e-type=\"widget\" data-widget_type=\"text-editor.default\">\n\t\t\t\t\t\t\t\t\t<p>Su questa base, l'associazione sviluppa progetti di autonomia progressiva, concepiti con i partner locali e adattati alle realt\u00e0 sul campo:<\/p>\t\t\t\t\t\t\t\t<\/div>\n\t\t\t\t<div class=\"elementor-element elementor-element-132ad74 elementor-widget elementor-widget-text-editor\" data-id=\"132ad74\" data-element_type=\"widget\" data-e-type=\"widget\" data-widget_type=\"text-editor.default\">\n\t\t\t\t\t\t\t\t\t<ul><li>un pollaio, per produrre uova per la mensa e migliorare l'apporto nutrizionale a lungo termine,<\/li><li>un orto, per integrare i pasti, ridurre i costi e trasmettere conoscenze essenziali,<\/li><li>lampade e soluzioni di illuminazione per migliorare le condizioni di studio, lavoro e sicurezza.<\/li><\/ul><p><strong>Questi progetti hanno un obiettivo chiaro:<\/strong> Ridurre la dipendenza da aiuti esterni e consentire alla scuola di operare con le proprie risorse.<\/p>\t\t\t\t\t\t\t\t<\/div>\n\t\t\t\t<div class=\"elementor-element elementor-element-cdf419e elementor-widget-divider--view-line elementor-widget elementor-widget-divider\" data-id=\"cdf419e\" data-element_type=\"widget\" data-e-type=\"widget\" data-widget_type=\"divider.default\">\n\t\t\t\t\t\t\t<div class=\"elementor-divider\">\n\t\t\t<span class=\"elementor-divider-separator\">\n\t\t\t\t\t\t<\/span>\n\t\t<\/div>\n\t\t\t\t\t\t<\/div>\n\t\t\t\t<div class=\"elementor-element elementor-element-459b155 elementor-widget elementor-widget-text-editor\" data-id=\"459b155\" data-element_type=\"widget\" data-e-type=\"widget\" data-widget_type=\"text-editor.default\">\n\t\t\t\t\t\t\t\t\t<p><strong>\ud83c\uddf3\ud83c\uddf5 Nepal: garantire la continuit\u00e0 scolastica ai bambini che sosteniamo<\/strong><\/p>\t\t\t\t\t\t\t\t<\/div>\n\t\t\t\t<div class=\"elementor-element elementor-element-62ac9c9 elementor-widget elementor-widget-text-editor\" data-id=\"62ac9c9\" data-element_type=\"widget\" data-e-type=\"widget\" data-widget_type=\"text-editor.default\">\n\t\t\t\t\t\t\t\t\t<p>In Nepal, Helping Hands prosegue il suo impegno di lunga data a favore dei bambini provenienti da contesti molto svantaggiati. Nel 2026, la sfida principale \u00e8 garantire la continuit\u00e0 della loro scolarizzazione, spesso compromessa da :<\/p>\t\t\t\t\t\t\t\t<\/div>\n\t\t\t\t<div class=\"elementor-element elementor-element-a586450 elementor-widget elementor-widget-text-editor\" data-id=\"a586450\" data-element_type=\"widget\" data-e-type=\"widget\" data-widget_type=\"text-editor.default\">\n\t\t\t\t\t\t\t\t\t<ul><li>l'instabilit\u00e0 finanziaria delle famiglie,<\/li><li>scuola, forniture o spese di trasporto,<\/li><li>il rischio costante di abbandonare la scuola.<\/li><\/ul>\t\t\t\t\t\t\t\t<\/div>\n\t\t\t\t<div class=\"elementor-element elementor-element-4d8d8dc elementor-widget elementor-widget-text-editor\" data-id=\"4d8d8dc\" data-element_type=\"widget\" data-e-type=\"widget\" data-widget_type=\"text-editor.default\">\n\t\t\t\t\t\t\t\t\t<p>L'obiettivo di Helping Hands \u00e8 quello di evitare qualsiasi interruzione: permettere ai bambini di rimanere a scuola, continuare la loro istruzione e costruirsi un futuro, nonostante le difficolt\u00e0.<\/p><p>Non si tratta di progetti spettacolari, ma di un sostegno costante, umano e discreto, che fa la differenza a lungo termine.<\/p>\t\t\t\t\t\t\t\t<\/div>\n\t\t\t\t<div class=\"elementor-element elementor-element-a8e4a8a elementor-widget-divider--view-line elementor-widget elementor-widget-divider\" data-id=\"a8e4a8a\" data-element_type=\"widget\" data-e-type=\"widget\" data-widget_type=\"divider.default\">\n\t\t\t\t\t\t\t<div class=\"elementor-divider\">\n\t\t\t<span class=\"elementor-divider-separator\">\n\t\t\t\t\t\t<\/span>\n\t\t<\/div>\n\t\t\t\t\t\t<\/div>\n\t\t\t\t<div class=\"elementor-element elementor-element-3a1947e elementor-widget elementor-widget-text-editor\" data-id=\"3a1947e\" data-element_type=\"widget\" data-e-type=\"widget\" data-widget_type=\"text-editor.default\">\n\t\t\t\t\t\t\t\t\t<p><strong>Nel 2026, Helping Hands sta lavorando per :<\/strong><\/p>\t\t\t\t\t\t\t\t<\/div>\n\t\t\t\t<div class=\"elementor-element elementor-element-e07cc1b elementor-widget elementor-widget-text-editor\" data-id=\"e07cc1b\" data-element_type=\"widget\" data-e-type=\"widget\" data-widget_type=\"text-editor.default\">\n\t\t\t\t\t\t\t\t\t<ul><li>mantenere la mensa, gli insegnanti e le forniture ad Antsirabe,<\/li><li>sviluppare il pollaio, l'orto e le soluzioni di illuminazione per rendere la scuola autosufficiente,<\/li><li>garantire la continuit\u00e0 scolastica dei bambini in Nepal,<\/li><li>sostenere i bambini a lungo termine, con un aiuto equo, misurato e adeguato.<\/li><\/ul>\t\t\t\t\t\t\t\t<\/div>\n\t\t\t\t<div class=\"elementor-element elementor-element-c2b15c7 elementor-widget-divider--view-line elementor-widget elementor-widget-divider\" data-id=\"c2b15c7\" data-element_type=\"widget\" data-e-type=\"widget\" data-widget_type=\"divider.default\">\n\t\t\t\t\t\t\t<div class=\"elementor-divider\">\n\t\t\t<span class=\"elementor-divider-separator\">\n\t\t\t\t\t\t<\/span>\n\t\t<\/div>\n\t\t\t\t\t\t<\/div>\n\t\t\t\t<div class=\"elementor-element elementor-element-45bfa4b elementor-widget elementor-widget-text-editor\" data-id=\"45bfa4b\" data-element_type=\"widget\" data-e-type=\"widget\" data-widget_type=\"text-editor.default\">\n\t\t\t\t\t\t\t\t\t<p><strong>\ud83c\udfaf Il nostro obiettivo per il 2026: <\/strong>assicurando che l'aiuto di oggi non crei la dipendenza di domani,<br \/>e che ogni bambino sostenuto - ad Antsirabe come in Nepal - possa imparare, crescere e andare avanti con dignit\u00e0.<\/p>\t\t\t\t\t\t\t\t<\/div>\n\t\t\t\t<\/div>\n\t\t<div class=\"elementor-element elementor-element-a478728 e-grid e-con-full e-con e-child\" data-id=\"a478728\" data-element_type=\"container\" data-e-type=\"container\" data-settings=\"{&quot;jet_parallax_layout_list&quot;:[]}\">\n\t\t<div class=\"elementor-element elementor-element-9a61160 e-con-full e-flex e-con e-child\" data-id=\"9a61160\" data-element_type=\"container\" data-e-type=\"container\" data-settings=\"{&quot;background_background&quot;:&quot;classic&quot;,&quot;jet_parallax_layout_list&quot;:[]}\">\n\t\t\t\t<div class=\"elementor-element elementor-element-75bb87c elementor-widget__width-initial elementor-widget elementor-widget-heading\" data-id=\"75bb87c\" data-element_type=\"widget\" data-e-type=\"widget\" data-widget_type=\"heading.default\">\n\t\t\t\t\t<h2 class=\"elementor-heading-title elementor-size-default\">Scuola Lovasoa di Antsirabe :<br>fornire l'essenziale oggi, costruire l'autonomia per domani\n<\/h2>\t\t\t\t<\/div>\n\t\t\t\t<div class=\"elementor-element elementor-element-b02fdeb elementor-align-center elementor-widget elementor-widget-button\" data-id=\"b02fdeb\" data-element_type=\"widget\" data-e-type=\"widget\" data-widget_type=\"button.default\">\n\t\t\t\t\t\t\t\t\t\t<a class=\"elementor-button elementor-button-link elementor-size-sm\" href=\"https:\/\/helpinghands.fr\/don-humanitaire-madagascar\/\">\n\t\t\t\t\t\t<span class=\"elementor-button-content-wrapper\">\n\t\t\t\t\t\t\t\t\t<span class=\"elementor-button-text\">Per saperne di pi\u00f9<\/span>\n\t\t\t\t\t<\/span>\n\t\t\t\t\t<\/a>\n\t\t\t\t\t\t\t\t<\/div>\n\t\t\t\t<\/div>\n\t\t<div class=\"elementor-element elementor-element-85207a7 e-con-full e-flex e-con e-child\" data-id=\"85207a7\" data-element_type=\"container\" data-e-type=\"container\" data-settings=\"{&quot;background_background&quot;:&quot;classic&quot;,&quot;jet_parallax_layout_list&quot;:[]}\">\n\t\t\t\t<div class=\"elementor-element elementor-element-08e0a54 elementor-widget__width-initial elementor-widget elementor-widget-heading\" data-id=\"08e0a54\" data-element_type=\"widget\" data-e-type=\"widget\" data-widget_type=\"heading.default\">\n\t\t\t\t\t<h2 class=\"elementor-heading-title elementor-size-default\">Accompagnare Aswin e Aswini :<br>Programma di educazione olistica, nutrizione e salute<\/h2>\t\t\t\t<\/div>\n\t\t\t\t<div class=\"elementor-element elementor-element-883c79f elementor-align-center elementor-widget elementor-widget-button\" data-id=\"883c79f\" data-element_type=\"widget\" data-e-type=\"widget\" data-widget_type=\"button.default\">\n\t\t\t\t\t\t\t\t\t\t<a class=\"elementor-button elementor-button-link elementor-size-sm\" href=\"https:\/\/helpinghands.fr\/soutenir-aswin-et-aswini-a-katmandou-nepal\/\">\n\t\t\t\t\t\t<span class=\"elementor-button-content-wrapper\">\n\t\t\t\t\t\t\t\t\t<span class=\"elementor-button-text\">Per saperne di pi\u00f9<\/span>\n\t\t\t\t\t<\/span>\n\t\t\t\t\t<\/a>\n\t\t\t\t\t\t\t\t<\/div>\n\t\t\t\t<\/div>\n\t\t\t\t<\/div>\n\t\t\t\t<div class=\"elementor-element elementor-element-3a7379c elementor-widget elementor-widget-heading\" data-id=\"3a7379c\" data-element_type=\"widget\" data-e-type=\"widget\" data-widget_type=\"heading.default\">\n\t\t\t\t\t<p class=\"elementor-heading-title elementor-size-default\">Ogni progetto \u00e8 concepito con obiettivi precisi e un budget stimato per garantire un impatto massimo e duraturo.<\/p>\t\t\t\t<\/div>\n\t\t\t\t<\/div>\n\t\t\t\t\t<\/div>\n\t\t\t\t<\/div>\n\t\t\t\t<\/div>","protected":false},"excerpt":{"rendered":"<p>Projets humanitaires 2026 : autonomie de l\u2019\u00e9cole d\u2019Antsirabe et continuit\u00e9 scolaire au N\u00e9pal \ud83c\udf31\ud83d\udcda En 2026, Helping Hands poursuit une action volontairement cibl\u00e9e, r\u00e9aliste et durable. Cette ann\u00e9e, l\u2019association concentre ses efforts autour de deux axes compl\u00e9mentaires et indissociables : renforcer l\u2019autonomie de l\u2019\u00e9cole d\u2019Antsirabe \u00e0 Madagascar, assurer la continuit\u00e9 de la scolarit\u00e9 des enfants [&hellip;]<\/p>\n","protected":false},"author":1,"featured_media":0,"parent":0,"menu_order":6,"comment_status":"closed","ping_status":"closed","template":"elementor_header_footer","meta":{"give_campaign_id":0,"footnotes":""},"class_list":["post-45","page","type-page","status-publish","hentry"],"blocksy_meta":[],"yoast_head":"<!-- This site is optimized with the Yoast SEO plugin v27.5 - https:\/\/yoast.com\/product\/yoast-seo-wordpress\/ -->\n<title>Nos objectifs 2026 - Helping Hands<\/title>\n<meta name=\"description\" content=\"Nos objectifs 2026 : Helping Hands renforce l\u2019\u00e9ducation, soutient les enfants vuln\u00e9rables et d\u00e9veloppe des projets solidaires durables..\" \/>\n<meta name=\"robots\" content=\"index, follow, max-snippet:-1, max-image-preview:large, max-video-preview:-1\" \/>\n<link rel=\"canonical\" href=\"https:\/\/helpinghands.fr\/it\/i-nostri-obiettivi\/\" \/>\n<meta property=\"og:locale\" content=\"it_IT\" \/>\n<meta property=\"og:type\" content=\"article\" \/>\n<meta property=\"og:title\" content=\"Nos objectifs 2026 - Helping Hands\" \/>\n<meta property=\"og:description\" content=\"Nos objectifs 2026 : Helping Hands renforce l\u2019\u00e9ducation, soutient les enfants vuln\u00e9rables et d\u00e9veloppe des projets solidaires durables..\" \/>\n<meta property=\"og:url\" content=\"https:\/\/helpinghands.fr\/it\/i-nostri-obiettivi\/\" \/>\n<meta property=\"og:site_name\" content=\"Helping Hands\" \/>\n<meta property=\"article:modified_time\" content=\"2026-05-02T06:43:35+00:00\" \/>\n<meta name=\"twitter:card\" content=\"summary_large_image\" \/>\n<meta name=\"twitter:label1\" content=\"Tempo di lettura stimato\" \/>\n\t<meta name=\"twitter:data1\" content=\"3 minuti\" \/>\n<script type=\"application\/ld+json\" class=\"yoast-schema-graph\">{\"@context\":\"https:\\\/\\\/schema.org\",\"@graph\":[{\"@type\":\"WebPage\",\"@id\":\"https:\\\/\\\/helpinghands.fr\\\/nos-objectifs\\\/\",\"url\":\"https:\\\/\\\/helpinghands.fr\\\/nos-objectifs\\\/\",\"name\":\"Nos objectifs 2026 - Helping Hands\",\"isPartOf\":{\"@id\":\"https:\\\/\\\/helpinghands.fr\\\/#website\"},\"datePublished\":\"2024-12-20T15:24:55+00:00\",\"dateModified\":\"2026-05-02T06:43:35+00:00\",\"description\":\"Nos objectifs 2026 : Helping Hands renforce l\u2019\u00e9ducation, soutient les enfants vuln\u00e9rables et d\u00e9veloppe des projets solidaires durables..\",\"breadcrumb\":{\"@id\":\"https:\\\/\\\/helpinghands.fr\\\/nos-objectifs\\\/#breadcrumb\"},\"inLanguage\":\"it-IT\",\"potentialAction\":[{\"@type\":\"ReadAction\",\"target\":[\"https:\\\/\\\/helpinghands.fr\\\/nos-objectifs\\\/\"]}]},{\"@type\":\"BreadcrumbList\",\"@id\":\"https:\\\/\\\/helpinghands.fr\\\/nos-objectifs\\\/#breadcrumb\",\"itemListElement\":[{\"@type\":\"ListItem\",\"position\":1,\"name\":\"Accueil\",\"item\":\"https:\\\/\\\/helpinghands.fr\\\/\"},{\"@type\":\"ListItem\",\"position\":2,\"name\":\"Nos objectifs 2026\"}]},{\"@type\":\"WebSite\",\"@id\":\"https:\\\/\\\/helpinghands.fr\\\/#website\",\"url\":\"https:\\\/\\\/helpinghands.fr\\\/\",\"name\":\"Helping Hands\",\"description\":\"\",\"potentialAction\":[{\"@type\":\"SearchAction\",\"target\":{\"@type\":\"EntryPoint\",\"urlTemplate\":\"https:\\\/\\\/helpinghands.fr\\\/?s={search_term_string}\"},\"query-input\":{\"@type\":\"PropertyValueSpecification\",\"valueRequired\":true,\"valueName\":\"search_term_string\"}}],\"inLanguage\":\"it-IT\"}]}<\/script>\n<!-- \/ Yoast SEO plugin. -->","yoast_head_json":{"title":"I nostri obiettivi per il 2026 - Helping Hands","description":"I nostri obiettivi per il 2026: Helping Hands rafforza l'istruzione, sostiene i bambini vulnerabili e sviluppa progetti di solidariet\u00e0 sostenibili...","robots":{"index":"index","follow":"follow","max-snippet":"max-snippet:-1","max-image-preview":"max-image-preview:large","max-video-preview":"max-video-preview:-1"},"canonical":"https:\/\/helpinghands.fr\/it\/i-nostri-obiettivi\/","og_locale":"it_IT","og_type":"article","og_title":"Nos objectifs 2026 - Helping Hands","og_description":"Nos objectifs 2026 : Helping Hands renforce l\u2019\u00e9ducation, soutient les enfants vuln\u00e9rables et d\u00e9veloppe des projets solidaires durables..","og_url":"https:\/\/helpinghands.fr\/it\/i-nostri-obiettivi\/","og_site_name":"Helping Hands","article_modified_time":"2026-05-02T06:43:35+00:00","twitter_card":"summary_large_image","twitter_misc":{"Tempo di lettura stimato":"3 minuti"},"schema":{"@context":"https:\/\/schema.org","@graph":[{"@type":"WebPage","@id":"https:\/\/helpinghands.fr\/nos-objectifs\/","url":"https:\/\/helpinghands.fr\/nos-objectifs\/","name":"I nostri obiettivi per il 2026 - Helping Hands","isPartOf":{"@id":"https:\/\/helpinghands.fr\/#website"},"datePublished":"2024-12-20T15:24:55+00:00","dateModified":"2026-05-02T06:43:35+00:00","description":"I nostri obiettivi per il 2026: Helping Hands rafforza l'istruzione, sostiene i bambini vulnerabili e sviluppa progetti di solidariet\u00e0 sostenibili...","breadcrumb":{"@id":"https:\/\/helpinghands.fr\/nos-objectifs\/#breadcrumb"},"inLanguage":"it-IT","potentialAction":[{"@type":"ReadAction","target":["https:\/\/helpinghands.fr\/nos-objectifs\/"]}]},{"@type":"BreadcrumbList","@id":"https:\/\/helpinghands.fr\/nos-objectifs\/#breadcrumb","itemListElement":[{"@type":"ListItem","position":1,"name":"Accueil","item":"https:\/\/helpinghands.fr\/"},{"@type":"ListItem","position":2,"name":"Nos objectifs 2026"}]},{"@type":"WebSite","@id":"https:\/\/helpinghands.fr\/#website","url":"https:\/\/helpinghands.fr\/","name":"Helping Hands","description":"","potentialAction":[{"@type":"SearchAction","target":{"@type":"EntryPoint","urlTemplate":"https:\/\/helpinghands.fr\/?s={search_term_string}"},"query-input":{"@type":"PropertyValueSpecification","valueRequired":true,"valueName":"search_term_string"}}],"inLanguage":"it-IT"}]}},"campaignId":"","_links":{"self":[{"href":"https:\/\/helpinghands.fr\/it\/wp-json\/wp\/v2\/pages\/45","targetHints":{"allow":["GET"]}}],"collection":[{"href":"https:\/\/helpinghands.fr\/it\/wp-json\/wp\/v2\/pages"}],"about":[{"href":"https:\/\/helpinghands.fr\/it\/wp-json\/wp\/v2\/types\/page"}],"author":[{"embeddable":true,"href":"https:\/\/helpinghands.fr\/it\/wp-json\/wp\/v2\/users\/1"}],"replies":[{"embeddable":true,"href":"https:\/\/helpinghands.fr\/it\/wp-json\/wp\/v2\/comments?post=45"}],"version-history":[{"count":33,"href":"https:\/\/helpinghands.fr\/it\/wp-json\/wp\/v2\/pages\/45\/revisions"}],"predecessor-version":[{"id":2098,"href":"https:\/\/helpinghands.fr\/it\/wp-json\/wp\/v2\/pages\/45\/revisions\/2098"}],"wp:attachment":[{"href":"https:\/\/helpinghands.fr\/it\/wp-json\/wp\/v2\/media?parent=45"}],"curies":[{"name":"wp","href":"https:\/\/api.w.org\/{rel}","templated":true}]}}