{"id":56,"date":"2024-12-20T16:25:27","date_gmt":"2024-12-20T15:25:27","guid":{"rendered":"https:\/\/helpinghands.fr\/?page_id=56"},"modified":"2026-05-07T20:09:29","modified_gmt":"2026-05-07T18:09:29","slug":"informazioni-legali","status":"publish","type":"page","link":"https:\/\/helpinghands.fr\/it\/mentions-legales\/","title":{"rendered":"Informazioni legali"},"content":{"rendered":"<div data-elementor-type=\"wp-page\" data-elementor-id=\"56\" class=\"elementor elementor-56\" data-elementor-post-type=\"page\">\n\t\t\t\t<div class=\"elementor-element elementor-element-235edcc e-flex e-con-boxed e-con e-parent\" data-id=\"235edcc\" data-element_type=\"container\" data-e-type=\"container\" data-settings=\"{&quot;jet_parallax_layout_list&quot;:[]}\">\n\t\t\t\t\t<div class=\"e-con-inner\">\n\t\t\t\t<div class=\"elementor-element elementor-element-ab31cee elementor-widget elementor-widget-heading\" data-id=\"ab31cee\" data-element_type=\"widget\" data-e-type=\"widget\" data-widget_type=\"heading.default\">\n\t\t\t\t\t<h1 class=\"elementor-heading-title elementor-size-default\">Informazioni legali<\/h1>\t\t\t\t<\/div>\n\t\t\t\t<div class=\"elementor-element elementor-element-2cd0d34 elementor-widget elementor-widget-text-editor\" data-id=\"2cd0d34\" data-element_type=\"widget\" data-e-type=\"widget\" data-widget_type=\"text-editor.default\">\n\t\t\t\t\t\t\t\t\t<p><span style=\"color: #000000;\"><strong>Editore del sito<\/strong><\/span><br \/><span style=\"color: #000000;\">Questo sito web \u00e8 pubblicato dall'associazione <strong>Helping Hands<\/strong>disciplinato dalla legge del 1\u00b0 luglio 1901.<\/span><br \/><span style=\"color: #000000;\">Sede legale: 1 Rue du Ch\u00eane, 27230 Piencourt<\/span><br \/><span style=\"color: #000000;\">Email : <a style=\"color: #000000;\" rel=\"noopener\">contact@helpinghands.fr<\/a><\/span><\/p><p><span style=\"color: #000000;\"><strong>Hosting del sito web<\/strong><\/span><br \/><span style=\"color: #000000;\">Il sito \u00e8 ospitato da :<\/span><br \/><span style=\"color: #000000;\"><strong>Hostinger<\/strong><\/span><br \/><span style=\"color: #000000;\">Indirizzo: 61 Rue Lordou Vironos, 6023 Larnaca, Cipro<\/span><br \/><span style=\"color: #000000;\">Sito web : <a style=\"color: #000000;\" href=\"https:\/\/www.hostinger.fr\" target=\"_new\" rel=\"noopener\">www.hostinger.fr<\/a><\/span><\/p><p><span style=\"color: #000000;\"><strong>Contatto<\/strong><\/span><br \/><span style=\"color: #000000;\">Per qualsiasi domanda o richiesta di informazioni, vi preghiamo di contattarci via e-mail al seguente indirizzo <strong><a style=\"color: #000000;\" rel=\"noopener\">contact@helpinghands.fr<\/a><\/strong><\/span><\/p>\t\t\t\t\t\t\t\t<\/div>\n\t\t\t\t<div class=\"elementor-element elementor-element-9e88600 elementor-align-left elementor-widget elementor-widget-button\" data-id=\"9e88600\" data-element_type=\"widget\" data-e-type=\"widget\" data-widget_type=\"button.default\">\n\t\t\t\t\t\t\t\t\t\t<a class=\"elementor-button elementor-button-link elementor-size-sm\" href=\"https:\/\/helpinghands.fr\/wp-content\/uploads\/2025\/01\/STATUTS-HH-11-JANVIER-2025.pdf\" target=\"_blank\">\n\t\t\t\t\t\t<span class=\"elementor-button-content-wrapper\">\n\t\t\t\t\t\t<span class=\"elementor-button-icon\">\n\t\t\t\t<svg aria-hidden=\"true\" class=\"e-font-icon-svg e-fas-download\" viewbox=\"0 0 512 512\" xmlns=\"http:\/\/www.w3.org\/2000\/svg\"><path d=\"M216 0h80c13.3 0 24 10.7 24 24v168h87.7c17.8 0 26.7 21.5 14.1 34.1L269.7 378.3c-7.5 7.5-19.8 7.5-27.3 0L90.1 226.1c-12.6-12.6-3.7-34.1 14.1-34.1H192V24c0-13.3 10.7-24 24-24zm296 376v112c0 13.3-10.7 24-24 24H24c-13.3 0-24-10.7-24-24V376c0-13.3 10.7-24 24-24h146.7l49 49c20.1 20.1 52.5 20.1 72.6 0l49-49H488c13.3 0 24 10.7 24 24zm-124 88c0-11-9-20-20-20s-20 9-20 20 9 20 20 20 20-9 20-20zm64 0c0-11-9-20-20-20s-20 9-20 20 9 20 20 20 20-9 20-20z\"><\/path><\/svg>\t\t\t<\/span>\n\t\t\t\t\t\t\t\t\t<span class=\"elementor-button-text\">Statuto di Helping Hands<\/span>\n\t\t\t\t\t<\/span>\n\t\t\t\t\t<\/a>\n\t\t\t\t\t\t\t\t<\/div>\n\t\t\t\t\t<\/div>\n\t\t\t\t<\/div>\n\t\t\t\t<\/div>","protected":false},"excerpt":{"rendered":"<p>\u00c9diteur du site Le pr\u00e9sent site est \u00e9dit\u00e9 par l\u2019association Helping Hands, r\u00e9gie par la loi du 1er juillet 1901. Si\u00e8ge social : 1 Rue du Ch\u00eane, 27230 Piencourt Email : contact@helpinghands.fr H\u00e9bergement du site Le site est h\u00e9berg\u00e9 par : Hostinger Adresse : 61 Rue Lordou Vironos, 6023 Larnaca, Chypre Site web : www.hostinger.fr [&hellip;]<\/p>\n","protected":false},"author":1,"featured_media":0,"parent":0,"menu_order":9,"comment_status":"closed","ping_status":"closed","template":"elementor_header_footer","meta":{"give_campaign_id":0,"footnotes":""},"class_list":["post-56","page","type-page","status-publish","hentry"],"blocksy_meta":[],"yoast_head":"<!-- This site is optimized with the Yoast SEO plugin v27.5 - https:\/\/yoast.com\/product\/yoast-seo-wordpress\/ -->\n<title>Mentions l\u00e9gales - Helping Hands<\/title>\n<meta name=\"description\" content=\"Mentions l\u00e9gales du site Helping Hands : informations juridiques, \u00e9diteur et responsabilit\u00e9s l\u00e9gales de l&#039;association.\" \/>\n<meta name=\"robots\" content=\"index, follow, max-snippet:-1, max-image-preview:large, max-video-preview:-1\" \/>\n<link rel=\"canonical\" href=\"https:\/\/helpinghands.fr\/it\/informazioni-legali\/\" \/>\n<meta property=\"og:locale\" content=\"it_IT\" \/>\n<meta property=\"og:type\" content=\"article\" \/>\n<meta property=\"og:title\" content=\"Mentions l\u00e9gales - Helping Hands\" \/>\n<meta property=\"og:description\" content=\"Mentions l\u00e9gales du site Helping Hands : informations juridiques, \u00e9diteur et responsabilit\u00e9s l\u00e9gales de l&#039;association.\" \/>\n<meta property=\"og:url\" content=\"https:\/\/helpinghands.fr\/it\/informazioni-legali\/\" \/>\n<meta property=\"og:site_name\" content=\"Helping Hands\" \/>\n<meta property=\"article:modified_time\" content=\"2026-05-07T18:09:29+00:00\" \/>\n<meta name=\"twitter:card\" content=\"summary_large_image\" \/>\n<meta name=\"twitter:label1\" content=\"Tempo di lettura stimato\" \/>\n\t<meta name=\"twitter:data1\" content=\"1 minuto\" \/>\n<script type=\"application\/ld+json\" class=\"yoast-schema-graph\">{\"@context\":\"https:\\\/\\\/schema.org\",\"@graph\":[{\"@type\":\"WebPage\",\"@id\":\"https:\\\/\\\/helpinghands.fr\\\/mentions-legales\\\/\",\"url\":\"https:\\\/\\\/helpinghands.fr\\\/mentions-legales\\\/\",\"name\":\"Mentions l\u00e9gales - Helping Hands\",\"isPartOf\":{\"@id\":\"https:\\\/\\\/helpinghands.fr\\\/#website\"},\"datePublished\":\"2024-12-20T15:25:27+00:00\",\"dateModified\":\"2026-05-07T18:09:29+00:00\",\"description\":\"Mentions l\u00e9gales du site Helping Hands : informations juridiques, \u00e9diteur et responsabilit\u00e9s l\u00e9gales de l'association.\",\"breadcrumb\":{\"@id\":\"https:\\\/\\\/helpinghands.fr\\\/mentions-legales\\\/#breadcrumb\"},\"inLanguage\":\"it-IT\",\"potentialAction\":[{\"@type\":\"ReadAction\",\"target\":[\"https:\\\/\\\/helpinghands.fr\\\/mentions-legales\\\/\"]}]},{\"@type\":\"BreadcrumbList\",\"@id\":\"https:\\\/\\\/helpinghands.fr\\\/mentions-legales\\\/#breadcrumb\",\"itemListElement\":[{\"@type\":\"ListItem\",\"position\":1,\"name\":\"Accueil\",\"item\":\"https:\\\/\\\/helpinghands.fr\\\/\"},{\"@type\":\"ListItem\",\"position\":2,\"name\":\"Mentions l\u00e9gales\"}]},{\"@type\":\"WebSite\",\"@id\":\"https:\\\/\\\/helpinghands.fr\\\/#website\",\"url\":\"https:\\\/\\\/helpinghands.fr\\\/\",\"name\":\"Helping Hands\",\"description\":\"\",\"potentialAction\":[{\"@type\":\"SearchAction\",\"target\":{\"@type\":\"EntryPoint\",\"urlTemplate\":\"https:\\\/\\\/helpinghands.fr\\\/?s={search_term_string}\"},\"query-input\":{\"@type\":\"PropertyValueSpecification\",\"valueRequired\":true,\"valueName\":\"search_term_string\"}}],\"inLanguage\":\"it-IT\"}]}<\/script>\n<!-- \/ Yoast SEO plugin. -->","yoast_head_json":{"title":"Informazioni legali - Helping Hands","description":"Informazioni legali sul sito web di Helping Hands: informazioni legali, editore e responsabilit\u00e0 legali dell'associazione.","robots":{"index":"index","follow":"follow","max-snippet":"max-snippet:-1","max-image-preview":"max-image-preview:large","max-video-preview":"max-video-preview:-1"},"canonical":"https:\/\/helpinghands.fr\/it\/informazioni-legali\/","og_locale":"it_IT","og_type":"article","og_title":"Mentions l\u00e9gales - Helping Hands","og_description":"Mentions l\u00e9gales du site Helping Hands : informations juridiques, \u00e9diteur et responsabilit\u00e9s l\u00e9gales de l'association.","og_url":"https:\/\/helpinghands.fr\/it\/informazioni-legali\/","og_site_name":"Helping Hands","article_modified_time":"2026-05-07T18:09:29+00:00","twitter_card":"summary_large_image","twitter_misc":{"Tempo di lettura stimato":"1 minuto"},"schema":{"@context":"https:\/\/schema.org","@graph":[{"@type":"WebPage","@id":"https:\/\/helpinghands.fr\/mentions-legales\/","url":"https:\/\/helpinghands.fr\/mentions-legales\/","name":"Informazioni legali - Helping Hands","isPartOf":{"@id":"https:\/\/helpinghands.fr\/#website"},"datePublished":"2024-12-20T15:25:27+00:00","dateModified":"2026-05-07T18:09:29+00:00","description":"Informazioni legali sul sito web di Helping Hands: informazioni legali, editore e responsabilit\u00e0 legali dell'associazione.","breadcrumb":{"@id":"https:\/\/helpinghands.fr\/mentions-legales\/#breadcrumb"},"inLanguage":"it-IT","potentialAction":[{"@type":"ReadAction","target":["https:\/\/helpinghands.fr\/mentions-legales\/"]}]},{"@type":"BreadcrumbList","@id":"https:\/\/helpinghands.fr\/mentions-legales\/#breadcrumb","itemListElement":[{"@type":"ListItem","position":1,"name":"Accueil","item":"https:\/\/helpinghands.fr\/"},{"@type":"ListItem","position":2,"name":"Mentions l\u00e9gales"}]},{"@type":"WebSite","@id":"https:\/\/helpinghands.fr\/#website","url":"https:\/\/helpinghands.fr\/","name":"Helping Hands","description":"","potentialAction":[{"@type":"SearchAction","target":{"@type":"EntryPoint","urlTemplate":"https:\/\/helpinghands.fr\/?s={search_term_string}"},"query-input":{"@type":"PropertyValueSpecification","valueRequired":true,"valueName":"search_term_string"}}],"inLanguage":"it-IT"}]}},"campaignId":"","_links":{"self":[{"href":"https:\/\/helpinghands.fr\/it\/wp-json\/wp\/v2\/pages\/56","targetHints":{"allow":["GET"]}}],"collection":[{"href":"https:\/\/helpinghands.fr\/it\/wp-json\/wp\/v2\/pages"}],"about":[{"href":"https:\/\/helpinghands.fr\/it\/wp-json\/wp\/v2\/types\/page"}],"author":[{"embeddable":true,"href":"https:\/\/helpinghands.fr\/it\/wp-json\/wp\/v2\/users\/1"}],"replies":[{"embeddable":true,"href":"https:\/\/helpinghands.fr\/it\/wp-json\/wp\/v2\/comments?post=56"}],"version-history":[{"count":1,"href":"https:\/\/helpinghands.fr\/it\/wp-json\/wp\/v2\/pages\/56\/revisions"}],"predecessor-version":[{"id":2136,"href":"https:\/\/helpinghands.fr\/it\/wp-json\/wp\/v2\/pages\/56\/revisions\/2136"}],"wp:attachment":[{"href":"https:\/\/helpinghands.fr\/it\/wp-json\/wp\/v2\/media?parent=56"}],"curies":[{"name":"wp","href":"https:\/\/api.w.org\/{rel}","templated":true}]}}