{"id":57,"date":"2024-12-20T16:25:39","date_gmt":"2024-12-20T15:25:39","guid":{"rendered":"https:\/\/helpinghands.fr\/?page_id=57"},"modified":"2026-05-07T20:14:25","modified_gmt":"2026-05-07T18:14:25","slug":"informativa-sulla-privacy","status":"publish","type":"page","link":"https:\/\/helpinghands.fr\/it\/politique-de-confidentialite\/","title":{"rendered":"Informativa sulla privacy"},"content":{"rendered":"<div data-elementor-type=\"wp-page\" data-elementor-id=\"57\" class=\"elementor elementor-57\" data-elementor-post-type=\"page\">\n\t\t\t\t<div class=\"elementor-element elementor-element-9e20785 e-flex e-con-boxed e-con e-parent\" data-id=\"9e20785\" data-element_type=\"container\" data-e-type=\"container\" data-settings=\"{&quot;jet_parallax_layout_list&quot;:[]}\">\n\t\t\t\t\t<div class=\"e-con-inner\">\n\t\t\t\t<div class=\"elementor-element elementor-element-3b82b7d elementor-widget elementor-widget-heading\" data-id=\"3b82b7d\" data-element_type=\"widget\" data-e-type=\"widget\" data-widget_type=\"heading.default\">\n\t\t\t\t\t<h1 class=\"elementor-heading-title elementor-size-default\">Informativa sulla privacy<\/h1>\t\t\t\t<\/div>\n\t\t\t\t<div class=\"elementor-element elementor-element-6e8365a elementor-widget elementor-widget-text-editor\" data-id=\"6e8365a\" data-element_type=\"widget\" data-e-type=\"widget\" data-widget_type=\"text-editor.default\">\n\t\t\t\t\t\t\t\t\t<p><span style=\"color: #000000;\">L'associazione <strong>Helping Hands<\/strong>con sede in 1 Rue du Ch\u00eane, 27230 Piencourt, si impegna a proteggere la riservatezza dei dati personali raccolti su questo sito.<\/span><\/p><p><span style=\"color: #000000;\"><strong>Raccolta e utilizzo dei dati<\/strong><\/span><br \/><span style=\"color: #000000;\">Raccogliamo solo le informazioni necessarie per gestire le vostre richieste:<\/span><br \/><span style=\"color: #000000;\">- Indirizzo e-mail (quando si invia un messaggio tramite il nostro modulo di contatto o via e-mail).<\/span><br \/><span style=\"color: #000000;\">Queste informazioni vengono utilizzate esclusivamente per rispondere alle vostre richieste o per contattarvi.<\/span><\/p><p><span style=\"color: #000000;\"><strong>Condivisione dei dati<\/strong><\/span><br \/><span style=\"color: #000000;\">I vostri dati personali non saranno condivisi, venduti o affittati a terzi.<\/span><\/p><p><span style=\"color: #000000;\"><strong>Hosting dati<\/strong><\/span><br \/><span style=\"color: #000000;\">I dati raccolti tramite questo sito sono memorizzati sui server del nostro host:<\/span><br \/><span style=\"color: #000000;\"><strong>Hostinger<\/strong><\/span><br \/><span style=\"color: #000000;\">Indirizzo: 61 Rue Lordou Vironos, 6023 Larnaca, Cipro<\/span><br \/><span style=\"color: #000000;\">Sito web : <a style=\"color: #000000;\" href=\"https:\/\/www.hostinger.fr\" target=\"_new\" rel=\"noopener\">www.hostinger.fr<\/a><\/span><\/p><p><span style=\"color: #000000;\"><strong>I vostri diritti<\/strong><\/span><br \/><span style=\"color: #000000;\">Ai sensi della legge francese sulla protezione dei dati e del RGPD, avete il diritto di accedere ai vostri dati personali, chiederne la rettifica o la cancellazione e opporvi al loro trattamento.<\/span><br \/><span style=\"color: #000000;\">Per esercitare i vostri diritti, contattateci via e-mail all'indirizzo : <a style=\"color: #000000;\" rel=\"noopener\">contact@helpinghands.fr<\/a><\/span><\/p><p><span style=\"color: #000000;\"><strong>Cambiamenti<\/strong><\/span><br \/><span style=\"color: #000000;\">Ci riserviamo il diritto di modificare questa politica in qualsiasi momento. Le modifiche entreranno in vigore non appena saranno pubblicate su questo sito.<\/span><\/p>\t\t\t\t\t\t\t\t<\/div>\n\t\t\t\t\t<\/div>\n\t\t\t\t<\/div>\n\t\t\t\t<\/div>","protected":false},"excerpt":{"rendered":"<p>L\u2019association Helping Hands, situ\u00e9e au 1 Rue du Ch\u00eane, 27230 Piencourt, s\u2019engage \u00e0 prot\u00e9ger la confidentialit\u00e9 des donn\u00e9es personnelles collect\u00e9es sur ce site. Collecte et utilisation des donn\u00e9es Nous collectons uniquement les informations n\u00e9cessaires \u00e0 la gestion de vos demandes : &#8211; Adresse email (lors de l\u2019envoi d\u2019un message via notre formulaire de contact ou [&hellip;]<\/p>\n","protected":false},"author":1,"featured_media":0,"parent":0,"menu_order":10,"comment_status":"closed","ping_status":"closed","template":"elementor_header_footer","meta":{"give_campaign_id":0,"footnotes":""},"class_list":["post-57","page","type-page","status-publish","hentry"],"blocksy_meta":[],"yoast_head":"<!-- This site is optimized with the Yoast SEO plugin v27.5 - https:\/\/yoast.com\/product\/yoast-seo-wordpress\/ -->\n<title>Politique de confidentialit\u00e9 - Helping Hands<\/title>\n<meta name=\"description\" content=\"Politique de confidentialit\u00e9 de Helping Hands : protection des donn\u00e9es personnelles et respect de votre vie priv\u00e9e.\" \/>\n<meta name=\"robots\" content=\"index, follow, max-snippet:-1, max-image-preview:large, max-video-preview:-1\" \/>\n<link rel=\"canonical\" href=\"https:\/\/helpinghands.fr\/it\/informativa-sulla-privacy\/\" \/>\n<meta property=\"og:locale\" content=\"it_IT\" \/>\n<meta property=\"og:type\" content=\"article\" \/>\n<meta property=\"og:title\" content=\"Politique de confidentialit\u00e9 - Helping Hands\" \/>\n<meta property=\"og:description\" content=\"Politique de confidentialit\u00e9 de Helping Hands : protection des donn\u00e9es personnelles et respect de votre vie priv\u00e9e.\" \/>\n<meta property=\"og:url\" content=\"https:\/\/helpinghands.fr\/it\/informativa-sulla-privacy\/\" \/>\n<meta property=\"og:site_name\" content=\"Helping Hands\" \/>\n<meta property=\"article:modified_time\" content=\"2026-05-07T18:14:25+00:00\" \/>\n<meta name=\"twitter:card\" content=\"summary_large_image\" \/>\n<meta name=\"twitter:label1\" content=\"Tempo di lettura stimato\" \/>\n\t<meta name=\"twitter:data1\" content=\"1 minuto\" \/>\n<script type=\"application\/ld+json\" class=\"yoast-schema-graph\">{\"@context\":\"https:\\\/\\\/schema.org\",\"@graph\":[{\"@type\":\"WebPage\",\"@id\":\"https:\\\/\\\/helpinghands.fr\\\/politique-de-confidentialite\\\/\",\"url\":\"https:\\\/\\\/helpinghands.fr\\\/politique-de-confidentialite\\\/\",\"name\":\"Politique de confidentialit\u00e9 - Helping Hands\",\"isPartOf\":{\"@id\":\"https:\\\/\\\/helpinghands.fr\\\/#website\"},\"datePublished\":\"2024-12-20T15:25:39+00:00\",\"dateModified\":\"2026-05-07T18:14:25+00:00\",\"description\":\"Politique de confidentialit\u00e9 de Helping Hands : protection des donn\u00e9es personnelles et respect de votre vie priv\u00e9e.\",\"breadcrumb\":{\"@id\":\"https:\\\/\\\/helpinghands.fr\\\/politique-de-confidentialite\\\/#breadcrumb\"},\"inLanguage\":\"it-IT\",\"potentialAction\":[{\"@type\":\"ReadAction\",\"target\":[\"https:\\\/\\\/helpinghands.fr\\\/politique-de-confidentialite\\\/\"]}]},{\"@type\":\"BreadcrumbList\",\"@id\":\"https:\\\/\\\/helpinghands.fr\\\/politique-de-confidentialite\\\/#breadcrumb\",\"itemListElement\":[{\"@type\":\"ListItem\",\"position\":1,\"name\":\"Accueil\",\"item\":\"https:\\\/\\\/helpinghands.fr\\\/\"},{\"@type\":\"ListItem\",\"position\":2,\"name\":\"Politique de confidentialit\u00e9\"}]},{\"@type\":\"WebSite\",\"@id\":\"https:\\\/\\\/helpinghands.fr\\\/#website\",\"url\":\"https:\\\/\\\/helpinghands.fr\\\/\",\"name\":\"Helping Hands\",\"description\":\"\",\"potentialAction\":[{\"@type\":\"SearchAction\",\"target\":{\"@type\":\"EntryPoint\",\"urlTemplate\":\"https:\\\/\\\/helpinghands.fr\\\/?s={search_term_string}\"},\"query-input\":{\"@type\":\"PropertyValueSpecification\",\"valueRequired\":true,\"valueName\":\"search_term_string\"}}],\"inLanguage\":\"it-IT\"}]}<\/script>\n<!-- \/ Yoast SEO plugin. -->","yoast_head_json":{"title":"Informativa sulla privacy - Helping Hands","description":"Politique de confidentialit\u00e9 de Helping Hands : protection des donn\u00e9es personnelles et respect de votre vie priv\u00e9e.","robots":{"index":"index","follow":"follow","max-snippet":"max-snippet:-1","max-image-preview":"max-image-preview:large","max-video-preview":"max-video-preview:-1"},"canonical":"https:\/\/helpinghands.fr\/it\/informativa-sulla-privacy\/","og_locale":"it_IT","og_type":"article","og_title":"Politique de confidentialit\u00e9 - Helping Hands","og_description":"Politique de confidentialit\u00e9 de Helping Hands : protection des donn\u00e9es personnelles et respect de votre vie priv\u00e9e.","og_url":"https:\/\/helpinghands.fr\/it\/informativa-sulla-privacy\/","og_site_name":"Helping Hands","article_modified_time":"2026-05-07T18:14:25+00:00","twitter_card":"summary_large_image","twitter_misc":{"Tempo di lettura stimato":"1 minuto"},"schema":{"@context":"https:\/\/schema.org","@graph":[{"@type":"WebPage","@id":"https:\/\/helpinghands.fr\/politique-de-confidentialite\/","url":"https:\/\/helpinghands.fr\/politique-de-confidentialite\/","name":"Informativa sulla privacy - Helping Hands","isPartOf":{"@id":"https:\/\/helpinghands.fr\/#website"},"datePublished":"2024-12-20T15:25:39+00:00","dateModified":"2026-05-07T18:14:25+00:00","description":"Politique de confidentialit\u00e9 de Helping Hands : protection des donn\u00e9es personnelles et respect de votre vie priv\u00e9e.","breadcrumb":{"@id":"https:\/\/helpinghands.fr\/politique-de-confidentialite\/#breadcrumb"},"inLanguage":"it-IT","potentialAction":[{"@type":"ReadAction","target":["https:\/\/helpinghands.fr\/politique-de-confidentialite\/"]}]},{"@type":"BreadcrumbList","@id":"https:\/\/helpinghands.fr\/politique-de-confidentialite\/#breadcrumb","itemListElement":[{"@type":"ListItem","position":1,"name":"Accueil","item":"https:\/\/helpinghands.fr\/"},{"@type":"ListItem","position":2,"name":"Politique de confidentialit\u00e9"}]},{"@type":"WebSite","@id":"https:\/\/helpinghands.fr\/#website","url":"https:\/\/helpinghands.fr\/","name":"Helping Hands","description":"","potentialAction":[{"@type":"SearchAction","target":{"@type":"EntryPoint","urlTemplate":"https:\/\/helpinghands.fr\/?s={search_term_string}"},"query-input":{"@type":"PropertyValueSpecification","valueRequired":true,"valueName":"search_term_string"}}],"inLanguage":"it-IT"}]}},"campaignId":"","_links":{"self":[{"href":"https:\/\/helpinghands.fr\/it\/wp-json\/wp\/v2\/pages\/57","targetHints":{"allow":["GET"]}}],"collection":[{"href":"https:\/\/helpinghands.fr\/it\/wp-json\/wp\/v2\/pages"}],"about":[{"href":"https:\/\/helpinghands.fr\/it\/wp-json\/wp\/v2\/types\/page"}],"author":[{"embeddable":true,"href":"https:\/\/helpinghands.fr\/it\/wp-json\/wp\/v2\/users\/1"}],"replies":[{"embeddable":true,"href":"https:\/\/helpinghands.fr\/it\/wp-json\/wp\/v2\/comments?post=57"}],"version-history":[{"count":1,"href":"https:\/\/helpinghands.fr\/it\/wp-json\/wp\/v2\/pages\/57\/revisions"}],"predecessor-version":[{"id":2137,"href":"https:\/\/helpinghands.fr\/it\/wp-json\/wp\/v2\/pages\/57\/revisions\/2137"}],"wp:attachment":[{"href":"https:\/\/helpinghands.fr\/it\/wp-json\/wp\/v2\/media?parent=57"}],"curies":[{"name":"wp","href":"https:\/\/api.w.org\/{rel}","templated":true}]}}