{"id":902,"date":"2025-01-19T16:11:08","date_gmt":"2025-01-19T15:11:08","guid":{"rendered":"https:\/\/helpinghands.fr\/?page_id=902"},"modified":"2026-05-07T20:52:55","modified_gmt":"2026-05-07T18:52:55","slug":"testimonianze","status":"publish","type":"page","link":"https:\/\/helpinghands.fr\/it\/a-propos-helping-hands\/temoignages\/","title":{"rendered":"Testimonianze"},"content":{"rendered":"<div data-elementor-type=\"wp-page\" data-elementor-id=\"902\" class=\"elementor elementor-902\" data-elementor-post-type=\"page\">\n\t\t\t\t<div class=\"elementor-element elementor-element-df9f288 e-flex e-con-boxed e-con e-parent\" data-id=\"df9f288\" data-element_type=\"container\" data-e-type=\"container\" data-settings=\"{&quot;jet_parallax_layout_list&quot;:[]}\">\n\t\t\t\t\t<div class=\"e-con-inner\">\n\t\t<div class=\"elementor-element elementor-element-4454d85 e-con-full e-flex e-con e-child\" data-id=\"4454d85\" data-element_type=\"container\" data-e-type=\"container\" data-settings=\"{&quot;jet_parallax_layout_list&quot;:[]}\">\n\t\t\t\t<div class=\"elementor-element elementor-element-ca55cca elementor-widget elementor-widget-heading\" data-id=\"ca55cca\" data-element_type=\"widget\" data-e-type=\"widget\" data-widget_type=\"heading.default\">\n\t\t\t\t\t<h1 class=\"elementor-heading-title elementor-size-default\">Testimonianze<\/h1>\t\t\t\t<\/div>\n\t\t\t\t<\/div>\n\t\t\t\t\t<\/div>\n\t\t\t\t<\/div>\n\t\t<div class=\"elementor-element elementor-element-8d052a8 e-flex e-con-boxed e-con e-parent\" data-id=\"8d052a8\" data-element_type=\"container\" data-e-type=\"container\" data-settings=\"{&quot;background_background&quot;:&quot;classic&quot;,&quot;jet_parallax_layout_list&quot;:[]}\">\n\t\t\t\t\t<div class=\"e-con-inner\">\n\t\t<div class=\"elementor-element elementor-element-8b792ab e-con-full e-flex e-con e-child\" data-id=\"8b792ab\" data-element_type=\"container\" data-e-type=\"container\" data-settings=\"{&quot;jet_parallax_layout_list&quot;:[]}\">\n\t\t\t\t<div class=\"elementor-element elementor-element-4773bb8 elementor-widget elementor-widget-image\" data-id=\"4773bb8\" data-element_type=\"widget\" data-e-type=\"widget\" data-widget_type=\"image.default\">\n\t\t\t\t\t\t\t\t\t\t\t\t\t\t\t<img fetchpriority=\"high\" decoding=\"async\" width=\"576\" height=\"1024\" src=\"https:\/\/helpinghands.fr\/wp-content\/uploads\/2025\/01\/WhatsApp-Image-2025-01-19-at-16.16.03-576x1024.jpeg\" class=\"attachment-large size-large wp-image-907\" alt=\"\" srcset=\"https:\/\/helpinghands.fr\/wp-content\/uploads\/2025\/01\/WhatsApp-Image-2025-01-19-at-16.16.03-576x1024.jpeg 576w, https:\/\/helpinghands.fr\/wp-content\/uploads\/2025\/01\/WhatsApp-Image-2025-01-19-at-16.16.03-169x300.jpeg 169w, https:\/\/helpinghands.fr\/wp-content\/uploads\/2025\/01\/WhatsApp-Image-2025-01-19-at-16.16.03-768x1365.jpeg 768w, https:\/\/helpinghands.fr\/wp-content\/uploads\/2025\/01\/WhatsApp-Image-2025-01-19-at-16.16.03-864x1536.jpeg 864w, https:\/\/helpinghands.fr\/wp-content\/uploads\/2025\/01\/WhatsApp-Image-2025-01-19-at-16.16.03-7x12.jpeg 7w, https:\/\/helpinghands.fr\/wp-content\/uploads\/2025\/01\/WhatsApp-Image-2025-01-19-at-16.16.03.jpeg 900w\" sizes=\"(max-width: 576px) 100vw, 576px\" \/>\t\t\t\t\t\t\t\t\t\t\t\t\t\t\t<\/div>\n\t\t\t\t<\/div>\n\t\t<div class=\"elementor-element elementor-element-0820167 e-con-full e-flex e-con e-child\" data-id=\"0820167\" data-element_type=\"container\" data-e-type=\"container\" data-settings=\"{&quot;jet_parallax_layout_list&quot;:[]}\">\n\t\t\t\t<div class=\"elementor-element elementor-element-ea65c2b elementor-widget elementor-widget-heading\" data-id=\"ea65c2b\" data-element_type=\"widget\" data-e-type=\"widget\" data-widget_type=\"heading.default\">\n\t\t\t\t\t<h2 class=\"elementor-heading-title elementor-size-default\">Roja<\/h2>\t\t\t\t<\/div>\n\t\t\t\t<div class=\"elementor-element elementor-element-5ccf5c3 elementor-widget elementor-widget-text-editor\" data-id=\"5ccf5c3\" data-element_type=\"widget\" data-e-type=\"widget\" data-widget_type=\"text-editor.default\">\n\t\t\t\t\t\t\t\t\t<p>Mi chiamo Roja Sedhain e sono uno dei tanti bambini la cui vita \u00e8 stata trasformata grazie al vostro generoso sostegno. Volevo condividere la mia storia ed esprimere la mia pi\u00f9 profonda gratitudine per l'aiuto e il sostegno che avete dato per migliorare la mia vita e quella di mio fratello.<\/p><p>La vita a Kathmandu \u00e8 piena di sfide, soprattutto per i bambini come me che provengono da ambienti modesti. Prima del vostro sostegno, andare a scuola era solo un sogno. Dovevo aiutare la mia famiglia a lavorare invece di studiare, e spesso non avevamo abbastanza da mangiare o accesso a un'assistenza sanitaria adeguata.<\/p><p>Vi ringrazio di cuore, perch\u00e9 grazie al vostro aiuto le cose sono cambiate. La vostra generosit\u00e0 ci ha dato la possibilit\u00e0 di andare a scuola, dove possiamo imparare, giocare e crescere. Con l'accesso all'istruzione, all'assistenza sanitaria e a una migliore alimentazione, mi sento pi\u00f9 sano e molto pi\u00f9 ottimista per il futuro. Posso sognare di nuovo e credo di poter realizzare grandi cose.<\/p><p>Il vostro sostegno non solo ha migliorato le nostre condizioni di vita, ma ci ha anche dato speranza e fiducia. Stiamo imparando nuove abilit\u00e0, facendo amicizia e godendo di un ambiente pi\u00f9 sicuro e felice. Non ci sentiamo pi\u00f9 soli o dimenticati; al contrario, ci sentiamo apprezzati e amati. Vi ringraziamo per l'aiuto e il sostegno che ci avete dato per migliorare le nostre vite.<\/p><p>Ancora una volta, vi ringraziamo per la vostra generosit\u00e0 e per la vostra fiducia nella nostra causa. Il vostro continuo sostegno fa davvero la differenza. Non vediamo l'ora di realizzare ancora pi\u00f9 grandi cose insieme!<\/p>\t\t\t\t\t\t\t\t<\/div>\n\t\t\t\t<\/div>\n\t\t\t\t\t<\/div>\n\t\t\t\t<\/div>\n\t\t<div class=\"elementor-element elementor-element-e9bc9ac e-flex e-con-boxed e-con e-parent\" data-id=\"e9bc9ac\" data-element_type=\"container\" data-e-type=\"container\" data-settings=\"{&quot;jet_parallax_layout_list&quot;:[]}\">\n\t\t\t\t\t<div class=\"e-con-inner\">\n\t\t<div class=\"elementor-element elementor-element-52e728b e-con-full e-flex e-con e-child\" data-id=\"52e728b\" data-element_type=\"container\" data-e-type=\"container\" data-settings=\"{&quot;jet_parallax_layout_list&quot;:[]}\">\n\t\t\t\t<div class=\"elementor-element elementor-element-ce33bae elementor-widget elementor-widget-image\" data-id=\"ce33bae\" data-element_type=\"widget\" data-e-type=\"widget\" data-widget_type=\"image.default\">\n\t\t\t\t\t\t\t\t\t\t\t\t\t\t\t<img decoding=\"async\" width=\"1024\" height=\"768\" src=\"https:\/\/helpinghands.fr\/wp-content\/uploads\/2025\/01\/WhatsApp-Image-2025-01-19-at-16.14.54-1024x768.jpeg\" class=\"attachment-large size-large wp-image-905\" alt=\"\" srcset=\"https:\/\/helpinghands.fr\/wp-content\/uploads\/2025\/01\/WhatsApp-Image-2025-01-19-at-16.14.54-1024x768.jpeg 1024w, https:\/\/helpinghands.fr\/wp-content\/uploads\/2025\/01\/WhatsApp-Image-2025-01-19-at-16.14.54-300x225.jpeg 300w, https:\/\/helpinghands.fr\/wp-content\/uploads\/2025\/01\/WhatsApp-Image-2025-01-19-at-16.14.54-768x576.jpeg 768w, https:\/\/helpinghands.fr\/wp-content\/uploads\/2025\/01\/WhatsApp-Image-2025-01-19-at-16.14.54-1536x1152.jpeg 1536w, https:\/\/helpinghands.fr\/wp-content\/uploads\/2025\/01\/WhatsApp-Image-2025-01-19-at-16.14.54-16x12.jpeg 16w, https:\/\/helpinghands.fr\/wp-content\/uploads\/2025\/01\/WhatsApp-Image-2025-01-19-at-16.14.54-900x675.jpeg 900w, https:\/\/helpinghands.fr\/wp-content\/uploads\/2025\/01\/WhatsApp-Image-2025-01-19-at-16.14.54.jpeg 1600w\" sizes=\"(max-width: 1024px) 100vw, 1024px\" \/>\t\t\t\t\t\t\t\t\t\t\t\t\t\t\t<\/div>\n\t\t\t\t<\/div>\n\t\t<div class=\"elementor-element elementor-element-5f7f238 e-con-full e-flex e-con e-child\" data-id=\"5f7f238\" data-element_type=\"container\" data-e-type=\"container\" data-settings=\"{&quot;jet_parallax_layout_list&quot;:[]}\">\n\t\t\t\t<div class=\"elementor-element elementor-element-9619680 elementor-widget elementor-widget-heading\" data-id=\"9619680\" data-element_type=\"widget\" data-e-type=\"widget\" data-widget_type=\"heading.default\">\n\t\t\t\t\t<h2 class=\"elementor-heading-title elementor-size-default\">Ammar<\/h2>\t\t\t\t<\/div>\n\t\t\t\t<div class=\"elementor-element elementor-element-0a02333 elementor-widget elementor-widget-text-editor\" data-id=\"0a02333\" data-element_type=\"widget\" data-e-type=\"widget\" data-widget_type=\"text-editor.default\">\n\t\t\t\t\t\t\t\t\t<p>Siamo profondamente grati per le vostre generose donazioni annuali, che svolgono un ruolo vitale nel sostenere l'istruzione di bambini brillanti ma svantaggiati in Nepal. Questi contributi hanno un impatto enorme sulla vita dei bambini provenienti da famiglie che devono affrontare gravi difficolt\u00e0, come la disoccupazione e i problemi di salute mentale.<\/p><p>Coprendo le spese essenziali come le uniformi scolastiche, la cancelleria, le tasse scolastiche e i costi degli esami, il vostro sostegno incondizionato non solo alleggerisce il peso finanziario di queste famiglie in difficolt\u00e0, ma offre anche a questi bambini l'opportunit\u00e0 di uscire dal ciclo della povert\u00e0.<\/p><p>Inoltre, la vostra generosit\u00e0 infonde speranza e fiducia in questi alunni, permettendo loro di sognare un futuro migliore. A nome dei bambini e delle loro famiglie, desideriamo ringraziarvi di cuore per il vostro eccezionale impegno nel rendere accessibile l'istruzione e nel fornire opportunit\u00e0 che cambiano la vita.<\/p>\t\t\t\t\t\t\t\t<\/div>\n\t\t\t\t<\/div>\n\t\t\t\t\t<\/div>\n\t\t\t\t<\/div>\n\t\t\t\t<\/div>","protected":false},"excerpt":{"rendered":"<p>Roja Je m&rsquo;appelle Roja Sedhain et je suis l&rsquo;une des nombreuses enfants dont la vie a \u00e9t\u00e9 transform\u00e9e gr\u00e2ce \u00e0 votre soutien g\u00e9n\u00e9reux. Je voulais prendre un moment pour partager mon histoire et exprimer ma plus profonde gratitude pour l&rsquo;aide et le soutien que vous avez apport\u00e9s pour am\u00e9liorer ma vie et celle de mon [&hellip;]<\/p>\n","protected":false},"author":1,"featured_media":0,"parent":42,"menu_order":0,"comment_status":"closed","ping_status":"closed","template":"elementor_header_footer","meta":{"give_campaign_id":0,"footnotes":""},"class_list":["post-902","page","type-page","status-publish","hentry"],"blocksy_meta":[],"yoast_head":"<!-- This site is optimized with the Yoast SEO plugin v27.5 - https:\/\/yoast.com\/product\/yoast-seo-wordpress\/ -->\n<title>T\u00e9moignages - Helping Hands<\/title>\n<meta name=\"description\" content=\"D\u00e9couvrez les t\u00e9moignages de b\u00e9n\u00e9voles, donateurs et partenaires engag\u00e9s avec Helping Hands pour soutenir les enfants dans le besoin.\" \/>\n<meta name=\"robots\" content=\"index, follow, max-snippet:-1, max-image-preview:large, max-video-preview:-1\" \/>\n<link rel=\"canonical\" href=\"https:\/\/helpinghands.fr\/it\/sulle-mani-che-aiutano\/testimonianze\/\" \/>\n<meta property=\"og:locale\" content=\"it_IT\" \/>\n<meta property=\"og:type\" content=\"article\" \/>\n<meta property=\"og:title\" content=\"T\u00e9moignages - Helping Hands\" \/>\n<meta property=\"og:description\" content=\"D\u00e9couvrez les t\u00e9moignages de b\u00e9n\u00e9voles, donateurs et partenaires engag\u00e9s avec Helping Hands pour soutenir les enfants dans le besoin.\" \/>\n<meta property=\"og:url\" content=\"https:\/\/helpinghands.fr\/it\/sulle-mani-che-aiutano\/testimonianze\/\" \/>\n<meta property=\"og:site_name\" content=\"Helping Hands\" \/>\n<meta property=\"article:modified_time\" content=\"2026-05-07T18:52:55+00:00\" \/>\n<meta property=\"og:image\" content=\"https:\/\/helpinghands.fr\/wp-content\/uploads\/2025\/01\/WhatsApp-Image-2025-01-19-at-16.16.03-576x1024.jpeg\" \/>\n<meta name=\"twitter:card\" content=\"summary_large_image\" \/>\n<meta name=\"twitter:label1\" content=\"Tempo di lettura stimato\" \/>\n\t<meta name=\"twitter:data1\" content=\"3 minuti\" \/>\n<script type=\"application\/ld+json\" class=\"yoast-schema-graph\">{\"@context\":\"https:\\\/\\\/schema.org\",\"@graph\":[{\"@type\":\"WebPage\",\"@id\":\"https:\\\/\\\/helpinghands.fr\\\/a-propos-helping-hands\\\/temoignages\\\/\",\"url\":\"https:\\\/\\\/helpinghands.fr\\\/a-propos-helping-hands\\\/temoignages\\\/\",\"name\":\"T\u00e9moignages - Helping Hands\",\"isPartOf\":{\"@id\":\"https:\\\/\\\/helpinghands.fr\\\/#website\"},\"primaryImageOfPage\":{\"@id\":\"https:\\\/\\\/helpinghands.fr\\\/a-propos-helping-hands\\\/temoignages\\\/#primaryimage\"},\"image\":{\"@id\":\"https:\\\/\\\/helpinghands.fr\\\/a-propos-helping-hands\\\/temoignages\\\/#primaryimage\"},\"thumbnailUrl\":\"https:\\\/\\\/helpinghands.fr\\\/wp-content\\\/uploads\\\/2025\\\/01\\\/WhatsApp-Image-2025-01-19-at-16.16.03-576x1024.jpeg\",\"datePublished\":\"2025-01-19T15:11:08+00:00\",\"dateModified\":\"2026-05-07T18:52:55+00:00\",\"description\":\"D\u00e9couvrez les t\u00e9moignages de b\u00e9n\u00e9voles, donateurs et partenaires engag\u00e9s avec Helping Hands pour soutenir les enfants dans le besoin.\",\"breadcrumb\":{\"@id\":\"https:\\\/\\\/helpinghands.fr\\\/a-propos-helping-hands\\\/temoignages\\\/#breadcrumb\"},\"inLanguage\":\"it-IT\",\"potentialAction\":[{\"@type\":\"ReadAction\",\"target\":[\"https:\\\/\\\/helpinghands.fr\\\/a-propos-helping-hands\\\/temoignages\\\/\"]}]},{\"@type\":\"ImageObject\",\"inLanguage\":\"it-IT\",\"@id\":\"https:\\\/\\\/helpinghands.fr\\\/a-propos-helping-hands\\\/temoignages\\\/#primaryimage\",\"url\":\"https:\\\/\\\/helpinghands.fr\\\/wp-content\\\/uploads\\\/2025\\\/01\\\/WhatsApp-Image-2025-01-19-at-16.16.03-576x1024.jpeg\",\"contentUrl\":\"https:\\\/\\\/helpinghands.fr\\\/wp-content\\\/uploads\\\/2025\\\/01\\\/WhatsApp-Image-2025-01-19-at-16.16.03-576x1024.jpeg\"},{\"@type\":\"BreadcrumbList\",\"@id\":\"https:\\\/\\\/helpinghands.fr\\\/a-propos-helping-hands\\\/temoignages\\\/#breadcrumb\",\"itemListElement\":[{\"@type\":\"ListItem\",\"position\":1,\"name\":\"Accueil\",\"item\":\"https:\\\/\\\/helpinghands.fr\\\/\"},{\"@type\":\"ListItem\",\"position\":2,\"name\":\"\u00c0 propos\",\"item\":\"https:\\\/\\\/helpinghands.fr\\\/a-propos-helping-hands\\\/\"},{\"@type\":\"ListItem\",\"position\":3,\"name\":\"T\u00e9moignages\"}]},{\"@type\":\"WebSite\",\"@id\":\"https:\\\/\\\/helpinghands.fr\\\/#website\",\"url\":\"https:\\\/\\\/helpinghands.fr\\\/\",\"name\":\"Helping Hands\",\"description\":\"\",\"potentialAction\":[{\"@type\":\"SearchAction\",\"target\":{\"@type\":\"EntryPoint\",\"urlTemplate\":\"https:\\\/\\\/helpinghands.fr\\\/?s={search_term_string}\"},\"query-input\":{\"@type\":\"PropertyValueSpecification\",\"valueRequired\":true,\"valueName\":\"search_term_string\"}}],\"inLanguage\":\"it-IT\"}]}<\/script>\n<!-- \/ Yoast SEO plugin. -->","yoast_head_json":{"title":"Testimonianze - Helping Hands","description":"D\u00e9couvrez les t\u00e9moignages de b\u00e9n\u00e9voles, donateurs et partenaires engag\u00e9s avec Helping Hands pour soutenir les enfants dans le besoin.","robots":{"index":"index","follow":"follow","max-snippet":"max-snippet:-1","max-image-preview":"max-image-preview:large","max-video-preview":"max-video-preview:-1"},"canonical":"https:\/\/helpinghands.fr\/it\/sulle-mani-che-aiutano\/testimonianze\/","og_locale":"it_IT","og_type":"article","og_title":"T\u00e9moignages - Helping Hands","og_description":"D\u00e9couvrez les t\u00e9moignages de b\u00e9n\u00e9voles, donateurs et partenaires engag\u00e9s avec Helping Hands pour soutenir les enfants dans le besoin.","og_url":"https:\/\/helpinghands.fr\/it\/sulle-mani-che-aiutano\/testimonianze\/","og_site_name":"Helping Hands","article_modified_time":"2026-05-07T18:52:55+00:00","og_image":[{"url":"https:\/\/helpinghands.fr\/wp-content\/uploads\/2025\/01\/WhatsApp-Image-2025-01-19-at-16.16.03-576x1024.jpeg","type":"","width":"","height":""}],"twitter_card":"summary_large_image","twitter_misc":{"Tempo di lettura stimato":"3 minuti"},"schema":{"@context":"https:\/\/schema.org","@graph":[{"@type":"WebPage","@id":"https:\/\/helpinghands.fr\/a-propos-helping-hands\/temoignages\/","url":"https:\/\/helpinghands.fr\/a-propos-helping-hands\/temoignages\/","name":"Testimonianze - Helping Hands","isPartOf":{"@id":"https:\/\/helpinghands.fr\/#website"},"primaryImageOfPage":{"@id":"https:\/\/helpinghands.fr\/a-propos-helping-hands\/temoignages\/#primaryimage"},"image":{"@id":"https:\/\/helpinghands.fr\/a-propos-helping-hands\/temoignages\/#primaryimage"},"thumbnailUrl":"https:\/\/helpinghands.fr\/wp-content\/uploads\/2025\/01\/WhatsApp-Image-2025-01-19-at-16.16.03-576x1024.jpeg","datePublished":"2025-01-19T15:11:08+00:00","dateModified":"2026-05-07T18:52:55+00:00","description":"D\u00e9couvrez les t\u00e9moignages de b\u00e9n\u00e9voles, donateurs et partenaires engag\u00e9s avec Helping Hands pour soutenir les enfants dans le besoin.","breadcrumb":{"@id":"https:\/\/helpinghands.fr\/a-propos-helping-hands\/temoignages\/#breadcrumb"},"inLanguage":"it-IT","potentialAction":[{"@type":"ReadAction","target":["https:\/\/helpinghands.fr\/a-propos-helping-hands\/temoignages\/"]}]},{"@type":"ImageObject","inLanguage":"it-IT","@id":"https:\/\/helpinghands.fr\/a-propos-helping-hands\/temoignages\/#primaryimage","url":"https:\/\/helpinghands.fr\/wp-content\/uploads\/2025\/01\/WhatsApp-Image-2025-01-19-at-16.16.03-576x1024.jpeg","contentUrl":"https:\/\/helpinghands.fr\/wp-content\/uploads\/2025\/01\/WhatsApp-Image-2025-01-19-at-16.16.03-576x1024.jpeg"},{"@type":"BreadcrumbList","@id":"https:\/\/helpinghands.fr\/a-propos-helping-hands\/temoignages\/#breadcrumb","itemListElement":[{"@type":"ListItem","position":1,"name":"Accueil","item":"https:\/\/helpinghands.fr\/"},{"@type":"ListItem","position":2,"name":"\u00c0 propos","item":"https:\/\/helpinghands.fr\/a-propos-helping-hands\/"},{"@type":"ListItem","position":3,"name":"T\u00e9moignages"}]},{"@type":"WebSite","@id":"https:\/\/helpinghands.fr\/#website","url":"https:\/\/helpinghands.fr\/","name":"Helping Hands","description":"","potentialAction":[{"@type":"SearchAction","target":{"@type":"EntryPoint","urlTemplate":"https:\/\/helpinghands.fr\/?s={search_term_string}"},"query-input":{"@type":"PropertyValueSpecification","valueRequired":true,"valueName":"search_term_string"}}],"inLanguage":"it-IT"}]}},"campaignId":"","_links":{"self":[{"href":"https:\/\/helpinghands.fr\/it\/wp-json\/wp\/v2\/pages\/902","targetHints":{"allow":["GET"]}}],"collection":[{"href":"https:\/\/helpinghands.fr\/it\/wp-json\/wp\/v2\/pages"}],"about":[{"href":"https:\/\/helpinghands.fr\/it\/wp-json\/wp\/v2\/types\/page"}],"author":[{"embeddable":true,"href":"https:\/\/helpinghands.fr\/it\/wp-json\/wp\/v2\/users\/1"}],"replies":[{"embeddable":true,"href":"https:\/\/helpinghands.fr\/it\/wp-json\/wp\/v2\/comments?post=902"}],"version-history":[{"count":1,"href":"https:\/\/helpinghands.fr\/it\/wp-json\/wp\/v2\/pages\/902\/revisions"}],"predecessor-version":[{"id":2139,"href":"https:\/\/helpinghands.fr\/it\/wp-json\/wp\/v2\/pages\/902\/revisions\/2139"}],"up":[{"embeddable":true,"href":"https:\/\/helpinghands.fr\/it\/wp-json\/wp\/v2\/pages\/42"}],"wp:attachment":[{"href":"https:\/\/helpinghands.fr\/it\/wp-json\/wp\/v2\/media?parent=902"}],"curies":[{"name":"wp","href":"https:\/\/api.w.org\/{rel}","templated":true}]}}