{"id":808,"date":"2025-01-15T13:37:43","date_gmt":"2025-01-15T12:37:43","guid":{"rendered":"https:\/\/helpinghands.fr\/?post_type=product&#038;p=808"},"modified":"2026-05-09T19:23:34","modified_gmt":"2026-05-09T17:23:34","slug":"giovane-ecoliere","status":"publish","type":"product","link":"https:\/\/helpinghands.fr\/it\/produit\/jeune-ecoliere\/","title":{"rendered":"Giovane studentessa di Nuwakot"},"content":{"rendered":"<p>Questo acquerello originale di Luciana La Marca cattura la dolcezza e la serenit\u00e0 di una giovane nepalese, con un sorriso delicato che riflette speranza e gioia. Realizzato con finezza e sensibilit\u00e0, questo dipinto evidenzia la bellezza naturale e l'eleganza in uno stile unico.<\/p>\n<p>Acquistando quest'opera, si sostiene anche l'associazione <strong>Helping Hands<\/strong>dedicato all'istruzione dei bambini svantaggiati del Nepal. Ogni acquisto contribuisce direttamente a fornire migliori opportunit\u00e0 a questi bambini.<\/p>\n<p><strong>Caratteristiche del prodotto :<\/strong><\/p>\n<ul>\n<li><strong>Tecnica<\/strong> Acquerello su carta Arches<\/li>\n<li><strong>Dimensioni<\/strong> 26 x 36 cm<\/li>\n<li><strong>Autenticit\u00e0<\/strong> Opera originale di Luciana La Marca.<\/li>\n<li><strong>Gestione<\/strong> Senza cornice (opzione di incorniciatura disponibile su richiesta).<\/li>\n<\/ul>\n<p>Aggiungete alla vostra collezione un'opera artistica piena di emozioni che porta anche un messaggio di speranza e solidariet\u00e0.<\/p>","protected":false},"excerpt":{"rendered":"<p><strong>Ritratto ad acquerello di una ragazza nepalese sorridente - Opera unica<\/strong><br \/>\nScoprite questo delicato acquerello di Luciana La Marca, che mette in risalto la dolcezza e la speranza. Un'opera artistica a sostegno di Helping Hands.<\/p>","protected":false},"featured_media":791,"comment_status":"open","ping_status":"closed","template":"","meta":{"give_campaign_id":0},"product_brand":[],"product_cat":[53],"product_tag":[37,32,44,34,35,46,33,38,36,39,45,51,41],"class_list":{"0":"post-808","1":"product","2":"type-product","3":"status-publish","4":"has-post-thumbnail","6":"product_cat-art","7":"product_tag-aide-humanitaire","8":"product_tag-aquarelle-enfant-nepalais","9":"product_tag-art-pour-une-bonne-cause","10":"product_tag-art-solidaire","11":"product_tag-luciana-la-marca","12":"product_tag-peinture-humanitaire","13":"product_tag-peinture-originale","14":"product_tag-peinture-originale-a-vendre","15":"product_tag-portrait-a-vendre","16":"product_tag-portrait-aquarelle","17":"product_tag-portrait-original","18":"product_tag-portrait-sourire","19":"product_tag-tableau-a-vendre","21":"first","22":"instock","23":"shipping-taxable","24":"purchasable","25":"product-type-simple"},"yoast_head":"<!-- This site is optimized with the Yoast SEO plugin v27.5 - https:\/\/yoast.com\/product\/yoast-seo-wordpress\/ -->\n<title>Jeune \u00e9coli\u00e8re de Nuwakot - Helping Hands<\/title>\n<meta name=\"robots\" content=\"noindex, follow\" \/>\n<meta property=\"og:locale\" content=\"it_IT\" \/>\n<meta property=\"og:type\" content=\"article\" \/>\n<meta property=\"og:title\" content=\"Jeune \u00e9coli\u00e8re de Nuwakot - Helping Hands\" \/>\n<meta property=\"og:description\" content=\"Portrait Aquarelle d\u2019une Jeune Fille N\u00e9palaise Souriante - \u0152uvre Unique D\u00e9couvrez cette aquarelle d\u00e9licate r\u00e9alis\u00e9e par Luciana La Marca, mettant en lumi\u00e8re la douceur et l\u2019espoir. Une pi\u00e8ce artistique et solidaire en soutien \u00e0 l\u2019association Helping Hands.\" \/>\n<meta property=\"og:url\" content=\"https:\/\/helpinghands.fr\/it\/prodotto\/giovane-ecoliere\/\" \/>\n<meta property=\"og:site_name\" content=\"Helping Hands\" \/>\n<meta property=\"article:modified_time\" content=\"2026-05-09T17:23:34+00:00\" \/>\n<meta property=\"og:image\" content=\"https:\/\/helpinghands.fr\/wp-content\/uploads\/2025\/01\/2.jpg\" \/>\n\t<meta property=\"og:image:width\" content=\"806\" \/>\n\t<meta property=\"og:image:height\" content=\"1100\" \/>\n\t<meta property=\"og:image:type\" content=\"image\/jpeg\" \/>\n<meta name=\"twitter:card\" content=\"summary_large_image\" \/>\n<meta name=\"twitter:label1\" content=\"Tempo di lettura stimato\" \/>\n\t<meta name=\"twitter:data1\" content=\"1 minuto\" \/>\n<script type=\"application\/ld+json\" class=\"yoast-schema-graph\">{\"@context\":\"https:\\\/\\\/schema.org\",\"@graph\":[{\"@type\":\"WebPage\",\"@id\":\"https:\\\/\\\/helpinghands.fr\\\/produit\\\/jeune-ecoliere\\\/\",\"url\":\"https:\\\/\\\/helpinghands.fr\\\/produit\\\/jeune-ecoliere\\\/\",\"name\":\"Jeune \u00e9coli\u00e8re de Nuwakot - Helping Hands\",\"isPartOf\":{\"@id\":\"https:\\\/\\\/helpinghands.fr\\\/#website\"},\"primaryImageOfPage\":{\"@id\":\"https:\\\/\\\/helpinghands.fr\\\/produit\\\/jeune-ecoliere\\\/#primaryimage\"},\"image\":{\"@id\":\"https:\\\/\\\/helpinghands.fr\\\/produit\\\/jeune-ecoliere\\\/#primaryimage\"},\"thumbnailUrl\":\"https:\\\/\\\/helpinghands.fr\\\/wp-content\\\/uploads\\\/2025\\\/01\\\/2.jpg\",\"datePublished\":\"2025-01-15T12:37:43+00:00\",\"dateModified\":\"2026-05-09T17:23:34+00:00\",\"breadcrumb\":{\"@id\":\"https:\\\/\\\/helpinghands.fr\\\/produit\\\/jeune-ecoliere\\\/#breadcrumb\"},\"inLanguage\":\"it-IT\",\"potentialAction\":[{\"@type\":\"ReadAction\",\"target\":[\"https:\\\/\\\/helpinghands.fr\\\/produit\\\/jeune-ecoliere\\\/\"]}]},{\"@type\":\"ImageObject\",\"inLanguage\":\"it-IT\",\"@id\":\"https:\\\/\\\/helpinghands.fr\\\/produit\\\/jeune-ecoliere\\\/#primaryimage\",\"url\":\"https:\\\/\\\/helpinghands.fr\\\/wp-content\\\/uploads\\\/2025\\\/01\\\/2.jpg\",\"contentUrl\":\"https:\\\/\\\/helpinghands.fr\\\/wp-content\\\/uploads\\\/2025\\\/01\\\/2.jpg\",\"width\":806,\"height\":1100},{\"@type\":\"BreadcrumbList\",\"@id\":\"https:\\\/\\\/helpinghands.fr\\\/produit\\\/jeune-ecoliere\\\/#breadcrumb\",\"itemListElement\":[{\"@type\":\"ListItem\",\"position\":1,\"name\":\"Accueil\",\"item\":\"https:\\\/\\\/helpinghands.fr\\\/\"},{\"@type\":\"ListItem\",\"position\":2,\"name\":\"Boutique\",\"item\":\"https:\\\/\\\/helpinghands.fr\\\/boutique\\\/\"},{\"@type\":\"ListItem\",\"position\":3,\"name\":\"Jeune \u00e9coli\u00e8re de Nuwakot\"}]},{\"@type\":\"WebSite\",\"@id\":\"https:\\\/\\\/helpinghands.fr\\\/#website\",\"url\":\"https:\\\/\\\/helpinghands.fr\\\/\",\"name\":\"Helping Hands\",\"description\":\"\",\"potentialAction\":[{\"@type\":\"SearchAction\",\"target\":{\"@type\":\"EntryPoint\",\"urlTemplate\":\"https:\\\/\\\/helpinghands.fr\\\/?s={search_term_string}\"},\"query-input\":{\"@type\":\"PropertyValueSpecification\",\"valueRequired\":true,\"valueName\":\"search_term_string\"}}],\"inLanguage\":\"it-IT\"}]}<\/script>\n<!-- \/ Yoast SEO plugin. -->","yoast_head_json":{"title":"Giovane studentessa di Nuwakot - Mani d'aiuto","robots":{"index":"noindex","follow":"follow"},"og_locale":"it_IT","og_type":"article","og_title":"Jeune \u00e9coli\u00e8re de Nuwakot - Helping Hands","og_description":"Portrait Aquarelle d\u2019une Jeune Fille N\u00e9palaise Souriante - \u0152uvre Unique D\u00e9couvrez cette aquarelle d\u00e9licate r\u00e9alis\u00e9e par Luciana La Marca, mettant en lumi\u00e8re la douceur et l\u2019espoir. Une pi\u00e8ce artistique et solidaire en soutien \u00e0 l\u2019association Helping Hands.","og_url":"https:\/\/helpinghands.fr\/it\/prodotto\/giovane-ecoliere\/","og_site_name":"Helping Hands","article_modified_time":"2026-05-09T17:23:34+00:00","og_image":[{"width":806,"height":1100,"url":"https:\/\/helpinghands.fr\/wp-content\/uploads\/2025\/01\/2.jpg","type":"image\/jpeg"}],"twitter_card":"summary_large_image","twitter_misc":{"Tempo di lettura stimato":"1 minuto"},"schema":{"@context":"https:\/\/schema.org","@graph":[{"@type":"WebPage","@id":"https:\/\/helpinghands.fr\/produit\/jeune-ecoliere\/","url":"https:\/\/helpinghands.fr\/produit\/jeune-ecoliere\/","name":"Giovane studentessa di Nuwakot - Mani d'aiuto","isPartOf":{"@id":"https:\/\/helpinghands.fr\/#website"},"primaryImageOfPage":{"@id":"https:\/\/helpinghands.fr\/produit\/jeune-ecoliere\/#primaryimage"},"image":{"@id":"https:\/\/helpinghands.fr\/produit\/jeune-ecoliere\/#primaryimage"},"thumbnailUrl":"https:\/\/helpinghands.fr\/wp-content\/uploads\/2025\/01\/2.jpg","datePublished":"2025-01-15T12:37:43+00:00","dateModified":"2026-05-09T17:23:34+00:00","breadcrumb":{"@id":"https:\/\/helpinghands.fr\/produit\/jeune-ecoliere\/#breadcrumb"},"inLanguage":"it-IT","potentialAction":[{"@type":"ReadAction","target":["https:\/\/helpinghands.fr\/produit\/jeune-ecoliere\/"]}]},{"@type":"ImageObject","inLanguage":"it-IT","@id":"https:\/\/helpinghands.fr\/produit\/jeune-ecoliere\/#primaryimage","url":"https:\/\/helpinghands.fr\/wp-content\/uploads\/2025\/01\/2.jpg","contentUrl":"https:\/\/helpinghands.fr\/wp-content\/uploads\/2025\/01\/2.jpg","width":806,"height":1100},{"@type":"BreadcrumbList","@id":"https:\/\/helpinghands.fr\/produit\/jeune-ecoliere\/#breadcrumb","itemListElement":[{"@type":"ListItem","position":1,"name":"Accueil","item":"https:\/\/helpinghands.fr\/"},{"@type":"ListItem","position":2,"name":"Boutique","item":"https:\/\/helpinghands.fr\/boutique\/"},{"@type":"ListItem","position":3,"name":"Jeune \u00e9coli\u00e8re de Nuwakot"}]},{"@type":"WebSite","@id":"https:\/\/helpinghands.fr\/#website","url":"https:\/\/helpinghands.fr\/","name":"Helping Hands","description":"","potentialAction":[{"@type":"SearchAction","target":{"@type":"EntryPoint","urlTemplate":"https:\/\/helpinghands.fr\/?s={search_term_string}"},"query-input":{"@type":"PropertyValueSpecification","valueRequired":true,"valueName":"search_term_string"}}],"inLanguage":"it-IT"}]}},"_links":{"self":[{"href":"https:\/\/helpinghands.fr\/it\/wp-json\/wp\/v2\/product\/808","targetHints":{"allow":["GET"]}}],"collection":[{"href":"https:\/\/helpinghands.fr\/it\/wp-json\/wp\/v2\/product"}],"about":[{"href":"https:\/\/helpinghands.fr\/it\/wp-json\/wp\/v2\/types\/product"}],"replies":[{"embeddable":true,"href":"https:\/\/helpinghands.fr\/it\/wp-json\/wp\/v2\/comments?post=808"}],"version-history":[{"count":1,"href":"https:\/\/helpinghands.fr\/it\/wp-json\/wp\/v2\/product\/808\/revisions"}],"predecessor-version":[{"id":2167,"href":"https:\/\/helpinghands.fr\/it\/wp-json\/wp\/v2\/product\/808\/revisions\/2167"}],"wp:featuredmedia":[{"embeddable":true,"href":"https:\/\/helpinghands.fr\/it\/wp-json\/wp\/v2\/media\/791"}],"wp:attachment":[{"href":"https:\/\/helpinghands.fr\/it\/wp-json\/wp\/v2\/media?parent=808"}],"wp:term":[{"taxonomy":"product_brand","embeddable":true,"href":"https:\/\/helpinghands.fr\/it\/wp-json\/wp\/v2\/product_brand?post=808"},{"taxonomy":"product_cat","embeddable":true,"href":"https:\/\/helpinghands.fr\/it\/wp-json\/wp\/v2\/product_cat?post=808"},{"taxonomy":"product_tag","embeddable":true,"href":"https:\/\/helpinghands.fr\/it\/wp-json\/wp\/v2\/product_tag?post=808"}],"curies":[{"name":"wp","href":"https:\/\/api.w.org\/{rel}","templated":true}]}}