{"id":809,"date":"2025-01-15T13:38:02","date_gmt":"2025-01-15T12:38:02","guid":{"rendered":"https:\/\/helpinghands.fr\/?post_type=product&#038;p=809"},"modified":"2026-05-09T19:22:53","modified_gmt":"2026-05-09T17:22:53","slug":"3","status":"publish","type":"product","link":"https:\/\/helpinghands.fr\/it\/produit\/3\/","title":{"rendered":"Padre e figlia"},"content":{"rendered":"<p>Questo toccante ritratto di padre e figlia nepalesi \u00e8 stato dipinto ad acquerello da Luciana La Marca. Con sfumature delicate e tratti precisi, l'artista cattura la tenerezza e il legame unico tra queste due generazioni. Quest'opera commovente celebra la famiglia e l'amore dei genitori in uno stile artistico e autentico.<\/p>\n<p>Acquistando questo quadro, si sostiene anche l'associazione <strong>Helping Hands<\/strong>che lavora per dare un futuro migliore ai bambini svantaggiati del Nepal.<\/p>\n<p><strong>Caratteristiche del prodotto :<\/strong><\/p>\n<ul>\n<li><strong>Tecnica<\/strong> Acquerello su carta Arches.<\/li>\n<li><strong>Dimensioni<\/strong> Dimensioni: 40 x 30 cm<\/li>\n<li><strong>Autenticit\u00e0<\/strong> Opera originale di Luciana La Marca.<\/li>\n<li><strong>Gestione<\/strong> Senza cornice (opzione di incorniciatura disponibile su richiesta).<\/li>\n<\/ul>\n<p>Aggiungete alla vostra collezione un'opera d'arte forte e impegnata e sostenete allo stesso tempo una causa meritevole.<\/p>","protected":false},"excerpt":{"rendered":"<p><strong>Ritratto ad acquerello di padre e figlia nepalesi - Opera unica<\/strong><br \/>\nUn toccante ritratto di Luciana La Marca, che cattura il tenero rapporto tra un padre e una figlia in Nepal. Un'opera artistica di solidariet\u00e0 che sostiene l'associazione Helping Hands per l'educazione dei bambini.<\/p>","protected":false},"featured_media":805,"comment_status":"open","ping_status":"closed","template":"","meta":{"give_campaign_id":0},"product_brand":[],"product_cat":[53],"product_tag":[37,50,42,34,35,46,33,38,36,48,45,49,41],"class_list":{"0":"post-809","1":"product","2":"type-product","3":"status-publish","4":"has-post-thumbnail","6":"product_cat-art","7":"product_tag-aide-humanitaire","8":"product_tag-aquarelle-pere-et-fille","9":"product_tag-art-pour-la-bonne-cause","10":"product_tag-art-solidaire","11":"product_tag-luciana-la-marca","12":"product_tag-peinture-humanitaire","13":"product_tag-peinture-originale","14":"product_tag-peinture-originale-a-vendre","15":"product_tag-portrait-a-vendre","16":"product_tag-portrait-famille","17":"product_tag-portrait-original","18":"product_tag-portrait-pere-et-fille","19":"product_tag-tableau-a-vendre","21":"first","22":"instock","23":"shipping-taxable","24":"purchasable","25":"product-type-simple"},"yoast_head":"<!-- This site is optimized with the Yoast SEO plugin v27.5 - https:\/\/yoast.com\/product\/yoast-seo-wordpress\/ -->\n<title>P\u00e8re et fillette - Helping Hands<\/title>\n<meta name=\"robots\" content=\"noindex, follow\" \/>\n<meta property=\"og:locale\" content=\"it_IT\" \/>\n<meta property=\"og:type\" content=\"article\" \/>\n<meta property=\"og:title\" content=\"P\u00e8re et fillette - Helping Hands\" \/>\n<meta property=\"og:description\" content=\"Portrait Aquarelle d\u2019un P\u00e8re et Sa Fille N\u00e9palais - \u0152uvre Unique Un portrait \u00e9mouvant r\u00e9alis\u00e9 par Luciana La Marca, capturant la relation tendre entre un p\u00e8re et sa fille au N\u00e9pal. Une \u0153uvre artistique et solidaire qui soutient l\u2019association Helping Hands pour l\u2019\u00e9ducation des enfants.\" \/>\n<meta property=\"og:url\" content=\"https:\/\/helpinghands.fr\/it\/prodotto\/3\/\" \/>\n<meta property=\"og:site_name\" content=\"Helping Hands\" \/>\n<meta property=\"article:modified_time\" content=\"2026-05-09T17:22:53+00:00\" \/>\n<meta property=\"og:image\" content=\"https:\/\/helpinghands.fr\/wp-content\/uploads\/2025\/01\/Pere-et-fille.jpg\" \/>\n\t<meta property=\"og:image:width\" content=\"698\" \/>\n\t<meta property=\"og:image:height\" content=\"1100\" \/>\n\t<meta property=\"og:image:type\" content=\"image\/jpeg\" \/>\n<meta name=\"twitter:card\" content=\"summary_large_image\" \/>\n<meta name=\"twitter:label1\" content=\"Tempo di lettura stimato\" \/>\n\t<meta name=\"twitter:data1\" content=\"1 minuto\" \/>\n<script type=\"application\/ld+json\" class=\"yoast-schema-graph\">{\"@context\":\"https:\\\/\\\/schema.org\",\"@graph\":[{\"@type\":\"WebPage\",\"@id\":\"https:\\\/\\\/helpinghands.fr\\\/produit\\\/3\\\/\",\"url\":\"https:\\\/\\\/helpinghands.fr\\\/produit\\\/3\\\/\",\"name\":\"P\u00e8re et fillette - Helping Hands\",\"isPartOf\":{\"@id\":\"https:\\\/\\\/helpinghands.fr\\\/#website\"},\"primaryImageOfPage\":{\"@id\":\"https:\\\/\\\/helpinghands.fr\\\/produit\\\/3\\\/#primaryimage\"},\"image\":{\"@id\":\"https:\\\/\\\/helpinghands.fr\\\/produit\\\/3\\\/#primaryimage\"},\"thumbnailUrl\":\"https:\\\/\\\/helpinghands.fr\\\/wp-content\\\/uploads\\\/2025\\\/01\\\/Pere-et-fille.jpg\",\"datePublished\":\"2025-01-15T12:38:02+00:00\",\"dateModified\":\"2026-05-09T17:22:53+00:00\",\"breadcrumb\":{\"@id\":\"https:\\\/\\\/helpinghands.fr\\\/produit\\\/3\\\/#breadcrumb\"},\"inLanguage\":\"it-IT\",\"potentialAction\":[{\"@type\":\"ReadAction\",\"target\":[\"https:\\\/\\\/helpinghands.fr\\\/produit\\\/3\\\/\"]}]},{\"@type\":\"ImageObject\",\"inLanguage\":\"it-IT\",\"@id\":\"https:\\\/\\\/helpinghands.fr\\\/produit\\\/3\\\/#primaryimage\",\"url\":\"https:\\\/\\\/helpinghands.fr\\\/wp-content\\\/uploads\\\/2025\\\/01\\\/Pere-et-fille.jpg\",\"contentUrl\":\"https:\\\/\\\/helpinghands.fr\\\/wp-content\\\/uploads\\\/2025\\\/01\\\/Pere-et-fille.jpg\",\"width\":698,\"height\":1100},{\"@type\":\"BreadcrumbList\",\"@id\":\"https:\\\/\\\/helpinghands.fr\\\/produit\\\/3\\\/#breadcrumb\",\"itemListElement\":[{\"@type\":\"ListItem\",\"position\":1,\"name\":\"Accueil\",\"item\":\"https:\\\/\\\/helpinghands.fr\\\/\"},{\"@type\":\"ListItem\",\"position\":2,\"name\":\"Boutique\",\"item\":\"https:\\\/\\\/helpinghands.fr\\\/boutique\\\/\"},{\"@type\":\"ListItem\",\"position\":3,\"name\":\"P\u00e8re et fillette\"}]},{\"@type\":\"WebSite\",\"@id\":\"https:\\\/\\\/helpinghands.fr\\\/#website\",\"url\":\"https:\\\/\\\/helpinghands.fr\\\/\",\"name\":\"Helping Hands\",\"description\":\"\",\"potentialAction\":[{\"@type\":\"SearchAction\",\"target\":{\"@type\":\"EntryPoint\",\"urlTemplate\":\"https:\\\/\\\/helpinghands.fr\\\/?s={search_term_string}\"},\"query-input\":{\"@type\":\"PropertyValueSpecification\",\"valueRequired\":true,\"valueName\":\"search_term_string\"}}],\"inLanguage\":\"it-IT\"}]}<\/script>\n<!-- \/ Yoast SEO plugin. -->","yoast_head_json":{"title":"Padre e figlia - Helping Hands","robots":{"index":"noindex","follow":"follow"},"og_locale":"it_IT","og_type":"article","og_title":"P\u00e8re et fillette - Helping Hands","og_description":"Portrait Aquarelle d\u2019un P\u00e8re et Sa Fille N\u00e9palais - \u0152uvre Unique Un portrait \u00e9mouvant r\u00e9alis\u00e9 par Luciana La Marca, capturant la relation tendre entre un p\u00e8re et sa fille au N\u00e9pal. Une \u0153uvre artistique et solidaire qui soutient l\u2019association Helping Hands pour l\u2019\u00e9ducation des enfants.","og_url":"https:\/\/helpinghands.fr\/it\/prodotto\/3\/","og_site_name":"Helping Hands","article_modified_time":"2026-05-09T17:22:53+00:00","og_image":[{"width":698,"height":1100,"url":"https:\/\/helpinghands.fr\/wp-content\/uploads\/2025\/01\/Pere-et-fille.jpg","type":"image\/jpeg"}],"twitter_card":"summary_large_image","twitter_misc":{"Tempo di lettura stimato":"1 minuto"},"schema":{"@context":"https:\/\/schema.org","@graph":[{"@type":"WebPage","@id":"https:\/\/helpinghands.fr\/produit\/3\/","url":"https:\/\/helpinghands.fr\/produit\/3\/","name":"Padre e figlia - Helping Hands","isPartOf":{"@id":"https:\/\/helpinghands.fr\/#website"},"primaryImageOfPage":{"@id":"https:\/\/helpinghands.fr\/produit\/3\/#primaryimage"},"image":{"@id":"https:\/\/helpinghands.fr\/produit\/3\/#primaryimage"},"thumbnailUrl":"https:\/\/helpinghands.fr\/wp-content\/uploads\/2025\/01\/Pere-et-fille.jpg","datePublished":"2025-01-15T12:38:02+00:00","dateModified":"2026-05-09T17:22:53+00:00","breadcrumb":{"@id":"https:\/\/helpinghands.fr\/produit\/3\/#breadcrumb"},"inLanguage":"it-IT","potentialAction":[{"@type":"ReadAction","target":["https:\/\/helpinghands.fr\/produit\/3\/"]}]},{"@type":"ImageObject","inLanguage":"it-IT","@id":"https:\/\/helpinghands.fr\/produit\/3\/#primaryimage","url":"https:\/\/helpinghands.fr\/wp-content\/uploads\/2025\/01\/Pere-et-fille.jpg","contentUrl":"https:\/\/helpinghands.fr\/wp-content\/uploads\/2025\/01\/Pere-et-fille.jpg","width":698,"height":1100},{"@type":"BreadcrumbList","@id":"https:\/\/helpinghands.fr\/produit\/3\/#breadcrumb","itemListElement":[{"@type":"ListItem","position":1,"name":"Accueil","item":"https:\/\/helpinghands.fr\/"},{"@type":"ListItem","position":2,"name":"Boutique","item":"https:\/\/helpinghands.fr\/boutique\/"},{"@type":"ListItem","position":3,"name":"P\u00e8re et fillette"}]},{"@type":"WebSite","@id":"https:\/\/helpinghands.fr\/#website","url":"https:\/\/helpinghands.fr\/","name":"Helping Hands","description":"","potentialAction":[{"@type":"SearchAction","target":{"@type":"EntryPoint","urlTemplate":"https:\/\/helpinghands.fr\/?s={search_term_string}"},"query-input":{"@type":"PropertyValueSpecification","valueRequired":true,"valueName":"search_term_string"}}],"inLanguage":"it-IT"}]}},"_links":{"self":[{"href":"https:\/\/helpinghands.fr\/it\/wp-json\/wp\/v2\/product\/809","targetHints":{"allow":["GET"]}}],"collection":[{"href":"https:\/\/helpinghands.fr\/it\/wp-json\/wp\/v2\/product"}],"about":[{"href":"https:\/\/helpinghands.fr\/it\/wp-json\/wp\/v2\/types\/product"}],"replies":[{"embeddable":true,"href":"https:\/\/helpinghands.fr\/it\/wp-json\/wp\/v2\/comments?post=809"}],"version-history":[{"count":1,"href":"https:\/\/helpinghands.fr\/it\/wp-json\/wp\/v2\/product\/809\/revisions"}],"predecessor-version":[{"id":2166,"href":"https:\/\/helpinghands.fr\/it\/wp-json\/wp\/v2\/product\/809\/revisions\/2166"}],"wp:featuredmedia":[{"embeddable":true,"href":"https:\/\/helpinghands.fr\/it\/wp-json\/wp\/v2\/media\/805"}],"wp:attachment":[{"href":"https:\/\/helpinghands.fr\/it\/wp-json\/wp\/v2\/media?parent=809"}],"wp:term":[{"taxonomy":"product_brand","embeddable":true,"href":"https:\/\/helpinghands.fr\/it\/wp-json\/wp\/v2\/product_brand?post=809"},{"taxonomy":"product_cat","embeddable":true,"href":"https:\/\/helpinghands.fr\/it\/wp-json\/wp\/v2\/product_cat?post=809"},{"taxonomy":"product_tag","embeddable":true,"href":"https:\/\/helpinghands.fr\/it\/wp-json\/wp\/v2\/product_tag?post=809"}],"curies":[{"name":"wp","href":"https:\/\/api.w.org\/{rel}","templated":true}]}}