{"id":810,"date":"2025-01-15T13:38:12","date_gmt":"2025-01-15T12:38:12","guid":{"rendered":"https:\/\/helpinghands.fr\/?post_type=product&#038;p=810"},"modified":"2026-05-09T19:22:25","modified_gmt":"2026-05-09T17:22:25","slug":"4","status":"publish","type":"product","link":"https:\/\/helpinghands.fr\/it\/produit\/4\/","title":{"rendered":"Kalpana"},"content":{"rendered":"<p>Questo delicato ritratto di Kalpana, insegnante della scuola Shree Amar in Nepal, \u00e8 stato dipinto ad acquerello da Luciana La Marca. Con tratti leggeri e una tavolozza di colori delicati, l'artista cattura la forza e la serenit\u00e0 di questa donna impegnata nell'istruzione dei bambini nepalesi.<\/p>\n<p>Acquistando quest'opera, sosterrete una causa meritevole: <strong>l'associazione Helping Hands<\/strong>che ha finanziato lo stipendio di Kalpana per un anno, affinch\u00e9 la scuola Shree Amar possa continuare a offrire un'istruzione di qualit\u00e0 ai bambini svantaggiati.<\/p>\n<p><strong>Caratteristiche del prodotto :<\/strong><\/p>\n<ul>\n<li><strong>Tecnica<\/strong> Acquerello su carta Arches<\/li>\n<li><strong>Dimensioni<\/strong> Dimensioni: 36 x 26 cm<\/li>\n<li><strong>Autenticit\u00e0<\/strong> Opera unica firmata dall'artista.<\/li>\n<li><strong>Gestione<\/strong> Senza cornice (opzione di incorniciatura disponibile su richiesta).<\/li>\n<\/ul>\n<p>Aggiungete alla vostra collezione un'opera d'arte che trasmetta un messaggio di speranza e di impegno per la solidariet\u00e0.<\/p>","protected":false},"excerpt":{"rendered":"<p><strong>Ritratto ad acquerello di Kalpana - Opera unica<\/strong><br \/>\nQuesto ritratto di Kalpana, insegnante della scuola Shree Amar, \u00e8 un acquerello originale di Luciana La Marca. L'associazione Helping Hands ha finanziato il suo stipendio per un anno per sostenere l'istruzione in Nepal. Un'opera d'arte e di solidariet\u00e0.<\/p>","protected":false},"featured_media":804,"comment_status":"open","ping_status":"closed","template":"","meta":{"give_campaign_id":0},"product_brand":[],"product_cat":[53],"product_tag":[37,42,34,47,35,46,33,36,45,41],"class_list":{"0":"post-810","1":"product","2":"type-product","3":"status-publish","4":"has-post-thumbnail","6":"product_cat-art","7":"product_tag-aide-humanitaire","8":"product_tag-art-pour-la-bonne-cause","9":"product_tag-art-solidaire","10":"product_tag-ecole-shree-amar","11":"product_tag-luciana-la-marca","12":"product_tag-peinture-humanitaire","13":"product_tag-peinture-originale","14":"product_tag-portrait-a-vendre","15":"product_tag-portrait-original","16":"product_tag-tableau-a-vendre","18":"first","19":"instock","20":"shipping-taxable","21":"purchasable","22":"product-type-simple"},"yoast_head":"<!-- This site is optimized with the Yoast SEO plugin v27.5 - https:\/\/yoast.com\/product\/yoast-seo-wordpress\/ -->\n<title>Kalpana - Helping Hands<\/title>\n<meta name=\"robots\" content=\"noindex, follow\" \/>\n<meta property=\"og:locale\" content=\"it_IT\" \/>\n<meta property=\"og:type\" content=\"article\" \/>\n<meta property=\"og:title\" content=\"Kalpana - Helping Hands\" \/>\n<meta property=\"og:description\" content=\"Portrait Aquarelle de Kalpana - \u0152uvre Unique Ce portrait de Kalpana, institutrice \u00e0 l\u2019\u00e9cole Shree Amar, est une aquarelle originale de Luciana La Marca. L\u2019association Helping Hands a financ\u00e9 son salaire pendant un an pour soutenir l\u2019\u00e9ducation au N\u00e9pal. Une \u0153uvre artistique et solidaire.\" \/>\n<meta property=\"og:url\" content=\"https:\/\/helpinghands.fr\/it\/prodotto\/4\/\" \/>\n<meta property=\"og:site_name\" content=\"Helping Hands\" \/>\n<meta property=\"article:modified_time\" content=\"2026-05-09T17:22:25+00:00\" \/>\n<meta property=\"og:image\" content=\"https:\/\/helpinghands.fr\/wp-content\/uploads\/2025\/01\/KALPANA-26-X-36-CM.jpg\" \/>\n\t<meta property=\"og:image:width\" content=\"774\" \/>\n\t<meta property=\"og:image:height\" content=\"1100\" \/>\n\t<meta property=\"og:image:type\" content=\"image\/jpeg\" \/>\n<meta name=\"twitter:card\" content=\"summary_large_image\" \/>\n<meta name=\"twitter:label1\" content=\"Tempo di lettura stimato\" \/>\n\t<meta name=\"twitter:data1\" content=\"1 minuto\" \/>\n<script type=\"application\/ld+json\" class=\"yoast-schema-graph\">{\"@context\":\"https:\\\/\\\/schema.org\",\"@graph\":[{\"@type\":\"WebPage\",\"@id\":\"https:\\\/\\\/helpinghands.fr\\\/produit\\\/4\\\/\",\"url\":\"https:\\\/\\\/helpinghands.fr\\\/produit\\\/4\\\/\",\"name\":\"Kalpana - Helping Hands\",\"isPartOf\":{\"@id\":\"https:\\\/\\\/helpinghands.fr\\\/#website\"},\"primaryImageOfPage\":{\"@id\":\"https:\\\/\\\/helpinghands.fr\\\/produit\\\/4\\\/#primaryimage\"},\"image\":{\"@id\":\"https:\\\/\\\/helpinghands.fr\\\/produit\\\/4\\\/#primaryimage\"},\"thumbnailUrl\":\"https:\\\/\\\/helpinghands.fr\\\/wp-content\\\/uploads\\\/2025\\\/01\\\/KALPANA-26-X-36-CM.jpg\",\"datePublished\":\"2025-01-15T12:38:12+00:00\",\"dateModified\":\"2026-05-09T17:22:25+00:00\",\"breadcrumb\":{\"@id\":\"https:\\\/\\\/helpinghands.fr\\\/produit\\\/4\\\/#breadcrumb\"},\"inLanguage\":\"it-IT\",\"potentialAction\":[{\"@type\":\"ReadAction\",\"target\":[\"https:\\\/\\\/helpinghands.fr\\\/produit\\\/4\\\/\"]}]},{\"@type\":\"ImageObject\",\"inLanguage\":\"it-IT\",\"@id\":\"https:\\\/\\\/helpinghands.fr\\\/produit\\\/4\\\/#primaryimage\",\"url\":\"https:\\\/\\\/helpinghands.fr\\\/wp-content\\\/uploads\\\/2025\\\/01\\\/KALPANA-26-X-36-CM.jpg\",\"contentUrl\":\"https:\\\/\\\/helpinghands.fr\\\/wp-content\\\/uploads\\\/2025\\\/01\\\/KALPANA-26-X-36-CM.jpg\",\"width\":774,\"height\":1100},{\"@type\":\"BreadcrumbList\",\"@id\":\"https:\\\/\\\/helpinghands.fr\\\/produit\\\/4\\\/#breadcrumb\",\"itemListElement\":[{\"@type\":\"ListItem\",\"position\":1,\"name\":\"Accueil\",\"item\":\"https:\\\/\\\/helpinghands.fr\\\/\"},{\"@type\":\"ListItem\",\"position\":2,\"name\":\"Boutique\",\"item\":\"https:\\\/\\\/helpinghands.fr\\\/boutique\\\/\"},{\"@type\":\"ListItem\",\"position\":3,\"name\":\"Kalpana\"}]},{\"@type\":\"WebSite\",\"@id\":\"https:\\\/\\\/helpinghands.fr\\\/#website\",\"url\":\"https:\\\/\\\/helpinghands.fr\\\/\",\"name\":\"Helping Hands\",\"description\":\"\",\"potentialAction\":[{\"@type\":\"SearchAction\",\"target\":{\"@type\":\"EntryPoint\",\"urlTemplate\":\"https:\\\/\\\/helpinghands.fr\\\/?s={search_term_string}\"},\"query-input\":{\"@type\":\"PropertyValueSpecification\",\"valueRequired\":true,\"valueName\":\"search_term_string\"}}],\"inLanguage\":\"it-IT\"}]}<\/script>\n<!-- \/ Yoast SEO plugin. -->","yoast_head_json":{"title":"Kalpana - Mani d'aiuto","robots":{"index":"noindex","follow":"follow"},"og_locale":"it_IT","og_type":"article","og_title":"Kalpana - Helping Hands","og_description":"Portrait Aquarelle de Kalpana - \u0152uvre Unique Ce portrait de Kalpana, institutrice \u00e0 l\u2019\u00e9cole Shree Amar, est une aquarelle originale de Luciana La Marca. L\u2019association Helping Hands a financ\u00e9 son salaire pendant un an pour soutenir l\u2019\u00e9ducation au N\u00e9pal. Une \u0153uvre artistique et solidaire.","og_url":"https:\/\/helpinghands.fr\/it\/prodotto\/4\/","og_site_name":"Helping Hands","article_modified_time":"2026-05-09T17:22:25+00:00","og_image":[{"width":774,"height":1100,"url":"https:\/\/helpinghands.fr\/wp-content\/uploads\/2025\/01\/KALPANA-26-X-36-CM.jpg","type":"image\/jpeg"}],"twitter_card":"summary_large_image","twitter_misc":{"Tempo di lettura stimato":"1 minuto"},"schema":{"@context":"https:\/\/schema.org","@graph":[{"@type":"WebPage","@id":"https:\/\/helpinghands.fr\/produit\/4\/","url":"https:\/\/helpinghands.fr\/produit\/4\/","name":"Kalpana - Mani d'aiuto","isPartOf":{"@id":"https:\/\/helpinghands.fr\/#website"},"primaryImageOfPage":{"@id":"https:\/\/helpinghands.fr\/produit\/4\/#primaryimage"},"image":{"@id":"https:\/\/helpinghands.fr\/produit\/4\/#primaryimage"},"thumbnailUrl":"https:\/\/helpinghands.fr\/wp-content\/uploads\/2025\/01\/KALPANA-26-X-36-CM.jpg","datePublished":"2025-01-15T12:38:12+00:00","dateModified":"2026-05-09T17:22:25+00:00","breadcrumb":{"@id":"https:\/\/helpinghands.fr\/produit\/4\/#breadcrumb"},"inLanguage":"it-IT","potentialAction":[{"@type":"ReadAction","target":["https:\/\/helpinghands.fr\/produit\/4\/"]}]},{"@type":"ImageObject","inLanguage":"it-IT","@id":"https:\/\/helpinghands.fr\/produit\/4\/#primaryimage","url":"https:\/\/helpinghands.fr\/wp-content\/uploads\/2025\/01\/KALPANA-26-X-36-CM.jpg","contentUrl":"https:\/\/helpinghands.fr\/wp-content\/uploads\/2025\/01\/KALPANA-26-X-36-CM.jpg","width":774,"height":1100},{"@type":"BreadcrumbList","@id":"https:\/\/helpinghands.fr\/produit\/4\/#breadcrumb","itemListElement":[{"@type":"ListItem","position":1,"name":"Accueil","item":"https:\/\/helpinghands.fr\/"},{"@type":"ListItem","position":2,"name":"Boutique","item":"https:\/\/helpinghands.fr\/boutique\/"},{"@type":"ListItem","position":3,"name":"Kalpana"}]},{"@type":"WebSite","@id":"https:\/\/helpinghands.fr\/#website","url":"https:\/\/helpinghands.fr\/","name":"Helping Hands","description":"","potentialAction":[{"@type":"SearchAction","target":{"@type":"EntryPoint","urlTemplate":"https:\/\/helpinghands.fr\/?s={search_term_string}"},"query-input":{"@type":"PropertyValueSpecification","valueRequired":true,"valueName":"search_term_string"}}],"inLanguage":"it-IT"}]}},"_links":{"self":[{"href":"https:\/\/helpinghands.fr\/it\/wp-json\/wp\/v2\/product\/810","targetHints":{"allow":["GET"]}}],"collection":[{"href":"https:\/\/helpinghands.fr\/it\/wp-json\/wp\/v2\/product"}],"about":[{"href":"https:\/\/helpinghands.fr\/it\/wp-json\/wp\/v2\/types\/product"}],"replies":[{"embeddable":true,"href":"https:\/\/helpinghands.fr\/it\/wp-json\/wp\/v2\/comments?post=810"}],"version-history":[{"count":1,"href":"https:\/\/helpinghands.fr\/it\/wp-json\/wp\/v2\/product\/810\/revisions"}],"predecessor-version":[{"id":2165,"href":"https:\/\/helpinghands.fr\/it\/wp-json\/wp\/v2\/product\/810\/revisions\/2165"}],"wp:featuredmedia":[{"embeddable":true,"href":"https:\/\/helpinghands.fr\/it\/wp-json\/wp\/v2\/media\/804"}],"wp:attachment":[{"href":"https:\/\/helpinghands.fr\/it\/wp-json\/wp\/v2\/media?parent=810"}],"wp:term":[{"taxonomy":"product_brand","embeddable":true,"href":"https:\/\/helpinghands.fr\/it\/wp-json\/wp\/v2\/product_brand?post=810"},{"taxonomy":"product_cat","embeddable":true,"href":"https:\/\/helpinghands.fr\/it\/wp-json\/wp\/v2\/product_cat?post=810"},{"taxonomy":"product_tag","embeddable":true,"href":"https:\/\/helpinghands.fr\/it\/wp-json\/wp\/v2\/product_tag?post=810"}],"curies":[{"name":"wp","href":"https:\/\/api.w.org\/{rel}","templated":true}]}}