{"id":812,"date":"2025-01-15T13:38:37","date_gmt":"2025-01-15T12:38:37","guid":{"rendered":"https:\/\/helpinghands.fr\/?post_type=product&#038;p=812"},"modified":"2026-05-09T19:13:52","modified_gmt":"2026-05-09T17:13:52","slug":"6","status":"publish","type":"product","link":"https:\/\/helpinghands.fr\/it\/produit\/6\/","title":{"rendered":"Giovane ragazza con colletto floreale"},"content":{"rendered":"<p>Questo delicato acquerello di Luciana La Marca cattura la naturale eleganza e la dolce innocenza di una giovane nepalese. Realizzata con eccezionale maestria, quest'opera unica fonde sfumature leggere e tratti sottili per trasmettere emozioni genuine.<\/p>\n<p>Ogni dipinto \u00e8 firmato dall'artista, a garanzia della sua autenticit\u00e0. Acquistando questo pezzo, inoltre, si contribuisce a una nobile causa: sostenere l'associazione <strong>Helping Hands<\/strong>che promuove l'istruzione dei bambini svantaggiati in Nepal.<\/p>\n<p><strong>Caratteristiche del prodotto :<\/strong><\/p>\n<ul>\n<li><strong>Tecnica<\/strong> Acquerello su carta Arches<\/li>\n<li><strong>Dimensioni<\/strong> Dimensioni: 36 x 26 cm.<\/li>\n<li><strong>Autenticit\u00e0<\/strong> Opera originale firmata da Luciana La Marca.<\/li>\n<li><strong>Gestione<\/strong> Senza cornice (opzione di incorniciatura disponibile su richiesta).<\/li>\n<\/ul>\n<p>Aggiungete quest'opera toccante alla vostra collezione o regalatela a una persona cara a sostegno di un'importante causa umanitaria.<\/p>","protected":false},"excerpt":{"rendered":"<p>Cette aquarelle d\u00e9licate de Luciana La Marca capture l\u2019\u00e9l\u00e9gance naturelle et la douce innocence d\u2019une jeune fille n\u00e9palaise. R\u00e9alis\u00e9e avec une ma\u00eetrise exceptionnelle, cette \u0153uvre unique m\u00eale des nuances l\u00e9g\u00e8res et des traits subtils pour transmettre une v\u00e9ritable \u00e9motion. Chaque peinture est sign\u00e9e par l\u2019artiste, assurant son authenticit\u00e9. En achetant cette pi\u00e8ce, vous participez \u00e9galement [&hellip;]<\/p>\n","protected":false},"featured_media":802,"comment_status":"open","ping_status":"closed","template":"","meta":{"give_campaign_id":0},"product_brand":[],"product_cat":[53],"product_tag":[37,32,42,44,34,35,33,38,36,39,45,41],"class_list":{"0":"post-812","1":"product","2":"type-product","3":"status-publish","4":"has-post-thumbnail","6":"product_cat-art","7":"product_tag-aide-humanitaire","8":"product_tag-aquarelle-enfant-nepalais","9":"product_tag-art-pour-la-bonne-cause","10":"product_tag-art-pour-une-bonne-cause","11":"product_tag-art-solidaire","12":"product_tag-luciana-la-marca","13":"product_tag-peinture-originale","14":"product_tag-peinture-originale-a-vendre","15":"product_tag-portrait-a-vendre","16":"product_tag-portrait-aquarelle","17":"product_tag-portrait-original","18":"product_tag-tableau-a-vendre","20":"first","21":"instock","22":"shipping-taxable","23":"purchasable","24":"product-type-simple"},"yoast_head":"<!-- This site is optimized with the Yoast SEO plugin v27.5 - https:\/\/yoast.com\/product\/yoast-seo-wordpress\/ -->\n<title>Jeune fillette avec col fleuri - Helping Hands<\/title>\n<meta name=\"robots\" content=\"noindex, follow\" \/>\n<meta property=\"og:locale\" content=\"it_IT\" \/>\n<meta property=\"og:type\" content=\"article\" \/>\n<meta property=\"og:title\" content=\"Jeune fillette avec col fleuri - Helping Hands\" \/>\n<meta property=\"og:description\" content=\"Cette aquarelle d\u00e9licate de Luciana La Marca capture l\u2019\u00e9l\u00e9gance naturelle et la douce innocence d\u2019une jeune fille n\u00e9palaise. R\u00e9alis\u00e9e avec une ma\u00eetrise exceptionnelle, cette \u0153uvre unique m\u00eale des nuances l\u00e9g\u00e8res et des traits subtils pour transmettre une v\u00e9ritable \u00e9motion. Chaque peinture est sign\u00e9e par l\u2019artiste, assurant son authenticit\u00e9. En achetant cette pi\u00e8ce, vous participez \u00e9galement [&hellip;]\" \/>\n<meta property=\"og:url\" content=\"https:\/\/helpinghands.fr\/it\/prodotto\/6\/\" \/>\n<meta property=\"og:site_name\" content=\"Helping Hands\" \/>\n<meta property=\"article:modified_time\" content=\"2026-05-09T17:13:52+00:00\" \/>\n<meta property=\"og:image\" content=\"https:\/\/helpinghands.fr\/wp-content\/uploads\/2025\/01\/IMG_6924.jpg\" \/>\n\t<meta property=\"og:image:width\" content=\"672\" \/>\n\t<meta property=\"og:image:height\" content=\"1100\" \/>\n\t<meta property=\"og:image:type\" content=\"image\/jpeg\" \/>\n<meta name=\"twitter:card\" content=\"summary_large_image\" \/>\n<meta name=\"twitter:label1\" content=\"Tempo di lettura stimato\" \/>\n\t<meta name=\"twitter:data1\" content=\"1 minuto\" \/>\n<script type=\"application\/ld+json\" class=\"yoast-schema-graph\">{\"@context\":\"https:\\\/\\\/schema.org\",\"@graph\":[{\"@type\":\"WebPage\",\"@id\":\"https:\\\/\\\/helpinghands.fr\\\/produit\\\/6\\\/\",\"url\":\"https:\\\/\\\/helpinghands.fr\\\/produit\\\/6\\\/\",\"name\":\"Jeune fillette avec col fleuri - Helping Hands\",\"isPartOf\":{\"@id\":\"https:\\\/\\\/helpinghands.fr\\\/#website\"},\"primaryImageOfPage\":{\"@id\":\"https:\\\/\\\/helpinghands.fr\\\/produit\\\/6\\\/#primaryimage\"},\"image\":{\"@id\":\"https:\\\/\\\/helpinghands.fr\\\/produit\\\/6\\\/#primaryimage\"},\"thumbnailUrl\":\"https:\\\/\\\/helpinghands.fr\\\/wp-content\\\/uploads\\\/2025\\\/01\\\/IMG_6924.jpg\",\"datePublished\":\"2025-01-15T12:38:37+00:00\",\"dateModified\":\"2026-05-09T17:13:52+00:00\",\"breadcrumb\":{\"@id\":\"https:\\\/\\\/helpinghands.fr\\\/produit\\\/6\\\/#breadcrumb\"},\"inLanguage\":\"it-IT\",\"potentialAction\":[{\"@type\":\"ReadAction\",\"target\":[\"https:\\\/\\\/helpinghands.fr\\\/produit\\\/6\\\/\"]}]},{\"@type\":\"ImageObject\",\"inLanguage\":\"it-IT\",\"@id\":\"https:\\\/\\\/helpinghands.fr\\\/produit\\\/6\\\/#primaryimage\",\"url\":\"https:\\\/\\\/helpinghands.fr\\\/wp-content\\\/uploads\\\/2025\\\/01\\\/IMG_6924.jpg\",\"contentUrl\":\"https:\\\/\\\/helpinghands.fr\\\/wp-content\\\/uploads\\\/2025\\\/01\\\/IMG_6924.jpg\",\"width\":672,\"height\":1100},{\"@type\":\"BreadcrumbList\",\"@id\":\"https:\\\/\\\/helpinghands.fr\\\/produit\\\/6\\\/#breadcrumb\",\"itemListElement\":[{\"@type\":\"ListItem\",\"position\":1,\"name\":\"Accueil\",\"item\":\"https:\\\/\\\/helpinghands.fr\\\/\"},{\"@type\":\"ListItem\",\"position\":2,\"name\":\"Boutique\",\"item\":\"https:\\\/\\\/helpinghands.fr\\\/boutique\\\/\"},{\"@type\":\"ListItem\",\"position\":3,\"name\":\"Jeune fillette avec col fleuri\"}]},{\"@type\":\"WebSite\",\"@id\":\"https:\\\/\\\/helpinghands.fr\\\/#website\",\"url\":\"https:\\\/\\\/helpinghands.fr\\\/\",\"name\":\"Helping Hands\",\"description\":\"\",\"potentialAction\":[{\"@type\":\"SearchAction\",\"target\":{\"@type\":\"EntryPoint\",\"urlTemplate\":\"https:\\\/\\\/helpinghands.fr\\\/?s={search_term_string}\"},\"query-input\":{\"@type\":\"PropertyValueSpecification\",\"valueRequired\":true,\"valueName\":\"search_term_string\"}}],\"inLanguage\":\"it-IT\"}]}<\/script>\n<!-- \/ Yoast SEO plugin. -->","yoast_head_json":{"title":"Giovane ragazza con colletto floreale - Mani d'aiuto","robots":{"index":"noindex","follow":"follow"},"og_locale":"it_IT","og_type":"article","og_title":"Jeune fillette avec col fleuri - Helping Hands","og_description":"Cette aquarelle d\u00e9licate de Luciana La Marca capture l\u2019\u00e9l\u00e9gance naturelle et la douce innocence d\u2019une jeune fille n\u00e9palaise. R\u00e9alis\u00e9e avec une ma\u00eetrise exceptionnelle, cette \u0153uvre unique m\u00eale des nuances l\u00e9g\u00e8res et des traits subtils pour transmettre une v\u00e9ritable \u00e9motion. Chaque peinture est sign\u00e9e par l\u2019artiste, assurant son authenticit\u00e9. En achetant cette pi\u00e8ce, vous participez \u00e9galement [&hellip;]","og_url":"https:\/\/helpinghands.fr\/it\/prodotto\/6\/","og_site_name":"Helping Hands","article_modified_time":"2026-05-09T17:13:52+00:00","og_image":[{"width":672,"height":1100,"url":"https:\/\/helpinghands.fr\/wp-content\/uploads\/2025\/01\/IMG_6924.jpg","type":"image\/jpeg"}],"twitter_card":"summary_large_image","twitter_misc":{"Tempo di lettura stimato":"1 minuto"},"schema":{"@context":"https:\/\/schema.org","@graph":[{"@type":"WebPage","@id":"https:\/\/helpinghands.fr\/produit\/6\/","url":"https:\/\/helpinghands.fr\/produit\/6\/","name":"Giovane ragazza con colletto floreale - Mani d'aiuto","isPartOf":{"@id":"https:\/\/helpinghands.fr\/#website"},"primaryImageOfPage":{"@id":"https:\/\/helpinghands.fr\/produit\/6\/#primaryimage"},"image":{"@id":"https:\/\/helpinghands.fr\/produit\/6\/#primaryimage"},"thumbnailUrl":"https:\/\/helpinghands.fr\/wp-content\/uploads\/2025\/01\/IMG_6924.jpg","datePublished":"2025-01-15T12:38:37+00:00","dateModified":"2026-05-09T17:13:52+00:00","breadcrumb":{"@id":"https:\/\/helpinghands.fr\/produit\/6\/#breadcrumb"},"inLanguage":"it-IT","potentialAction":[{"@type":"ReadAction","target":["https:\/\/helpinghands.fr\/produit\/6\/"]}]},{"@type":"ImageObject","inLanguage":"it-IT","@id":"https:\/\/helpinghands.fr\/produit\/6\/#primaryimage","url":"https:\/\/helpinghands.fr\/wp-content\/uploads\/2025\/01\/IMG_6924.jpg","contentUrl":"https:\/\/helpinghands.fr\/wp-content\/uploads\/2025\/01\/IMG_6924.jpg","width":672,"height":1100},{"@type":"BreadcrumbList","@id":"https:\/\/helpinghands.fr\/produit\/6\/#breadcrumb","itemListElement":[{"@type":"ListItem","position":1,"name":"Accueil","item":"https:\/\/helpinghands.fr\/"},{"@type":"ListItem","position":2,"name":"Boutique","item":"https:\/\/helpinghands.fr\/boutique\/"},{"@type":"ListItem","position":3,"name":"Jeune fillette avec col fleuri"}]},{"@type":"WebSite","@id":"https:\/\/helpinghands.fr\/#website","url":"https:\/\/helpinghands.fr\/","name":"Helping Hands","description":"","potentialAction":[{"@type":"SearchAction","target":{"@type":"EntryPoint","urlTemplate":"https:\/\/helpinghands.fr\/?s={search_term_string}"},"query-input":{"@type":"PropertyValueSpecification","valueRequired":true,"valueName":"search_term_string"}}],"inLanguage":"it-IT"}]}},"_links":{"self":[{"href":"https:\/\/helpinghands.fr\/it\/wp-json\/wp\/v2\/product\/812","targetHints":{"allow":["GET"]}}],"collection":[{"href":"https:\/\/helpinghands.fr\/it\/wp-json\/wp\/v2\/product"}],"about":[{"href":"https:\/\/helpinghands.fr\/it\/wp-json\/wp\/v2\/types\/product"}],"replies":[{"embeddable":true,"href":"https:\/\/helpinghands.fr\/it\/wp-json\/wp\/v2\/comments?post=812"}],"version-history":[{"count":1,"href":"https:\/\/helpinghands.fr\/it\/wp-json\/wp\/v2\/product\/812\/revisions"}],"predecessor-version":[{"id":2164,"href":"https:\/\/helpinghands.fr\/it\/wp-json\/wp\/v2\/product\/812\/revisions\/2164"}],"wp:featuredmedia":[{"embeddable":true,"href":"https:\/\/helpinghands.fr\/it\/wp-json\/wp\/v2\/media\/802"}],"wp:attachment":[{"href":"https:\/\/helpinghands.fr\/it\/wp-json\/wp\/v2\/media?parent=812"}],"wp:term":[{"taxonomy":"product_brand","embeddable":true,"href":"https:\/\/helpinghands.fr\/it\/wp-json\/wp\/v2\/product_brand?post=812"},{"taxonomy":"product_cat","embeddable":true,"href":"https:\/\/helpinghands.fr\/it\/wp-json\/wp\/v2\/product_cat?post=812"},{"taxonomy":"product_tag","embeddable":true,"href":"https:\/\/helpinghands.fr\/it\/wp-json\/wp\/v2\/product_tag?post=812"}],"curies":[{"name":"wp","href":"https:\/\/api.w.org\/{rel}","templated":true}]}}