{"id":813,"date":"2025-01-15T13:38:47","date_gmt":"2025-01-15T12:38:47","guid":{"rendered":"https:\/\/helpinghands.fr\/?post_type=product&#038;p=813"},"modified":"2026-05-09T19:13:04","modified_gmt":"2026-05-09T17:13:04","slug":"7","status":"publish","type":"product","link":"https:\/\/helpinghands.fr\/it\/produit\/7\/","title":{"rendered":"Ragazza e ragazzo"},"content":{"rendered":"<p>Godetevi questo acquerello originale di Luciana La Marca, che raffigura due giovani bambini nepalesi in una scena intrisa di semplicit\u00e0 e innocenza. Con tratti leggeri e sfumature delicate, questo dipinto cattura la bellezza e l'emozione della vita quotidiana, rendendo quest'opera unica particolarmente toccante.<\/p>\n<p>Ogni pezzo \u00e8 firmato e autentico, a testimonianza dell'impegno artistico e umanitario di Luciana La Marca. Acquistando questo ritratto, si sostiene anche l'associazione di beneficenza <strong>Helping Hands<\/strong>che lavora per dare un futuro migliore ai bambini svantaggiati del Nepal.<\/p>\n<p><strong>Caratteristiche del prodotto :<\/strong><\/p>\n<ul>\n<li><strong>Tecnica<\/strong> Acquerello su carta Arches<\/li>\n<li><strong>Dimensioni<\/strong> 30 x 40 cm.<\/li>\n<li><strong>Autenticit\u00e0<\/strong> Opera originale firmata dall'artista.<\/li>\n<li><strong>Gestione<\/strong> Senza cornice (opzione di incorniciatura disponibile su richiesta).<\/li>\n<\/ul>\n<p>Aggiungete un tocco artistico e impegnato alla vostra collezione sostenendo una causa meritevole.<\/p>","protected":false},"excerpt":{"rendered":"<p><strong>Ritratto ad acquerello di due bambini nepalesi - Opera unica<\/strong><br \/>\nQuesto acquerello originale di Luciana La Marca ritrae due bambini nepalesi con dolcezza e autenticit\u00e0. \u00c8 una toccante opera di solidariet\u00e0 che sostiene l'associazione Helping Hands, che aiuta i bambini svantaggiati.<\/p>","protected":false},"featured_media":801,"comment_status":"open","ping_status":"closed","template":"","meta":{"give_campaign_id":0},"product_brand":[],"product_cat":[53],"product_tag":[37,32,34,35,46,33,38,36,45,41],"class_list":{"0":"post-813","1":"product","2":"type-product","3":"status-publish","4":"has-post-thumbnail","6":"product_cat-art","7":"product_tag-aide-humanitaire","8":"product_tag-aquarelle-enfant-nepalais","9":"product_tag-art-solidaire","10":"product_tag-luciana-la-marca","11":"product_tag-peinture-humanitaire","12":"product_tag-peinture-originale","13":"product_tag-peinture-originale-a-vendre","14":"product_tag-portrait-a-vendre","15":"product_tag-portrait-original","16":"product_tag-tableau-a-vendre","18":"first","19":"instock","20":"shipping-taxable","21":"purchasable","22":"product-type-simple"},"yoast_head":"<!-- This site is optimized with the Yoast SEO plugin v27.5 - https:\/\/yoast.com\/product\/yoast-seo-wordpress\/ -->\n<title>Fillette et gar\u00e7onnet - Helping Hands<\/title>\n<meta name=\"robots\" content=\"noindex, follow\" \/>\n<meta property=\"og:locale\" content=\"it_IT\" \/>\n<meta property=\"og:type\" content=\"article\" \/>\n<meta property=\"og:title\" content=\"Fillette et gar\u00e7onnet - Helping Hands\" \/>\n<meta property=\"og:description\" content=\"Portrait Aquarelle de Deux Enfants N\u00e9palais - \u0152uvre Unique Cette aquarelle originale de Luciana La Marca repr\u00e9sente deux enfants n\u00e9palais avec douceur et authenticit\u00e9. Une \u0153uvre touchante et solidaire qui soutient l\u2019association Helping Hands au b\u00e9n\u00e9fice des enfants d\u00e9favoris\u00e9s.\" \/>\n<meta property=\"og:url\" content=\"https:\/\/helpinghands.fr\/it\/prodotto\/7\/\" \/>\n<meta property=\"og:site_name\" content=\"Helping Hands\" \/>\n<meta property=\"article:modified_time\" content=\"2026-05-09T17:13:04+00:00\" \/>\n<meta property=\"og:image\" content=\"https:\/\/helpinghands.fr\/wp-content\/uploads\/2025\/01\/IMG_6923.jpg\" \/>\n\t<meta property=\"og:image:width\" content=\"680\" \/>\n\t<meta property=\"og:image:height\" content=\"1100\" \/>\n\t<meta property=\"og:image:type\" content=\"image\/jpeg\" \/>\n<meta name=\"twitter:card\" content=\"summary_large_image\" \/>\n<meta name=\"twitter:label1\" content=\"Tempo di lettura stimato\" \/>\n\t<meta name=\"twitter:data1\" content=\"1 minuto\" \/>\n<script type=\"application\/ld+json\" class=\"yoast-schema-graph\">{\"@context\":\"https:\\\/\\\/schema.org\",\"@graph\":[{\"@type\":\"WebPage\",\"@id\":\"https:\\\/\\\/helpinghands.fr\\\/produit\\\/7\\\/\",\"url\":\"https:\\\/\\\/helpinghands.fr\\\/produit\\\/7\\\/\",\"name\":\"Fillette et gar\u00e7onnet - Helping Hands\",\"isPartOf\":{\"@id\":\"https:\\\/\\\/helpinghands.fr\\\/#website\"},\"primaryImageOfPage\":{\"@id\":\"https:\\\/\\\/helpinghands.fr\\\/produit\\\/7\\\/#primaryimage\"},\"image\":{\"@id\":\"https:\\\/\\\/helpinghands.fr\\\/produit\\\/7\\\/#primaryimage\"},\"thumbnailUrl\":\"https:\\\/\\\/helpinghands.fr\\\/wp-content\\\/uploads\\\/2025\\\/01\\\/IMG_6923.jpg\",\"datePublished\":\"2025-01-15T12:38:47+00:00\",\"dateModified\":\"2026-05-09T17:13:04+00:00\",\"breadcrumb\":{\"@id\":\"https:\\\/\\\/helpinghands.fr\\\/produit\\\/7\\\/#breadcrumb\"},\"inLanguage\":\"it-IT\",\"potentialAction\":[{\"@type\":\"ReadAction\",\"target\":[\"https:\\\/\\\/helpinghands.fr\\\/produit\\\/7\\\/\"]}]},{\"@type\":\"ImageObject\",\"inLanguage\":\"it-IT\",\"@id\":\"https:\\\/\\\/helpinghands.fr\\\/produit\\\/7\\\/#primaryimage\",\"url\":\"https:\\\/\\\/helpinghands.fr\\\/wp-content\\\/uploads\\\/2025\\\/01\\\/IMG_6923.jpg\",\"contentUrl\":\"https:\\\/\\\/helpinghands.fr\\\/wp-content\\\/uploads\\\/2025\\\/01\\\/IMG_6923.jpg\",\"width\":680,\"height\":1100},{\"@type\":\"BreadcrumbList\",\"@id\":\"https:\\\/\\\/helpinghands.fr\\\/produit\\\/7\\\/#breadcrumb\",\"itemListElement\":[{\"@type\":\"ListItem\",\"position\":1,\"name\":\"Accueil\",\"item\":\"https:\\\/\\\/helpinghands.fr\\\/\"},{\"@type\":\"ListItem\",\"position\":2,\"name\":\"Boutique\",\"item\":\"https:\\\/\\\/helpinghands.fr\\\/boutique\\\/\"},{\"@type\":\"ListItem\",\"position\":3,\"name\":\"Fillette et gar\u00e7onnet\"}]},{\"@type\":\"WebSite\",\"@id\":\"https:\\\/\\\/helpinghands.fr\\\/#website\",\"url\":\"https:\\\/\\\/helpinghands.fr\\\/\",\"name\":\"Helping Hands\",\"description\":\"\",\"potentialAction\":[{\"@type\":\"SearchAction\",\"target\":{\"@type\":\"EntryPoint\",\"urlTemplate\":\"https:\\\/\\\/helpinghands.fr\\\/?s={search_term_string}\"},\"query-input\":{\"@type\":\"PropertyValueSpecification\",\"valueRequired\":true,\"valueName\":\"search_term_string\"}}],\"inLanguage\":\"it-IT\"}]}<\/script>\n<!-- \/ Yoast SEO plugin. -->","yoast_head_json":{"title":"Ragazza e ragazzo - Mani in aiuto","robots":{"index":"noindex","follow":"follow"},"og_locale":"it_IT","og_type":"article","og_title":"Fillette et gar\u00e7onnet - Helping Hands","og_description":"Portrait Aquarelle de Deux Enfants N\u00e9palais - \u0152uvre Unique Cette aquarelle originale de Luciana La Marca repr\u00e9sente deux enfants n\u00e9palais avec douceur et authenticit\u00e9. Une \u0153uvre touchante et solidaire qui soutient l\u2019association Helping Hands au b\u00e9n\u00e9fice des enfants d\u00e9favoris\u00e9s.","og_url":"https:\/\/helpinghands.fr\/it\/prodotto\/7\/","og_site_name":"Helping Hands","article_modified_time":"2026-05-09T17:13:04+00:00","og_image":[{"width":680,"height":1100,"url":"https:\/\/helpinghands.fr\/wp-content\/uploads\/2025\/01\/IMG_6923.jpg","type":"image\/jpeg"}],"twitter_card":"summary_large_image","twitter_misc":{"Tempo di lettura stimato":"1 minuto"},"schema":{"@context":"https:\/\/schema.org","@graph":[{"@type":"WebPage","@id":"https:\/\/helpinghands.fr\/produit\/7\/","url":"https:\/\/helpinghands.fr\/produit\/7\/","name":"Ragazza e ragazzo - Mani in aiuto","isPartOf":{"@id":"https:\/\/helpinghands.fr\/#website"},"primaryImageOfPage":{"@id":"https:\/\/helpinghands.fr\/produit\/7\/#primaryimage"},"image":{"@id":"https:\/\/helpinghands.fr\/produit\/7\/#primaryimage"},"thumbnailUrl":"https:\/\/helpinghands.fr\/wp-content\/uploads\/2025\/01\/IMG_6923.jpg","datePublished":"2025-01-15T12:38:47+00:00","dateModified":"2026-05-09T17:13:04+00:00","breadcrumb":{"@id":"https:\/\/helpinghands.fr\/produit\/7\/#breadcrumb"},"inLanguage":"it-IT","potentialAction":[{"@type":"ReadAction","target":["https:\/\/helpinghands.fr\/produit\/7\/"]}]},{"@type":"ImageObject","inLanguage":"it-IT","@id":"https:\/\/helpinghands.fr\/produit\/7\/#primaryimage","url":"https:\/\/helpinghands.fr\/wp-content\/uploads\/2025\/01\/IMG_6923.jpg","contentUrl":"https:\/\/helpinghands.fr\/wp-content\/uploads\/2025\/01\/IMG_6923.jpg","width":680,"height":1100},{"@type":"BreadcrumbList","@id":"https:\/\/helpinghands.fr\/produit\/7\/#breadcrumb","itemListElement":[{"@type":"ListItem","position":1,"name":"Accueil","item":"https:\/\/helpinghands.fr\/"},{"@type":"ListItem","position":2,"name":"Boutique","item":"https:\/\/helpinghands.fr\/boutique\/"},{"@type":"ListItem","position":3,"name":"Fillette et gar\u00e7onnet"}]},{"@type":"WebSite","@id":"https:\/\/helpinghands.fr\/#website","url":"https:\/\/helpinghands.fr\/","name":"Helping Hands","description":"","potentialAction":[{"@type":"SearchAction","target":{"@type":"EntryPoint","urlTemplate":"https:\/\/helpinghands.fr\/?s={search_term_string}"},"query-input":{"@type":"PropertyValueSpecification","valueRequired":true,"valueName":"search_term_string"}}],"inLanguage":"it-IT"}]}},"_links":{"self":[{"href":"https:\/\/helpinghands.fr\/it\/wp-json\/wp\/v2\/product\/813","targetHints":{"allow":["GET"]}}],"collection":[{"href":"https:\/\/helpinghands.fr\/it\/wp-json\/wp\/v2\/product"}],"about":[{"href":"https:\/\/helpinghands.fr\/it\/wp-json\/wp\/v2\/types\/product"}],"replies":[{"embeddable":true,"href":"https:\/\/helpinghands.fr\/it\/wp-json\/wp\/v2\/comments?post=813"}],"version-history":[{"count":1,"href":"https:\/\/helpinghands.fr\/it\/wp-json\/wp\/v2\/product\/813\/revisions"}],"predecessor-version":[{"id":2163,"href":"https:\/\/helpinghands.fr\/it\/wp-json\/wp\/v2\/product\/813\/revisions\/2163"}],"wp:featuredmedia":[{"embeddable":true,"href":"https:\/\/helpinghands.fr\/it\/wp-json\/wp\/v2\/media\/801"}],"wp:attachment":[{"href":"https:\/\/helpinghands.fr\/it\/wp-json\/wp\/v2\/media?parent=813"}],"wp:term":[{"taxonomy":"product_brand","embeddable":true,"href":"https:\/\/helpinghands.fr\/it\/wp-json\/wp\/v2\/product_brand?post=813"},{"taxonomy":"product_cat","embeddable":true,"href":"https:\/\/helpinghands.fr\/it\/wp-json\/wp\/v2\/product_cat?post=813"},{"taxonomy":"product_tag","embeddable":true,"href":"https:\/\/helpinghands.fr\/it\/wp-json\/wp\/v2\/product_tag?post=813"}],"curies":[{"name":"wp","href":"https:\/\/api.w.org\/{rel}","templated":true}]}}