{"id":814,"date":"2025-01-15T13:38:55","date_gmt":"2025-01-15T12:38:55","guid":{"rendered":"https:\/\/helpinghands.fr\/?post_type=product&#038;p=814"},"modified":"2026-05-09T19:09:02","modified_gmt":"2026-05-09T17:09:02","slug":"8","status":"publish","type":"product","link":"https:\/\/helpinghands.fr\/it\/produit\/8\/","title":{"rendered":"Ragazza riflessiva"},"content":{"rendered":"<p>L'accattivante ritratto di Sabina Tamang, una bambina di 11 anni di Nuwakot, in Nepal, \u00e8 un acquerello unico di Luciana La Marca. L'artista cattura l'espressione dolce e pensosa della bambina con grande sensibilit\u00e0, combinando finezza e delicatezza in ogni dettaglio.<\/p>\n<p>Dipinto su carta di alta qualit\u00e0 e firmato dall'artista, questo acquerello \u00e8 ideale per gli amanti dell'arte che desiderano aggiungere un tocco di emozione alla propria collezione. Acquistando questo ritratto, si sostiene anche l'associazione di beneficenza <strong>Helping Hands<\/strong>che contribuisce a dare un futuro migliore ai bambini svantaggiati del Nepal.<\/p>\n<p><strong>Caratteristiche del prodotto :<\/strong><\/p>\n<ul>\n<li><strong>Tecnica<\/strong> Acquerello su carta Arches<\/li>\n<li><strong>Dimensioni<\/strong> 26 x 36 cm<\/li>\n<li><strong>Autenticit\u00e0<\/strong> Opera unica firmata dall'artista.<\/li>\n<li><strong>Gestione<\/strong> Senza cornice (opzione di incorniciatura disponibile su richiesta).<\/li>\n<\/ul>\n<p>Aggiungete un pezzo artistico e impegnato alla vostra collezione, sostenendo una preziosa causa umanitaria.<\/p>","protected":false},"excerpt":{"rendered":"<p><strong>Ritratto ad acquerello di Sabina Tamang - Opera unica<\/strong><br \/>\nScoprite questo acquerello originale di Luciana La Marca che raffigura Sabina Tamang, una giovane ragazza di Nuwakot, in Nepal. Questa opera artistica sostiene l'associazione Helping Hands, che mira a dare un futuro migliore ai bambini svantaggiati.<\/p>","protected":false},"featured_media":800,"comment_status":"open","ping_status":"closed","template":"","meta":{"give_campaign_id":0},"product_brand":[],"product_cat":[53],"product_tag":[37,32,44,34,38,36,39,45,41],"class_list":{"0":"post-814","1":"product","2":"type-product","3":"status-publish","4":"has-post-thumbnail","6":"product_cat-art","7":"product_tag-aide-humanitaire","8":"product_tag-aquarelle-enfant-nepalais","9":"product_tag-art-pour-une-bonne-cause","10":"product_tag-art-solidaire","11":"product_tag-peinture-originale-a-vendre","12":"product_tag-portrait-a-vendre","13":"product_tag-portrait-aquarelle","14":"product_tag-portrait-original","15":"product_tag-tableau-a-vendre","17":"first","18":"instock","19":"shipping-taxable","20":"purchasable","21":"product-type-simple"},"yoast_head":"<!-- This site is optimized with the Yoast SEO plugin v27.5 - https:\/\/yoast.com\/product\/yoast-seo-wordpress\/ -->\n<title>Jeune fille pensive - Helping Hands<\/title>\n<meta name=\"robots\" content=\"noindex, follow\" \/>\n<meta property=\"og:locale\" content=\"it_IT\" \/>\n<meta property=\"og:type\" content=\"article\" \/>\n<meta property=\"og:title\" content=\"Jeune fille pensive - Helping Hands\" \/>\n<meta property=\"og:description\" content=\"Portrait Aquarelle de Sabina Tamang - \u0152uvre Unique D\u00e9couvrez cette aquarelle originale de Luciana La Marca repr\u00e9sentant Sabina Tamang, une jeune fille de Nuwakot, au N\u00e9pal. Une pi\u00e8ce artistique qui soutient l\u2019association Helping Hands pour offrir un avenir meilleur aux enfants d\u00e9favoris\u00e9s.\" \/>\n<meta property=\"og:url\" content=\"https:\/\/helpinghands.fr\/it\/prodotto\/8\/\" \/>\n<meta property=\"og:site_name\" content=\"Helping Hands\" \/>\n<meta property=\"article:modified_time\" content=\"2026-05-09T17:09:02+00:00\" \/>\n<meta property=\"og:image\" content=\"https:\/\/helpinghands.fr\/wp-content\/uploads\/2025\/01\/IMG_6922.jpg\" \/>\n\t<meta property=\"og:image:width\" content=\"663\" \/>\n\t<meta property=\"og:image:height\" content=\"1100\" \/>\n\t<meta property=\"og:image:type\" content=\"image\/jpeg\" \/>\n<meta name=\"twitter:card\" content=\"summary_large_image\" \/>\n<meta name=\"twitter:label1\" content=\"Tempo di lettura stimato\" \/>\n\t<meta name=\"twitter:data1\" content=\"1 minuto\" \/>\n<script type=\"application\/ld+json\" class=\"yoast-schema-graph\">{\"@context\":\"https:\\\/\\\/schema.org\",\"@graph\":[{\"@type\":\"WebPage\",\"@id\":\"https:\\\/\\\/helpinghands.fr\\\/produit\\\/8\\\/\",\"url\":\"https:\\\/\\\/helpinghands.fr\\\/produit\\\/8\\\/\",\"name\":\"Jeune fille pensive - Helping Hands\",\"isPartOf\":{\"@id\":\"https:\\\/\\\/helpinghands.fr\\\/#website\"},\"primaryImageOfPage\":{\"@id\":\"https:\\\/\\\/helpinghands.fr\\\/produit\\\/8\\\/#primaryimage\"},\"image\":{\"@id\":\"https:\\\/\\\/helpinghands.fr\\\/produit\\\/8\\\/#primaryimage\"},\"thumbnailUrl\":\"https:\\\/\\\/helpinghands.fr\\\/wp-content\\\/uploads\\\/2025\\\/01\\\/IMG_6922.jpg\",\"datePublished\":\"2025-01-15T12:38:55+00:00\",\"dateModified\":\"2026-05-09T17:09:02+00:00\",\"breadcrumb\":{\"@id\":\"https:\\\/\\\/helpinghands.fr\\\/produit\\\/8\\\/#breadcrumb\"},\"inLanguage\":\"it-IT\",\"potentialAction\":[{\"@type\":\"ReadAction\",\"target\":[\"https:\\\/\\\/helpinghands.fr\\\/produit\\\/8\\\/\"]}]},{\"@type\":\"ImageObject\",\"inLanguage\":\"it-IT\",\"@id\":\"https:\\\/\\\/helpinghands.fr\\\/produit\\\/8\\\/#primaryimage\",\"url\":\"https:\\\/\\\/helpinghands.fr\\\/wp-content\\\/uploads\\\/2025\\\/01\\\/IMG_6922.jpg\",\"contentUrl\":\"https:\\\/\\\/helpinghands.fr\\\/wp-content\\\/uploads\\\/2025\\\/01\\\/IMG_6922.jpg\",\"width\":663,\"height\":1100},{\"@type\":\"BreadcrumbList\",\"@id\":\"https:\\\/\\\/helpinghands.fr\\\/produit\\\/8\\\/#breadcrumb\",\"itemListElement\":[{\"@type\":\"ListItem\",\"position\":1,\"name\":\"Accueil\",\"item\":\"https:\\\/\\\/helpinghands.fr\\\/\"},{\"@type\":\"ListItem\",\"position\":2,\"name\":\"Boutique\",\"item\":\"https:\\\/\\\/helpinghands.fr\\\/boutique\\\/\"},{\"@type\":\"ListItem\",\"position\":3,\"name\":\"Jeune fille pensive\"}]},{\"@type\":\"WebSite\",\"@id\":\"https:\\\/\\\/helpinghands.fr\\\/#website\",\"url\":\"https:\\\/\\\/helpinghands.fr\\\/\",\"name\":\"Helping Hands\",\"description\":\"\",\"potentialAction\":[{\"@type\":\"SearchAction\",\"target\":{\"@type\":\"EntryPoint\",\"urlTemplate\":\"https:\\\/\\\/helpinghands.fr\\\/?s={search_term_string}\"},\"query-input\":{\"@type\":\"PropertyValueSpecification\",\"valueRequired\":true,\"valueName\":\"search_term_string\"}}],\"inLanguage\":\"it-IT\"}]}<\/script>\n<!-- \/ Yoast SEO plugin. -->","yoast_head_json":{"title":"Jeune fille pensive - Mani d'aiuto","robots":{"index":"noindex","follow":"follow"},"og_locale":"it_IT","og_type":"article","og_title":"Jeune fille pensive - Helping Hands","og_description":"Portrait Aquarelle de Sabina Tamang - \u0152uvre Unique D\u00e9couvrez cette aquarelle originale de Luciana La Marca repr\u00e9sentant Sabina Tamang, une jeune fille de Nuwakot, au N\u00e9pal. Une pi\u00e8ce artistique qui soutient l\u2019association Helping Hands pour offrir un avenir meilleur aux enfants d\u00e9favoris\u00e9s.","og_url":"https:\/\/helpinghands.fr\/it\/prodotto\/8\/","og_site_name":"Helping Hands","article_modified_time":"2026-05-09T17:09:02+00:00","og_image":[{"width":663,"height":1100,"url":"https:\/\/helpinghands.fr\/wp-content\/uploads\/2025\/01\/IMG_6922.jpg","type":"image\/jpeg"}],"twitter_card":"summary_large_image","twitter_misc":{"Tempo di lettura stimato":"1 minuto"},"schema":{"@context":"https:\/\/schema.org","@graph":[{"@type":"WebPage","@id":"https:\/\/helpinghands.fr\/produit\/8\/","url":"https:\/\/helpinghands.fr\/produit\/8\/","name":"Jeune fille pensive - Mani d'aiuto","isPartOf":{"@id":"https:\/\/helpinghands.fr\/#website"},"primaryImageOfPage":{"@id":"https:\/\/helpinghands.fr\/produit\/8\/#primaryimage"},"image":{"@id":"https:\/\/helpinghands.fr\/produit\/8\/#primaryimage"},"thumbnailUrl":"https:\/\/helpinghands.fr\/wp-content\/uploads\/2025\/01\/IMG_6922.jpg","datePublished":"2025-01-15T12:38:55+00:00","dateModified":"2026-05-09T17:09:02+00:00","breadcrumb":{"@id":"https:\/\/helpinghands.fr\/produit\/8\/#breadcrumb"},"inLanguage":"it-IT","potentialAction":[{"@type":"ReadAction","target":["https:\/\/helpinghands.fr\/produit\/8\/"]}]},{"@type":"ImageObject","inLanguage":"it-IT","@id":"https:\/\/helpinghands.fr\/produit\/8\/#primaryimage","url":"https:\/\/helpinghands.fr\/wp-content\/uploads\/2025\/01\/IMG_6922.jpg","contentUrl":"https:\/\/helpinghands.fr\/wp-content\/uploads\/2025\/01\/IMG_6922.jpg","width":663,"height":1100},{"@type":"BreadcrumbList","@id":"https:\/\/helpinghands.fr\/produit\/8\/#breadcrumb","itemListElement":[{"@type":"ListItem","position":1,"name":"Accueil","item":"https:\/\/helpinghands.fr\/"},{"@type":"ListItem","position":2,"name":"Boutique","item":"https:\/\/helpinghands.fr\/boutique\/"},{"@type":"ListItem","position":3,"name":"Jeune fille pensive"}]},{"@type":"WebSite","@id":"https:\/\/helpinghands.fr\/#website","url":"https:\/\/helpinghands.fr\/","name":"Helping Hands","description":"","potentialAction":[{"@type":"SearchAction","target":{"@type":"EntryPoint","urlTemplate":"https:\/\/helpinghands.fr\/?s={search_term_string}"},"query-input":{"@type":"PropertyValueSpecification","valueRequired":true,"valueName":"search_term_string"}}],"inLanguage":"it-IT"}]}},"_links":{"self":[{"href":"https:\/\/helpinghands.fr\/it\/wp-json\/wp\/v2\/product\/814","targetHints":{"allow":["GET"]}}],"collection":[{"href":"https:\/\/helpinghands.fr\/it\/wp-json\/wp\/v2\/product"}],"about":[{"href":"https:\/\/helpinghands.fr\/it\/wp-json\/wp\/v2\/types\/product"}],"replies":[{"embeddable":true,"href":"https:\/\/helpinghands.fr\/it\/wp-json\/wp\/v2\/comments?post=814"}],"version-history":[{"count":1,"href":"https:\/\/helpinghands.fr\/it\/wp-json\/wp\/v2\/product\/814\/revisions"}],"predecessor-version":[{"id":2161,"href":"https:\/\/helpinghands.fr\/it\/wp-json\/wp\/v2\/product\/814\/revisions\/2161"}],"wp:featuredmedia":[{"embeddable":true,"href":"https:\/\/helpinghands.fr\/it\/wp-json\/wp\/v2\/media\/800"}],"wp:attachment":[{"href":"https:\/\/helpinghands.fr\/it\/wp-json\/wp\/v2\/media?parent=814"}],"wp:term":[{"taxonomy":"product_brand","embeddable":true,"href":"https:\/\/helpinghands.fr\/it\/wp-json\/wp\/v2\/product_brand?post=814"},{"taxonomy":"product_cat","embeddable":true,"href":"https:\/\/helpinghands.fr\/it\/wp-json\/wp\/v2\/product_cat?post=814"},{"taxonomy":"product_tag","embeddable":true,"href":"https:\/\/helpinghands.fr\/it\/wp-json\/wp\/v2\/product_tag?post=814"}],"curies":[{"name":"wp","href":"https:\/\/api.w.org\/{rel}","templated":true}]}}