{"id":817,"date":"2025-01-15T13:39:19","date_gmt":"2025-01-15T12:39:19","guid":{"rendered":"https:\/\/helpinghands.fr\/?post_type=product&#038;p=817"},"modified":"2026-05-09T19:04:01","modified_gmt":"2026-05-09T17:04:01","slug":"11","status":"publish","type":"product","link":"https:\/\/helpinghands.fr\/it\/produit\/11\/","title":{"rendered":"Giovane studentessa con trecce e fermaglio per capelli"},"content":{"rendered":"<p>Scoprite questo toccante acquerello di Luciana La Marca, che raffigura un giovane bambino nepalese immerso nei suoi pensieri. Dipinta con finezza e delicatezza, quest'opera riflette la purezza e l'innocenza dell'infanzia attraverso morbide sfumature e sottili dettagli.<\/p>\n<p>Ogni dipinto \u00e8 unico e firmato dall'artista, a garanzia della sua autenticit\u00e0. Acquistando questo ritratto, si contribuisce direttamente a sostenere l'associazione <strong>Helping Hands<\/strong>dedicato all'istruzione dei bambini svantaggiati in Nepal.<\/p>\n<p><strong>Caratteristiche del prodotto :<\/strong><\/p>\n<ul>\n<li><strong>Tecnica<\/strong> Acquerello su carta Arches<\/li>\n<li><strong>Dimensioni<\/strong> Dimensioni: 36 x 26 cm<\/li>\n<li><strong>Autenticit\u00e0<\/strong> Opera originale firmata dall'artista.<\/li>\n<li><strong>Gestione<\/strong> Senza cornice (opzione di incorniciatura disponibile su richiesta).<\/li>\n<\/ul>\n<p>Aggiungete questo pezzo alla vostra collezione o regalatelo a una persona cara per unire l'arte all'impegno per la solidariet\u00e0.<\/p>","protected":false},"excerpt":{"rendered":"<p><strong>Ritratto ad acquerello di un bambino nepalese - Opera d'arte originale<\/strong><br \/>\nQuesto delicato acquerello di Luciana La Marca cattura con emozione l'innocenza dell'infanzia. \u00c8 un pezzo unico che sostiene l'associazione Helping Hands per l'istruzione in Nepal.<\/p>","protected":false},"featured_media":797,"comment_status":"open","ping_status":"closed","template":"","meta":{"give_campaign_id":0},"product_brand":[],"product_cat":[53],"product_tag":[37,32,43,44,34,35,33,38,36,40,39,45,41],"class_list":{"0":"post-817","1":"product","2":"type-product","3":"status-publish","4":"has-post-thumbnail","6":"product_cat-art","7":"product_tag-aide-humanitaire","8":"product_tag-aquarelle-enfant-nepalais","9":"product_tag-aquarelle-maternite","10":"product_tag-art-pour-une-bonne-cause","11":"product_tag-art-solidaire","12":"product_tag-luciana-la-marca","13":"product_tag-peinture-originale","14":"product_tag-peinture-originale-a-vendre","15":"product_tag-portrait-a-vendre","16":"product_tag-portrait-aquaralle-mere-et-enfant","17":"product_tag-portrait-aquarelle","18":"product_tag-portrait-original","19":"product_tag-tableau-a-vendre","21":"first","22":"instock","23":"shipping-taxable","24":"purchasable","25":"product-type-simple"},"yoast_head":"<!-- This site is optimized with the Yoast SEO plugin v27.5 - https:\/\/yoast.com\/product\/yoast-seo-wordpress\/ -->\n<title>Jeune \u00e9coli\u00e8re avec nattes et barrette - Helping Hands<\/title>\n<meta name=\"robots\" content=\"noindex, follow\" \/>\n<meta property=\"og:locale\" content=\"it_IT\" \/>\n<meta property=\"og:type\" content=\"article\" \/>\n<meta property=\"og:title\" content=\"Jeune \u00e9coli\u00e8re avec nattes et barrette - Helping Hands\" \/>\n<meta property=\"og:description\" content=\"Portrait Aquarelle d\u2019Enfant N\u00e9palais - \u0152uvre Originale Cette aquarelle d\u00e9licate de Luciana La Marca capture l\u2019innocence de l\u2019enfance avec \u00e9motion. Une pi\u00e8ce unique et solidaire, soutenant l\u2019association Helping Hands pour l\u2019\u00e9ducation au N\u00e9pal.\" \/>\n<meta property=\"og:url\" content=\"https:\/\/helpinghands.fr\/it\/prodotto\/11\/\" \/>\n<meta property=\"og:site_name\" content=\"Helping Hands\" \/>\n<meta property=\"article:modified_time\" content=\"2026-05-09T17:04:01+00:00\" \/>\n<meta property=\"og:image\" content=\"https:\/\/helpinghands.fr\/wp-content\/uploads\/2025\/01\/IMG_6916.jpg\" \/>\n\t<meta property=\"og:image:width\" content=\"619\" \/>\n\t<meta property=\"og:image:height\" content=\"1100\" \/>\n\t<meta property=\"og:image:type\" content=\"image\/jpeg\" \/>\n<meta name=\"twitter:card\" content=\"summary_large_image\" \/>\n<meta name=\"twitter:label1\" content=\"Tempo di lettura stimato\" \/>\n\t<meta name=\"twitter:data1\" content=\"1 minuto\" \/>\n<script type=\"application\/ld+json\" class=\"yoast-schema-graph\">{\"@context\":\"https:\\\/\\\/schema.org\",\"@graph\":[{\"@type\":\"WebPage\",\"@id\":\"https:\\\/\\\/helpinghands.fr\\\/produit\\\/11\\\/\",\"url\":\"https:\\\/\\\/helpinghands.fr\\\/produit\\\/11\\\/\",\"name\":\"Jeune \u00e9coli\u00e8re avec nattes et barrette - Helping Hands\",\"isPartOf\":{\"@id\":\"https:\\\/\\\/helpinghands.fr\\\/#website\"},\"primaryImageOfPage\":{\"@id\":\"https:\\\/\\\/helpinghands.fr\\\/produit\\\/11\\\/#primaryimage\"},\"image\":{\"@id\":\"https:\\\/\\\/helpinghands.fr\\\/produit\\\/11\\\/#primaryimage\"},\"thumbnailUrl\":\"https:\\\/\\\/helpinghands.fr\\\/wp-content\\\/uploads\\\/2025\\\/01\\\/IMG_6916.jpg\",\"datePublished\":\"2025-01-15T12:39:19+00:00\",\"dateModified\":\"2026-05-09T17:04:01+00:00\",\"breadcrumb\":{\"@id\":\"https:\\\/\\\/helpinghands.fr\\\/produit\\\/11\\\/#breadcrumb\"},\"inLanguage\":\"it-IT\",\"potentialAction\":[{\"@type\":\"ReadAction\",\"target\":[\"https:\\\/\\\/helpinghands.fr\\\/produit\\\/11\\\/\"]}]},{\"@type\":\"ImageObject\",\"inLanguage\":\"it-IT\",\"@id\":\"https:\\\/\\\/helpinghands.fr\\\/produit\\\/11\\\/#primaryimage\",\"url\":\"https:\\\/\\\/helpinghands.fr\\\/wp-content\\\/uploads\\\/2025\\\/01\\\/IMG_6916.jpg\",\"contentUrl\":\"https:\\\/\\\/helpinghands.fr\\\/wp-content\\\/uploads\\\/2025\\\/01\\\/IMG_6916.jpg\",\"width\":619,\"height\":1100},{\"@type\":\"BreadcrumbList\",\"@id\":\"https:\\\/\\\/helpinghands.fr\\\/produit\\\/11\\\/#breadcrumb\",\"itemListElement\":[{\"@type\":\"ListItem\",\"position\":1,\"name\":\"Accueil\",\"item\":\"https:\\\/\\\/helpinghands.fr\\\/\"},{\"@type\":\"ListItem\",\"position\":2,\"name\":\"Boutique\",\"item\":\"https:\\\/\\\/helpinghands.fr\\\/boutique\\\/\"},{\"@type\":\"ListItem\",\"position\":3,\"name\":\"Jeune \u00e9coli\u00e8re avec nattes et barrette\"}]},{\"@type\":\"WebSite\",\"@id\":\"https:\\\/\\\/helpinghands.fr\\\/#website\",\"url\":\"https:\\\/\\\/helpinghands.fr\\\/\",\"name\":\"Helping Hands\",\"description\":\"\",\"potentialAction\":[{\"@type\":\"SearchAction\",\"target\":{\"@type\":\"EntryPoint\",\"urlTemplate\":\"https:\\\/\\\/helpinghands.fr\\\/?s={search_term_string}\"},\"query-input\":{\"@type\":\"PropertyValueSpecification\",\"valueRequired\":true,\"valueName\":\"search_term_string\"}}],\"inLanguage\":\"it-IT\"}]}<\/script>\n<!-- \/ Yoast SEO plugin. -->","yoast_head_json":{"title":"Scolaretta con trecce e fermaglio per capelli - Mani d'aiuto","robots":{"index":"noindex","follow":"follow"},"og_locale":"it_IT","og_type":"article","og_title":"Jeune \u00e9coli\u00e8re avec nattes et barrette - Helping Hands","og_description":"Portrait Aquarelle d\u2019Enfant N\u00e9palais - \u0152uvre Originale Cette aquarelle d\u00e9licate de Luciana La Marca capture l\u2019innocence de l\u2019enfance avec \u00e9motion. Une pi\u00e8ce unique et solidaire, soutenant l\u2019association Helping Hands pour l\u2019\u00e9ducation au N\u00e9pal.","og_url":"https:\/\/helpinghands.fr\/it\/prodotto\/11\/","og_site_name":"Helping Hands","article_modified_time":"2026-05-09T17:04:01+00:00","og_image":[{"width":619,"height":1100,"url":"https:\/\/helpinghands.fr\/wp-content\/uploads\/2025\/01\/IMG_6916.jpg","type":"image\/jpeg"}],"twitter_card":"summary_large_image","twitter_misc":{"Tempo di lettura stimato":"1 minuto"},"schema":{"@context":"https:\/\/schema.org","@graph":[{"@type":"WebPage","@id":"https:\/\/helpinghands.fr\/produit\/11\/","url":"https:\/\/helpinghands.fr\/produit\/11\/","name":"Scolaretta con trecce e fermaglio per capelli - Mani d'aiuto","isPartOf":{"@id":"https:\/\/helpinghands.fr\/#website"},"primaryImageOfPage":{"@id":"https:\/\/helpinghands.fr\/produit\/11\/#primaryimage"},"image":{"@id":"https:\/\/helpinghands.fr\/produit\/11\/#primaryimage"},"thumbnailUrl":"https:\/\/helpinghands.fr\/wp-content\/uploads\/2025\/01\/IMG_6916.jpg","datePublished":"2025-01-15T12:39:19+00:00","dateModified":"2026-05-09T17:04:01+00:00","breadcrumb":{"@id":"https:\/\/helpinghands.fr\/produit\/11\/#breadcrumb"},"inLanguage":"it-IT","potentialAction":[{"@type":"ReadAction","target":["https:\/\/helpinghands.fr\/produit\/11\/"]}]},{"@type":"ImageObject","inLanguage":"it-IT","@id":"https:\/\/helpinghands.fr\/produit\/11\/#primaryimage","url":"https:\/\/helpinghands.fr\/wp-content\/uploads\/2025\/01\/IMG_6916.jpg","contentUrl":"https:\/\/helpinghands.fr\/wp-content\/uploads\/2025\/01\/IMG_6916.jpg","width":619,"height":1100},{"@type":"BreadcrumbList","@id":"https:\/\/helpinghands.fr\/produit\/11\/#breadcrumb","itemListElement":[{"@type":"ListItem","position":1,"name":"Accueil","item":"https:\/\/helpinghands.fr\/"},{"@type":"ListItem","position":2,"name":"Boutique","item":"https:\/\/helpinghands.fr\/boutique\/"},{"@type":"ListItem","position":3,"name":"Jeune \u00e9coli\u00e8re avec nattes et barrette"}]},{"@type":"WebSite","@id":"https:\/\/helpinghands.fr\/#website","url":"https:\/\/helpinghands.fr\/","name":"Helping Hands","description":"","potentialAction":[{"@type":"SearchAction","target":{"@type":"EntryPoint","urlTemplate":"https:\/\/helpinghands.fr\/?s={search_term_string}"},"query-input":{"@type":"PropertyValueSpecification","valueRequired":true,"valueName":"search_term_string"}}],"inLanguage":"it-IT"}]}},"_links":{"self":[{"href":"https:\/\/helpinghands.fr\/it\/wp-json\/wp\/v2\/product\/817","targetHints":{"allow":["GET"]}}],"collection":[{"href":"https:\/\/helpinghands.fr\/it\/wp-json\/wp\/v2\/product"}],"about":[{"href":"https:\/\/helpinghands.fr\/it\/wp-json\/wp\/v2\/types\/product"}],"replies":[{"embeddable":true,"href":"https:\/\/helpinghands.fr\/it\/wp-json\/wp\/v2\/comments?post=817"}],"version-history":[{"count":1,"href":"https:\/\/helpinghands.fr\/it\/wp-json\/wp\/v2\/product\/817\/revisions"}],"predecessor-version":[{"id":2158,"href":"https:\/\/helpinghands.fr\/it\/wp-json\/wp\/v2\/product\/817\/revisions\/2158"}],"wp:featuredmedia":[{"embeddable":true,"href":"https:\/\/helpinghands.fr\/it\/wp-json\/wp\/v2\/media\/797"}],"wp:attachment":[{"href":"https:\/\/helpinghands.fr\/it\/wp-json\/wp\/v2\/media?parent=817"}],"wp:term":[{"taxonomy":"product_brand","embeddable":true,"href":"https:\/\/helpinghands.fr\/it\/wp-json\/wp\/v2\/product_brand?post=817"},{"taxonomy":"product_cat","embeddable":true,"href":"https:\/\/helpinghands.fr\/it\/wp-json\/wp\/v2\/product_cat?post=817"},{"taxonomy":"product_tag","embeddable":true,"href":"https:\/\/helpinghands.fr\/it\/wp-json\/wp\/v2\/product_tag?post=817"}],"curies":[{"name":"wp","href":"https:\/\/api.w.org\/{rel}","templated":true}]}}