{"id":818,"date":"2025-01-15T13:39:29","date_gmt":"2025-01-15T12:39:29","guid":{"rendered":"https:\/\/helpinghands.fr\/?post_type=product&#038;p=818"},"modified":"2026-05-09T19:07:05","modified_gmt":"2026-05-09T17:07:05","slug":"12","status":"publish","type":"product","link":"https:\/\/helpinghands.fr\/it\/produit\/12\/","title":{"rendered":"Madre e figlia"},"content":{"rendered":"<p>Regalatevi un'opera piena di dolcezza ed emozione con questo ritratto originale di Luciana La Marca, che raffigura una madre e il suo bambino nepalese. Realizzato ad acquerello su carta di alta qualit\u00e0, questo dipinto cattura la bellezza del rapporto materno attraverso dettagli delicati e una sottile tavolozza di colori.<\/p>\n<p>Ogni pezzo \u00e8 unico e firmato dall'artista, a garanzia della sua autenticit\u00e0. Acquistando questo ritratto, si sostiene una causa meritevole, in quanto i profitti sono destinati all'organizzazione benefica <strong>Helping Hands<\/strong>dedicato all'istruzione dei bambini svantaggiati in Nepal.<\/p>\n<p><strong>Caratteristiche del prodotto :<\/strong><\/p>\n<ul>\n<li><strong>Tecnica<\/strong> Acquerello su carta Arches.<\/li>\n<li><strong>Dimensioni<\/strong> 30 x 40 cm<\/li>\n<li><strong>Autentico<\/strong> Opera unica, firmata dall'artista.<\/li>\n<li><strong>Gestione<\/strong> Senza cornice (opzione di incorniciatura disponibile su richiesta).<\/li>\n<\/ul>\n<p>Aggiungete un tocco di arte e solidariet\u00e0 al vostro arredamento con questo toccante acquerello.<\/p>","protected":false},"excerpt":{"rendered":"<p><strong>Ritratto ad acquerello di una madre e di un bambino nepalese - Opera unica<\/strong><br \/>\nQuesto acquerello originale di Luciana La Marca cattura delicatamente la bellezza della maternit\u00e0. Un pezzo unico che unisce arte e solidariet\u00e0, a sostegno dell'associazione Helping Hands per i bambini svantaggiati del Nepal.<\/p>","protected":false},"featured_media":796,"comment_status":"open","ping_status":"closed","template":"","meta":{"give_campaign_id":0},"product_brand":[],"product_cat":[53],"product_tag":[37,32,43,34,35,38,36,40,39,41],"class_list":{"0":"post-818","1":"product","2":"type-product","3":"status-publish","4":"has-post-thumbnail","6":"product_cat-art","7":"product_tag-aide-humanitaire","8":"product_tag-aquarelle-enfant-nepalais","9":"product_tag-aquarelle-maternite","10":"product_tag-art-solidaire","11":"product_tag-luciana-la-marca","12":"product_tag-peinture-originale-a-vendre","13":"product_tag-portrait-a-vendre","14":"product_tag-portrait-aquaralle-mere-et-enfant","15":"product_tag-portrait-aquarelle","16":"product_tag-tableau-a-vendre","18":"first","19":"instock","20":"shipping-taxable","21":"purchasable","22":"product-type-simple"},"yoast_head":"<!-- This site is optimized with the Yoast SEO plugin v27.5 - https:\/\/yoast.com\/product\/yoast-seo-wordpress\/ -->\n<title>M\u00e8re et fillette - Helping Hands<\/title>\n<meta name=\"robots\" content=\"noindex, follow\" \/>\n<meta property=\"og:locale\" content=\"it_IT\" \/>\n<meta property=\"og:type\" content=\"article\" \/>\n<meta property=\"og:title\" content=\"M\u00e8re et fillette - Helping Hands\" \/>\n<meta property=\"og:description\" content=\"Portrait Aquarelle M\u00e8re et Enfant N\u00e9palais - \u0152uvre Unique Cette aquarelle originale de Luciana La Marca capture avec d\u00e9licatesse la beaut\u00e9 de la maternit\u00e9. Une pi\u00e8ce unique qui allie art et solidarit\u00e9, soutenant l\u2019association Helping Hands au profit des enfants d\u00e9favoris\u00e9s du N\u00e9pal.\" \/>\n<meta property=\"og:url\" content=\"https:\/\/helpinghands.fr\/it\/prodotto\/12\/\" \/>\n<meta property=\"og:site_name\" content=\"Helping Hands\" \/>\n<meta property=\"article:modified_time\" content=\"2026-05-09T17:07:05+00:00\" \/>\n<meta property=\"og:image\" content=\"https:\/\/helpinghands.fr\/wp-content\/uploads\/2025\/01\/IMG_6915-1.jpg\" \/>\n\t<meta property=\"og:image:width\" content=\"642\" \/>\n\t<meta property=\"og:image:height\" content=\"1000\" \/>\n\t<meta property=\"og:image:type\" content=\"image\/jpeg\" \/>\n<meta name=\"twitter:card\" content=\"summary_large_image\" \/>\n<meta name=\"twitter:label1\" content=\"Tempo di lettura stimato\" \/>\n\t<meta name=\"twitter:data1\" content=\"1 minuto\" \/>\n<script type=\"application\/ld+json\" class=\"yoast-schema-graph\">{\"@context\":\"https:\\\/\\\/schema.org\",\"@graph\":[{\"@type\":\"WebPage\",\"@id\":\"https:\\\/\\\/helpinghands.fr\\\/produit\\\/12\\\/\",\"url\":\"https:\\\/\\\/helpinghands.fr\\\/produit\\\/12\\\/\",\"name\":\"M\u00e8re et fillette - Helping Hands\",\"isPartOf\":{\"@id\":\"https:\\\/\\\/helpinghands.fr\\\/#website\"},\"primaryImageOfPage\":{\"@id\":\"https:\\\/\\\/helpinghands.fr\\\/produit\\\/12\\\/#primaryimage\"},\"image\":{\"@id\":\"https:\\\/\\\/helpinghands.fr\\\/produit\\\/12\\\/#primaryimage\"},\"thumbnailUrl\":\"https:\\\/\\\/helpinghands.fr\\\/wp-content\\\/uploads\\\/2025\\\/01\\\/IMG_6915-1.jpg\",\"datePublished\":\"2025-01-15T12:39:29+00:00\",\"dateModified\":\"2026-05-09T17:07:05+00:00\",\"breadcrumb\":{\"@id\":\"https:\\\/\\\/helpinghands.fr\\\/produit\\\/12\\\/#breadcrumb\"},\"inLanguage\":\"it-IT\",\"potentialAction\":[{\"@type\":\"ReadAction\",\"target\":[\"https:\\\/\\\/helpinghands.fr\\\/produit\\\/12\\\/\"]}]},{\"@type\":\"ImageObject\",\"inLanguage\":\"it-IT\",\"@id\":\"https:\\\/\\\/helpinghands.fr\\\/produit\\\/12\\\/#primaryimage\",\"url\":\"https:\\\/\\\/helpinghands.fr\\\/wp-content\\\/uploads\\\/2025\\\/01\\\/IMG_6915-1.jpg\",\"contentUrl\":\"https:\\\/\\\/helpinghands.fr\\\/wp-content\\\/uploads\\\/2025\\\/01\\\/IMG_6915-1.jpg\",\"width\":642,\"height\":1000},{\"@type\":\"BreadcrumbList\",\"@id\":\"https:\\\/\\\/helpinghands.fr\\\/produit\\\/12\\\/#breadcrumb\",\"itemListElement\":[{\"@type\":\"ListItem\",\"position\":1,\"name\":\"Accueil\",\"item\":\"https:\\\/\\\/helpinghands.fr\\\/\"},{\"@type\":\"ListItem\",\"position\":2,\"name\":\"Boutique\",\"item\":\"https:\\\/\\\/helpinghands.fr\\\/boutique\\\/\"},{\"@type\":\"ListItem\",\"position\":3,\"name\":\"M\u00e8re et fillette\"}]},{\"@type\":\"WebSite\",\"@id\":\"https:\\\/\\\/helpinghands.fr\\\/#website\",\"url\":\"https:\\\/\\\/helpinghands.fr\\\/\",\"name\":\"Helping Hands\",\"description\":\"\",\"potentialAction\":[{\"@type\":\"SearchAction\",\"target\":{\"@type\":\"EntryPoint\",\"urlTemplate\":\"https:\\\/\\\/helpinghands.fr\\\/?s={search_term_string}\"},\"query-input\":{\"@type\":\"PropertyValueSpecification\",\"valueRequired\":true,\"valueName\":\"search_term_string\"}}],\"inLanguage\":\"it-IT\"}]}<\/script>\n<!-- \/ Yoast SEO plugin. -->","yoast_head_json":{"title":"Madre e figlia - Helping Hands","robots":{"index":"noindex","follow":"follow"},"og_locale":"it_IT","og_type":"article","og_title":"M\u00e8re et fillette - Helping Hands","og_description":"Portrait Aquarelle M\u00e8re et Enfant N\u00e9palais - \u0152uvre Unique Cette aquarelle originale de Luciana La Marca capture avec d\u00e9licatesse la beaut\u00e9 de la maternit\u00e9. Une pi\u00e8ce unique qui allie art et solidarit\u00e9, soutenant l\u2019association Helping Hands au profit des enfants d\u00e9favoris\u00e9s du N\u00e9pal.","og_url":"https:\/\/helpinghands.fr\/it\/prodotto\/12\/","og_site_name":"Helping Hands","article_modified_time":"2026-05-09T17:07:05+00:00","og_image":[{"width":642,"height":1000,"url":"https:\/\/helpinghands.fr\/wp-content\/uploads\/2025\/01\/IMG_6915-1.jpg","type":"image\/jpeg"}],"twitter_card":"summary_large_image","twitter_misc":{"Tempo di lettura stimato":"1 minuto"},"schema":{"@context":"https:\/\/schema.org","@graph":[{"@type":"WebPage","@id":"https:\/\/helpinghands.fr\/produit\/12\/","url":"https:\/\/helpinghands.fr\/produit\/12\/","name":"Madre e figlia - Helping Hands","isPartOf":{"@id":"https:\/\/helpinghands.fr\/#website"},"primaryImageOfPage":{"@id":"https:\/\/helpinghands.fr\/produit\/12\/#primaryimage"},"image":{"@id":"https:\/\/helpinghands.fr\/produit\/12\/#primaryimage"},"thumbnailUrl":"https:\/\/helpinghands.fr\/wp-content\/uploads\/2025\/01\/IMG_6915-1.jpg","datePublished":"2025-01-15T12:39:29+00:00","dateModified":"2026-05-09T17:07:05+00:00","breadcrumb":{"@id":"https:\/\/helpinghands.fr\/produit\/12\/#breadcrumb"},"inLanguage":"it-IT","potentialAction":[{"@type":"ReadAction","target":["https:\/\/helpinghands.fr\/produit\/12\/"]}]},{"@type":"ImageObject","inLanguage":"it-IT","@id":"https:\/\/helpinghands.fr\/produit\/12\/#primaryimage","url":"https:\/\/helpinghands.fr\/wp-content\/uploads\/2025\/01\/IMG_6915-1.jpg","contentUrl":"https:\/\/helpinghands.fr\/wp-content\/uploads\/2025\/01\/IMG_6915-1.jpg","width":642,"height":1000},{"@type":"BreadcrumbList","@id":"https:\/\/helpinghands.fr\/produit\/12\/#breadcrumb","itemListElement":[{"@type":"ListItem","position":1,"name":"Accueil","item":"https:\/\/helpinghands.fr\/"},{"@type":"ListItem","position":2,"name":"Boutique","item":"https:\/\/helpinghands.fr\/boutique\/"},{"@type":"ListItem","position":3,"name":"M\u00e8re et fillette"}]},{"@type":"WebSite","@id":"https:\/\/helpinghands.fr\/#website","url":"https:\/\/helpinghands.fr\/","name":"Helping Hands","description":"","potentialAction":[{"@type":"SearchAction","target":{"@type":"EntryPoint","urlTemplate":"https:\/\/helpinghands.fr\/?s={search_term_string}"},"query-input":{"@type":"PropertyValueSpecification","valueRequired":true,"valueName":"search_term_string"}}],"inLanguage":"it-IT"}]}},"_links":{"self":[{"href":"https:\/\/helpinghands.fr\/it\/wp-json\/wp\/v2\/product\/818","targetHints":{"allow":["GET"]}}],"collection":[{"href":"https:\/\/helpinghands.fr\/it\/wp-json\/wp\/v2\/product"}],"about":[{"href":"https:\/\/helpinghands.fr\/it\/wp-json\/wp\/v2\/types\/product"}],"replies":[{"embeddable":true,"href":"https:\/\/helpinghands.fr\/it\/wp-json\/wp\/v2\/comments?post=818"}],"version-history":[{"count":1,"href":"https:\/\/helpinghands.fr\/it\/wp-json\/wp\/v2\/product\/818\/revisions"}],"predecessor-version":[{"id":2160,"href":"https:\/\/helpinghands.fr\/it\/wp-json\/wp\/v2\/product\/818\/revisions\/2160"}],"wp:featuredmedia":[{"embeddable":true,"href":"https:\/\/helpinghands.fr\/it\/wp-json\/wp\/v2\/media\/796"}],"wp:attachment":[{"href":"https:\/\/helpinghands.fr\/it\/wp-json\/wp\/v2\/media?parent=818"}],"wp:term":[{"taxonomy":"product_brand","embeddable":true,"href":"https:\/\/helpinghands.fr\/it\/wp-json\/wp\/v2\/product_brand?post=818"},{"taxonomy":"product_cat","embeddable":true,"href":"https:\/\/helpinghands.fr\/it\/wp-json\/wp\/v2\/product_cat?post=818"},{"taxonomy":"product_tag","embeddable":true,"href":"https:\/\/helpinghands.fr\/it\/wp-json\/wp\/v2\/product_tag?post=818"}],"curies":[{"name":"wp","href":"https:\/\/api.w.org\/{rel}","templated":true}]}}