{"id":820,"date":"2025-01-15T13:39:51","date_gmt":"2025-01-15T12:39:51","guid":{"rendered":"https:\/\/helpinghands.fr\/?post_type=product&#038;p=820"},"modified":"2026-05-09T19:12:12","modified_gmt":"2026-05-09T17:12:12","slug":"14","status":"publish","type":"product","link":"https:\/\/helpinghands.fr\/it\/produit\/14\/","title":{"rendered":"Madre con bambino piccolo"},"content":{"rendered":"<p>Portate un tocco di emozione ed eleganza nella vostra casa con questo acquerello originale di Luciana La Marca, che raffigura una madre e un bambino nepalesi. Questo delicato ritratto riflette l'amore materno e la tenerezza, catturati con finezza attraverso tonalit\u00e0 morbide e dettagli sottili.<\/p>\n<p>Ogni opera di Luciana La Marca \u00e8 unica e firmata, a garanzia della sua autenticit\u00e0. Acquistando questo ritratto, sosterrete anche l'associazione <strong>Helping Hands<\/strong>impegnata a fornire istruzione ai bambini svantaggiati del Nepal.<\/p>\n<p><strong>Caratteristiche :<\/strong><\/p>\n<ul>\n<li><strong>Tecnica<\/strong> Acquerello su carta Arches.<\/li>\n<li><strong>Dimensioni<\/strong> 30 x 40 cm<\/li>\n<li><strong>Autenticit\u00e0<\/strong> Opera unica firmata dall'artista.<\/li>\n<li><strong>Gestione<\/strong> Non incorniciato (incorniciatura disponibile su richiesta).<\/li>\n<\/ul>\n<p>Aggiungete questo pezzo alla vostra collezione e date un senso al vostro arredamento sostenendo una causa meritevole.<\/p>","protected":false},"excerpt":{"rendered":"<p><strong>Ritratto ad acquerello di madre e figlio nepalese - Pittura originale<\/strong><br \/>\nQuesto commovente acquerello di Luciana La Marca cattura delicatamente l'amore e la tenerezza materna. Un pezzo unico che sostiene l'associazione Helping Hands, dedicata all'istruzione dei bambini svantaggiati in Nepal.<\/p>","protected":false},"featured_media":794,"comment_status":"open","ping_status":"closed","template":"","meta":{"give_campaign_id":0},"product_brand":[],"product_cat":[53],"product_tag":[37,32,42,34,35,33,38,36,40,39,41],"class_list":{"0":"post-820","1":"product","2":"type-product","3":"status-publish","4":"has-post-thumbnail","6":"product_cat-art","7":"product_tag-aide-humanitaire","8":"product_tag-aquarelle-enfant-nepalais","9":"product_tag-art-pour-la-bonne-cause","10":"product_tag-art-solidaire","11":"product_tag-luciana-la-marca","12":"product_tag-peinture-originale","13":"product_tag-peinture-originale-a-vendre","14":"product_tag-portrait-a-vendre","15":"product_tag-portrait-aquaralle-mere-et-enfant","16":"product_tag-portrait-aquarelle","17":"product_tag-tableau-a-vendre","19":"first","20":"instock","21":"shipping-taxable","22":"purchasable","23":"product-type-simple"},"yoast_head":"<!-- This site is optimized with the Yoast SEO plugin v27.5 - https:\/\/yoast.com\/product\/yoast-seo-wordpress\/ -->\n<title>M\u00e8re avec jeune enfant - Helping Hands<\/title>\n<meta name=\"robots\" content=\"noindex, follow\" \/>\n<meta property=\"og:locale\" content=\"it_IT\" \/>\n<meta property=\"og:type\" content=\"article\" \/>\n<meta property=\"og:title\" content=\"M\u00e8re avec jeune enfant - Helping Hands\" \/>\n<meta property=\"og:description\" content=\"Portrait Aquarelle M\u00e8re et Enfant N\u00e9palais - \u0152uvre Originale Cette aquarelle \u00e9mouvante de Luciana La Marca capture l\u2019amour maternel et la tendresse avec d\u00e9licatesse. Une pi\u00e8ce unique qui soutient l\u2019association Helping Hands, d\u00e9di\u00e9e \u00e0 l\u2019\u00e9ducation des enfants d\u00e9favoris\u00e9s au N\u00e9pal.\" \/>\n<meta property=\"og:url\" content=\"https:\/\/helpinghands.fr\/it\/prodotto\/14\/\" \/>\n<meta property=\"og:site_name\" content=\"Helping Hands\" \/>\n<meta property=\"article:modified_time\" content=\"2026-05-09T17:12:12+00:00\" \/>\n<meta property=\"og:image\" content=\"https:\/\/helpinghands.fr\/wp-content\/uploads\/2025\/01\/calendrier-6.jpg\" \/>\n\t<meta property=\"og:image:width\" content=\"1200\" \/>\n\t<meta property=\"og:image:height\" content=\"712\" \/>\n\t<meta property=\"og:image:type\" content=\"image\/jpeg\" \/>\n<meta name=\"twitter:card\" content=\"summary_large_image\" \/>\n<meta name=\"twitter:label1\" content=\"Tempo di lettura stimato\" \/>\n\t<meta name=\"twitter:data1\" content=\"1 minuto\" \/>\n<script type=\"application\/ld+json\" class=\"yoast-schema-graph\">{\"@context\":\"https:\\\/\\\/schema.org\",\"@graph\":[{\"@type\":\"WebPage\",\"@id\":\"https:\\\/\\\/helpinghands.fr\\\/produit\\\/14\\\/\",\"url\":\"https:\\\/\\\/helpinghands.fr\\\/produit\\\/14\\\/\",\"name\":\"M\u00e8re avec jeune enfant - Helping Hands\",\"isPartOf\":{\"@id\":\"https:\\\/\\\/helpinghands.fr\\\/#website\"},\"primaryImageOfPage\":{\"@id\":\"https:\\\/\\\/helpinghands.fr\\\/produit\\\/14\\\/#primaryimage\"},\"image\":{\"@id\":\"https:\\\/\\\/helpinghands.fr\\\/produit\\\/14\\\/#primaryimage\"},\"thumbnailUrl\":\"https:\\\/\\\/helpinghands.fr\\\/wp-content\\\/uploads\\\/2025\\\/01\\\/calendrier-6.jpg\",\"datePublished\":\"2025-01-15T12:39:51+00:00\",\"dateModified\":\"2026-05-09T17:12:12+00:00\",\"breadcrumb\":{\"@id\":\"https:\\\/\\\/helpinghands.fr\\\/produit\\\/14\\\/#breadcrumb\"},\"inLanguage\":\"it-IT\",\"potentialAction\":[{\"@type\":\"ReadAction\",\"target\":[\"https:\\\/\\\/helpinghands.fr\\\/produit\\\/14\\\/\"]}]},{\"@type\":\"ImageObject\",\"inLanguage\":\"it-IT\",\"@id\":\"https:\\\/\\\/helpinghands.fr\\\/produit\\\/14\\\/#primaryimage\",\"url\":\"https:\\\/\\\/helpinghands.fr\\\/wp-content\\\/uploads\\\/2025\\\/01\\\/calendrier-6.jpg\",\"contentUrl\":\"https:\\\/\\\/helpinghands.fr\\\/wp-content\\\/uploads\\\/2025\\\/01\\\/calendrier-6.jpg\",\"width\":1200,\"height\":712},{\"@type\":\"BreadcrumbList\",\"@id\":\"https:\\\/\\\/helpinghands.fr\\\/produit\\\/14\\\/#breadcrumb\",\"itemListElement\":[{\"@type\":\"ListItem\",\"position\":1,\"name\":\"Accueil\",\"item\":\"https:\\\/\\\/helpinghands.fr\\\/\"},{\"@type\":\"ListItem\",\"position\":2,\"name\":\"Boutique\",\"item\":\"https:\\\/\\\/helpinghands.fr\\\/boutique\\\/\"},{\"@type\":\"ListItem\",\"position\":3,\"name\":\"M\u00e8re avec jeune enfant\"}]},{\"@type\":\"WebSite\",\"@id\":\"https:\\\/\\\/helpinghands.fr\\\/#website\",\"url\":\"https:\\\/\\\/helpinghands.fr\\\/\",\"name\":\"Helping Hands\",\"description\":\"\",\"potentialAction\":[{\"@type\":\"SearchAction\",\"target\":{\"@type\":\"EntryPoint\",\"urlTemplate\":\"https:\\\/\\\/helpinghands.fr\\\/?s={search_term_string}\"},\"query-input\":{\"@type\":\"PropertyValueSpecification\",\"valueRequired\":true,\"valueName\":\"search_term_string\"}}],\"inLanguage\":\"it-IT\"}]}<\/script>\n<!-- \/ Yoast SEO plugin. -->","yoast_head_json":{"title":"Madre con bambino piccolo - Helping Hands","robots":{"index":"noindex","follow":"follow"},"og_locale":"it_IT","og_type":"article","og_title":"M\u00e8re avec jeune enfant - Helping Hands","og_description":"Portrait Aquarelle M\u00e8re et Enfant N\u00e9palais - \u0152uvre Originale Cette aquarelle \u00e9mouvante de Luciana La Marca capture l\u2019amour maternel et la tendresse avec d\u00e9licatesse. Une pi\u00e8ce unique qui soutient l\u2019association Helping Hands, d\u00e9di\u00e9e \u00e0 l\u2019\u00e9ducation des enfants d\u00e9favoris\u00e9s au N\u00e9pal.","og_url":"https:\/\/helpinghands.fr\/it\/prodotto\/14\/","og_site_name":"Helping Hands","article_modified_time":"2026-05-09T17:12:12+00:00","og_image":[{"width":1200,"height":712,"url":"https:\/\/helpinghands.fr\/wp-content\/uploads\/2025\/01\/calendrier-6.jpg","type":"image\/jpeg"}],"twitter_card":"summary_large_image","twitter_misc":{"Tempo di lettura stimato":"1 minuto"},"schema":{"@context":"https:\/\/schema.org","@graph":[{"@type":"WebPage","@id":"https:\/\/helpinghands.fr\/produit\/14\/","url":"https:\/\/helpinghands.fr\/produit\/14\/","name":"Madre con bambino piccolo - Helping Hands","isPartOf":{"@id":"https:\/\/helpinghands.fr\/#website"},"primaryImageOfPage":{"@id":"https:\/\/helpinghands.fr\/produit\/14\/#primaryimage"},"image":{"@id":"https:\/\/helpinghands.fr\/produit\/14\/#primaryimage"},"thumbnailUrl":"https:\/\/helpinghands.fr\/wp-content\/uploads\/2025\/01\/calendrier-6.jpg","datePublished":"2025-01-15T12:39:51+00:00","dateModified":"2026-05-09T17:12:12+00:00","breadcrumb":{"@id":"https:\/\/helpinghands.fr\/produit\/14\/#breadcrumb"},"inLanguage":"it-IT","potentialAction":[{"@type":"ReadAction","target":["https:\/\/helpinghands.fr\/produit\/14\/"]}]},{"@type":"ImageObject","inLanguage":"it-IT","@id":"https:\/\/helpinghands.fr\/produit\/14\/#primaryimage","url":"https:\/\/helpinghands.fr\/wp-content\/uploads\/2025\/01\/calendrier-6.jpg","contentUrl":"https:\/\/helpinghands.fr\/wp-content\/uploads\/2025\/01\/calendrier-6.jpg","width":1200,"height":712},{"@type":"BreadcrumbList","@id":"https:\/\/helpinghands.fr\/produit\/14\/#breadcrumb","itemListElement":[{"@type":"ListItem","position":1,"name":"Accueil","item":"https:\/\/helpinghands.fr\/"},{"@type":"ListItem","position":2,"name":"Boutique","item":"https:\/\/helpinghands.fr\/boutique\/"},{"@type":"ListItem","position":3,"name":"M\u00e8re avec jeune enfant"}]},{"@type":"WebSite","@id":"https:\/\/helpinghands.fr\/#website","url":"https:\/\/helpinghands.fr\/","name":"Helping Hands","description":"","potentialAction":[{"@type":"SearchAction","target":{"@type":"EntryPoint","urlTemplate":"https:\/\/helpinghands.fr\/?s={search_term_string}"},"query-input":{"@type":"PropertyValueSpecification","valueRequired":true,"valueName":"search_term_string"}}],"inLanguage":"it-IT"}]}},"_links":{"self":[{"href":"https:\/\/helpinghands.fr\/it\/wp-json\/wp\/v2\/product\/820","targetHints":{"allow":["GET"]}}],"collection":[{"href":"https:\/\/helpinghands.fr\/it\/wp-json\/wp\/v2\/product"}],"about":[{"href":"https:\/\/helpinghands.fr\/it\/wp-json\/wp\/v2\/types\/product"}],"replies":[{"embeddable":true,"href":"https:\/\/helpinghands.fr\/it\/wp-json\/wp\/v2\/comments?post=820"}],"version-history":[{"count":1,"href":"https:\/\/helpinghands.fr\/it\/wp-json\/wp\/v2\/product\/820\/revisions"}],"predecessor-version":[{"id":2162,"href":"https:\/\/helpinghands.fr\/it\/wp-json\/wp\/v2\/product\/820\/revisions\/2162"}],"wp:featuredmedia":[{"embeddable":true,"href":"https:\/\/helpinghands.fr\/it\/wp-json\/wp\/v2\/media\/794"}],"wp:attachment":[{"href":"https:\/\/helpinghands.fr\/it\/wp-json\/wp\/v2\/media?parent=820"}],"wp:term":[{"taxonomy":"product_brand","embeddable":true,"href":"https:\/\/helpinghands.fr\/it\/wp-json\/wp\/v2\/product_brand?post=820"},{"taxonomy":"product_cat","embeddable":true,"href":"https:\/\/helpinghands.fr\/it\/wp-json\/wp\/v2\/product_cat?post=820"},{"taxonomy":"product_tag","embeddable":true,"href":"https:\/\/helpinghands.fr\/it\/wp-json\/wp\/v2\/product_tag?post=820"}],"curies":[{"name":"wp","href":"https:\/\/api.w.org\/{rel}","templated":true}]}}