{"id":821,"date":"2025-01-15T13:39:58","date_gmt":"2025-01-15T12:39:58","guid":{"rendered":"https:\/\/helpinghands.fr\/?post_type=product&#038;p=821"},"modified":"2026-05-09T19:05:03","modified_gmt":"2026-05-09T17:05:03","slug":"15","status":"publish","type":"product","link":"https:\/\/helpinghands.fr\/it\/produit\/15\/","title":{"rendered":"Giovane studente nepalese"},"content":{"rendered":"<p><strong>Ritratto ad acquerello di un bambino nepalese - Opera unica di Luciana La Marca<\/strong><\/p>\n<p>Questo toccante ritratto ad acquerello di un bambino nepalese, realizzato da Luciana La Marca, cattura tutta la profondit\u00e0 e la contemplazione di uno sguardo. Quest'opera originale riflette sia la maestria artistica dell'artista che il suo impegno per le cause umanitarie.<\/p>\n<p>Realizzato su carta di alta qualit\u00e0, questo acquerello \u00e8 un pezzo unico, firmato dall'artista, ideale per abbellire il vostro spazio partecipando a un progetto di beneficenza. Parte del ricavato della vendita sar\u00e0 devoluto in beneficenza. <strong>Helping Hands<\/strong>che sostiene l'istruzione dei bambini svantaggiati in Nepal.<\/p>\n<p><strong>Caratteristiche del prodotto :<\/strong><\/p>\n<ul>\n<li>Tecnica: Acquerello su carta Arches<\/li>\n<li>Dimensioni: 36 x 26 cm<\/li>\n<li>Autentico e firmato dall'artista.<\/li>\n<li>Fornito senza cornice (opzione di incorniciatura disponibile su richiesta).<\/li>\n<\/ul>\n<p>Aggiungete alla vostra collezione un'opera d'arte che racconta una storia e fa parte di un movimento di solidariet\u00e0. Ordinate ora e riceverete un pezzo raro, pieno di significato ed emozione.<\/p>\n<p>&nbsp;<\/p>","protected":false},"excerpt":{"rendered":"<p><strong>Ritratto ad acquerello di un bambino nepalese - Opera unica<\/strong><br \/>\nAmmirate questo acquerello originale di Luciana La Marca, che cattura l'emozione e la dolcezza di un bambino nepalese. Un pezzo unico che unisce arte e solidariet\u00e0, a sostegno dell'associazione Helping Hands.<\/p>","protected":false},"featured_media":793,"comment_status":"open","ping_status":"closed","template":"","meta":{"give_campaign_id":0},"product_brand":[],"product_cat":[53],"product_tag":[37,32,34,35,33,38,36,40,39,45,41],"class_list":{"0":"post-821","1":"product","2":"type-product","3":"status-publish","4":"has-post-thumbnail","6":"product_cat-art","7":"product_tag-aide-humanitaire","8":"product_tag-aquarelle-enfant-nepalais","9":"product_tag-art-solidaire","10":"product_tag-luciana-la-marca","11":"product_tag-peinture-originale","12":"product_tag-peinture-originale-a-vendre","13":"product_tag-portrait-a-vendre","14":"product_tag-portrait-aquaralle-mere-et-enfant","15":"product_tag-portrait-aquarelle","16":"product_tag-portrait-original","17":"product_tag-tableau-a-vendre","19":"first","20":"instock","21":"shipping-taxable","22":"purchasable","23":"product-type-simple"},"yoast_head":"<!-- This site is optimized with the Yoast SEO plugin v27.5 - https:\/\/yoast.com\/product\/yoast-seo-wordpress\/ -->\n<title>Jeune \u00e9colier n\u00e9palais - Helping Hands<\/title>\n<meta name=\"robots\" content=\"noindex, follow\" \/>\n<meta property=\"og:locale\" content=\"it_IT\" \/>\n<meta property=\"og:type\" content=\"article\" \/>\n<meta property=\"og:title\" content=\"Jeune \u00e9colier n\u00e9palais - Helping Hands\" \/>\n<meta property=\"og:description\" content=\"Portrait Aquarelle d\u2019Enfant N\u00e9palais - \u0152uvre Unique Admirez cette aquarelle originale de Luciana La Marca, capturant l&#039;\u00e9motion et la douceur d\u2019un enfant n\u00e9palais. Une pi\u00e8ce unique qui allie art et solidarit\u00e9, en soutien \u00e0 l&#039;association Helping Hands.\" \/>\n<meta property=\"og:url\" content=\"https:\/\/helpinghands.fr\/it\/prodotto\/15\/\" \/>\n<meta property=\"og:site_name\" content=\"Helping Hands\" \/>\n<meta property=\"article:modified_time\" content=\"2026-05-09T17:05:03+00:00\" \/>\n<meta property=\"og:image\" content=\"https:\/\/helpinghands.fr\/wp-content\/uploads\/2025\/01\/4.jpg\" \/>\n\t<meta property=\"og:image:width\" content=\"799\" \/>\n\t<meta property=\"og:image:height\" content=\"1100\" \/>\n\t<meta property=\"og:image:type\" content=\"image\/jpeg\" \/>\n<meta name=\"twitter:card\" content=\"summary_large_image\" \/>\n<meta name=\"twitter:label1\" content=\"Tempo di lettura stimato\" \/>\n\t<meta name=\"twitter:data1\" content=\"1 minuto\" \/>\n<script type=\"application\/ld+json\" class=\"yoast-schema-graph\">{\"@context\":\"https:\\\/\\\/schema.org\",\"@graph\":[{\"@type\":\"WebPage\",\"@id\":\"https:\\\/\\\/helpinghands.fr\\\/produit\\\/15\\\/\",\"url\":\"https:\\\/\\\/helpinghands.fr\\\/produit\\\/15\\\/\",\"name\":\"Jeune \u00e9colier n\u00e9palais - Helping Hands\",\"isPartOf\":{\"@id\":\"https:\\\/\\\/helpinghands.fr\\\/#website\"},\"primaryImageOfPage\":{\"@id\":\"https:\\\/\\\/helpinghands.fr\\\/produit\\\/15\\\/#primaryimage\"},\"image\":{\"@id\":\"https:\\\/\\\/helpinghands.fr\\\/produit\\\/15\\\/#primaryimage\"},\"thumbnailUrl\":\"https:\\\/\\\/helpinghands.fr\\\/wp-content\\\/uploads\\\/2025\\\/01\\\/4.jpg\",\"datePublished\":\"2025-01-15T12:39:58+00:00\",\"dateModified\":\"2026-05-09T17:05:03+00:00\",\"breadcrumb\":{\"@id\":\"https:\\\/\\\/helpinghands.fr\\\/produit\\\/15\\\/#breadcrumb\"},\"inLanguage\":\"it-IT\",\"potentialAction\":[{\"@type\":\"ReadAction\",\"target\":[\"https:\\\/\\\/helpinghands.fr\\\/produit\\\/15\\\/\"]}]},{\"@type\":\"ImageObject\",\"inLanguage\":\"it-IT\",\"@id\":\"https:\\\/\\\/helpinghands.fr\\\/produit\\\/15\\\/#primaryimage\",\"url\":\"https:\\\/\\\/helpinghands.fr\\\/wp-content\\\/uploads\\\/2025\\\/01\\\/4.jpg\",\"contentUrl\":\"https:\\\/\\\/helpinghands.fr\\\/wp-content\\\/uploads\\\/2025\\\/01\\\/4.jpg\",\"width\":799,\"height\":1100},{\"@type\":\"BreadcrumbList\",\"@id\":\"https:\\\/\\\/helpinghands.fr\\\/produit\\\/15\\\/#breadcrumb\",\"itemListElement\":[{\"@type\":\"ListItem\",\"position\":1,\"name\":\"Accueil\",\"item\":\"https:\\\/\\\/helpinghands.fr\\\/\"},{\"@type\":\"ListItem\",\"position\":2,\"name\":\"Boutique\",\"item\":\"https:\\\/\\\/helpinghands.fr\\\/boutique\\\/\"},{\"@type\":\"ListItem\",\"position\":3,\"name\":\"Jeune \u00e9colier n\u00e9palais\"}]},{\"@type\":\"WebSite\",\"@id\":\"https:\\\/\\\/helpinghands.fr\\\/#website\",\"url\":\"https:\\\/\\\/helpinghands.fr\\\/\",\"name\":\"Helping Hands\",\"description\":\"\",\"potentialAction\":[{\"@type\":\"SearchAction\",\"target\":{\"@type\":\"EntryPoint\",\"urlTemplate\":\"https:\\\/\\\/helpinghands.fr\\\/?s={search_term_string}\"},\"query-input\":{\"@type\":\"PropertyValueSpecification\",\"valueRequired\":true,\"valueName\":\"search_term_string\"}}],\"inLanguage\":\"it-IT\"}]}<\/script>\n<!-- \/ Yoast SEO plugin. -->","yoast_head_json":{"title":"Giovane scolaretto nepalese - Mani d'Aiuto","robots":{"index":"noindex","follow":"follow"},"og_locale":"it_IT","og_type":"article","og_title":"Jeune \u00e9colier n\u00e9palais - Helping Hands","og_description":"Portrait Aquarelle d\u2019Enfant N\u00e9palais - \u0152uvre Unique Admirez cette aquarelle originale de Luciana La Marca, capturant l'\u00e9motion et la douceur d\u2019un enfant n\u00e9palais. Une pi\u00e8ce unique qui allie art et solidarit\u00e9, en soutien \u00e0 l'association Helping Hands.","og_url":"https:\/\/helpinghands.fr\/it\/prodotto\/15\/","og_site_name":"Helping Hands","article_modified_time":"2026-05-09T17:05:03+00:00","og_image":[{"width":799,"height":1100,"url":"https:\/\/helpinghands.fr\/wp-content\/uploads\/2025\/01\/4.jpg","type":"image\/jpeg"}],"twitter_card":"summary_large_image","twitter_misc":{"Tempo di lettura stimato":"1 minuto"},"schema":{"@context":"https:\/\/schema.org","@graph":[{"@type":"WebPage","@id":"https:\/\/helpinghands.fr\/produit\/15\/","url":"https:\/\/helpinghands.fr\/produit\/15\/","name":"Giovane scolaretto nepalese - Mani d'Aiuto","isPartOf":{"@id":"https:\/\/helpinghands.fr\/#website"},"primaryImageOfPage":{"@id":"https:\/\/helpinghands.fr\/produit\/15\/#primaryimage"},"image":{"@id":"https:\/\/helpinghands.fr\/produit\/15\/#primaryimage"},"thumbnailUrl":"https:\/\/helpinghands.fr\/wp-content\/uploads\/2025\/01\/4.jpg","datePublished":"2025-01-15T12:39:58+00:00","dateModified":"2026-05-09T17:05:03+00:00","breadcrumb":{"@id":"https:\/\/helpinghands.fr\/produit\/15\/#breadcrumb"},"inLanguage":"it-IT","potentialAction":[{"@type":"ReadAction","target":["https:\/\/helpinghands.fr\/produit\/15\/"]}]},{"@type":"ImageObject","inLanguage":"it-IT","@id":"https:\/\/helpinghands.fr\/produit\/15\/#primaryimage","url":"https:\/\/helpinghands.fr\/wp-content\/uploads\/2025\/01\/4.jpg","contentUrl":"https:\/\/helpinghands.fr\/wp-content\/uploads\/2025\/01\/4.jpg","width":799,"height":1100},{"@type":"BreadcrumbList","@id":"https:\/\/helpinghands.fr\/produit\/15\/#breadcrumb","itemListElement":[{"@type":"ListItem","position":1,"name":"Accueil","item":"https:\/\/helpinghands.fr\/"},{"@type":"ListItem","position":2,"name":"Boutique","item":"https:\/\/helpinghands.fr\/boutique\/"},{"@type":"ListItem","position":3,"name":"Jeune \u00e9colier n\u00e9palais"}]},{"@type":"WebSite","@id":"https:\/\/helpinghands.fr\/#website","url":"https:\/\/helpinghands.fr\/","name":"Helping Hands","description":"","potentialAction":[{"@type":"SearchAction","target":{"@type":"EntryPoint","urlTemplate":"https:\/\/helpinghands.fr\/?s={search_term_string}"},"query-input":{"@type":"PropertyValueSpecification","valueRequired":true,"valueName":"search_term_string"}}],"inLanguage":"it-IT"}]}},"_links":{"self":[{"href":"https:\/\/helpinghands.fr\/it\/wp-json\/wp\/v2\/product\/821","targetHints":{"allow":["GET"]}}],"collection":[{"href":"https:\/\/helpinghands.fr\/it\/wp-json\/wp\/v2\/product"}],"about":[{"href":"https:\/\/helpinghands.fr\/it\/wp-json\/wp\/v2\/types\/product"}],"replies":[{"embeddable":true,"href":"https:\/\/helpinghands.fr\/it\/wp-json\/wp\/v2\/comments?post=821"}],"version-history":[{"count":1,"href":"https:\/\/helpinghands.fr\/it\/wp-json\/wp\/v2\/product\/821\/revisions"}],"predecessor-version":[{"id":2159,"href":"https:\/\/helpinghands.fr\/it\/wp-json\/wp\/v2\/product\/821\/revisions\/2159"}],"wp:featuredmedia":[{"embeddable":true,"href":"https:\/\/helpinghands.fr\/it\/wp-json\/wp\/v2\/media\/793"}],"wp:attachment":[{"href":"https:\/\/helpinghands.fr\/it\/wp-json\/wp\/v2\/media?parent=821"}],"wp:term":[{"taxonomy":"product_brand","embeddable":true,"href":"https:\/\/helpinghands.fr\/it\/wp-json\/wp\/v2\/product_brand?post=821"},{"taxonomy":"product_cat","embeddable":true,"href":"https:\/\/helpinghands.fr\/it\/wp-json\/wp\/v2\/product_cat?post=821"},{"taxonomy":"product_tag","embeddable":true,"href":"https:\/\/helpinghands.fr\/it\/wp-json\/wp\/v2\/product_tag?post=821"}],"curies":[{"name":"wp","href":"https:\/\/api.w.org\/{rel}","templated":true}]}}