{"id":822,"date":"2025-01-15T13:40:06","date_gmt":"2025-01-15T12:40:06","guid":{"rendered":"https:\/\/helpinghands.fr\/?post_type=product&#038;p=822"},"modified":"2026-05-09T19:00:42","modified_gmt":"2026-05-09T17:00:42","slug":"16","status":"publish","type":"product","link":"https:\/\/helpinghands.fr\/it\/produit\/16\/","title":{"rendered":"Giovane studentessa nepalese con quaderno"},"content":{"rendered":"<p>Aggiungete un tocco di eleganza e solidariet\u00e0 alla vostra casa con questo ritratto ad acquerello di un bambino nepalese, opera di Luciana La Marca, artista nota e impegnata. Quest'opera delicata cattura l'innocenza e l'emozione attraverso sfumature sottili e tratti leggeri. Dipinto su carta di alta qualit\u00e0 e firmato dall'artista, questo ritratto unico \u00e8 ideale per gli amanti dell'arte e i collezionisti.<\/p>\n<p>Acquistando questo quadro, contribuite direttamente a sostenere l'associazione. <strong>Helping Hands<\/strong>dedicato all'istruzione dei bambini svantaggiati in Nepal.<\/p>\n<p><strong>Caratteristiche dell'opera :<\/strong><\/p>\n<ul>\n<li>Tecnica: acquerello su carta Arches.<\/li>\n<li>Dimensioni: 26 x 36 cm<\/li>\n<li>Autentico e firmato dall'artista.<\/li>\n<li>Non supervisionato (opzione di supervisione disponibile su richiesta).<\/li>\n<\/ul>\n<p>Fate di questo acquerello un pezzo forte della vostra casa, contribuendo al contempo a una giusta causa. Ordinate ora e riceverete un'opera che unisce bellezza e significato profondo.<\/p>\n<p>&nbsp;<\/p>","protected":false},"excerpt":{"rendered":"<p>Scoprite questo delicato ritratto ad acquerello di un bambino nepalese realizzato dalla rinomata artista Luciana La Marca. Un'opera unica, perfetta per abbellire la vostra casa e sostenere una causa benefica.<\/p>","protected":false},"featured_media":792,"comment_status":"open","ping_status":"closed","template":"","meta":{"give_campaign_id":0},"product_brand":[],"product_cat":[53],"product_tag":[37,32,44,34,35,33,38,36,39,45,41],"class_list":{"0":"post-822","1":"product","2":"type-product","3":"status-publish","4":"has-post-thumbnail","6":"product_cat-art","7":"product_tag-aide-humanitaire","8":"product_tag-aquarelle-enfant-nepalais","9":"product_tag-art-pour-une-bonne-cause","10":"product_tag-art-solidaire","11":"product_tag-luciana-la-marca","12":"product_tag-peinture-originale","13":"product_tag-peinture-originale-a-vendre","14":"product_tag-portrait-a-vendre","15":"product_tag-portrait-aquarelle","16":"product_tag-portrait-original","17":"product_tag-tableau-a-vendre","19":"first","20":"instock","21":"shipping-taxable","22":"purchasable","23":"product-type-simple"},"yoast_head":"<!-- This site is optimized with the Yoast SEO plugin v27.5 - https:\/\/yoast.com\/product\/yoast-seo-wordpress\/ -->\n<title>Jeune \u00e9coli\u00e8re n\u00e9palaise avec cahier - Helping Hands<\/title>\n<meta name=\"robots\" content=\"noindex, follow\" \/>\n<meta property=\"og:locale\" content=\"it_IT\" \/>\n<meta property=\"og:type\" content=\"article\" \/>\n<meta property=\"og:title\" content=\"Jeune \u00e9coli\u00e8re n\u00e9palaise avec cahier - Helping Hands\" \/>\n<meta property=\"og:description\" content=\"D\u00e9couvrez ce portrait d\u00e9licat d\u2019une jeune enfant n\u00e9palaise, r\u00e9alis\u00e9 \u00e0 l\u2019aquarelle par Luciana La Marca, artiste reconnue. Une \u0153uvre unique, parfaite pour embellir votre int\u00e9rieur tout en soutenant une cause solidaire.\" \/>\n<meta property=\"og:url\" content=\"https:\/\/helpinghands.fr\/it\/prodotto\/16\/\" \/>\n<meta property=\"og:site_name\" content=\"Helping Hands\" \/>\n<meta property=\"article:modified_time\" content=\"2026-05-09T17:00:42+00:00\" \/>\n<meta property=\"og:image\" content=\"https:\/\/helpinghands.fr\/wp-content\/uploads\/2025\/01\/3.jpg\" \/>\n\t<meta property=\"og:image:width\" content=\"785\" \/>\n\t<meta property=\"og:image:height\" content=\"1100\" \/>\n\t<meta property=\"og:image:type\" content=\"image\/jpeg\" \/>\n<meta name=\"twitter:card\" content=\"summary_large_image\" \/>\n<meta name=\"twitter:label1\" content=\"Tempo di lettura stimato\" \/>\n\t<meta name=\"twitter:data1\" content=\"1 minuto\" \/>\n<script type=\"application\/ld+json\" class=\"yoast-schema-graph\">{\"@context\":\"https:\\\/\\\/schema.org\",\"@graph\":[{\"@type\":\"WebPage\",\"@id\":\"https:\\\/\\\/helpinghands.fr\\\/produit\\\/16\\\/\",\"url\":\"https:\\\/\\\/helpinghands.fr\\\/produit\\\/16\\\/\",\"name\":\"Jeune \u00e9coli\u00e8re n\u00e9palaise avec cahier - Helping Hands\",\"isPartOf\":{\"@id\":\"https:\\\/\\\/helpinghands.fr\\\/#website\"},\"primaryImageOfPage\":{\"@id\":\"https:\\\/\\\/helpinghands.fr\\\/produit\\\/16\\\/#primaryimage\"},\"image\":{\"@id\":\"https:\\\/\\\/helpinghands.fr\\\/produit\\\/16\\\/#primaryimage\"},\"thumbnailUrl\":\"https:\\\/\\\/helpinghands.fr\\\/wp-content\\\/uploads\\\/2025\\\/01\\\/3.jpg\",\"datePublished\":\"2025-01-15T12:40:06+00:00\",\"dateModified\":\"2026-05-09T17:00:42+00:00\",\"breadcrumb\":{\"@id\":\"https:\\\/\\\/helpinghands.fr\\\/produit\\\/16\\\/#breadcrumb\"},\"inLanguage\":\"it-IT\",\"potentialAction\":[{\"@type\":\"ReadAction\",\"target\":[\"https:\\\/\\\/helpinghands.fr\\\/produit\\\/16\\\/\"]}]},{\"@type\":\"ImageObject\",\"inLanguage\":\"it-IT\",\"@id\":\"https:\\\/\\\/helpinghands.fr\\\/produit\\\/16\\\/#primaryimage\",\"url\":\"https:\\\/\\\/helpinghands.fr\\\/wp-content\\\/uploads\\\/2025\\\/01\\\/3.jpg\",\"contentUrl\":\"https:\\\/\\\/helpinghands.fr\\\/wp-content\\\/uploads\\\/2025\\\/01\\\/3.jpg\",\"width\":785,\"height\":1100},{\"@type\":\"BreadcrumbList\",\"@id\":\"https:\\\/\\\/helpinghands.fr\\\/produit\\\/16\\\/#breadcrumb\",\"itemListElement\":[{\"@type\":\"ListItem\",\"position\":1,\"name\":\"Accueil\",\"item\":\"https:\\\/\\\/helpinghands.fr\\\/\"},{\"@type\":\"ListItem\",\"position\":2,\"name\":\"Boutique\",\"item\":\"https:\\\/\\\/helpinghands.fr\\\/boutique\\\/\"},{\"@type\":\"ListItem\",\"position\":3,\"name\":\"Jeune \u00e9coli\u00e8re n\u00e9palaise avec cahier\"}]},{\"@type\":\"WebSite\",\"@id\":\"https:\\\/\\\/helpinghands.fr\\\/#website\",\"url\":\"https:\\\/\\\/helpinghands.fr\\\/\",\"name\":\"Helping Hands\",\"description\":\"\",\"potentialAction\":[{\"@type\":\"SearchAction\",\"target\":{\"@type\":\"EntryPoint\",\"urlTemplate\":\"https:\\\/\\\/helpinghands.fr\\\/?s={search_term_string}\"},\"query-input\":{\"@type\":\"PropertyValueSpecification\",\"valueRequired\":true,\"valueName\":\"search_term_string\"}}],\"inLanguage\":\"it-IT\"}]}<\/script>\n<!-- \/ Yoast SEO plugin. -->","yoast_head_json":{"title":"Giovane scolaretta nepalese con quaderno - Helping Hands","robots":{"index":"noindex","follow":"follow"},"og_locale":"it_IT","og_type":"article","og_title":"Jeune \u00e9coli\u00e8re n\u00e9palaise avec cahier - Helping Hands","og_description":"D\u00e9couvrez ce portrait d\u00e9licat d\u2019une jeune enfant n\u00e9palaise, r\u00e9alis\u00e9 \u00e0 l\u2019aquarelle par Luciana La Marca, artiste reconnue. Une \u0153uvre unique, parfaite pour embellir votre int\u00e9rieur tout en soutenant une cause solidaire.","og_url":"https:\/\/helpinghands.fr\/it\/prodotto\/16\/","og_site_name":"Helping Hands","article_modified_time":"2026-05-09T17:00:42+00:00","og_image":[{"width":785,"height":1100,"url":"https:\/\/helpinghands.fr\/wp-content\/uploads\/2025\/01\/3.jpg","type":"image\/jpeg"}],"twitter_card":"summary_large_image","twitter_misc":{"Tempo di lettura stimato":"1 minuto"},"schema":{"@context":"https:\/\/schema.org","@graph":[{"@type":"WebPage","@id":"https:\/\/helpinghands.fr\/produit\/16\/","url":"https:\/\/helpinghands.fr\/produit\/16\/","name":"Giovane scolaretta nepalese con quaderno - Helping Hands","isPartOf":{"@id":"https:\/\/helpinghands.fr\/#website"},"primaryImageOfPage":{"@id":"https:\/\/helpinghands.fr\/produit\/16\/#primaryimage"},"image":{"@id":"https:\/\/helpinghands.fr\/produit\/16\/#primaryimage"},"thumbnailUrl":"https:\/\/helpinghands.fr\/wp-content\/uploads\/2025\/01\/3.jpg","datePublished":"2025-01-15T12:40:06+00:00","dateModified":"2026-05-09T17:00:42+00:00","breadcrumb":{"@id":"https:\/\/helpinghands.fr\/produit\/16\/#breadcrumb"},"inLanguage":"it-IT","potentialAction":[{"@type":"ReadAction","target":["https:\/\/helpinghands.fr\/produit\/16\/"]}]},{"@type":"ImageObject","inLanguage":"it-IT","@id":"https:\/\/helpinghands.fr\/produit\/16\/#primaryimage","url":"https:\/\/helpinghands.fr\/wp-content\/uploads\/2025\/01\/3.jpg","contentUrl":"https:\/\/helpinghands.fr\/wp-content\/uploads\/2025\/01\/3.jpg","width":785,"height":1100},{"@type":"BreadcrumbList","@id":"https:\/\/helpinghands.fr\/produit\/16\/#breadcrumb","itemListElement":[{"@type":"ListItem","position":1,"name":"Accueil","item":"https:\/\/helpinghands.fr\/"},{"@type":"ListItem","position":2,"name":"Boutique","item":"https:\/\/helpinghands.fr\/boutique\/"},{"@type":"ListItem","position":3,"name":"Jeune \u00e9coli\u00e8re n\u00e9palaise avec cahier"}]},{"@type":"WebSite","@id":"https:\/\/helpinghands.fr\/#website","url":"https:\/\/helpinghands.fr\/","name":"Helping Hands","description":"","potentialAction":[{"@type":"SearchAction","target":{"@type":"EntryPoint","urlTemplate":"https:\/\/helpinghands.fr\/?s={search_term_string}"},"query-input":{"@type":"PropertyValueSpecification","valueRequired":true,"valueName":"search_term_string"}}],"inLanguage":"it-IT"}]}},"_links":{"self":[{"href":"https:\/\/helpinghands.fr\/it\/wp-json\/wp\/v2\/product\/822","targetHints":{"allow":["GET"]}}],"collection":[{"href":"https:\/\/helpinghands.fr\/it\/wp-json\/wp\/v2\/product"}],"about":[{"href":"https:\/\/helpinghands.fr\/it\/wp-json\/wp\/v2\/types\/product"}],"replies":[{"embeddable":true,"href":"https:\/\/helpinghands.fr\/it\/wp-json\/wp\/v2\/comments?post=822"}],"version-history":[{"count":1,"href":"https:\/\/helpinghands.fr\/it\/wp-json\/wp\/v2\/product\/822\/revisions"}],"predecessor-version":[{"id":2156,"href":"https:\/\/helpinghands.fr\/it\/wp-json\/wp\/v2\/product\/822\/revisions\/2156"}],"wp:featuredmedia":[{"embeddable":true,"href":"https:\/\/helpinghands.fr\/it\/wp-json\/wp\/v2\/media\/792"}],"wp:attachment":[{"href":"https:\/\/helpinghands.fr\/it\/wp-json\/wp\/v2\/media?parent=822"}],"wp:term":[{"taxonomy":"product_brand","embeddable":true,"href":"https:\/\/helpinghands.fr\/it\/wp-json\/wp\/v2\/product_brand?post=822"},{"taxonomy":"product_cat","embeddable":true,"href":"https:\/\/helpinghands.fr\/it\/wp-json\/wp\/v2\/product_cat?post=822"},{"taxonomy":"product_tag","embeddable":true,"href":"https:\/\/helpinghands.fr\/it\/wp-json\/wp\/v2\/product_tag?post=822"}],"curies":[{"name":"wp","href":"https:\/\/api.w.org\/{rel}","templated":true}]}}